{"id":17,"date":"2021-08-02T23:18:16","date_gmt":"2021-08-02T16:18:16","guid":{"rendered":"http:\/\/phukienvungtau68.com\/?page_id=17"},"modified":"2024-11-11T23:05:28","modified_gmt":"2024-11-11T16:05:28","slug":"lien-he","status":"publish","type":"page","link":"https:\/\/phukienvungtau68.com\/index.php\/lien-he\/","title":{"rendered":"Li\u00ean h\u1ec7"},"content":{"rendered":"\n<div class=\"row\"  id=\"row-1396605070\">\n\n\n\t<div id=\"col-1081889937\" class=\"col medium-6 small-12 large-6\"  >\n\t\t\t\t<div class=\"col-inner\"  >\n\t\t\t\n\t\t\t\n\n<h1><strong>PH\u1ee4 KI\u1ec6N \u0110I\u1ec6N THO\u1ea0I<\/strong><\/h1>\n<p><strong>\u0110\u1ecba ch\u1ec9:<\/strong> 11\/7 C\u00f4 B\u1eafc, Ph\u01b0\u1eddng 4, Tp. V\u0169ng T\u00e0u, B\u00e0 R\u1ecba V\u0169ng T\u00e0ui<\/p>\n<h4><span style=\"color: #d83131\"><strong>LI\u00caN H\u1ec6 \u0110\u1eb6T H\u00c0NG<\/strong><\/span><\/h4>\n<p><strong>Hotline<\/strong>: 0797 180 750 &#8211; 033 95 333 75<\/p>\n<p><strong>Email:<\/strong> Quoctri206chubb@gmail.com<\/p>\n<p><strong>Website<\/strong>:<a href=\"#\">http:\/\/phukienvungtau68.com\/<\/a><\/p>\n<h4 class=\"uppercase\"><span style=\"color: #d83131\"><strong>T\u00e0i kho\u1ea3n ng\u00e2n h\u00e0ng:<\/strong><\/span><\/h4>\n<ul>\n<li>Ng\u00e2n h\u00e0ng TMCP H\u00e0ng H\u1ea3i Vi\u1ec7t Nam<\/li>\n<li>S\u1ed1 t\u00e0i kho\u1ea3n: 08001013929056<\/li>\n<li>Ch\u1ee7 t\u00e0i kho\u1ea3n: B\u00f9i Qu\u1ed1c Tr\u00ed<\/li>\n<\/ul>\n<hr>\n<ul>\n<li>Ng\u00e2n h\u00e0ng TMCP Vi\u1ec7t Nam Th\u1ecbnh V\u01b0\u1ee3ng(VpBank)<\/li>\n<li>S\u1ed1 tai kho\u1ea3n: 152084366<\/li>\n<li>Ch\u1ee7 t\u00e0i kho\u1ea3n: B\u00f9i Qu\u1ed1c Tr\u00ed<\/li>\n<\/ul>\n\n\t\t<\/div>\n\t\t\t\t\t<\/div>\n\n\t\n\n\t<div id=\"col-1486364069\" class=\"col medium-6 small-12 large-6\"  >\n\t\t\t\t<div class=\"col-inner\"  >\n\t\t\t\n\t\t\t\n\n[wpforms id=&#8221;122&#8243;]\n\n\t\t<\/div>\n\t\t\t\t\t<\/div>\n\n\t\n\n<\/div>\n","protected":false},"excerpt":{"rendered":"","protected":false},"author":1,"featured_media":0,"parent":0,"menu_order":0,"comment_status":"closed","ping_status":"closed","template":"","meta":{"om_disable_all_campaigns":false,"_monsterinsights_skip_tracking":false,"_monsterinsights_sitenote_active":false,"_monsterinsights_sitenote_note":"","_monsterinsights_sitenote_category":0},"_links":{"self":[{"href":"https:\/\/phukienvungtau68.com\/index.php\/wp-json\/wp\/v2\/pages\/17"}],"collection":[{"href":"https:\/\/phukienvungtau68.com\/index.php\/wp-json\/wp\/v2\/pages"}],"about":[{"href":"https:\/\/phukienvungtau68.com\/index.php\/wp-json\/wp\/v2\/types\/page"}],"author":[{"embeddable":true,"href":"https:\/\/phukienvungtau68.com\/index.php\/wp-json\/wp\/v2\/users\/1"}],"replies":[{"embeddable":true,"href":"https:\/\/phukienvungtau68.com\/index.php\/wp-json\/wp\/v2\/comments?post=17"}],"version-history":[{"count":7,"href":"https:\/\/phukienvungtau68.com\/index.php\/wp-json\/wp\/v2\/pages\/17\/revisions"}],"predecessor-version":[{"id":1517,"href":"https:\/\/phukienvungtau68.com\/index.php\/wp-json\/wp\/v2\/pages\/17\/revisions\/1517"}],"wp:attachment":[{"href":"https:\/\/phukienvungtau68.com\/index.php\/wp-json\/wp\/v2\/media?parent=17"}],"curies":[{"name":"wp","href":"https:\/\/api.w.org\/{rel}","templated":true}]}}