{"id":217,"date":"2021-08-26T17:39:14","date_gmt":"2021-08-26T10:39:14","guid":{"rendered":"http:\/\/phukienvungtau68.com\/?page_id=217"},"modified":"2021-08-26T17:47:01","modified_gmt":"2021-08-26T10:47:01","slug":"chinh-sach-bao-hanh","status":"publish","type":"page","link":"https:\/\/phukienvungtau68.com\/index.php\/chinh-sach-bao-hanh\/","title":{"rendered":"CH\u00cdNH S\u00c1CH B\u1ea2O H\u00c0NH"},"content":{"rendered":"\n\n\n<p>Cam k\u1ebft ho\u00e0n l\u1ea1i 100% s\u1ed1 ti\u1ec1n c\u1ee7a kh\u00e1ch h\u00e0ng \u0111\u00e3 thanh to\u00e1n n\u1ebfu nh\u01b0 h\u00e0ng kh\u00f4ng \u0111\u00fang nh\u01b0 cam k\u1ebft c\u1ee7a nh\u00e0 s\u1ea3n xu\u1ea5t c\u0169ng nh\u01b0 c\u1ee7a c\u1eeda h\u00e0ng (v\u1ec1 ch\u1ea5t l\u01b0\u1ee3ng, ki\u1ec3u d\u00e1ng, m\u1eabu m\u00e3\u2026.).<br>Qu\u00fd kh\u00e1ch h\u00e0ng l\u01b0u \u00fd trong v\u00f2ng 1 th\u00e1ng \u0111\u1ea7u n\u1ebfu nh\u01b0 ch\u1ea5t l\u01b0\u1ee3ng h\u00e0ng kh\u00f4ng \u0111\u1ea1t y\u00eau c\u1ea7u qu\u00fd kh\u00e1ch s\u1ebd \u0111\u01b0\u1ee3c \u0111\u1ed5i ngay b\u1eb1ng 1 s\u1ea3n ph\u1ea9m m\u1edbi ho\u1eb7c ho\u00e0n l\u1ea1i 100% s\u1ed1 ti\u1ec1n h\u00e0ng \u0111\u00e3 thanh to\u00e1n, kh\u00f4ng b\u1eaft b\u1eaft bu\u1ed9c ph\u1ea3i \u0111\u1ed5i s\u1ea3n ph\u1ea9m kh\u00e1c \u0111\u1ec3 tr\u1eeb h\u1ebft s\u1ed1 ti\u1ec1n h\u00e0ng \u0111\u00e3 mua \u2013 Ti\u00eau ch\u00ed kinh doanh c\u1ee7a ch\u00fang t\u00f4i l\u00e0 2 b\u00ean c\u00f9ng c\u00f3 l\u1ee3i: qu\u00fd kh\u00e1ch h\u00e0ng mua \u0111\u01b0\u1ee3c s\u1ea3n ph\u1ea7m \u01b0ng \u00fd-h\u00e0i l\u00f2ng v\u00e0 ch\u00fang t\u00f4i ki\u1ebfm l\u1eddi t\u1eeb s\u1ef1 \u01b0ng \u00fd \u2013 h\u00e0i l\u00f2ng \u0111\u00f3 t\u1eeb qu\u00fd kh\u00e1ch.<\/p>\n\n\n\n<p>Kh\u00f4ng \u00e1p d\u1ee5ng cho nh\u1eefng tr\u01b0\u1eddng h\u1ee3p kh\u00f4ng th\u00edch l\u00e0 tr\u1ea3.<br><a href=\"http:\/\/phukienvungtau68.com\/\">http:\/\/phukienvungtau68.com\/<\/a>&nbsp;xin ch\u00e2n th\u00e0nh c\u1ea3m \u01a1n s\u1ef1 \u1ee7ng h\u1ed9 c\u0169ng nh\u01b0 s\u1ef1 tin d\u00f9ng khi mua c\u00e1c s\u1ea3n ph\u1ea9m c\u1ee7a ch\u00fang t\u00f4i ph\u00e2n ph\u1ed1i, cung c\u1ea5p trong su\u1ed1t th\u1eddi gian qua.<\/p>\n","protected":false},"excerpt":{"rendered":"<p>Cam k\u1ebft ho\u00e0n l\u1ea1i 100% s\u1ed1 ti\u1ec1n c\u1ee7a kh\u00e1ch h\u00e0ng \u0111\u00e3 thanh to\u00e1n n\u1ebfu nh\u01b0 h\u00e0ng kh\u00f4ng \u0111\u00fang nh\u01b0 cam k\u1ebft c\u1ee7a nh\u00e0 s\u1ea3n xu\u1ea5t c\u0169ng nh\u01b0 c\u1ee7a c\u1eeda h\u00e0ng (v\u1ec1 ch\u1ea5t l\u01b0\u1ee3ng, ki\u1ec3u d\u00e1ng, m\u1eabu m\u00e3\u2026.).Qu\u00fd kh\u00e1ch h\u00e0ng l\u01b0u \u00fd trong v\u00f2ng 1 th\u00e1ng \u0111\u1ea7u n\u1ebfu nh\u01b0 ch\u1ea5t l\u01b0\u1ee3ng h\u00e0ng kh\u00f4ng \u0111\u1ea1t y\u00eau c\u1ea7u<\/p>\n","protected":false},"author":1,"featured_media":0,"parent":0,"menu_order":0,"comment_status":"closed","ping_status":"closed","template":"","meta":{"om_disable_all_campaigns":false,"_monsterinsights_skip_tracking":false,"_monsterinsights_sitenote_active":false,"_monsterinsights_sitenote_note":"","_monsterinsights_sitenote_category":0},"_links":{"self":[{"href":"https:\/\/phukienvungtau68.com\/index.php\/wp-json\/wp\/v2\/pages\/217"}],"collection":[{"href":"https:\/\/phukienvungtau68.com\/index.php\/wp-json\/wp\/v2\/pages"}],"about":[{"href":"https:\/\/phukienvungtau68.com\/index.php\/wp-json\/wp\/v2\/types\/page"}],"author":[{"embeddable":true,"href":"https:\/\/phukienvungtau68.com\/index.php\/wp-json\/wp\/v2\/users\/1"}],"replies":[{"embeddable":true,"href":"https:\/\/phukienvungtau68.com\/index.php\/wp-json\/wp\/v2\/comments?post=217"}],"version-history":[{"count":3,"href":"https:\/\/phukienvungtau68.com\/index.php\/wp-json\/wp\/v2\/pages\/217\/revisions"}],"predecessor-version":[{"id":226,"href":"https:\/\/phukienvungtau68.com\/index.php\/wp-json\/wp\/v2\/pages\/217\/revisions\/226"}],"wp:attachment":[{"href":"https:\/\/phukienvungtau68.com\/index.php\/wp-json\/wp\/v2\/media?parent=217"}],"curies":[{"name":"wp","href":"https:\/\/api.w.org\/{rel}","templated":true}]}}