{"id":220,"date":"2021-08-26T17:42:12","date_gmt":"2021-08-26T10:42:12","guid":{"rendered":"http:\/\/phukienvungtau68.com\/?page_id=220"},"modified":"2021-08-26T17:42:13","modified_gmt":"2021-08-26T10:42:13","slug":"chinh-sach-giao-hang","status":"publish","type":"page","link":"https:\/\/phukienvungtau68.com\/index.php\/chinh-sach-giao-hang\/","title":{"rendered":"CH\u00cdNH S\u00c1CH GIAO H\u00c0NG"},"content":{"rendered":"\n\n\n<p><strong>Ch\u00ednh S\u00e1ch Giao H\u00e0ng<\/strong><\/p>\n\n\n\n<p><strong>Ph\u1ea1m vi giao h\u00e0ng<\/strong><\/p>\n\n\n\n<p>Hi\u1ec7n t\u1ea1i c\u1eeda h\u00e0ng c\u1ee7a ch\u00fang t\u00f4i \u0111\u00e3 h\u1ed7 tr\u1ee3 giao h\u00e0ng tr\u00ean to\u00e0n qu\u1ed1c. D\u00f9 b\u1ea1n c\u00f3 \u1edf b\u1ea5t k\u1ef3 n\u01a1i \u0111\u00e2u tr\u00ean l\u00e3nh th\u1ed5 Vi\u1ec7t Nam, ch\u00fang t\u00f4i \u0111\u1ec1u c\u00f3 th\u1ec3 g\u1eedi h\u00e0ng tr\u1ef1c ti\u1ebfp \u0111\u1ebfn t\u1eadn tay c\u1ee7a b\u1ea1n.<\/p>\n\n\n\n<p><strong>Th\u1eddi gian giao h\u00e0ng<\/strong><\/p>\n\n\n\n<ul><li>\u0110\u1ed1i v\u1edbi kh\u00e1ch h\u00e0ng \u1edf trung t\u00e2m c\u00e1c th\u00e0nh ph\u1ed1 l\u1edbn nh\u01b0 H\u1ed3 Ch\u00ed Minh &#8211; \u0110\u00e0 N\u1eb5ng &#8211; H\u00e0 N\u1ed9i th\u1eddi gian giao h\u00e0ng s\u1ebd t\u1eeb 01 &#8211; 03 ng\u00e0y l\u00e0m vi\u1ec7c.<br><\/li><li>\u0110\u1ed1i v\u1edbi kh\u00e1ch h\u00e0ng \u1edf c\u00e1c t\u1ec9nh, th\u00e0nh ph\u1ed1 c\u00f2n l\u1ea1i th\u00ec th\u1eddi gian giao h\u00e0ng d\u1ef1 ki\u1ebfn t\u1eeb 02 &#8211; 04 ng\u00e0y k\u1ec3 t\u1eeb l\u00fac b\u1ea1n l\u00ean \u0111\u01a1n h\u00e0ng.<\/li><\/ul>\n\n\n\n<p>L\u01b0u \u00fd: &nbsp;Th\u1eddi gian giao h\u00e0ng \u0111\u01b0\u1ee3c b\u1eaft \u0111\u1ea7u t\u00ednh sau khi \u0111\u01a1n h\u00e0ng c\u1ee7a qu\u00fd kh\u00e1ch \u0111\u01b0\u1ee3c x\u00e1c nh\u1eadn th\u00e0nh c\u00f4ng b\u1eb1ng cu\u1ed9c g\u1ecdi c\u1ee7a nh\u00e2n vi\u00ean ch\u0103m s\u00f3c kh\u00e1ch h\u00e0ng c\u1ee7a ch\u00fang t\u00f4i.<\/p>\n\n\n\n<p><strong>Ph\u00ed giao h\u00e0ng<\/strong><\/p>\n\n\n\n<ul><li>\u0110\u1ed1i v\u1edbi kh\u00e1ch h\u00e0ng \u1edf trung t\u00e2m c\u00e1c th\u00e0nh ph\u1ed1 l\u1edbn&nbsp;nh\u01b0 H\u1ed3 Ch\u00ed Minh &#8211; \u0110\u00e0 N\u1eb5ng &#8211; H\u00e0 N\u1ed9i th\u00ec qu\u00fd kh\u00e1ch s\u1ebd \u0111\u01b0\u1ee3c mi\u1ec5n ph\u00ed giao h\u00e0ng<\/li><li>C\u00f2n c\u00e1c kh\u00e1ch h\u00e0ng \u1edf c\u00e1c t\u1ec9nh th\u00e0nh c\u00f2n l\u1ea1i, ch\u00fang t\u00f4i s\u1ebd d\u1ef1a v\u00e0o \u0111\u1ecba \u0111i\u1ec3m b\u1ea1n \u0111ang sinh s\u1ed1ng v\u00e0 kh\u1ed1i l\u01b0\u1ee3ng \u0111\u01a1n h\u00e0ng c\u1ee7a b\u1ea1n \u0111\u1ec3 t\u00ednh ph\u00ed v\u1eadn chuy\u1ec3n. Ph\u00ed v\u1eadn chuy\u1ec3n n\u00e0y s\u1ebd \u0111\u01b0\u1ee3c ch\u00fang t\u00f4i th\u00f4ng b\u00e1o tr\u01b0\u1edbc khi giao h\u00e0ng cho b\u1ea1n.<\/li><\/ul>\n\n\n\n<p><strong>H\u1ee7y \u0111\u01a1n h\u00e0ng<\/strong><\/p>\n\n\n\n<ul><li>\u0110\u01a1n h\u00e0ng c\u1ee7a b\u1ea1n s\u1ebd b\u1ecb h\u1ee7y n\u1ebfu sau 03 l\u1ea7n nh\u00e2n vi\u00ean giao h\u00e0ng hay nh\u00e2n vi\u00ean ch\u0103m s\u00f3c kh\u00e1ch h\u00e0ng li\u00ean l\u1ea1c v\u1edbi b\u1ea1n.<\/li><li>N\u1ebfu b\u1ea1n \u0111\u00e3 nh\u1eadn \u0111\u01a1n h\u00e0ng nh\u01b0ng kh\u00f4ng \u0111\u1ed3ng \u00fd nh\u1eadn s\u1ea3n ph\u1ea9m v\u00ec m\u1ed9t l\u00fd do n\u00e0o \u0111\u00f3, th\u00ec b\u1ea1n s\u1ebd l\u00e0 ng\u01b0\u1eddi tr\u1ef1c ti\u1ebfp thanh to\u00e1n ti\u1ec1n v\u1eadn chuy\u1ec3n cho nh\u00e2n vi\u00ean giao nh\u1eadn.<\/li><li>N\u1ebfu \u0111\u01a1n h\u00e0ng c\u1ee7a b\u1ea1n \u0111\u00e3 \u0111\u01b0\u1ee3c \u0111\u00f3ng g\u00f3i v\u00e0 ch\u01b0a \u0111\u01b0\u1ee3c g\u1eedi \u0111i, b\u1ea1n c\u00f3 quy\u1ec1n \u0111\u01b0\u1ee3c h\u1ee7y \u0111\u01a1n h\u00e0ng m\u00e0 kh\u00f4ng ph\u1ea3i ch\u1ecbu b\u1ea5t c\u1ee9 chi ph\u00ed ph\u00e1t sinh n\u00e0o c\u1ea3<\/li><\/ul>\n","protected":false},"excerpt":{"rendered":"<p>Ch\u00ednh S\u00e1ch Giao H\u00e0ng Ph\u1ea1m vi giao h\u00e0ng Hi\u1ec7n t\u1ea1i c\u1eeda h\u00e0ng c\u1ee7a ch\u00fang t\u00f4i \u0111\u00e3 h\u1ed7 tr\u1ee3 giao h\u00e0ng tr\u00ean to\u00e0n qu\u1ed1c. D\u00f9 b\u1ea1n c\u00f3 \u1edf b\u1ea5t k\u1ef3 n\u01a1i \u0111\u00e2u tr\u00ean l\u00e3nh th\u1ed5 Vi\u1ec7t Nam, ch\u00fang t\u00f4i \u0111\u1ec1u c\u00f3 th\u1ec3 g\u1eedi h\u00e0ng tr\u1ef1c ti\u1ebfp \u0111\u1ebfn t\u1eadn tay c\u1ee7a b\u1ea1n. Th\u1eddi gian giao h\u00e0ng \u0110\u1ed1i<\/p>\n","protected":false},"author":1,"featured_media":0,"parent":0,"menu_order":0,"comment_status":"closed","ping_status":"closed","template":"","meta":{"om_disable_all_campaigns":false,"_monsterinsights_skip_tracking":false,"_monsterinsights_sitenote_active":false,"_monsterinsights_sitenote_note":"","_monsterinsights_sitenote_category":0},"_links":{"self":[{"href":"https:\/\/phukienvungtau68.com\/index.php\/wp-json\/wp\/v2\/pages\/220"}],"collection":[{"href":"https:\/\/phukienvungtau68.com\/index.php\/wp-json\/wp\/v2\/pages"}],"about":[{"href":"https:\/\/phukienvungtau68.com\/index.php\/wp-json\/wp\/v2\/types\/page"}],"author":[{"embeddable":true,"href":"https:\/\/phukienvungtau68.com\/index.php\/wp-json\/wp\/v2\/users\/1"}],"replies":[{"embeddable":true,"href":"https:\/\/phukienvungtau68.com\/index.php\/wp-json\/wp\/v2\/comments?post=220"}],"version-history":[{"count":1,"href":"https:\/\/phukienvungtau68.com\/index.php\/wp-json\/wp\/v2\/pages\/220\/revisions"}],"predecessor-version":[{"id":221,"href":"https:\/\/phukienvungtau68.com\/index.php\/wp-json\/wp\/v2\/pages\/220\/revisions\/221"}],"wp:attachment":[{"href":"https:\/\/phukienvungtau68.com\/index.php\/wp-json\/wp\/v2\/media?parent=220"}],"curies":[{"name":"wp","href":"https:\/\/api.w.org\/{rel}","templated":true}]}}