{"id":224,"date":"2021-08-26T17:45:16","date_gmt":"2021-08-26T10:45:16","guid":{"rendered":"http:\/\/phukienvungtau68.com\/?page_id=224"},"modified":"2021-08-26T17:45:17","modified_gmt":"2021-08-26T10:45:17","slug":"chinh-sach-doi-tra-va-hoan-tien","status":"publish","type":"page","link":"https:\/\/phukienvungtau68.com\/index.php\/chinh-sach-doi-tra-va-hoan-tien\/","title":{"rendered":"CH\u00cdNH S\u00c1CH \u0110\u1ed4I TR\u1ea2 V\u00c0 HO\u00c0N TI\u1ec0N"},"content":{"rendered":"\n\n\n<p><strong>1. \u0110i\u1ec1u ki\u1ec7n \u0111\u1ed5i tr\u1ea3<\/strong><\/p>\n\n\n\n<p>Qu\u00fd Kh\u00e1ch h\u00e0ng c\u1ea7n ki\u1ec3m tra t\u00ecnh tr\u1ea1ng h\u00e0ng h\u00f3a v\u00e0 c\u00f3 th\u1ec3 \u0111\u1ed5i h\u00e0ng\/ tr\u1ea3 l\u1ea1i h\u00e0ng&nbsp;ngay t\u1ea1i th\u1eddi \u0111i\u1ec3m giao\/nh\u1eadn h\u00e0ng&nbsp;trong nh\u1eefng tr\u01b0\u1eddng h\u1ee3p sau:<\/p>\n\n\n\n<ul><li>H\u00e0ng kh\u00f4ng \u0111\u00fang ch\u1ee7ng lo\u1ea1i, m\u1eabu m\u00e3 trong \u0111\u01a1n h\u00e0ng \u0111\u00e3 \u0111\u1eb7t ho\u1eb7c nh\u01b0 tr\u00ean website t\u1ea1i th\u1eddi \u0111i\u1ec3m \u0111\u1eb7t h\u00e0ng.<\/li><li>Kh\u00f4ng \u0111\u1ee7 s\u1ed1 l\u01b0\u1ee3ng, kh\u00f4ng \u0111\u1ee7 b\u1ed9 nh\u01b0 trong \u0111\u01a1n h\u00e0ng.<\/li><li>T\u00ecnh tr\u1ea1ng b\u00ean ngo\u00e0i b\u1ecb \u1ea3nh h\u01b0\u1edfng nh\u01b0 r\u00e1ch bao b\u00ec, bong tr\u00f3c, b\u1ec3 v\u1ee1\u2026<\/li><\/ul>\n\n\n\n<p>&nbsp;Kh\u00e1ch h\u00e0ng c\u00f3 tr\u00e1ch nhi\u1ec7m tr\u00ecnh gi\u1ea5y t\u1edd li\u00ean quan ch\u1ee9ng minh s\u1ef1 thi\u1ebfu s\u00f3t tr\u00ean \u0111\u1ec3 ho\u00e0n th\u00e0nh vi\u1ec7c&nbsp;ho\u00e0n tr\u1ea3\/\u0111\u1ed5i tr\u1ea3 h\u00e0ng h\u00f3a.&nbsp;<\/p>\n\n\n\n<p><strong>2. Quy \u0111\u1ecbnh v\u1ec1 th\u1eddi gian th\u00f4ng b\u00e1o v\u00e0 g\u1eedi s\u1ea3n ph\u1ea9m \u0111\u1ed5i tr\u1ea3<\/strong><\/p>\n\n\n\n<ul><li><strong>Th\u1eddi gian th\u00f4ng b\u00e1o \u0111\u1ed5i tr\u1ea3<\/strong>:&nbsp;trong v\u00f2ng 48h k\u1ec3 t\u1eeb khi nh\u1eadn s\u1ea3n ph\u1ea9m \u0111\u1ed1i v\u1edbi tr\u01b0\u1eddng h\u1ee3p s\u1ea3n ph\u1ea9m thi\u1ebfu ph\u1ee5 ki\u1ec7n, qu\u00e0 t\u1eb7ng ho\u1eb7c b\u1ec3 v\u1ee1.<\/li><li><strong>Th\u1eddi gian g\u1eedi chuy\u1ec3n tr\u1ea3 s\u1ea3n ph\u1ea9m<\/strong>: trong v\u00f2ng 14 ng\u00e0y k\u1ec3 t\u1eeb khi nh\u1eadn s\u1ea3n ph\u1ea9m.<\/li><li><strong>\u0110\u1ecba \u0111i\u1ec3m \u0111\u1ed5i tr\u1ea3 s\u1ea3n ph\u1ea9m<\/strong>: Kh\u00e1ch h\u00e0ng c\u00f3 th\u1ec3 mang h\u00e0ng tr\u1ef1c ti\u1ebfp \u0111\u1ebfn v\u0103n ph\u00f2ng\/ c\u1eeda h\u00e0ng c\u1ee7a ch\u00fang t\u00f4i ho\u1eb7c chuy\u1ec3n qua \u0111\u01b0\u1eddng b\u01b0u \u0111i\u1ec7n.<\/li><li><strong>Chi ph\u00ed \u0111\u1ed5i tr\u1ea3:<\/strong>&nbsp;Shop s\u1ebd ti\u1ebfn h\u00e0nh thanh to\u00e1n cho \u0111\u01a1n v\u1ecb v\u1eadn chuy\u1ec3n.<\/li><\/ul>\n\n\n\n<p>Trong tr\u01b0\u1eddng h\u1ee3p Qu\u00fd Kh\u00e1ch h\u00e0ng c\u00f3 \u00fd ki\u1ebfn \u0111\u00f3ng g\u00f3p\/khi\u1ebfu n\u1ea1i li\u00ean quan \u0111\u1ebfn ch\u1ea5t l\u01b0\u1ee3ng s\u1ea3n ph\u1ea9m, Qu\u00fd Kh\u00e1ch h\u00e0ng vui l\u00f2ng li\u00ean h\u1ec7 \u0111\u01b0\u1eddng d\u00e2y ch\u0103m s\u00f3c kh\u00e1ch h\u00e0ng&nbsp;c\u1ee7a ch\u00fang t\u00f4i: 0949604000 ho\u1eb7c email: phukienonline720@gmail.com<\/p>\n\n\n\n<p><strong>3. Ch\u00ednh s\u00e1ch ho\u00e0n ti\u1ec1n:<\/strong><\/p>\n\n\n\n<p>Trong tr\u01b0\u1eddng h\u1ee3p h\u00e0ng giao kh\u00f4ng \u0111\u00fang nh\u01b0 m\u00f4 t\u1ea3 (V\u00ed d\u1ee5: \u0111\u01b0t, v\u1ee1, ch\u1eadp ch\u00e1y, giao sai h\u00e0ng &#8230;. ) m\u00e0 Kh\u00e1ch h\u00e0ng kh\u00f4ng mu\u1ed1n nh\u1eadn h\u00e0ng, Shop s\u1ebd ti\u1ebfn h\u00e0nh ho\u00e0n ti\u1ec1n cho Kh\u00e1ch trong v\u00f2ng 07 ng\u00e0y k\u1ec3 t\u1eeb ng\u00e0y ti\u1ebfp nh\u1eadn ph\u1ea3n h\u1ed3i t\u1eeb Kh\u00e1ch h\u00e0ng th\u00f4ng qua s\u1ed1 t\u00e0i kho\u1ea3n Kh\u00e1ch h\u00e0ng cung c\u1ea5p ho\u1eb7c nh\u1eadn ti\u1ec1n m\u1eb7t tr\u1ef1c ti\u1ebfp t\u1ea1i c\u1eeda h\u00e0ng.<\/p>\n","protected":false},"excerpt":{"rendered":"<p>1. \u0110i\u1ec1u ki\u1ec7n \u0111\u1ed5i tr\u1ea3 Qu\u00fd Kh\u00e1ch h\u00e0ng c\u1ea7n ki\u1ec3m tra t\u00ecnh tr\u1ea1ng h\u00e0ng h\u00f3a v\u00e0 c\u00f3 th\u1ec3 \u0111\u1ed5i h\u00e0ng\/ tr\u1ea3 l\u1ea1i h\u00e0ng&nbsp;ngay t\u1ea1i th\u1eddi \u0111i\u1ec3m giao\/nh\u1eadn h\u00e0ng&nbsp;trong nh\u1eefng tr\u01b0\u1eddng h\u1ee3p sau: H\u00e0ng kh\u00f4ng \u0111\u00fang ch\u1ee7ng lo\u1ea1i, m\u1eabu m\u00e3 trong \u0111\u01a1n h\u00e0ng \u0111\u00e3 \u0111\u1eb7t ho\u1eb7c nh\u01b0 tr\u00ean website t\u1ea1i th\u1eddi \u0111i\u1ec3m \u0111\u1eb7t h\u00e0ng. Kh\u00f4ng \u0111\u1ee7<\/p>\n","protected":false},"author":1,"featured_media":0,"parent":0,"menu_order":0,"comment_status":"closed","ping_status":"closed","template":"","meta":{"om_disable_all_campaigns":false,"_monsterinsights_skip_tracking":false,"_monsterinsights_sitenote_active":false,"_monsterinsights_sitenote_note":"","_monsterinsights_sitenote_category":0},"_links":{"self":[{"href":"https:\/\/phukienvungtau68.com\/index.php\/wp-json\/wp\/v2\/pages\/224"}],"collection":[{"href":"https:\/\/phukienvungtau68.com\/index.php\/wp-json\/wp\/v2\/pages"}],"about":[{"href":"https:\/\/phukienvungtau68.com\/index.php\/wp-json\/wp\/v2\/types\/page"}],"author":[{"embeddable":true,"href":"https:\/\/phukienvungtau68.com\/index.php\/wp-json\/wp\/v2\/users\/1"}],"replies":[{"embeddable":true,"href":"https:\/\/phukienvungtau68.com\/index.php\/wp-json\/wp\/v2\/comments?post=224"}],"version-history":[{"count":1,"href":"https:\/\/phukienvungtau68.com\/index.php\/wp-json\/wp\/v2\/pages\/224\/revisions"}],"predecessor-version":[{"id":225,"href":"https:\/\/phukienvungtau68.com\/index.php\/wp-json\/wp\/v2\/pages\/224\/revisions\/225"}],"wp:attachment":[{"href":"https:\/\/phukienvungtau68.com\/index.php\/wp-json\/wp\/v2\/media?parent=224"}],"curies":[{"name":"wp","href":"https:\/\/api.w.org\/{rel}","templated":true}]}}