{"id":1004,"date":"2022-01-03T02:04:46","date_gmt":"2022-01-02T19:04:46","guid":{"rendered":"http:\/\/phukienvungtau68.com\/?post_type=product&#038;p=1004"},"modified":"2024-05-02T10:36:37","modified_gmt":"2024-05-02T03:36:37","slug":"loa-bluetooth-chinh-hang-vivan-vs16-10w-chinh-hang-am-thanh-sac-net-bass-manh-chong-nuoc-hieu-ung-den-den-led-rgb","status":"publish","type":"product","link":"https:\/\/phukienvungtau68.com\/index.php\/product\/loa-bluetooth-chinh-hang-vivan-vs16-10w-chinh-hang-am-thanh-sac-net-bass-manh-chong-nuoc-hieu-ung-den-den-led-rgb\/","title":{"rendered":"Loa Bluetooth Ch\u00ednh H\u00e3ng VIVAN VS16 10W Ch\u00ednh H\u00e3ng \u00c2m&hellip;"},"content":{"rendered":"<p>Loa Bluetooth Ch\u00ednh H\u00e3ng VIVAN VS16 10W Ch\u00ednh H\u00e3ng \u00c2m Thanh S\u1eafc N\u00e9t Bass M\u1ea1nh Ch\u1ed1ng N\u01b0\u1edbc Hi\u1ec7u \u1ee8ng \u0110\u00e8n \u0110\u00e8n Led RGB &#8211; B\u1ea3o h\u00e0nh l\u00ean \u0111\u1ebfn 6 Th\u00e1ng<br \/>\n\ud83d\udca5 Th\u00f4ng tin s\u1ea3n ph\u1ea9m<br \/>\n&#8211; Model: Vivan VS16<br \/>\n&#8211; Loa Bluetooth: Bluetooth 5.0, chu\u1ea9n kh\u00e1ng n\u01b0\u1edbc IXP6<br \/>\n-.Kho\u1ea3ng c\u00e1ch T\u1ed1i \u0111a: 10M<br \/>\n-.C\u00f4ng su\u1ea5t \u0111\u1ea7u ra: 10W T<br \/>\n&#8211; Hi\u1ec7u \u1ee9ng \u0111\u00e8n Led RGB<br \/>\n&#8211; B\u1ed9 s\u1ea3n ph\u1ea9m g\u1ed3m: Loa VS16+C\u00e1p s\u1ea1c<br \/>\n&#8211; Lo\u1ea1i \u0111\u1ea7u k\u1ebft n\u1ed1i: Bluetootn\/Usb<\/p>\n<p>II.\u01afu \u0111i\u1ec3m:<br \/>\n1. Loa s\u1ed1ng \u0111\u1ed9ng v\u1edbi c\u1ea3m gi\u00e1c c\u1ee7a h\u00e0ng tri\u1ec7u m\u00e0u s\u1eafc \u00e1nh s\u00e1ng c\u1ee7a hi\u1ec7u \u1ee9ng \u0110\u00e8n LedRGB .<br \/>\n2. \u00c2m thanh HI-FI, mang \u0111\u1ebfn ch\u1ea5t l\u01b0\u1ee3ng \u00e2m thanh r\u00f5 r\u00e0ng, t\u1ef1 nhi\u00ean v\u00e0 s\u1eafc n\u00e9t<br \/>\n3. An to\u00e0n khi ch\u01a1i ngo\u00e0i tr\u1eddi nh\u1edd l\u1edbp b\u1ea3o v\u1ec7 Ch\u1ed1ng th\u1ea5m n\u01b0\u1edbc IPX6.<br \/>\n4. \u0110\u01b0\u1ee3c trang b\u1ecb micr\u00f4 \u0111\u1ec3 h\u1ed7 tr\u1ee3 cu\u1ed9c g\u1ecdi Ch\u1ebf \u0111\u1ed9 r\u1ea3nh tay.<br \/>\n5. Pin 1500mAh c\u00f3 th\u1ec3 ch\u01a1i l\u00ean \u0111\u1ebfn 6 gi\u1edd.<br \/>\n6. \u0110\u00e3 h\u1ed7 tr\u1ee3 True Wireless Stereo gi\u00fap 2 loa VS16 c\u00f3 th\u1ec3 \u0111\u01b0\u1ee3c k\u1ebft n\u1ed1i trong c\u00f9ng m\u1ed9t tjhi\u1ebft b\u1ecb Bluetooth \u0111\u1ec3 mang l\u1ea1i c\u1ea3m gi\u00e1c \u00e2m thanh n\u1ed5i ch\u00e2n th\u1ef1c.<br \/>\n7. Ngo\u00e0i Bluetooth, VS16 c\u0169ng c\u00f3 th\u1ec3 \u0111\u01b0\u1ee3c ph\u00e1t qua 2 ch\u1ebf \u0111\u1ed9 ph\u00e1t \u00e2m thanh thay th\u1ebf l\u00e0 micro SD v\u00e0 Usb.<\/p>\n<p>\ud83d\udca5 Th\u00f4ng tin b\u1ea3o h\u00e0nh<br \/>\n\u2714 Th\u1eddi gian b\u1ea3o h\u00e0nh: 6 th\u00e1ng<br \/>\n\u2714 H\u00ecnh th\u1ee9c b\u1ea3o h\u00e0nh: 1 \u0111\u1ed5i 1<\/p>\n<p>\ud83c\udfe0 G\u1ea5u shop \u2013 Chuy\u00ean ph\u1ee5 ki\u1ec7n \u0111i\u1ec7n tho\u1ea1i, \u0111\u1ed3 c\u00f4ng ngh\u1ec7 h\u00e0ng ch\u00ednh h\u00e3ng b\u1ea3o h\u00e0nh l\u00ean \u0111\u1ebfn 12 th\u00e1ng<br \/>\n\u2714\ufe0f Ship h\u00e0ng to\u00e0n qu\u1ed1c \u2013 ki\u1ec3m tra h\u00e0ng thanh to\u00e1n.<br \/>\n\u2714\ufe0f Ph\u1ee5 ki\u1ec7n Iphone, Samsung, oppo.<br \/>\n\u2714\ufe0f C\u1ee7 s\u1ea1c, d\u00e2y s\u1ea1c.<br \/>\n\u2714\ufe0f Pin s\u1ea1c d\u1ef1 ph\u00f2ng 10.000 \u2013 20.000 mah.<br \/>\n\u2714\ufe0f Loa Bluetooth, karaoke.<br \/>\n\u2714\ufe0f Tai nghe Bluetooth airpods, inpods 12, Hoco, Vivan.<br \/>\n\u2714\ufe0f \u1ed0p l\u01b0ng, c\u01b0\u1eddng l\u1ef1c \u0111i\u1ec7n tho\u1ea1i, \u1ed1p tai nghe airpods.<br \/>\n\u260e\ufe0f Hotline: 0797 180 750 (zalo) \u2013 033 95 333 75<br \/>\n\ud83c\udfe0 \u0110c: 213\/3\/1B L\u00ea H\u1ed3ng Phong, Ph\u01b0\u1eddng 8, Tp. V\u0169ng T\u00e0u, BRVT.<\/p>\n","protected":false},"excerpt":{"rendered":"<p>Loa Bluetooth Ch\u00ednh H\u00e3ng VIVAN VS16 10W Ch\u00ednh H\u00e3ng \u00c2m Thanh S\u1eafc N\u00e9t Bass M\u1ea1nh Ch\u1ed1ng N\u01b0\u1edbc Hi\u1ec7u \u1ee8ng \u0110\u00e8n \u0110\u00e8n Led RGB &#8211; B\u1ea3o h\u00e0nh l\u00ean \u0111\u1ebfn 6 Th\u00e1ng \ud83d\udca5 Th\u00f4ng tin s\u1ea3n ph\u1ea9m &#8211; Model: Vivan VS16 &#8211; Loa Bluetooth: Bluetooth 5.0, chu\u1ea9n kh\u00e1ng n\u01b0\u1edbc IXP6 -.Kho\u1ea3ng c\u00e1ch T\u1ed1i \u0111a: 10M -.C\u00f4ng su\u1ea5t<\/p>\n","protected":false},"featured_media":1005,"template":"","meta":{"om_disable_all_campaigns":false,"_monsterinsights_skip_tracking":false,"_monsterinsights_sitenote_active":false,"_monsterinsights_sitenote_note":"","_monsterinsights_sitenote_category":0},"product_cat":[28],"product_tag":[],"_links":{"self":[{"href":"https:\/\/phukienvungtau68.com\/index.php\/wp-json\/wp\/v2\/product\/1004"}],"collection":[{"href":"https:\/\/phukienvungtau68.com\/index.php\/wp-json\/wp\/v2\/product"}],"about":[{"href":"https:\/\/phukienvungtau68.com\/index.php\/wp-json\/wp\/v2\/types\/product"}],"wp:featuredmedia":[{"embeddable":true,"href":"https:\/\/phukienvungtau68.com\/index.php\/wp-json\/wp\/v2\/media\/1005"}],"wp:attachment":[{"href":"https:\/\/phukienvungtau68.com\/index.php\/wp-json\/wp\/v2\/media?parent=1004"}],"wp:term":[{"taxonomy":"product_cat","embeddable":true,"href":"https:\/\/phukienvungtau68.com\/index.php\/wp-json\/wp\/v2\/product_cat?post=1004"},{"taxonomy":"product_tag","embeddable":true,"href":"https:\/\/phukienvungtau68.com\/index.php\/wp-json\/wp\/v2\/product_tag?post=1004"}],"curies":[{"name":"wp","href":"https:\/\/api.w.org\/{rel}","templated":true}]}}