{"id":1021,"date":"2022-01-03T02:25:11","date_gmt":"2022-01-02T19:25:11","guid":{"rendered":"http:\/\/phukienvungtau68.com\/?post_type=product&#038;p=1021"},"modified":"2024-05-02T10:37:36","modified_gmt":"2024-05-02T03:37:36","slug":"cu-sac-nhanh-pd-power-20u-20w-cong-type-c-ac-100-240v-ho-tro-tu-ngat-dong","status":"publish","type":"product","link":"https:\/\/phukienvungtau68.com\/index.php\/product\/cu-sac-nhanh-pd-power-20u-20w-cong-type-c-ac-100-240v-ho-tro-tu-ngat-dong\/","title":{"rendered":"C\u1ee7 S\u1ea1c Nhanh PD POWER 20U 20W c\u1ed5ng Type-C AC&hellip;"},"content":{"rendered":"<p>C\u1ee7 S\u1ea1c Nhanh PD POWER 20U 20W c\u1ed5ng Type-C AC 100-240V H\u1ed7 Tr\u1ee3 T\u1ef1 Ng\u1eaft D\u00f2ng d\u00f9ng s\u1ea1c nhanh cho iphone, Samsung, oppo v\u00e0 c\u00e1c d\u00f2ng \u0111i\u1ec7n tho\u1ea1i android kh\u00e1c B\u1ea2O H\u00c0NH 1 \u0110\u1ed4I 1 CH\u00cdNH H\u00c3NG<br \/>\n\ud83d\udca5 Th\u00f4ng tin s\u1ea3n ph\u1ea9m<br \/>\n\u2714 C\u00f4ng su\u1ea5t l\u1edbn 20W<br \/>\n\u2714 Chu\u1ea9n PD\/QC 3.0<br \/>\n\u2714 K\u1ebft h\u1ee3p v\u1edbi d\u00e2y s\u1ea1c nhanh 20W s\u1ea1c cho iphone 11, 12 trong 30p \u0111\u1ea7u ti\u00ean l\u00ean 50% pin.<br \/>\n\u2714 \u0110\u01b0\u1ee3c t\u00edch h\u1ee3p ch\u1ee9ng n\u0103ng b\u1ea3o v\u1ec7 th\u00f4ng minh, an to\u00e0n kh\u00f4ng g\u00e2y n\u00f3ng cho thi\u1ebft b\u1ecb khi ho\u1ea1t \u0111\u1ed9ng h\u1ebft c\u00f4ng su\u1ea5t. S\u1ea1c \u0111\u1ebfn 80% t\u1ef1 \u0111\u1ed9ng chuy\u1ec3n sang ch\u1ebf \u0111\u1ed9 s\u1ea1c an to\u00e0n.<br \/>\n\u27146 l\u1edbp b\u1ea3o v\u1ec7 : Ch\u1ed1ng s\u1ea1c qu\u00e1 d\u00f2ng v\u00e0o\/ra, t\u1ef1 nh\u1eadn \u0111i\u1ec7n \u00e1p ph\u00f9 h\u1ee3p, ch\u1ed1ng \u0111o\u1ea3n m\u1ea1ch,ch\u1ed1ng s\u1ea1c ng\u01b0\u1ee3c ,t\u1ef1 ng\u1eaft d\u00f2ng an to\u00e0n.<br \/>\n\u2714 S\u1eed d\u1ee5ng t\u1ed1t v\u1edbi c\u00e1c d\u00f2ng \u0111i\u1ec7n tho\u1ea1i Iphone v\u00e0 c\u00e1c s\u1ea3n ph\u1ea9m IOS<br \/>\n\u2714T\u01b0\u01a1ng th\u00edch t\u1ed1t v\u1edbi c\u00e1c chu\u1ea9n s\u1ea1c nhanh th\u00f4ng th\u01b0\u1eddng: PD 3.0 Iphone, FCP&amp;SCP Huawei,Qc 4.0\/3.0 , Xiaomi , AFC Sam Sung<br \/>\n\u2714H\u1ed7 tr\u1ee3 s\u1ea1c nhanh chu\u1ea9n PD cho c\u00e1c d\u00f2ng t\u1eeb iPhone 8 \u0111\u1ebfn iPhone 11, t\u1ed1c \u0111\u1ed9 s\u1ea1c nhanh g\u1ea5p 4 l\u1ea7n, gi\u00fap s\u1ea1c thi\u1ebft b\u1ecb nhanh h\u01a1n v\u1edbi c\u00f4ng su\u1ea5t ngu\u1ed3n ra 5W<br \/>\n\u2714D\u00e3i \u0111i\u1ec7n \u00e1p r\u1ed9ng AC 100-240V \u0111\u01b0\u1ee3c s\u1eed d\u1ee5ng r\u1ed9ng r\u00e3i.<br \/>\n\u2714T\u01b0\u01a1ng th\u00edch v\u1edbi thi\u1ebft b\u1ecb h\u1ed7 tr\u1ee3 s\u1ea1c nhanh th\u00f4ng th\u01b0\u1eddng<\/p>\n<p>\ud83d\udca5 Th\u00f4ng tin b\u1ea3o h\u00e0nh<br \/>\n\u2714 Th\u1eddi gian b\u1ea3o h\u00e0nh:12 th\u00e1ng<br \/>\n\u2714 H\u00ecnh th\u1ee9c b\u1ea3o h\u00e0nh: 1 \u0111\u1ed5i 1 trong 6 th\u00e1ng \u0111\u1ea7u ti\u00ean, 6 th\u00e1ng ti\u1ebfp theo b\u1ea3o h\u00e0nh theo ti\u00eau chu\u1ea9n c\u1ee7a shop<\/p>\n<p>\ud83c\udfe0 G\u1ea5u shop \u2013 Chuy\u00ean ph\u1ee5 ki\u1ec7n \u0111i\u1ec7n tho\u1ea1i, \u0111\u1ed3 c\u00f4ng ngh\u1ec7 h\u00e0ng ch\u00ednh h\u00e3ng b\u1ea3o h\u00e0nh l\u00ean \u0111\u1ebfn 12 th\u00e1ng<br \/>\n\u2714\ufe0f Ship h\u00e0ng to\u00e0n qu\u1ed1c \u2013 ki\u1ec3m tra h\u00e0ng thanh to\u00e1n.<br \/>\n\u2714\ufe0f Ph\u1ee5 ki\u1ec7n Iphone, Samsung, oppo.<br \/>\n\u2714\ufe0f C\u1ee7 s\u1ea1c, d\u00e2y s\u1ea1c.<br \/>\n\u2714\ufe0f Pin s\u1ea1c d\u1ef1 ph\u00f2ng 10.000 \u2013 20.000 mah.<br \/>\n\u2714\ufe0f Loa Bluetooth, karaoke.<br \/>\n\u2714\ufe0f Tai nghe Bluetooth airpods, inpods 12, Hoco, Vivan.<br \/>\n\u2714\ufe0f \u1ed0p l\u01b0ng, c\u01b0\u1eddng l\u1ef1c \u0111i\u1ec7n tho\u1ea1i, \u1ed1p tai nghe airpods.<br \/>\n\u260e\ufe0f Hotline: 0797 180 750 (zalo) \u2013 033 95 333 75<br \/>\n\ud83c\udfe0 \u0110c: 213\/3\/1B L\u00ea H\u1ed3ng Phong, Ph\u01b0\u1eddng 8, Tp. V\u0169ng T\u00e0u, BRVT.<\/p>\n","protected":false},"excerpt":{"rendered":"<p>C\u1ee7 S\u1ea1c Nhanh PD POWER 20U 20W c\u1ed5ng Type-C AC 100-240V H\u1ed7 Tr\u1ee3 T\u1ef1 Ng\u1eaft D\u00f2ng d\u00f9ng s\u1ea1c nhanh cho iphone, Samsung, oppo v\u00e0 c\u00e1c d\u00f2ng \u0111i\u1ec7n tho\u1ea1i android kh\u00e1c B\u1ea2O H\u00c0NH 1 \u0110\u1ed4I 1 CH\u00cdNH H\u00c3NG \ud83d\udca5 Th\u00f4ng tin s\u1ea3n ph\u1ea9m \u2714 C\u00f4ng su\u1ea5t l\u1edbn 20W \u2714 Chu\u1ea9n PD\/QC 3.0 \u2714 K\u1ebft h\u1ee3p v\u1edbi<\/p>\n","protected":false},"featured_media":1023,"template":"","meta":{"om_disable_all_campaigns":false,"_monsterinsights_skip_tracking":false,"_monsterinsights_sitenote_active":false,"_monsterinsights_sitenote_note":"","_monsterinsights_sitenote_category":0},"product_cat":[30],"product_tag":[],"_links":{"self":[{"href":"https:\/\/phukienvungtau68.com\/index.php\/wp-json\/wp\/v2\/product\/1021"}],"collection":[{"href":"https:\/\/phukienvungtau68.com\/index.php\/wp-json\/wp\/v2\/product"}],"about":[{"href":"https:\/\/phukienvungtau68.com\/index.php\/wp-json\/wp\/v2\/types\/product"}],"wp:featuredmedia":[{"embeddable":true,"href":"https:\/\/phukienvungtau68.com\/index.php\/wp-json\/wp\/v2\/media\/1023"}],"wp:attachment":[{"href":"https:\/\/phukienvungtau68.com\/index.php\/wp-json\/wp\/v2\/media?parent=1021"}],"wp:term":[{"taxonomy":"product_cat","embeddable":true,"href":"https:\/\/phukienvungtau68.com\/index.php\/wp-json\/wp\/v2\/product_cat?post=1021"},{"taxonomy":"product_tag","embeddable":true,"href":"https:\/\/phukienvungtau68.com\/index.php\/wp-json\/wp\/v2\/product_tag?post=1021"}],"curies":[{"name":"wp","href":"https:\/\/api.w.org\/{rel}","templated":true}]}}