{"id":1035,"date":"2022-02-16T22:59:44","date_gmt":"2022-02-16T15:59:44","guid":{"rendered":"http:\/\/phukienvungtau68.com\/?post_type=product&#038;p=1035"},"modified":"2023-06-28T21:11:45","modified_gmt":"2023-06-28T14:11:45","slug":"tai-nghe-bluetooth-hoco-dew10-pro-khong-day-tws-true-wireles-kieu-dang-airpods-3","status":"publish","type":"product","link":"https:\/\/phukienvungtau68.com\/index.php\/product\/tai-nghe-bluetooth-hoco-dew10-pro-khong-day-tws-true-wireles-kieu-dang-airpods-3\/","title":{"rendered":"Tai Nghe Bluetooth Hoco DEW10 Pro Kh\u00f4ng D\u00e2y TWS True&hellip;"},"content":{"rendered":"<p>Tai Nghe Bluetooth Hoco DEW10 Pro Kh\u00f4ng D\u00e2y TWS True Wireles, Ki\u1ec3u D\u00e1ng airpods 3<br \/>\n\ud83d\udca5 Th\u00f4ng tin s\u1ea3n ph\u1ea9m<br \/>\n&#8211; Tai Nghe Bluetooth ch\u00ednh h\u00e3ng Hoco DEW10 Pro<br \/>\n&#8211; Pin 2 tai nghe 3 &#8211; 4 ti\u1ebfng<br \/>\n&#8211; H\u1ed9p tai nghe t\u1ef1 s\u1ea1c l\u1ea1i cho 2 tai nghe \u0111\u01b0\u1ee3c 3 &#8211; 4 l\u1ea7n<br \/>\n&#8211; T\u1ed5ng th\u1eddi gian nghe bao g\u1ed3m c\u1ea3 pin trong h\u1ed9p tai nghe l\u00e0 10 &#8211; 12 ti\u1ebfng.<br \/>\n&#8211; Dung l\u01b0\u1ee3ng pin: ng\u0103n s\u1ea1c 350mAh, tai nghe 30mAh<br \/>\n&#8211; \u00c2m thanh nghe hay, to r\u00f5, tr\u1ea7m \u1ea5m. pass s\u00e2u<br \/>\n&#8211; Bluetooth 5.0<br \/>\n&#8211; C\u1ea3m \u1ee9ng 1 ch\u1ea1m nh\u01b0 airpods 3<\/p>\n<p>\ud83d\udca5 Th\u00f4ng tin b\u1ea3o h\u00e0nh<br \/>\n\u2714 Th\u1eddi gian b\u1ea3o h\u00e0nh:\u00a0 6 th\u00e1ng<br \/>\n\u2714 H\u00ecnh th\u1ee9c b\u1ea3o h\u00e0nh: 1 \u0111\u1ed5i 1<\/p>\n<div dir=\"auto\"><span class=\"x3nfvp2 x1j61x8r x1fcty0u xdj266r xhhsvwb xat24cr xgzva0m xxymvpz xlup9mm x1kky2od\"><img loading=\"lazy\" src=\"https:\/\/static.xx.fbcdn.net\/images\/emoji.php\/v9\/tbe\/1\/16\/1f3c6.png\" alt=\"\ud83c\udfc6\" width=\"16\" height=\"16\" \/><\/span>\u00a0G\u1ea5u shop \u2013 Chuy\u00ean ph\u1ee5 ki\u1ec7n \u0111i\u1ec7n tho\u1ea1i, \u0111\u1ed3 c\u00f4ng ngh\u1ec7<\/div>\n<div dir=\"auto\"><span class=\"x3nfvp2 x1j61x8r x1fcty0u xdj266r xhhsvwb xat24cr xgzva0m xxymvpz xlup9mm x1kky2od\"><img loading=\"lazy\" src=\"https:\/\/static.xx.fbcdn.net\/images\/emoji.php\/v9\/t22\/1\/16\/260e.png\" alt=\"\u260e\ufe0f\" width=\"16\" height=\"16\" \/><\/span>\u00a0S\u0110T: 0797 180 750 \u2013 033 95 333 75 (Zalo)<\/div>\n<div dir=\"auto\"><span class=\"x3nfvp2 x1j61x8r x1fcty0u xdj266r xhhsvwb xat24cr xgzva0m xxymvpz xlup9mm x1kky2od\"><img loading=\"lazy\" src=\"https:\/\/static.xx.fbcdn.net\/images\/emoji.php\/v9\/tf6\/1\/16\/1f3e0.png\" alt=\"\ud83c\udfe0\" width=\"16\" height=\"16\" \/><\/span>\u00a0\u0110c: 213\/3\/1B L\u00ea H\u1ed3ng Phong \u2013 Ph\u01b0\u1eddng 8 \u2013 V\u0169ng T\u00e0u \u2013 BRVT.<\/div>\n<div dir=\"auto\"><span class=\"x3nfvp2 x1j61x8r x1fcty0u xdj266r xhhsvwb xat24cr xgzva0m xxymvpz xlup9mm x1kky2od\"><img loading=\"lazy\" src=\"https:\/\/static.xx.fbcdn.net\/images\/emoji.php\/v9\/tc0\/1\/16\/1f30e.png\" alt=\"\ud83c\udf0e\" width=\"16\" height=\"16\" \/><\/span>\u00a0Website:\u00a0<a class=\"x1i10hfl xjbqb8w x6umtig x1b1mbwd xaqea5y xav7gou x9f619 x1ypdohk xt0psk2 xe8uvvx xdj266r x11i5rnm xat24cr x1mh8g0r xexx8yu x4uap5 x18d9i69 xkhd6sd x16tdsg8 x1hl2dhg xggy1nq x1a2a7pz xt0b8zv x1fey0fg\" role=\"link\" href=\"http:\/\/phukienvungtau68.com\/?fbclid=IwAR2wRhSr0UIdFE0leNYrt-po4OyNt2dpVM00osxDYkJiOCqcVO8kRPb0EYY\" target=\"_blank\" rel=\"nofollow noopener noreferrer\">Phukienvungtau68.com<\/a><\/div>\n","protected":false},"excerpt":{"rendered":"<p>Tai Nghe Bluetooth Hoco DEW10 Pro Kh\u00f4ng D\u00e2y TWS True Wireles, Ki\u1ec3u D\u00e1ng airpods 3 \ud83d\udca5 Th\u00f4ng tin s\u1ea3n ph\u1ea9m &#8211; Tai Nghe Bluetooth ch\u00ednh h\u00e3ng Hoco DEW10 Pro &#8211; Pin 2 tai nghe 3 &#8211; 4 ti\u1ebfng &#8211; H\u1ed9p tai nghe t\u1ef1 s\u1ea1c l\u1ea1i cho 2 tai nghe \u0111\u01b0\u1ee3c 3 &#8211; 4 l\u1ea7n &#8211;<\/p>\n","protected":false},"featured_media":1131,"template":"","meta":{"om_disable_all_campaigns":false,"_monsterinsights_skip_tracking":false,"_monsterinsights_sitenote_active":false,"_monsterinsights_sitenote_note":"","_monsterinsights_sitenote_category":0},"product_cat":[18],"product_tag":[],"_links":{"self":[{"href":"https:\/\/phukienvungtau68.com\/index.php\/wp-json\/wp\/v2\/product\/1035"}],"collection":[{"href":"https:\/\/phukienvungtau68.com\/index.php\/wp-json\/wp\/v2\/product"}],"about":[{"href":"https:\/\/phukienvungtau68.com\/index.php\/wp-json\/wp\/v2\/types\/product"}],"wp:featuredmedia":[{"embeddable":true,"href":"https:\/\/phukienvungtau68.com\/index.php\/wp-json\/wp\/v2\/media\/1131"}],"wp:attachment":[{"href":"https:\/\/phukienvungtau68.com\/index.php\/wp-json\/wp\/v2\/media?parent=1035"}],"wp:term":[{"taxonomy":"product_cat","embeddable":true,"href":"https:\/\/phukienvungtau68.com\/index.php\/wp-json\/wp\/v2\/product_cat?post=1035"},{"taxonomy":"product_tag","embeddable":true,"href":"https:\/\/phukienvungtau68.com\/index.php\/wp-json\/wp\/v2\/product_tag?post=1035"}],"curies":[{"name":"wp","href":"https:\/\/api.w.org\/{rel}","templated":true}]}}