{"id":1071,"date":"2022-02-18T22:01:19","date_gmt":"2022-02-18T15:01:19","guid":{"rendered":"http:\/\/phukienvungtau68.com\/?post_type=product&#038;p=1071"},"modified":"2022-02-18T22:01:20","modified_gmt":"2022-02-18T15:01:20","slug":"tai-nghe-bluetooth-hoco-dew03-pro-v5-1-khong-day","status":"publish","type":"product","link":"https:\/\/phukienvungtau68.com\/index.php\/product\/tai-nghe-bluetooth-hoco-dew03-pro-v5-1-khong-day\/","title":{"rendered":"Tai nghe bluetooth Hoco DEW03 Pro V5.1 kh\u00f4ng d\u00e2y"},"content":{"rendered":"<p>Tai nghe bluetooth Hoco TWS DEW03 Pro V5.1 kh\u00f4ng d\u00e2y D\u00f9ng \u0111\u01b0\u1ee3c cho Iphone v\u00e0 Android &#8211; B\u1ea3o h\u00e0nh 6 Th\u00e1ng<br \/>\n\ud83d\udca5 Th\u00f4ng tin s\u1ea3n ph\u1ea9m<br \/>\n&#8211; Tai Nghe Bluetooth ch\u00ednh h\u00e3ng Hoco DEW03 Pro<br \/>\n&#8211; Pin 3 &#8211; 4 ti\u1ebfng<br \/>\n&#8211; H\u1ed9p tai nghe t\u1ef1 s\u1ea1c l\u1ea1i cho 2 tai nghe \u0111\u01b0\u1ee3c 3 &#8211; 4 l\u1ea7n<br \/>\n&#8211; T\u1ed5ng th\u1eddi gian nghe bao g\u1ed3m c\u1ea3 pin trong h\u1ed9p tai nghe l\u00e0 10 &#8211; 12 ti\u1ebfng.<br \/>\n&#8211; Dung l\u01b0\u1ee3ng pin: ng\u0103n s\u1ea1c 350mAh, tai nghe 30mAh<br \/>\n&#8211; \u00c2m thanh nghe hay, to r\u00f5, pass ch\u1eafc<br \/>\n&#8211; Bluetooth 5.1<br \/>\n&#8211; K\u1ebft n\u1ed1i hi\u1ec7n popup nh\u01b0 airpods<br \/>\n&#8211; C\u1ea3m \u1ee9ng 1 ch\u1ea1m nh\u01b0 airpods pro<\/p>\n<p>\ud83d\udca5 Th\u00f4ng tin b\u1ea3o h\u00e0nh<br \/>\n\u2714 Th\u1eddi gian b\u1ea3o h\u00e0nh: 6 th\u00e1ng<br \/>\n\u2714 H\u00ecnh th\u1ee9c b\u1ea3o h\u00e0nh: 1 \u0111\u1ed5i 1<\/p>\n<p>\ud83c\udfe0 G\u1ea5u shop \u2013 Chuy\u00ean ph\u1ee5 ki\u1ec7n \u0111i\u1ec7n tho\u1ea1i, \u0111\u1ed3 c\u00f4ng ngh\u1ec7 h\u00e0ng ch\u00ednh h\u00e3ng b\u1ea3o h\u00e0nh l\u00ean \u0111\u1ebfn 12 th\u00e1ng<br \/>\n\u2714\ufe0f Ship h\u00e0ng to\u00e0n qu\u1ed1c \u2013 ki\u1ec3m tra h\u00e0ng thanh to\u00e1n.<br \/>\n\u2714\ufe0f Ph\u1ee5 ki\u1ec7n Iphone, Samsung, oppo.<br \/>\n\u2714\ufe0f C\u1ee7 s\u1ea1c, d\u00e2y s\u1ea1c.<br \/>\n\u2714\ufe0f Pin s\u1ea1c d\u1ef1 ph\u00f2ng 10.000 \u2013 20.000 mah.<br \/>\n\u2714\ufe0f Loa Bluetooth, karaoke.<br \/>\n\u2714\ufe0f Tai nghe Bluetooth airpods, inpods 12, Hoco, Vivan.<br \/>\n\u2714\ufe0f \u1ed0p l\u01b0ng, c\u01b0\u1eddng l\u1ef1c \u0111i\u1ec7n tho\u1ea1i, \u1ed1p tai nghe airpods.<br \/>\n\u260e\ufe0f Hotline: 0797 180 750 (zalo) \u2013 033 95 333 75<br \/>\n\ud83c\udfe0 \u0110c: 213\/3\/1B L\u00ea H\u1ed3ng Phong, Ph\u01b0\u1eddng 8, Tp. V\u0169ng T\u00e0u, BRVT.<\/p>\n","protected":false},"excerpt":{"rendered":"<p>Tai nghe bluetooth Hoco TWS DEW03 Pro V5.1 kh\u00f4ng d\u00e2y D\u00f9ng \u0111\u01b0\u1ee3c cho Iphone v\u00e0 Android &#8211; B\u1ea3o h\u00e0nh 6 Th\u00e1ng \ud83d\udca5 Th\u00f4ng tin s\u1ea3n ph\u1ea9m &#8211; Tai Nghe Bluetooth ch\u00ednh h\u00e3ng Hoco DEW03 Pro &#8211; Pin 3 &#8211; 4 ti\u1ebfng &#8211; H\u1ed9p tai nghe t\u1ef1 s\u1ea1c l\u1ea1i cho 2 tai nghe \u0111\u01b0\u1ee3c 3 &#8211;<\/p>\n","protected":false},"featured_media":1072,"template":"","meta":{"om_disable_all_campaigns":false,"_monsterinsights_skip_tracking":false,"_monsterinsights_sitenote_active":false,"_monsterinsights_sitenote_note":"","_monsterinsights_sitenote_category":0},"product_cat":[18],"product_tag":[],"_links":{"self":[{"href":"https:\/\/phukienvungtau68.com\/index.php\/wp-json\/wp\/v2\/product\/1071"}],"collection":[{"href":"https:\/\/phukienvungtau68.com\/index.php\/wp-json\/wp\/v2\/product"}],"about":[{"href":"https:\/\/phukienvungtau68.com\/index.php\/wp-json\/wp\/v2\/types\/product"}],"wp:featuredmedia":[{"embeddable":true,"href":"https:\/\/phukienvungtau68.com\/index.php\/wp-json\/wp\/v2\/media\/1072"}],"wp:attachment":[{"href":"https:\/\/phukienvungtau68.com\/index.php\/wp-json\/wp\/v2\/media?parent=1071"}],"wp:term":[{"taxonomy":"product_cat","embeddable":true,"href":"https:\/\/phukienvungtau68.com\/index.php\/wp-json\/wp\/v2\/product_cat?post=1071"},{"taxonomy":"product_tag","embeddable":true,"href":"https:\/\/phukienvungtau68.com\/index.php\/wp-json\/wp\/v2\/product_tag?post=1071"}],"curies":[{"name":"wp","href":"https:\/\/api.w.org\/{rel}","templated":true}]}}