{"id":1143,"date":"2023-06-29T17:26:26","date_gmt":"2023-06-29T10:26:26","guid":{"rendered":"http:\/\/phukienvungtau68.com\/?post_type=product&#038;p=1143"},"modified":"2024-05-02T10:33:18","modified_gmt":"2024-05-02T03:33:18","slug":"cuong-luc-tu-dan-cho-iphone-kingkong-chong-nhin-trom-co-khung-tu-dan-full-ma-iphone","status":"publish","type":"product","link":"https:\/\/phukienvungtau68.com\/index.php\/product\/cuong-luc-tu-dan-cho-iphone-kingkong-chong-nhin-trom-co-khung-tu-dan-full-ma-iphone\/","title":{"rendered":"C\u01b0\u1eddng l\u1ef1c t\u1ef1 d\u00e1n cho iphone KingKong ch\u1ed1ng nh\u00ecn tr\u1ed9m&hellip;"},"content":{"rendered":"<p>\ud83c\udf1f\u0110\u00e2u L\u00e0 Lo\u1ea1i K\u00ednh C\u01b0\u1eddng L\u1ef1c T\u1ed1t Cho #IPHONE C\u1ee7a B\u1ea1n\u2049\ufe0f\ud83d\udd25<br \/>\nK\u00ednh C\u01b0\u1eddng L\u1ef1c Kingkong Ch\u1ed1ng Nh\u00ecn Tr\u1ed9m l\u00e0 l\u1ef1a ch\u1ecdn \u0111\u00fang \u0111\u1eafn<br \/>\n&#8211; D\u1ec5 d\u00e1n t\u1ea1i nh\u00e0, Si\u00eau b\u1ec1n.<br \/>\n&#8211; Ch\u1ed1ng nh\u00ecn tr\u1ed9m, ch\u1ed1ng tr\u1ea7y x\u01b0\u1edbc<br \/>\n&#8211; H\u1ea1n ch\u1ebf b\u00e1m v\u00e2n tay, Ch\u1ed1ng th\u1ea5m d\u1ea7u, ch\u1ed1ng lo\u00e1ng n\u01b0\u1edbc.<br \/>\n&#8211; Ph\u1ee7 Nano s\u00e1ng b\u00f3ng, Ch\u1ed1ng \u00e1nh s\u00e1ng xanh.<br \/>\n&#8211; Si\u00eau b\u1ec1n<br \/>\n&#8211; \u0110\u1ed9 c\u1ee9ng \u0111\u1ea1t chu\u1ea9n 9H b\u1ea3o v\u1ec7 an to\u00e0n cho m\u00e0n h\u00ecnh iPhone<br \/>\n&#8211; M\u00e0n h\u00ecnh trong su\u1ed1t c\u1ef1c cao \u0111em l\u1ea1i c\u1ea3m gi\u00e1c th\u1ef1c v\u00e0 s\u1eafc n\u00e9t cho m\u00e0n h\u00ecnh v\u1edbi ch\u1ea5t l\u01b0\u1ee3ng HD<br \/>\n&#8211; Kh\u00f4ng l\u1ed9 tai th\u1ecf, kh\u00f4ng b\u1ecb b\u1ee5i v\u00e0o c\u1ea3m bi\u1ebfn y\u00ean t\u00e2m khi s\u1eed d\u1ee5ng<\/p>\n<p>\ud83d\udc49\ud83c\udffb C\u00f3 s\u1eb5n cho iphone 6sp\/6p\/7p\/8p\/ X\/Xs\/Xsmax\/11\/ 11Pro\/ 11 ProMax\/ 12\/ 12Pro\/ 12ProMax\/13\/13Pro\/13ProMax \/14 \/14pro\/ 14promax<br \/>\n\ud83c\udfd8 Nh\u1eadn H\u00e0ng &#8211; Ki\u1ec3m tra &#8211; M\u1edbi Thanh To\u00e1n<\/p>\n<p>\ud83d\udca5 S\u1ea2N PH\u1ea8M BAO G\u1ed2M : K\u00cdNH + B\u1ed8 KH\u0102N LAU<\/p>\n<p>Chi ti\u1ebft c\u00e1ch t\u1ef1 d\u00e1n r\u1ea5t d\u1ec5 d\u00e0ng:<br \/>\n&#8211; B\u01b0\u1edbc 1: \u0110\u1ec3 \u0111i\u1ec7n tho\u1ea1i l\u00ean m\u1eb7t b\u00e0n ( ng\u1ed3i ch\u1ed7 s\u1ea1ch k c\u00f3 b\u1ee5i)<br \/>\nV\u1ec7 sinh m\u00e0n h\u00ecnh \u0111i\u1ec7n tho\u1ea1i ( b\u1ea1n n\u00ean b\u1ecf \u1ed1p ra), d\u00f9ng mi\u1ebfng s\u1ed1 1 Wet ( kh\u0103n \u01b0\u1edbt ) lau s\u1ea1ch m\u00e0n h\u00ecnh \u0111i\u1ec7n tho\u1ea1i, d\u00f9ng mi\u1ebfng s\u1ed1 2 Dry( kh\u0103n kh\u00f4) \u0111\u1ec3 lau kh\u00f4 m\u1eb7t k\u00ednh m\u00e0n h\u00ecnh.<br \/>\n&#8211; Ch\u00fa \u00fd tr\u00ean m\u00e0n h\u00ecnh \u0111i\u1ec7n tho\u1ea1i c\u00f3 b\u1ee5i kh\u00f4ng, n\u1ebfu kh\u00f4ng c\u00f2n b\u1ee5i b\u1ea1n chuy\u1ec3n sang b\u01b0\u1edbc 2.<br \/>\n&#8211; B\u01b0\u1edbc 2: B\u00f3c l\u1edbp nilong \u1edf mi\u1ebfng k\u00ednh c\u01b0\u1eddng l\u1ef1c ra, \u01b0\u1edbm k\u00ednh (ch\u01b0a \u0111\u1eb7t h\u1eb3n k\u00ednh xu\u1ed1ng) C\u1ea6M \u1ede M\u00c9P K\u00cdNH c\u0103n ch\u1ec9nh camera, loa v\u00e0 g\u00f3c tr\u00ean xu\u1ed1ng n\u00fat home cho v\u1eeba v\u1edbi m\u00e0n h\u00ecnh \u0111i\u1ec7n tho\u1ea1i.<br \/>\nSau \u0111\u00f3 b\u1ea1n \u0110\u1eb6T nh\u1eb9 cho mi\u1ebfng c\u01b0\u1eddng l\u1ef1c d\u00ednh l\u1ea5y m\u00e0n h\u00ecnh<br \/>\nN\u1ebfu mi\u1ebfng k\u00ednh c\u00f3 b\u1ee5i nh\u1ecf tr\u00ean m\u00e0n h\u00ecnh th\u00ec b\u1ea1n l\u1eady nh\u1eb9 mi\u1ebfng k\u00ednh l\u00ean r\u1ed3i l\u1ea5y 1 mi\u1ebfng b\u0103ng d\u00ednh, d\u00ednh ph\u1ea7n b\u1ee5i \u00fd \u0111i, r\u1ed3i c\u0103n ch\u1ec9nh l\u1ea1i. Ok r\u1ed3i mi\u1ebft ch\u1eb7t k\u00ednh.<\/p>\n<div dir=\"auto\"><span class=\"x3nfvp2 x1j61x8r x1fcty0u xdj266r xhhsvwb xat24cr xgzva0m xxymvpz xlup9mm x1kky2od\"><img loading=\"lazy\" src=\"https:\/\/static.xx.fbcdn.net\/images\/emoji.php\/v9\/tbe\/1\/16\/1f3c6.png\" alt=\"\ud83c\udfc6\" width=\"16\" height=\"16\" \/><\/span>\u00a0G\u1ea5u shop \u2013 Chuy\u00ean ph\u1ee5 ki\u1ec7n \u0111i\u1ec7n tho\u1ea1i, \u0111\u1ed3 c\u00f4ng ngh\u1ec7<\/div>\n<div dir=\"auto\"><span class=\"x3nfvp2 x1j61x8r x1fcty0u xdj266r xhhsvwb xat24cr xgzva0m xxymvpz xlup9mm x1kky2od\"><img loading=\"lazy\" src=\"https:\/\/static.xx.fbcdn.net\/images\/emoji.php\/v9\/t22\/1\/16\/260e.png\" alt=\"\u260e\ufe0f\" width=\"16\" height=\"16\" \/><\/span>\u00a0S\u0110T: 0797 180 750 \u2013 033 95 333 75 (Zalo)<\/div>\n<div dir=\"auto\"><span class=\"x3nfvp2 x1j61x8r x1fcty0u xdj266r xhhsvwb xat24cr xgzva0m xxymvpz xlup9mm x1kky2od\"><img loading=\"lazy\" src=\"https:\/\/static.xx.fbcdn.net\/images\/emoji.php\/v9\/tf6\/1\/16\/1f3e0.png\" alt=\"\ud83c\udfe0\" width=\"16\" height=\"16\" \/><\/span>\u00a0\u0110c: 213\/3\/1B L\u00ea H\u1ed3ng Phong \u2013 Ph\u01b0\u1eddng 8 \u2013 V\u0169ng T\u00e0u \u2013 BRVT.<\/div>\n<div dir=\"auto\"><span class=\"x3nfvp2 x1j61x8r x1fcty0u xdj266r xhhsvwb xat24cr xgzva0m xxymvpz xlup9mm x1kky2od\"><img loading=\"lazy\" src=\"https:\/\/static.xx.fbcdn.net\/images\/emoji.php\/v9\/tc0\/1\/16\/1f30e.png\" alt=\"\ud83c\udf0e\" width=\"16\" height=\"16\" \/><\/span>\u00a0Website:\u00a0<a class=\"x1i10hfl xjbqb8w x6umtig x1b1mbwd xaqea5y xav7gou x9f619 x1ypdohk xt0psk2 xe8uvvx xdj266r x11i5rnm xat24cr x1mh8g0r xexx8yu x4uap5 x18d9i69 xkhd6sd x16tdsg8 x1hl2dhg xggy1nq x1a2a7pz xt0b8zv x1fey0fg\" role=\"link\" href=\"http:\/\/phukienvungtau68.com\/?fbclid=IwAR2wRhSr0UIdFE0leNYrt-po4OyNt2dpVM00osxDYkJiOCqcVO8kRPb0EYY\" target=\"_blank\" rel=\"nofollow noopener noreferrer\">Phukienvungtau68.com<\/a><\/div>\n","protected":false},"excerpt":{"rendered":"<p>\ud83c\udf1f\u0110\u00e2u L\u00e0 Lo\u1ea1i K\u00ednh C\u01b0\u1eddng L\u1ef1c T\u1ed1t Cho #IPHONE C\u1ee7a B\u1ea1n\u2049\ufe0f\ud83d\udd25 K\u00ednh C\u01b0\u1eddng L\u1ef1c Kingkong Ch\u1ed1ng Nh\u00ecn Tr\u1ed9m l\u00e0 l\u1ef1a ch\u1ecdn \u0111\u00fang \u0111\u1eafn &#8211; D\u1ec5 d\u00e1n t\u1ea1i nh\u00e0, Si\u00eau b\u1ec1n. &#8211; Ch\u1ed1ng nh\u00ecn tr\u1ed9m, ch\u1ed1ng tr\u1ea7y x\u01b0\u1edbc &#8211; H\u1ea1n ch\u1ebf b\u00e1m v\u00e2n tay, Ch\u1ed1ng th\u1ea5m d\u1ea7u, ch\u1ed1ng lo\u00e1ng n\u01b0\u1edbc. &#8211; Ph\u1ee7 Nano s\u00e1ng b\u00f3ng, Ch\u1ed1ng<\/p>\n","protected":false},"featured_media":1144,"template":"","meta":{"om_disable_all_campaigns":false,"_monsterinsights_skip_tracking":false,"_monsterinsights_sitenote_active":false,"_monsterinsights_sitenote_note":"","_monsterinsights_sitenote_category":0},"product_cat":[35,36],"product_tag":[],"_links":{"self":[{"href":"https:\/\/phukienvungtau68.com\/index.php\/wp-json\/wp\/v2\/product\/1143"}],"collection":[{"href":"https:\/\/phukienvungtau68.com\/index.php\/wp-json\/wp\/v2\/product"}],"about":[{"href":"https:\/\/phukienvungtau68.com\/index.php\/wp-json\/wp\/v2\/types\/product"}],"wp:featuredmedia":[{"embeddable":true,"href":"https:\/\/phukienvungtau68.com\/index.php\/wp-json\/wp\/v2\/media\/1144"}],"wp:attachment":[{"href":"https:\/\/phukienvungtau68.com\/index.php\/wp-json\/wp\/v2\/media?parent=1143"}],"wp:term":[{"taxonomy":"product_cat","embeddable":true,"href":"https:\/\/phukienvungtau68.com\/index.php\/wp-json\/wp\/v2\/product_cat?post=1143"},{"taxonomy":"product_tag","embeddable":true,"href":"https:\/\/phukienvungtau68.com\/index.php\/wp-json\/wp\/v2\/product_tag?post=1143"}],"curies":[{"name":"wp","href":"https:\/\/api.w.org\/{rel}","templated":true}]}}