{"id":1151,"date":"2023-06-29T17:38:14","date_gmt":"2023-06-29T10:38:14","guid":{"rendered":"http:\/\/phukienvungtau68.com\/?post_type=product&#038;p=1151"},"modified":"2024-05-02T10:32:07","modified_gmt":"2024-05-02T03:32:07","slug":"kinh-cuong-luc-kingkong-chong-nhin-trom-danh-cho-iphone-full-ma-iphone","status":"publish","type":"product","link":"https:\/\/phukienvungtau68.com\/index.php\/product\/kinh-cuong-luc-kingkong-chong-nhin-trom-danh-cho-iphone-full-ma-iphone\/","title":{"rendered":"K\u00ednh C\u01b0\u1eddng L\u1ef1c KingKong Ch\u1ed1ng Nh\u00ecn Tr\u1ed9m D\u00e0nh Cho iphone&hellip;"},"content":{"rendered":"<p>K\u00ednh C\u01b0\u1eddng L\u1ef1c KingKong Ch\u1ed1ng Nh\u00ecn Tr\u1ed9m D\u00e0nh Cho iphone<br \/>\n&#8211; Ch\u1ed1ng nh\u00ecn tr\u1ed9m b\u1ea3o v\u1ec7 m\u00e0n h\u00ecnh<br \/>\n\u2705\u0110\u1ed9 trong chu\u1ea9n full HD<br \/>\n\u2705Ph\u1ee7 Nano s\u00e1ng b\u00f3ng, h\u1ea1n ch\u1ebf v\u00e2n tay t\u1ed1i \u0111a, tr\u01a1n tru nh\u01b0 m\u00e0n h\u00ecnh g\u1ed1c<br \/>\n\u2705Kh\u00f4ng l\u1ed9 tai th\u1ecf, kh\u00f4ng b\u1ecb b\u1ee5i v\u00e0o c\u1ea3m bi\u1ebfn<\/p>\n<p>\ud83d\udc49 C\u1ea2M NH\u1eacN NGAY S\u1ef0 KH\u00c1CH BI\u1ec6T SO V\u1edaI C\u00c1C LO\u1ea0I K\u00c9M CH\u1ea4T L\u01af\u1ee2NG TR\u00caN TH\u1eca TR\u01af\u1edcNG<\/p>\n<p>&#8211; H\u1ea4P TH\u1ee4 \u00c1NH S\u00c1NG t\u1ed1t nh\u1ea5t, d\u1ec5 d\u00e0ng s\u1eed d\u1ee5ng ngo\u00e0i tr\u1eddi n\u1eafng m\u00e0 kh\u00f4ng c\u1ea7n t\u0103ng \u0111\u1ed9 s\u00e1ng t\u1ed1i \u0111a<br \/>\n&#8211; C\u1ea3i thi\u1ec7n t\u00ecnh tr\u1ea1ng m\u1ecfi, m\u1edd m\u1eaft khi s\u1eed d\u1ee5ng \u0111i\u1ec7n tho\u1ea1i li\u00ean t\u1ee5c<br \/>\n&#8211; M\u00e0n h\u00ecnh trong su\u1ed1t c\u1ef1c cao \u0111em l\u1ea1i c\u1ea3m gi\u00e1c th\u1ef1c v\u00e0 s\u1eafc n\u00e9t cho m\u00e0n h\u00ecnh v\u1edbi ch\u1ea5t l\u01b0\u1ee3ng HD<br \/>\n&#8211; H\u1ea1n ch\u1ebf b\u00e1m v\u00e2n tay, Ch\u1ed1ng th\u1ea5m d\u1ea7u, ch\u1ed1ng lo\u00e1ng n\u01b0\u1edbc<br \/>\n&#8211; Ch\u1ed1ng tr\u1ea7y x\u01b0\u1edbc<br \/>\n&#8211; Ch\u1ed1ng \u0111\u01b0\u1ee3c l\u1ef1c t\u00e1c \u0111\u1ed9ng m\u1ea1nh, c\u1ee9ng g\u1ea5p 6 l\u1ea7n k\u00ednh th\u00f4ng th\u01b0\u1eddng<br \/>\n&#8211; K\u00ednh c\u00f3 \u0111\u1ed9 h\u1ea5p th\u1ee5 v\u00e0 \u0111\u00e0n h\u1ed3i cao, c\u00f3 th\u1ec3 t\u00e1i s\u1eed d\u1ee5ng sau khi l\u00e0m s\u1ea1ch<br \/>\n&#8211; Ch\u1ed1ng \u0111\u01b0\u1ee3c l\u1ef1c t\u00e1c \u0111\u1ed9ng m\u1ea1nh, c\u1ee9ng g\u1ea5p 6 l\u1ea7n k\u00ednh th\u00f4ng th\u01b0\u1eddng<br \/>\n&#8211; 1 h\u1ed9p g\u1ed3m 10 c\u00e1i n\u00ean khi c\u00e1c b\u1ea1n mua l\u1ebb s\u1ebd Kh\u00f4ng c\u00f3 H\u1ed9p nh\u01b0ng cam k\u1ebft khi \u0111\u1ebfn tay v\u1eabn c\u00f2n nguy\u00ean v\u1eb9n , \u0111\u1ea7y \u0111\u1ee7 ph\u1ee5 ki\u1ec7n \u0111i k\u00e8m<br \/>\n&#8211; S\u1ea2N PH\u1ea8M BAO G\u1ed2M : K\u00cdNH + B\u1ed8 KH\u0102N LAU<\/p>\n<div dir=\"auto\"><span class=\"x3nfvp2 x1j61x8r x1fcty0u xdj266r xhhsvwb xat24cr xgzva0m xxymvpz xlup9mm x1kky2od\"><img loading=\"lazy\" src=\"https:\/\/static.xx.fbcdn.net\/images\/emoji.php\/v9\/tbe\/1\/16\/1f3c6.png\" alt=\"\ud83c\udfc6\" width=\"16\" height=\"16\" \/><\/span>\u00a0G\u1ea5u shop \u2013 Chuy\u00ean ph\u1ee5 ki\u1ec7n \u0111i\u1ec7n tho\u1ea1i, \u0111\u1ed3 c\u00f4ng ngh\u1ec7<\/div>\n<div dir=\"auto\"><span class=\"x3nfvp2 x1j61x8r x1fcty0u xdj266r xhhsvwb xat24cr xgzva0m xxymvpz xlup9mm x1kky2od\"><img loading=\"lazy\" src=\"https:\/\/static.xx.fbcdn.net\/images\/emoji.php\/v9\/t22\/1\/16\/260e.png\" alt=\"\u260e\ufe0f\" width=\"16\" height=\"16\" \/><\/span>\u00a0S\u0110T: 0797 180 750 \u2013 033 95 333 75 (Zalo)<\/div>\n<div dir=\"auto\"><span class=\"x3nfvp2 x1j61x8r x1fcty0u xdj266r xhhsvwb xat24cr xgzva0m xxymvpz xlup9mm x1kky2od\"><img loading=\"lazy\" src=\"https:\/\/static.xx.fbcdn.net\/images\/emoji.php\/v9\/tf6\/1\/16\/1f3e0.png\" alt=\"\ud83c\udfe0\" width=\"16\" height=\"16\" \/><\/span>\u00a0\u0110c: 213\/3\/1B L\u00ea H\u1ed3ng Phong \u2013 Ph\u01b0\u1eddng 8 \u2013 V\u0169ng T\u00e0u \u2013 BRVT.<\/div>\n<div dir=\"auto\"><span class=\"x3nfvp2 x1j61x8r x1fcty0u xdj266r xhhsvwb xat24cr xgzva0m xxymvpz xlup9mm x1kky2od\"><img loading=\"lazy\" src=\"https:\/\/static.xx.fbcdn.net\/images\/emoji.php\/v9\/tc0\/1\/16\/1f30e.png\" alt=\"\ud83c\udf0e\" width=\"16\" height=\"16\" \/><\/span>\u00a0Website:\u00a0<a class=\"x1i10hfl xjbqb8w x6umtig x1b1mbwd xaqea5y xav7gou x9f619 x1ypdohk xt0psk2 xe8uvvx xdj266r x11i5rnm xat24cr x1mh8g0r xexx8yu x4uap5 x18d9i69 xkhd6sd x16tdsg8 x1hl2dhg xggy1nq x1a2a7pz xt0b8zv x1fey0fg\" role=\"link\" href=\"http:\/\/phukienvungtau68.com\/?fbclid=IwAR2wRhSr0UIdFE0leNYrt-po4OyNt2dpVM00osxDYkJiOCqcVO8kRPb0EYY\" target=\"_blank\" rel=\"nofollow noopener noreferrer\">Phukienvungtau68.com<\/a><\/div>\n","protected":false},"excerpt":{"rendered":"<p>K\u00ednh C\u01b0\u1eddng L\u1ef1c KingKong Ch\u1ed1ng Nh\u00ecn Tr\u1ed9m D\u00e0nh Cho iphone &#8211; Ch\u1ed1ng nh\u00ecn tr\u1ed9m b\u1ea3o v\u1ec7 m\u00e0n h\u00ecnh \u2705\u0110\u1ed9 trong chu\u1ea9n full HD \u2705Ph\u1ee7 Nano s\u00e1ng b\u00f3ng, h\u1ea1n ch\u1ebf v\u00e2n tay t\u1ed1i \u0111a, tr\u01a1n tru nh\u01b0 m\u00e0n h\u00ecnh g\u1ed1c \u2705Kh\u00f4ng l\u1ed9 tai th\u1ecf, kh\u00f4ng b\u1ecb b\u1ee5i v\u00e0o c\u1ea3m bi\u1ebfn \ud83d\udc49 C\u1ea2M NH\u1eacN NGAY S\u1ef0 KH\u00c1CH<\/p>\n","protected":false},"featured_media":1152,"template":"","meta":{"om_disable_all_campaigns":false,"_monsterinsights_skip_tracking":false,"_monsterinsights_sitenote_active":false,"_monsterinsights_sitenote_note":"","_monsterinsights_sitenote_category":0},"product_cat":[35,36],"product_tag":[],"_links":{"self":[{"href":"https:\/\/phukienvungtau68.com\/index.php\/wp-json\/wp\/v2\/product\/1151"}],"collection":[{"href":"https:\/\/phukienvungtau68.com\/index.php\/wp-json\/wp\/v2\/product"}],"about":[{"href":"https:\/\/phukienvungtau68.com\/index.php\/wp-json\/wp\/v2\/types\/product"}],"wp:featuredmedia":[{"embeddable":true,"href":"https:\/\/phukienvungtau68.com\/index.php\/wp-json\/wp\/v2\/media\/1152"}],"wp:attachment":[{"href":"https:\/\/phukienvungtau68.com\/index.php\/wp-json\/wp\/v2\/media?parent=1151"}],"wp:term":[{"taxonomy":"product_cat","embeddable":true,"href":"https:\/\/phukienvungtau68.com\/index.php\/wp-json\/wp\/v2\/product_cat?post=1151"},{"taxonomy":"product_tag","embeddable":true,"href":"https:\/\/phukienvungtau68.com\/index.php\/wp-json\/wp\/v2\/product_tag?post=1151"}],"curies":[{"name":"wp","href":"https:\/\/api.w.org\/{rel}","templated":true}]}}