{"id":1160,"date":"2023-06-29T21:41:16","date_gmt":"2023-06-29T14:41:16","guid":{"rendered":"http:\/\/phukienvungtau68.com\/?post_type=product&#038;p=1160"},"modified":"2023-06-29T21:41:16","modified_gmt":"2023-06-29T14:41:16","slug":"kinh-cuong-luc-iphone-kingkong-baiko-chinh-hang-co-mang-loa-chong-bui","status":"publish","type":"product","link":"https:\/\/phukienvungtau68.com\/index.php\/product\/kinh-cuong-luc-iphone-kingkong-baiko-chinh-hang-co-mang-loa-chong-bui\/","title":{"rendered":"K\u00cdNH C\u01af\u1edcNG L\u1ef0C iPhone Kingkong Baiko ch\u00ednh h\u00e3ng c\u00f3 m\u00e0ng&hellip;"},"content":{"rendered":"<p>K\u00cdNH C\u01af\u1edcNG L\u1ef0C iPhone Kingkong Baiko ch\u00ednh h\u00e3ng c\u00f3 m\u00e0ng loa ch\u1ed3ng b\u1ee5i<br \/>\n&#8211; Thi\u1ebft k\u1ebf: Bo kh\u00edt m\u00e1y, v\u1eeba t\u1ea7m khi d\u00f9ng k\u00e8m \u1ed1p, si\u00eau ch\u1ecbu l\u1ef1c, c\u00f3 ch\u1ed1ng b\u1ee5i m\u00e0ng loa<br \/>\n&#8211; Ch\u1ea5t li\u1ec7u: k\u00ednh c\u01b0\u1eddng l\u1ef1c thu\u1ef7 tinh silicat<br \/>\n&#8211; Ch\u1ed1ng b\u00e1m v\u00e2n tay<br \/>\n&#8211; Bo g\u00f3c t\u1ea1o c\u1ea3m gi\u00e1c m\u1ec1m m\u1ea1i nh\u01b0 kh\u00f4ng d\u00e1n c\u01b0\u1eddng l\u1ef1c<br \/>\n&#8211; \u0110\u1ed9 trong su\u1ed1t cao, s\u1eafc n\u00e9t, ch\u1ed1ng ch\u00f3i, ch\u1ed1ng lo\u00e1 kh\u00f4ng \u1ea3nh h\u01b0\u1edfng ch\u1ea5t l\u01b0\u1ee3ng hi\u1ec3n th\u1ecb<br \/>\n&#8211; Ch\u1ed1ng va \u0111\u1eadp c\u1ef1c m\u1ea1nh, c\u00e0o c\u1ea5u b\u1eb1ng dao bo\u1eb7c c\u00e1c v\u1eadt s\u1eafc nh\u1ecdn.<br \/>\n&#8211; D\u00f2ng m\u00e1y t\u01b0\u01a1ng th\u00edch K\u00ednh c\u01b0\u1eddng l\u1ef1c iPhone Kingkong Baiko: t\u1eeb iphone 6G \u0111\u1ebfn 14 promax<br \/>\n&#8211; Xu\u1ea5t x\u1ee9 k\u00ednh c\u01b0\u1eddng l\u1ef1c iphone: HONGKONG<br \/>\n&#8211; \u0110\u1ed9 c\u1ee9ng 9H<br \/>\n&#8211; M\u1eb7t ngo\u00e0i \u0111\u01b0\u1ee3c ph\u1ee7 2 l\u1edbp NANO Si\u00eau c\u1ee9ng v\u00e0 8 l\u1edbp ph\u1ee7 ch\u1ee9c n\u0103ng<br \/>\n&#8211; 1 H\u1ed9p bao g\u1ed3m 10 c\u00e1i n\u1ebfu mua s\u1ed1 l\u01b0\u1ee3ng nh\u1ecf h\u01a1n 10 s\u1ebd kh\u00f4ng c\u00f3 h\u1ed9p<\/p>\n<p>\u2705 SHOP \u0110\u1ea2M B\u1ea2O:<br \/>\n&#8211; H\u00ecnh \u1ea3nh s\u1ea3n ph\u1ea9m gi\u1ed1ng 100%.<br \/>\n&#8211; Ch\u1ea5t l\u01b0\u1ee3ng s\u1ea3n ph\u1ea9m t\u1ed1t 100%.<br \/>\n&#8211; S\u1ea3n ph\u1ea9m \u0111\u01b0\u1ee3c ki\u1ec3m tra k\u0129 c\u00e0ng, nghi\u00eam ng\u1eb7t tr\u01b0\u1edbc khi giao h\u00e0ng.<br \/>\n&#8211; S\u1ea3n ph\u1ea9m lu\u00f4n c\u00f3 s\u1eb5n trong kho h\u00e0ng.<br \/>\n&#8211; Giao h\u00e0ng ngay khi nh\u1eadn \u0111\u01b0\u1ee3c \u0111\u01a1n h\u00e0ng.<br \/>\n&#8211; Ho\u00e0n ti\u1ec1n ngay n\u1ebfu s\u1ea3n ph\u1ea9m kh\u00f4ng gi\u1ed1ng v\u1edbi m\u00f4 t\u1ea3.<br \/>\n&#8211; \u0110\u1ed5i tr\u1ea3 ngay n\u1ebfu b\u1ea5t k\u00ec l\u00ed do g\u00ec khi\u1ebfn qu\u00fd kh\u00e1ch kh\u00f4ng h\u00e0i l\u00f2ng.<br \/>\n&#8211; Giao h\u00e0ng to\u00e0n qu\u1ed1c, nh\u1eadn h\u00e0ng thanh to\u00e1n.<br \/>\n&#8211; H\u1ed7 tr\u1ee3 \u0111\u1ed5i tr\u1ea3 theo quy \u0111\u1ecbnh.<br \/>\n&#8211; G\u1eedi h\u00e0ng si\u00eau t\u1ed1c<\/p>\n<div dir=\"auto\"><span class=\"x3nfvp2 x1j61x8r x1fcty0u xdj266r xhhsvwb xat24cr xgzva0m xxymvpz xlup9mm x1kky2od\"><img loading=\"lazy\" src=\"https:\/\/static.xx.fbcdn.net\/images\/emoji.php\/v9\/tbe\/1\/16\/1f3c6.png\" alt=\"\ud83c\udfc6\" width=\"16\" height=\"16\" \/><\/span>\u00a0G\u1ea5u shop \u2013 Chuy\u00ean ph\u1ee5 ki\u1ec7n \u0111i\u1ec7n tho\u1ea1i, \u0111\u1ed3 c\u00f4ng ngh\u1ec7<\/div>\n<div dir=\"auto\"><span class=\"x3nfvp2 x1j61x8r x1fcty0u xdj266r xhhsvwb xat24cr xgzva0m xxymvpz xlup9mm x1kky2od\"><img loading=\"lazy\" src=\"https:\/\/static.xx.fbcdn.net\/images\/emoji.php\/v9\/t22\/1\/16\/260e.png\" alt=\"\u260e\ufe0f\" width=\"16\" height=\"16\" \/><\/span>\u00a0S\u0110T: 0797 180 750 \u2013 033 95 333 75 (Zalo)<\/div>\n<div dir=\"auto\"><span class=\"x3nfvp2 x1j61x8r x1fcty0u xdj266r xhhsvwb xat24cr xgzva0m xxymvpz xlup9mm x1kky2od\"><img loading=\"lazy\" src=\"https:\/\/static.xx.fbcdn.net\/images\/emoji.php\/v9\/tf6\/1\/16\/1f3e0.png\" alt=\"\ud83c\udfe0\" width=\"16\" height=\"16\" \/><\/span>\u00a0\u0110c: 213\/3\/1B L\u00ea H\u1ed3ng Phong \u2013 Ph\u01b0\u1eddng 8 \u2013 V\u0169ng T\u00e0u \u2013 BRVT.<\/div>\n<div dir=\"auto\"><span class=\"x3nfvp2 x1j61x8r x1fcty0u xdj266r xhhsvwb xat24cr xgzva0m xxymvpz xlup9mm x1kky2od\"><img loading=\"lazy\" src=\"https:\/\/static.xx.fbcdn.net\/images\/emoji.php\/v9\/tc0\/1\/16\/1f30e.png\" alt=\"\ud83c\udf0e\" width=\"16\" height=\"16\" \/><\/span>\u00a0Website:\u00a0<a class=\"x1i10hfl xjbqb8w x6umtig x1b1mbwd xaqea5y xav7gou x9f619 x1ypdohk xt0psk2 xe8uvvx xdj266r x11i5rnm xat24cr x1mh8g0r xexx8yu x4uap5 x18d9i69 xkhd6sd x16tdsg8 x1hl2dhg xggy1nq x1a2a7pz xt0b8zv x1fey0fg\" role=\"link\" href=\"http:\/\/phukienvungtau68.com\/?fbclid=IwAR2wRhSr0UIdFE0leNYrt-po4OyNt2dpVM00osxDYkJiOCqcVO8kRPb0EYY\" target=\"_blank\" rel=\"nofollow noopener noreferrer\">Phukienvungtau68.com<\/a><\/div>\n","protected":false},"excerpt":{"rendered":"<p>K\u00cdNH C\u01af\u1edcNG L\u1ef0C iPhone Kingkong Baiko ch\u00ednh h\u00e3ng c\u00f3 m\u00e0ng loa ch\u1ed3ng b\u1ee5i &#8211; Thi\u1ebft k\u1ebf: Bo kh\u00edt m\u00e1y, v\u1eeba t\u1ea7m khi d\u00f9ng k\u00e8m \u1ed1p, si\u00eau ch\u1ecbu l\u1ef1c, c\u00f3 ch\u1ed1ng b\u1ee5i m\u00e0ng loa &#8211; Ch\u1ea5t li\u1ec7u: k\u00ednh c\u01b0\u1eddng l\u1ef1c thu\u1ef7 tinh silicat &#8211; Ch\u1ed1ng b\u00e1m v\u00e2n tay &#8211; Bo g\u00f3c t\u1ea1o c\u1ea3m gi\u00e1c m\u1ec1m m\u1ea1i<\/p>\n","protected":false},"featured_media":1162,"template":"","meta":{"om_disable_all_campaigns":false,"_monsterinsights_skip_tracking":false,"_monsterinsights_sitenote_active":false,"_monsterinsights_sitenote_note":"","_monsterinsights_sitenote_category":0},"product_cat":[35],"product_tag":[],"_links":{"self":[{"href":"https:\/\/phukienvungtau68.com\/index.php\/wp-json\/wp\/v2\/product\/1160"}],"collection":[{"href":"https:\/\/phukienvungtau68.com\/index.php\/wp-json\/wp\/v2\/product"}],"about":[{"href":"https:\/\/phukienvungtau68.com\/index.php\/wp-json\/wp\/v2\/types\/product"}],"wp:featuredmedia":[{"embeddable":true,"href":"https:\/\/phukienvungtau68.com\/index.php\/wp-json\/wp\/v2\/media\/1162"}],"wp:attachment":[{"href":"https:\/\/phukienvungtau68.com\/index.php\/wp-json\/wp\/v2\/media?parent=1160"}],"wp:term":[{"taxonomy":"product_cat","embeddable":true,"href":"https:\/\/phukienvungtau68.com\/index.php\/wp-json\/wp\/v2\/product_cat?post=1160"},{"taxonomy":"product_tag","embeddable":true,"href":"https:\/\/phukienvungtau68.com\/index.php\/wp-json\/wp\/v2\/product_tag?post=1160"}],"curies":[{"name":"wp","href":"https:\/\/api.w.org\/{rel}","templated":true}]}}