{"id":1169,"date":"2023-06-29T21:47:48","date_gmt":"2023-06-29T14:47:48","guid":{"rendered":"http:\/\/phukienvungtau68.com\/?post_type=product&#038;p=1169"},"modified":"2023-06-29T21:47:48","modified_gmt":"2023-06-29T14:47:48","slug":"kinh-cuong-luc-tu-dan-kingkong-chinh-hang-wk-chong-van-tay-full-ma-iphone-kem-khung-tu-dan","status":"publish","type":"product","link":"https:\/\/phukienvungtau68.com\/index.php\/product\/kinh-cuong-luc-tu-dan-kingkong-chinh-hang-wk-chong-van-tay-full-ma-iphone-kem-khung-tu-dan\/","title":{"rendered":"K\u00ednh C\u01b0\u1eddng l\u1ef1c t\u1ef1 d\u00e1n KingKong ch\u00ednh h\u00e3ng WK Ch\u1ed1ng&hellip;"},"content":{"rendered":"<p>T\u1ef0 D\u00c1N C\u01af\u1edcNG L\u1ef0C v\u1edbi k\u00ednh C\u01b0\u1eddng l\u1ef1c KingKong c\u00f3 khung t\u1ef1 d\u00e1n 034-057 full m\u00e3 iphone<br \/>\nCh\u1ee9c n\u0103ng \u0111\u1eb7c bi\u1ec7t: C\u00f3 khung t\u1ef1 d\u00e1n. D\u00e1n \u0111\u1eb9p nh\u01b0 th\u1ee3 r\u1ea5t d\u1ec5 d\u00e0ng<\/p>\n<p>\u2705 Ch\u1ed1ng nh\u00ecn tr\u1ed9m<br \/>\n\u2705 Ch\u1ed1ng \u0111\u01b0\u1ee3c l\u1ef1c t\u00e1c \u0111\u1ed9ng m\u1ea1nh 9H<br \/>\n\u2705 Ph\u1ee7 Nano s\u00e1ng b\u00f3ng, h\u1ea1n ch\u1ebf v\u00e2n tay t\u1ed1i \u0111a, tr\u01a1n tru nh\u01b0 m\u00e0n h\u00ecnh g\u1ed1c<br \/>\n\u2705 c\u1ea3i thi\u1ec7n t\u00ecnh tr\u1ea1ng m\u1ecfi, m\u1edd m\u1eaft khi s\u1eed d\u1ee5ng \u0111i\u1ec7n tho\u1ea1i li\u00ean t\u1ee5c<br \/>\n\u2705 M\u00e0n h\u00ecnh trong su\u1ed1t c\u1ef1c cao \u0111em l\u1ea1i c\u1ea3m gi\u00e1c th\u1ef1c v\u00e0 s\u1eafc n\u00e9t cho m\u00e0n h\u00ecnh v\u1edbi ch\u1ea5t l\u01b0\u1ee3ng HD<br \/>\n\u2705 H\u1ea4P TH\u1ee4 \u00c1NH S\u00c1NG t\u1ed1t nh\u1ea5t, d\u1ec5 d\u00e0ng s\u1eed d\u1ee5ng ngo\u00e0i tr\u1eddi n\u1eafng m\u00e0 kh\u00f4ng c\u1ea7n t\u0103ng \u0111\u1ed9 s\u00e1ng t\u1ed1i \u0111a<br \/>\n\u2705 Ch\u1ed1ng tr\u1ea7y x\u01b0\u1edbc<\/p>\n<p>\ud83d\udca5 S\u1ea2N PH\u1ea8M BAO G\u1ed2M : K\u00cdNH + B\u1ed8 KH\u0102N LAU<\/p>\n<p>H\u01b0\u1edbng d\u1eabn t\u1ef1 d\u00e1n c\u01b0\u1eddng l\u1ef1c d\u1ec5 d\u00e0ng:<br \/>\n\u2705 B\u01b0\u1edbc 1: \u0110\u1ec3 \u0111i\u1ec7n tho\u1ea1i l\u00ean m\u1eb7t b\u00e0n ( ng\u1ed3i ch\u1ed7 s\u1ea1ch k c\u00f3 b\u1ee5i)<br \/>\nV\u1ec7 sinh m\u00e0n h\u00ecnh \u0111i\u1ec7n tho\u1ea1i (b\u1ea1n n\u00ean b\u1ecf \u1ed1p ra), d\u00f9ng mi\u1ebfng s\u1ed1 1 Wet (kh\u0103n \u01b0\u1edbt) lau s\u1ea1ch m\u00e0n h\u00ecnh \u0111i\u1ec7n tho\u1ea1i, d\u00f9ng mi\u1ebfng s\u1ed1 2 Dry (kh\u0103n kh\u00f4) \u0111\u1ec3 lau kh\u00f4 m\u1eb7t k\u00ednh m\u00e0n h\u00ecnh.<br \/>\n&#8211; Ch\u00fa \u00fd tr\u00ean m\u00e0n h\u00ecnh \u0111i\u1ec7n tho\u1ea1i c\u00f3 b\u1ee5i kh\u00f4ng, n\u1ebfu kh\u00f4ng c\u00f2n b\u1ee5i b\u1ea1n chuy\u1ec3n sang b\u01b0\u1edbc 2.<br \/>\n\u2705 B\u01b0\u1edbc 2: B\u00f3c l\u1edbp nilong \u1edf mi\u1ebfng k\u00ednh c\u01b0\u1eddng l\u1ef1c ra, \u01b0\u1edbm k\u00ednh (ch\u01b0a \u0111\u1eb7t h\u1eb3n k\u00ednh xu\u1ed1ng) C\u1ea6M \u1ede M\u00c9P K\u00cdNH c\u0103n ch\u1ec9nh camera, loa v\u00e0 g\u00f3c tr\u00ean xu\u1ed1ng n\u00fat home cho v\u1eeba v\u1edbi m\u00e0n h\u00ecnh \u0111i\u1ec7n tho\u1ea1i.<br \/>\nSau \u0111\u00f3 b\u1ea1n \u0110\u1eb6T nh\u1eb9 cho mi\u1ebfng c\u01b0\u1eddng l\u1ef1c d\u00ednh l\u1ea5y m\u00e0n h\u00ecnh<\/p>\n<p><img class=\"emoji\" role=\"img\" src=\"https:\/\/s.w.org\/images\/core\/emoji\/13.1.0\/svg\/2705.svg\" alt=\"\u2705\" \/>\u00a0SHOP \u0110\u1ea2M B\u1ea2O:<br \/>\n\u2013 H\u00ecnh \u1ea3nh s\u1ea3n ph\u1ea9m gi\u1ed1ng 100%.<br \/>\n\u2013 Ch\u1ea5t l\u01b0\u1ee3ng s\u1ea3n ph\u1ea9m t\u1ed1t 100%.<br \/>\n\u2013 S\u1ea3n ph\u1ea9m \u0111\u01b0\u1ee3c ki\u1ec3m tra k\u0129 c\u00e0ng, nghi\u00eam ng\u1eb7t tr\u01b0\u1edbc khi giao h\u00e0ng.<br \/>\n\u2013 S\u1ea3n ph\u1ea9m lu\u00f4n c\u00f3 s\u1eb5n trong kho h\u00e0ng.<br \/>\n\u2013 Giao h\u00e0ng ngay khi nh\u1eadn \u0111\u01b0\u1ee3c \u0111\u01a1n h\u00e0ng.<br \/>\n\u2013 Ho\u00e0n ti\u1ec1n ngay n\u1ebfu s\u1ea3n ph\u1ea9m kh\u00f4ng gi\u1ed1ng v\u1edbi m\u00f4 t\u1ea3.<br \/>\n\u2013 \u0110\u1ed5i tr\u1ea3 ngay n\u1ebfu b\u1ea5t k\u00ec l\u00ed do g\u00ec khi\u1ebfn qu\u00fd kh\u00e1ch kh\u00f4ng h\u00e0i l\u00f2ng.<br \/>\n\u2013 Giao h\u00e0ng to\u00e0n qu\u1ed1c, nh\u1eadn h\u00e0ng thanh to\u00e1n.<br \/>\n\u2013 H\u1ed7 tr\u1ee3 \u0111\u1ed5i tr\u1ea3 theo quy \u0111\u1ecbnh.<br \/>\n\u2013 G\u1eedi h\u00e0ng si\u00eau t\u1ed1c<\/p>\n<div dir=\"auto\"><span class=\"x3nfvp2 x1j61x8r x1fcty0u xdj266r xhhsvwb xat24cr xgzva0m xxymvpz xlup9mm x1kky2od\"><img loading=\"lazy\" src=\"https:\/\/static.xx.fbcdn.net\/images\/emoji.php\/v9\/tbe\/1\/16\/1f3c6.png\" alt=\"\ud83c\udfc6\" width=\"16\" height=\"16\" \/><\/span>\u00a0G\u1ea5u shop \u2013 Chuy\u00ean ph\u1ee5 ki\u1ec7n \u0111i\u1ec7n tho\u1ea1i, \u0111\u1ed3 c\u00f4ng ngh\u1ec7<\/div>\n<div dir=\"auto\"><span class=\"x3nfvp2 x1j61x8r x1fcty0u xdj266r xhhsvwb xat24cr xgzva0m xxymvpz xlup9mm x1kky2od\"><img loading=\"lazy\" src=\"https:\/\/static.xx.fbcdn.net\/images\/emoji.php\/v9\/t22\/1\/16\/260e.png\" alt=\"\u260e\ufe0f\" width=\"16\" height=\"16\" \/><\/span>\u00a0S\u0110T: 0797 180 750 \u2013 033 95 333 75 (Zalo)<\/div>\n<div dir=\"auto\"><span class=\"x3nfvp2 x1j61x8r x1fcty0u xdj266r xhhsvwb xat24cr xgzva0m xxymvpz xlup9mm x1kky2od\"><img loading=\"lazy\" src=\"https:\/\/static.xx.fbcdn.net\/images\/emoji.php\/v9\/tf6\/1\/16\/1f3e0.png\" alt=\"\ud83c\udfe0\" width=\"16\" height=\"16\" \/><\/span>\u00a0\u0110c: 213\/3\/1B L\u00ea H\u1ed3ng Phong \u2013 Ph\u01b0\u1eddng 8 \u2013 V\u0169ng T\u00e0u \u2013 BRVT.<\/div>\n<div dir=\"auto\"><span class=\"x3nfvp2 x1j61x8r x1fcty0u xdj266r xhhsvwb xat24cr xgzva0m xxymvpz xlup9mm x1kky2od\"><img loading=\"lazy\" src=\"https:\/\/static.xx.fbcdn.net\/images\/emoji.php\/v9\/tc0\/1\/16\/1f30e.png\" alt=\"\ud83c\udf0e\" width=\"16\" height=\"16\" \/><\/span>\u00a0Website:\u00a0<a class=\"x1i10hfl xjbqb8w x6umtig x1b1mbwd xaqea5y xav7gou x9f619 x1ypdohk xt0psk2 xe8uvvx xdj266r x11i5rnm xat24cr x1mh8g0r xexx8yu x4uap5 x18d9i69 xkhd6sd x16tdsg8 x1hl2dhg xggy1nq x1a2a7pz xt0b8zv x1fey0fg\" role=\"link\" href=\"http:\/\/phukienvungtau68.com\/?fbclid=IwAR2wRhSr0UIdFE0leNYrt-po4OyNt2dpVM00osxDYkJiOCqcVO8kRPb0EYY\" target=\"_blank\" rel=\"nofollow noopener noreferrer\">Phukienvungtau68.com<\/a><\/div>\n","protected":false},"excerpt":{"rendered":"<p>T\u1ef0 D\u00c1N C\u01af\u1edcNG L\u1ef0C v\u1edbi k\u00ednh C\u01b0\u1eddng l\u1ef1c KingKong c\u00f3 khung t\u1ef1 d\u00e1n 034-057 full m\u00e3 iphone Ch\u1ee9c n\u0103ng \u0111\u1eb7c bi\u1ec7t: C\u00f3 khung t\u1ef1 d\u00e1n. D\u00e1n \u0111\u1eb9p nh\u01b0 th\u1ee3 r\u1ea5t d\u1ec5 d\u00e0ng \u2705 Ch\u1ed1ng nh\u00ecn tr\u1ed9m \u2705 Ch\u1ed1ng \u0111\u01b0\u1ee3c l\u1ef1c t\u00e1c \u0111\u1ed9ng m\u1ea1nh 9H \u2705 Ph\u1ee7 Nano s\u00e1ng b\u00f3ng, h\u1ea1n ch\u1ebf v\u00e2n tay t\u1ed1i \u0111a,<\/p>\n","protected":false},"featured_media":1171,"template":"","meta":{"om_disable_all_campaigns":false,"_monsterinsights_skip_tracking":false,"_monsterinsights_sitenote_active":false,"_monsterinsights_sitenote_note":"","_monsterinsights_sitenote_category":0},"product_cat":[35],"product_tag":[],"_links":{"self":[{"href":"https:\/\/phukienvungtau68.com\/index.php\/wp-json\/wp\/v2\/product\/1169"}],"collection":[{"href":"https:\/\/phukienvungtau68.com\/index.php\/wp-json\/wp\/v2\/product"}],"about":[{"href":"https:\/\/phukienvungtau68.com\/index.php\/wp-json\/wp\/v2\/types\/product"}],"wp:featuredmedia":[{"embeddable":true,"href":"https:\/\/phukienvungtau68.com\/index.php\/wp-json\/wp\/v2\/media\/1171"}],"wp:attachment":[{"href":"https:\/\/phukienvungtau68.com\/index.php\/wp-json\/wp\/v2\/media?parent=1169"}],"wp:term":[{"taxonomy":"product_cat","embeddable":true,"href":"https:\/\/phukienvungtau68.com\/index.php\/wp-json\/wp\/v2\/product_cat?post=1169"},{"taxonomy":"product_tag","embeddable":true,"href":"https:\/\/phukienvungtau68.com\/index.php\/wp-json\/wp\/v2\/product_tag?post=1169"}],"curies":[{"name":"wp","href":"https:\/\/api.w.org\/{rel}","templated":true}]}}