{"id":1192,"date":"2023-06-29T22:02:05","date_gmt":"2023-06-29T15:02:05","guid":{"rendered":"http:\/\/phukienvungtau68.com\/?post_type=product&#038;p=1192"},"modified":"2023-06-29T22:02:06","modified_gmt":"2023-06-29T15:02:06","slug":"cuong-luc-wk-kingkong-xanh-chinh-hang-full-man-cho-iphone","status":"publish","type":"product","link":"https:\/\/phukienvungtau68.com\/index.php\/product\/cuong-luc-wk-kingkong-xanh-chinh-hang-full-man-cho-iphone\/","title":{"rendered":"C\u01b0\u1eddng l\u1ef1c WK KingKong xanh Ch\u00ednh H\u00e3ng Full M\u00e0n cho&hellip;"},"content":{"rendered":"<p>C\u01b0\u1eddng l\u1ef1c WK KingKong xanh Ch\u00ednh H\u00e3ng Full M\u00e0n cho iPhone<br \/>\n\u2705 M\u00f4 t\u1ea3 s\u1ea3n ph\u1ea9m:<br \/>\n&#8211; K\u00ednh c\u01b0\u1eddng l\u1ef1c Kingkong 3D \u0111\u1eb3ng c\u1ea5p t\u1eeb nhi\u1ec1u n\u0103m tr\u1edf l\u1ea1i \u0111\u00e2y \u0111\u00e3 t\u1ea1o \u0111\u01b0\u1ee3c uy t\u00edn cho ng\u01b0\u1eddi d\u00f9ng, \u0111\u1ed9 d\u00e0y m\u1ecfng ch\u1ec9 0.3mm<br \/>\n&#8211; \u0110\u01b0\u1ee3c n\u00e2ng c\u1ea5p v\u1ec1 kh\u1ea3 n\u0103ng ch\u1ed1ng x\u01b0\u1edbc v\u00e0 ch\u1ed1ng va \u0111\u1eadp t\u1ed1t h\u01a1n so v\u1edbi d\u00f2ng k\u00ednh 3D c\u0169<br \/>\n&#8211; Thi\u1ebft k\u1ebf cong 3D \u00f4m tr\u1ecdn m\u00e1y, b\u1ea3o v\u1ec7 to\u00e0n di\u1ec7n m\u00e0n h\u00ecnh \u0111i\u1ec7n tho\u1ea1i<br \/>\n&#8211; C\u00f3 \u0111\u1ee7 Model : iPhone 7\/8Plus X\/Xs\/11pro Xr\/11 Xsmax\/11Promax 12Mini 12\/12Pro 12Promax \/13.13 pro \/13 pro max<br \/>\n&#8211; C\u01b0\u1eddng l\u1ef1c Kingkong 3D h\u1ed9p s\u1eaft m\u1eabu m\u1edbi nh\u1ea5t ch\u1ed1ng v\u1ee1 vi\u1ec1n.<br \/>\n&#8211; Thi\u1ebft k\u1ebf full m\u00e0n h\u00ecnh v\u1edbi \u0111\u1ed9 m\u1ecfng 0.22mm nh\u01b0ng v\u1eabn \u0111\u1ea3m b\u1ea3o kh\u1ea3 n\u0103ng ch\u1ecbu l\u1ef1c.<br \/>\n&#8211; \u0110\u1ed9 c\u1ee9ng 9H ch\u1ed1ng va \u0111\u1eadp hi\u1ec7u qu\u1ea3 b\u1ea3o v\u1ec7 t\u1ed1t g\u1ea5p 5 l\u1ea7n k\u00ednh c\u01b0\u1eddng l\u1ef1c th\u00f4ng th\u01b0\u1eddng, G\u1ea4P 3 L\u1ea6N K\u00cdNH Th\u00f4ng th\u01b0\u1eddng<br \/>\n&#8211; C\u1ea3m \u1ee9ng nhanh nh\u1ea1y khi thao t\u00e1c<br \/>\n&#8211; H\u1ea1n ch\u1ebf t\u1ed1i \u0111a v\u00e2n tay tr\u00ean m\u00e0n h\u00ecnh. \u0110\u00e2y nh\u01b0 m\u1ed9t t\u00ednh n\u0103ng tuy\u1ec7t v\u1eddi d\u00e0nh cho nh\u1eefng \u0111\u00f4i tay th\u01b0\u1eddng xuy\u00ean ra m\u1ed3 h\u00f4i<\/p>\n<p><img class=\"emoji\" role=\"img\" src=\"https:\/\/s.w.org\/images\/core\/emoji\/13.1.0\/svg\/2705.svg\" alt=\"\u2705\" \/>\u00a0SHOP \u0110\u1ea2M B\u1ea2O:<br \/>\n\u2013 H\u00ecnh \u1ea3nh s\u1ea3n ph\u1ea9m gi\u1ed1ng 100%.<br \/>\n\u2013 Ch\u1ea5t l\u01b0\u1ee3ng s\u1ea3n ph\u1ea9m t\u1ed1t 100%.<br \/>\n\u2013 S\u1ea3n ph\u1ea9m \u0111\u01b0\u1ee3c ki\u1ec3m tra k\u0129 c\u00e0ng, nghi\u00eam ng\u1eb7t tr\u01b0\u1edbc khi giao h\u00e0ng.<br \/>\n\u2013 S\u1ea3n ph\u1ea9m lu\u00f4n c\u00f3 s\u1eb5n trong kho h\u00e0ng.<br \/>\n\u2013 Giao h\u00e0ng ngay khi nh\u1eadn \u0111\u01b0\u1ee3c \u0111\u01a1n h\u00e0ng.<br \/>\n\u2013 Ho\u00e0n ti\u1ec1n ngay n\u1ebfu s\u1ea3n ph\u1ea9m kh\u00f4ng gi\u1ed1ng v\u1edbi m\u00f4 t\u1ea3.<br \/>\n\u2013 \u0110\u1ed5i tr\u1ea3 ngay n\u1ebfu b\u1ea5t k\u00ec l\u00ed do g\u00ec khi\u1ebfn qu\u00fd kh\u00e1ch kh\u00f4ng h\u00e0i l\u00f2ng.<br \/>\n\u2013 Giao h\u00e0ng to\u00e0n qu\u1ed1c, nh\u1eadn h\u00e0ng thanh to\u00e1n.<br \/>\n\u2013 H\u1ed7 tr\u1ee3 \u0111\u1ed5i tr\u1ea3 theo quy \u0111\u1ecbnh.<br \/>\n\u2013 G\u1eedi h\u00e0ng si\u00eau t\u1ed1c<\/p>\n<div dir=\"auto\"><span class=\"x3nfvp2 x1j61x8r x1fcty0u xdj266r xhhsvwb xat24cr xgzva0m xxymvpz xlup9mm x1kky2od\"><img loading=\"lazy\" src=\"https:\/\/static.xx.fbcdn.net\/images\/emoji.php\/v9\/tbe\/1\/16\/1f3c6.png\" alt=\"\ud83c\udfc6\" width=\"16\" height=\"16\" \/><\/span>\u00a0G\u1ea5u shop \u2013 Chuy\u00ean ph\u1ee5 ki\u1ec7n \u0111i\u1ec7n tho\u1ea1i, \u0111\u1ed3 c\u00f4ng ngh\u1ec7<\/div>\n<div dir=\"auto\"><span class=\"x3nfvp2 x1j61x8r x1fcty0u xdj266r xhhsvwb xat24cr xgzva0m xxymvpz xlup9mm x1kky2od\"><img loading=\"lazy\" src=\"https:\/\/static.xx.fbcdn.net\/images\/emoji.php\/v9\/t22\/1\/16\/260e.png\" alt=\"\u260e\ufe0f\" width=\"16\" height=\"16\" \/><\/span>\u00a0S\u0110T: 0797 180 750 \u2013 033 95 333 75 (Zalo)<\/div>\n<div dir=\"auto\"><span class=\"x3nfvp2 x1j61x8r x1fcty0u xdj266r xhhsvwb xat24cr xgzva0m xxymvpz xlup9mm x1kky2od\"><img loading=\"lazy\" src=\"https:\/\/static.xx.fbcdn.net\/images\/emoji.php\/v9\/tf6\/1\/16\/1f3e0.png\" alt=\"\ud83c\udfe0\" width=\"16\" height=\"16\" \/><\/span>\u00a0\u0110c: 213\/3\/1B L\u00ea H\u1ed3ng Phong \u2013 Ph\u01b0\u1eddng 8 \u2013 V\u0169ng T\u00e0u \u2013 BRVT.<\/div>\n<div dir=\"auto\"><span class=\"x3nfvp2 x1j61x8r x1fcty0u xdj266r xhhsvwb xat24cr xgzva0m xxymvpz xlup9mm x1kky2od\"><img loading=\"lazy\" src=\"https:\/\/static.xx.fbcdn.net\/images\/emoji.php\/v9\/tc0\/1\/16\/1f30e.png\" alt=\"\ud83c\udf0e\" width=\"16\" height=\"16\" \/><\/span>\u00a0Website:\u00a0<a class=\"x1i10hfl xjbqb8w x6umtig x1b1mbwd xaqea5y xav7gou x9f619 x1ypdohk xt0psk2 xe8uvvx xdj266r x11i5rnm xat24cr x1mh8g0r xexx8yu x4uap5 x18d9i69 xkhd6sd x16tdsg8 x1hl2dhg xggy1nq x1a2a7pz xt0b8zv x1fey0fg\" role=\"link\" href=\"http:\/\/phukienvungtau68.com\/?fbclid=IwAR2wRhSr0UIdFE0leNYrt-po4OyNt2dpVM00osxDYkJiOCqcVO8kRPb0EYY\" target=\"_blank\" rel=\"nofollow noopener noreferrer\">Phukienvungtau68.com<\/a><\/div>\n","protected":false},"excerpt":{"rendered":"<p>C\u01b0\u1eddng l\u1ef1c WK KingKong xanh Ch\u00ednh H\u00e3ng Full M\u00e0n cho iPhone \u2705 M\u00f4 t\u1ea3 s\u1ea3n ph\u1ea9m: &#8211; K\u00ednh c\u01b0\u1eddng l\u1ef1c Kingkong 3D \u0111\u1eb3ng c\u1ea5p t\u1eeb nhi\u1ec1u n\u0103m tr\u1edf l\u1ea1i \u0111\u00e2y \u0111\u00e3 t\u1ea1o \u0111\u01b0\u1ee3c uy t\u00edn cho ng\u01b0\u1eddi d\u00f9ng, \u0111\u1ed9 d\u00e0y m\u1ecfng ch\u1ec9 0.3mm &#8211; \u0110\u01b0\u1ee3c n\u00e2ng c\u1ea5p v\u1ec1 kh\u1ea3 n\u0103ng ch\u1ed1ng x\u01b0\u1edbc v\u00e0 ch\u1ed1ng va<\/p>\n","protected":false},"featured_media":1195,"template":"","meta":{"om_disable_all_campaigns":false,"_monsterinsights_skip_tracking":false,"_monsterinsights_sitenote_active":false,"_monsterinsights_sitenote_note":"","_monsterinsights_sitenote_category":0},"product_cat":[35],"product_tag":[],"_links":{"self":[{"href":"https:\/\/phukienvungtau68.com\/index.php\/wp-json\/wp\/v2\/product\/1192"}],"collection":[{"href":"https:\/\/phukienvungtau68.com\/index.php\/wp-json\/wp\/v2\/product"}],"about":[{"href":"https:\/\/phukienvungtau68.com\/index.php\/wp-json\/wp\/v2\/types\/product"}],"wp:featuredmedia":[{"embeddable":true,"href":"https:\/\/phukienvungtau68.com\/index.php\/wp-json\/wp\/v2\/media\/1195"}],"wp:attachment":[{"href":"https:\/\/phukienvungtau68.com\/index.php\/wp-json\/wp\/v2\/media?parent=1192"}],"wp:term":[{"taxonomy":"product_cat","embeddable":true,"href":"https:\/\/phukienvungtau68.com\/index.php\/wp-json\/wp\/v2\/product_cat?post=1192"},{"taxonomy":"product_tag","embeddable":true,"href":"https:\/\/phukienvungtau68.com\/index.php\/wp-json\/wp\/v2\/product_tag?post=1192"}],"curies":[{"name":"wp","href":"https:\/\/api.w.org\/{rel}","templated":true}]}}