{"id":1204,"date":"2023-06-29T22:55:10","date_gmt":"2023-06-29T15:55:10","guid":{"rendered":"http:\/\/phukienvungtau68.com\/?post_type=product&#038;p=1204"},"modified":"2023-06-29T22:55:10","modified_gmt":"2023-06-29T15:55:10","slug":"cu-sac-nhanh-iphone-20w-hang-chinh-hang-boc-may-dung-cho-iphone-sac-nhanh-chuan-pd-20w","status":"publish","type":"product","link":"https:\/\/phukienvungtau68.com\/index.php\/product\/cu-sac-nhanh-iphone-20w-hang-chinh-hang-boc-may-dung-cho-iphone-sac-nhanh-chuan-pd-20w\/","title":{"rendered":"C\u1ee7 S\u1ea1c Nhanh Iphone 20W h\u00e0ng ch\u00ednh h\u00e3ng b\u00f3c m\u00e1y&hellip;"},"content":{"rendered":"<p>C\u1ee7 S\u1ea1c Nhanh Iphone 20W h\u00e0ng ch\u00ednh h\u00e3ng b\u00f3c m\u00e1y D\u00f9ng Cho iPhone S\u1ea1c Nhanh Chu\u1ea9n PD 20W<\/p>\n<p>\ud83d\udca5 Th\u00f4ng tin s\u1ea3n ph\u1ea9m:<br \/>\n&#8211; Ch\u1ec9 v\u1edbi 30 ph\u00fat c\u00f3 th\u1ec3 s\u1ea1c t\u1eeb 0% l\u00ean 50% pin Si\u00eau nhanh cho iphone 11, 12.<br \/>\n&#8211; C\u1ee7 s\u1ea1c \u0111em l\u1ea1i ngu\u1ed3n s\u1ea1c \u1ed5n \u0111\u1ecbnh, kh\u00f4ng l\u00e0m l\u1ec7ch c\u1ea3m \u1ee9ng nh\u01b0 s\u1ea1c th\u01b0\u1eddng<br \/>\n&#8211; S\u1ea1c kh\u00f4ng b\u1ecb ch\u1ea1m, ch\u1eadp \u0111i\u1ec7n v\u00ec s\u1ea1c zin c\u00f3 m\u1ea1ch b\u1ea3o v\u1ec7<br \/>\n&#8211; \u0110\u00e1p \u1ee9ng ti\u00eau chu\u1ea9n an to\u00e0n s\u1ea3n xu\u1ea5t n\u00ean kh\u00f4ng b\u1ecb r\u00f2 r\u1ec9 \u0111i\u1ec7n g\u00e2y gi\u1eadt \u0111i\u1ec7n<br \/>\n&#8211; H\u1ea7u h\u1ebft ph\u00f9 h\u1ee3p v\u1edbi c\u00e1c d\u00f2ng iPad, Iphone 8 \u0111\u1ebfn 14 Promax<br \/>\n&#8211; C\u1ee7 s\u1ea1c 20W c\u00f4ng ngh\u1ec7 s\u1ea1c nhanh PD m\u1edbi nh\u1ea5t, \u0111\u1ea7u ra qua c\u1ed5ng Type-C, h\u1ed7 tr\u1ee3 s\u1ea1c iPhone nhanh g\u1ea5p 2 l\u1ea7n.<\/p>\n<p>\ud83d\udca5 Th\u00f4ng tin b\u1ea3o h\u00e0nh<br \/>\n\u2714 Th\u1eddi gian b\u1ea3o h\u00e0nh: 6 th\u00e1ng<br \/>\n\u2714 H\u00ecnh th\u1ee9c b\u1ea3o h\u00e0nh: 1 \u0111\u1ed5i 1<\/p>\n<p><img class=\"emoji\" role=\"img\" src=\"https:\/\/s.w.org\/images\/core\/emoji\/13.1.0\/svg\/2705.svg\" alt=\"\u2705\" \/>\u00a0SHOP \u0110\u1ea2M B\u1ea2O:<br \/>\n\u2013 H\u00ecnh \u1ea3nh s\u1ea3n ph\u1ea9m gi\u1ed1ng 100%.<br \/>\n\u2013 Ch\u1ea5t l\u01b0\u1ee3ng s\u1ea3n ph\u1ea9m t\u1ed1t 100%.<br \/>\n\u2013 S\u1ea3n ph\u1ea9m \u0111\u01b0\u1ee3c ki\u1ec3m tra k\u0129 c\u00e0ng, nghi\u00eam ng\u1eb7t tr\u01b0\u1edbc khi giao h\u00e0ng.<br \/>\n\u2013 S\u1ea3n ph\u1ea9m lu\u00f4n c\u00f3 s\u1eb5n trong kho h\u00e0ng.<br \/>\n\u2013 Giao h\u00e0ng ngay khi nh\u1eadn \u0111\u01b0\u1ee3c \u0111\u01a1n h\u00e0ng.<br \/>\n\u2013 Ho\u00e0n ti\u1ec1n ngay n\u1ebfu s\u1ea3n ph\u1ea9m kh\u00f4ng gi\u1ed1ng v\u1edbi m\u00f4 t\u1ea3.<br \/>\n\u2013 \u0110\u1ed5i tr\u1ea3 ngay n\u1ebfu b\u1ea5t k\u00ec l\u00ed do g\u00ec khi\u1ebfn qu\u00fd kh\u00e1ch kh\u00f4ng h\u00e0i l\u00f2ng.<br \/>\n\u2013 Giao h\u00e0ng to\u00e0n qu\u1ed1c, nh\u1eadn h\u00e0ng thanh to\u00e1n.<br \/>\n\u2013 H\u1ed7 tr\u1ee3 \u0111\u1ed5i tr\u1ea3 theo quy \u0111\u1ecbnh.<br \/>\n\u2013 G\u1eedi h\u00e0ng si\u00eau t\u1ed1c<\/p>\n<div dir=\"auto\"><span class=\"x3nfvp2 x1j61x8r x1fcty0u xdj266r xhhsvwb xat24cr xgzva0m xxymvpz xlup9mm x1kky2od\"><img loading=\"lazy\" src=\"https:\/\/static.xx.fbcdn.net\/images\/emoji.php\/v9\/tbe\/1\/16\/1f3c6.png\" alt=\"\ud83c\udfc6\" width=\"16\" height=\"16\" \/><\/span>\u00a0G\u1ea5u shop \u2013 Chuy\u00ean ph\u1ee5 ki\u1ec7n \u0111i\u1ec7n tho\u1ea1i, \u0111\u1ed3 c\u00f4ng ngh\u1ec7<\/div>\n<div dir=\"auto\"><span class=\"x3nfvp2 x1j61x8r x1fcty0u xdj266r xhhsvwb xat24cr xgzva0m xxymvpz xlup9mm x1kky2od\"><img loading=\"lazy\" src=\"https:\/\/static.xx.fbcdn.net\/images\/emoji.php\/v9\/t22\/1\/16\/260e.png\" alt=\"\u260e\ufe0f\" width=\"16\" height=\"16\" \/><\/span>\u00a0S\u0110T: 0797 180 750 \u2013 033 95 333 75 (Zalo)<\/div>\n<div dir=\"auto\"><span class=\"x3nfvp2 x1j61x8r x1fcty0u xdj266r xhhsvwb xat24cr xgzva0m xxymvpz xlup9mm x1kky2od\"><img loading=\"lazy\" src=\"https:\/\/static.xx.fbcdn.net\/images\/emoji.php\/v9\/tf6\/1\/16\/1f3e0.png\" alt=\"\ud83c\udfe0\" width=\"16\" height=\"16\" \/><\/span>\u00a0\u0110c: 213\/3\/1B L\u00ea H\u1ed3ng Phong \u2013 Ph\u01b0\u1eddng 8 \u2013 V\u0169ng T\u00e0u \u2013 BRVT.<\/div>\n<div dir=\"auto\"><span class=\"x3nfvp2 x1j61x8r x1fcty0u xdj266r xhhsvwb xat24cr xgzva0m xxymvpz xlup9mm x1kky2od\"><img loading=\"lazy\" src=\"https:\/\/static.xx.fbcdn.net\/images\/emoji.php\/v9\/tc0\/1\/16\/1f30e.png\" alt=\"\ud83c\udf0e\" width=\"16\" height=\"16\" \/><\/span>\u00a0Website:\u00a0<a class=\"x1i10hfl xjbqb8w x6umtig x1b1mbwd xaqea5y xav7gou x9f619 x1ypdohk xt0psk2 xe8uvvx xdj266r x11i5rnm xat24cr x1mh8g0r xexx8yu x4uap5 x18d9i69 xkhd6sd x16tdsg8 x1hl2dhg xggy1nq x1a2a7pz xt0b8zv x1fey0fg\" role=\"link\" href=\"http:\/\/phukienvungtau68.com\/?fbclid=IwAR2wRhSr0UIdFE0leNYrt-po4OyNt2dpVM00osxDYkJiOCqcVO8kRPb0EYY\" target=\"_blank\" rel=\"nofollow noopener noreferrer\">Phukienvungtau68.com<\/a><\/div>\n","protected":false},"excerpt":{"rendered":"<p>C\u1ee7 S\u1ea1c Nhanh Iphone 20W h\u00e0ng ch\u00ednh h\u00e3ng b\u00f3c m\u00e1y D\u00f9ng Cho iPhone S\u1ea1c Nhanh Chu\u1ea9n PD 20W \ud83d\udca5 Th\u00f4ng tin s\u1ea3n ph\u1ea9m: &#8211; Ch\u1ec9 v\u1edbi 30 ph\u00fat c\u00f3 th\u1ec3 s\u1ea1c t\u1eeb 0% l\u00ean 50% pin Si\u00eau nhanh cho iphone 11, 12. &#8211; C\u1ee7 s\u1ea1c \u0111em l\u1ea1i ngu\u1ed3n s\u1ea1c \u1ed5n \u0111\u1ecbnh, kh\u00f4ng l\u00e0m l\u1ec7ch c\u1ea3m<\/p>\n","protected":false},"featured_media":1205,"template":"","meta":{"om_disable_all_campaigns":false,"_monsterinsights_skip_tracking":false,"_monsterinsights_sitenote_active":false,"_monsterinsights_sitenote_note":"","_monsterinsights_sitenote_category":0},"product_cat":[30,35],"product_tag":[],"_links":{"self":[{"href":"https:\/\/phukienvungtau68.com\/index.php\/wp-json\/wp\/v2\/product\/1204"}],"collection":[{"href":"https:\/\/phukienvungtau68.com\/index.php\/wp-json\/wp\/v2\/product"}],"about":[{"href":"https:\/\/phukienvungtau68.com\/index.php\/wp-json\/wp\/v2\/types\/product"}],"wp:featuredmedia":[{"embeddable":true,"href":"https:\/\/phukienvungtau68.com\/index.php\/wp-json\/wp\/v2\/media\/1205"}],"wp:attachment":[{"href":"https:\/\/phukienvungtau68.com\/index.php\/wp-json\/wp\/v2\/media?parent=1204"}],"wp:term":[{"taxonomy":"product_cat","embeddable":true,"href":"https:\/\/phukienvungtau68.com\/index.php\/wp-json\/wp\/v2\/product_cat?post=1204"},{"taxonomy":"product_tag","embeddable":true,"href":"https:\/\/phukienvungtau68.com\/index.php\/wp-json\/wp\/v2\/product_tag?post=1204"}],"curies":[{"name":"wp","href":"https:\/\/api.w.org\/{rel}","templated":true}]}}