{"id":1244,"date":"2023-07-21T23:40:52","date_gmt":"2023-07-21T16:40:52","guid":{"rendered":"http:\/\/phukienvungtau68.com\/?post_type=product&#038;p=1244"},"modified":"2024-05-04T09:41:33","modified_gmt":"2024-05-04T02:41:33","slug":"tai-nghe-bluetooth-airpod-pro-2-rep-11-chip-jerry-pin-4h-va-8h","status":"publish","type":"product","link":"https:\/\/phukienvungtau68.com\/index.php\/product\/tai-nghe-bluetooth-airpod-pro-2-rep-11-chip-jerry-pin-4h-va-8h\/","title":{"rendered":"Tai nghe bluetooth airpods pro 2 Chip Jerry Pin 4h&hellip;"},"content":{"rendered":"<div dir=\"auto\">Tai nghe bluetooth airpod pro 2 Rep 1:1 Chip Jerry Pin 4h v\u00e0 8h<\/div>\n<div dir=\"auto\">Shop t\u1eb7ng k\u00e8m d\u00e2y s\u1ea1c + \u1ed1p tai nghe<\/div>\n<div dir=\"auto\"><\/div>\n<div dir=\"auto\"><img class=\"emoji\" role=\"img\" src=\"https:\/\/s.w.org\/images\/core\/emoji\/13.1.0\/svg\/1f4a5.svg\" alt=\"\ud83d\udca5\" \/>\u00a0Th\u00f4ng tin s\u1ea3n ph\u1ea9m<\/div>\n<div dir=\"auto\"><img class=\"emoji\" role=\"img\" src=\"https:\/\/s.w.org\/images\/core\/emoji\/13.1.0\/svg\/1f539.svg\" alt=\"\ud83d\udd39\" \/> Gi\u00e1 b\u00e1n: Pin 4h: 320k. Pin 8h gi\u00e1: 350k<\/div>\n<div dir=\"auto\"><img class=\"emoji\" role=\"img\" src=\"https:\/\/s.w.org\/images\/core\/emoji\/13.1.0\/svg\/1f539.svg\" alt=\"\ud83d\udd39\" \/> \u00c2m hay nghe hay, bass c\u0103ng, s\u00e2u do c\u00f3 m\u00fat cao su n\u00ean nghe \u00e2m bass r\u1ea5t th\u00edch.<br \/>\n<span class=\"x3nfvp2 x1j61x8r x1fcty0u xdj266r xhhsvwb xat24cr xgzva0m xxymvpz xlup9mm x1kky2od\"> <img class=\"emoji\" role=\"img\" src=\"https:\/\/s.w.org\/images\/core\/emoji\/13.1.0\/svg\/1f539.svg\" alt=\"\ud83d\udd39\" \/><\/span>Th\u1eddi gian nghe:<\/div>\n<div dir=\"auto\">\u00a0 \u00a0+ M\u1eabu pin 4h nghe li\u00ean t\u1ee5c kho\u1ea3ng 3,5 \u2013 4 ti\u1ebfng<\/div>\n<div dir=\"auto\">\u00a0 \u00a0+ M\u1eabu pin 8h nghe li\u00ean t\u1ee5c kho\u1ea3ng 6 \u2013 7 ti\u1ebfng.<br \/>\n<span class=\"x3nfvp2 x1j61x8r x1fcty0u xdj266r xhhsvwb xat24cr xgzva0m xxymvpz xlup9mm x1kky2od\"> <img class=\"emoji\" role=\"img\" src=\"https:\/\/s.w.org\/images\/core\/emoji\/13.1.0\/svg\/1f539.svg\" alt=\"\ud83d\udd39\" \/><\/span>\u00a0H\u1ed9p s\u1ea1c t\u1ef1 s\u1ea1c l\u1ea1i cho tai nghe \u0111\u01b0\u1ee3c 2 \u2013 3 l\u1ea7n kh\u00f4ng c\u1ea7n c\u1eafm s\u1ea1c (t\u1ed5ng th\u1eddi gian nghe l\u00ean \u0111\u1ebfn 15 \u2013 20h)<\/div>\n<div dir=\"auto\"><span class=\"x3nfvp2 x1j61x8r x1fcty0u xdj266r xhhsvwb xat24cr xgzva0m xxymvpz xlup9mm x1kky2od\"><img class=\"emoji\" role=\"img\" src=\"https:\/\/s.w.org\/images\/core\/emoji\/13.1.0\/svg\/1f539.svg\" alt=\"\ud83d\udd39\" \/>\u00a0C\u00f3 loa t\u00ecm ki\u1ebfm thi\u1ec7t b\u1ecb \u1edf ph\u1ea7n d\u01b0\u1edbi h\u00f4p s\u1ea1c tai nghe<\/span><br \/>\n<span class=\"x3nfvp2 x1j61x8r x1fcty0u xdj266r xhhsvwb xat24cr xgzva0m xxymvpz xlup9mm x1kky2od\"><img class=\"emoji\" role=\"img\" src=\"https:\/\/s.w.org\/images\/core\/emoji\/13.1.0\/svg\/1f539.svg\" alt=\"\ud83d\udd39\" \/><\/span>\u00a0C\u1ea3m \u1ee9ng v\u00e2n tay 1 ch\u1ea1m tr\u00ean tai nghe: d\u1eebng\/ph\u00e1t nh\u1ea1c, nh\u1eadn\/k\u1ebft th\u00fac cu\u1ed9c g\u1ecdi.<br \/>\n<span class=\"x3nfvp2 x1j61x8r x1fcty0u xdj266r xhhsvwb xat24cr xgzva0m xxymvpz xlup9mm x1kky2od\"><img class=\"emoji\" role=\"img\" src=\"https:\/\/s.w.org\/images\/core\/emoji\/13.1.0\/svg\/1f539.svg\" alt=\"\ud83d\udd39\" \/><\/span>\u00a0\u0110inh v\u1ecb t\u00ecm ki\u1ebfm \u0111\u01b0\u1ee3c tai nghe, \u0111\u1ed5i t\u00ean tr\u00ean bluetooth \u0111i\u1ec7n tho\u1ea1i.<br \/>\n<span class=\"x3nfvp2 x1j61x8r x1fcty0u xdj266r xhhsvwb xat24cr xgzva0m xxymvpz xlup9mm x1kky2od\"><img class=\"emoji\" role=\"img\" src=\"https:\/\/s.w.org\/images\/core\/emoji\/13.1.0\/svg\/1f539.svg\" alt=\"\ud83d\udd39\" \/><\/span>\u00a0C\u1ea3m bi\u1ebfn nh\u1ea1y, th\u00e1o 1 tai d\u1eebng nh\u1ea1c, \u0111eo v\u00e0o ph\u00e1t ti\u1ebfp.<br \/>\n<span class=\"x3nfvp2 x1j61x8r x1fcty0u xdj266r xhhsvwb xat24cr xgzva0m xxymvpz xlup9mm x1kky2od\"><img class=\"emoji\" role=\"img\" src=\"https:\/\/s.w.org\/images\/core\/emoji\/13.1.0\/svg\/1f539.svg\" alt=\"\ud83d\udd39\" \/><\/span>\u00a0K\u1ebft n\u1ed1i bluetooth nhanh ch\u00f3ng v\u00e0 \u1ed5n \u0111\u1ecbnh,<br \/>\n<span class=\"x3nfvp2 x1j61x8r x1fcty0u xdj266r xhhsvwb xat24cr xgzva0m xxymvpz xlup9mm x1kky2od\"><img class=\"emoji\" role=\"img\" src=\"https:\/\/s.w.org\/images\/core\/emoji\/13.1.0\/svg\/1f539.svg\" alt=\"\ud83d\udd39\" \/><\/span>\u00a0H\u1ed7 tr\u1ee3 s\u1ea1c kh\u00f4ng d\u00e2y ho\u1eb7c b\u1eb1ng d\u00e2y Lightning<br \/>\n<span class=\"x3nfvp2 x1j61x8r x1fcty0u xdj266r xhhsvwb xat24cr xgzva0m xxymvpz xlup9mm x1kky2od\"><img class=\"emoji\" role=\"img\" src=\"https:\/\/s.w.org\/images\/core\/emoji\/13.1.0\/svg\/1f539.svg\" alt=\"\ud83d\udd39\" \/><\/span>\u00a0Th\u1eddi gian s\u1ea1c \u0111\u1ea7y pin: 2 \u2013 3 ti\u1ebfng.<\/div>\n<div dir=\"auto\">\n<p><img class=\"emoji\" role=\"img\" src=\"https:\/\/s.w.org\/images\/core\/emoji\/13.1.0\/svg\/1f4a5.svg\" alt=\"\ud83d\udca5\" \/>\u00a0Cam k\u1ebft v\u1ec1 ch\u1ea5t l\u01b0\u1ee3ng v\u00e0 d\u1ecbch v\u1ee5 b\u00e1n h\u00e0ng<\/p>\n<div dir=\"auto\"><span class=\"x3nfvp2 x1j61x8r x1fcty0u xdj266r xhhsvwb xat24cr xgzva0m xxymvpz xlup9mm x1kky2od\">\u00a0<img loading=\"lazy\" src=\"https:\/\/static.xx.fbcdn.net\/images\/emoji.php\/v9\/t33\/1\/16\/2705.png\" alt=\"\u2705\" width=\"16\" height=\"16\" \/><\/span>\u00a0H\u00e0ng th\u1eadt nh\u01b0 h\u00ecnh<\/div>\n<div dir=\"auto\">\n<div dir=\"auto\"><span class=\"x3nfvp2 x1j61x8r x1fcty0u xdj266r xhhsvwb xat24cr xgzva0m xxymvpz xlup9mm x1kky2od\">\u00a0<img loading=\"lazy\" src=\"https:\/\/static.xx.fbcdn.net\/images\/emoji.php\/v9\/t33\/1\/16\/2705.png\" alt=\"\u2705\" width=\"16\" height=\"16\" \/><\/span>\u00a0Giao h\u00e0ng nhanh to\u00e0n qu\u1ed1c<\/div>\n<div dir=\"auto\">\n<div dir=\"auto\"><span class=\"x3nfvp2 x1j61x8r x1fcty0u xdj266r xhhsvwb xat24cr xgzva0m xxymvpz xlup9mm x1kky2od\">\u00a0<img loading=\"lazy\" src=\"https:\/\/static.xx.fbcdn.net\/images\/emoji.php\/v9\/t33\/1\/16\/2705.png\" alt=\"\u2705\" width=\"16\" height=\"16\" \/><\/span>\u00a0Mi\u1ec5n ship \u0111\u01a1n h\u00e0ng d\u01b0\u1edbi \u0300\u0300\u0300\u03005Km ho\u1eb7c \u0111\u01a1n tr\u00ean 500k<\/div>\n<div dir=\"auto\"><span class=\"x3nfvp2 x1j61x8r x1fcty0u xdj266r xhhsvwb xat24cr xgzva0m xxymvpz xlup9mm x1kky2od\">\u00a0<img loading=\"lazy\" src=\"https:\/\/static.xx.fbcdn.net\/images\/emoji.php\/v9\/t33\/1\/16\/2705.png\" alt=\"\u2705\" width=\"16\" height=\"16\" \/><\/span>\u00a0\u0110\u01b0\u1ee3c ki\u1ec3m tra h\u00e0ng \u2013 d\u00f9ng th\u1eed tr\u01b0\u1edbc khi thanh to\u00e1n<\/div>\n<div dir=\"auto\"><span class=\"x3nfvp2 x1j61x8r x1fcty0u xdj266r xhhsvwb xat24cr xgzva0m xxymvpz xlup9mm x1kky2od\">\u00a0<img loading=\"lazy\" src=\"https:\/\/static.xx.fbcdn.net\/images\/emoji.php\/v9\/t33\/1\/16\/2705.png\" alt=\"\u2705\" width=\"16\" height=\"16\" \/><\/span>\u00a0H\u1ed7 tr\u1ee3 k\u1ef9 thu\u1eadt \u2013 t\u01b0 v\u1ea5n tr\u1ecdn \u0111\u1eddi cho qu\u00fd kh\u00e1ch<\/div>\n<div dir=\"auto\"><span class=\"x3nfvp2 x1j61x8r x1fcty0u xdj266r xhhsvwb xat24cr xgzva0m xxymvpz xlup9mm x1kky2od\">\u00a0<img loading=\"lazy\" src=\"https:\/\/static.xx.fbcdn.net\/images\/emoji.php\/v9\/t33\/1\/16\/2705.png\" alt=\"\u2705\" width=\"16\" height=\"16\" \/><\/span>\u00a0Cam k\u1ebft \u0111\u1ed5i tr\u1ea3 \u2013 ho\u00e0n ti\u1ec1n n\u1ebfu kh\u00f4ng \u0111\u00fang nh\u01b0 m\u00f4 t\u1ea3<\/div>\n<\/div>\n<\/div>\n<p><img class=\"emoji\" role=\"img\" src=\"https:\/\/s.w.org\/images\/core\/emoji\/13.1.0\/svg\/1f4a5.svg\" alt=\"\ud83d\udca5\" \/>\u00a0Th\u00f4ng tin b\u1ea3o h\u00e0nh<br \/>\n<img class=\"emoji\" role=\"img\" src=\"https:\/\/s.w.org\/images\/core\/emoji\/13.1.0\/svg\/2714.svg\" alt=\"\u2714\" \/>\u00a0Th\u1eddi gian b\u1ea3o h\u00e0nh: 3 th\u00e1ng<br \/>\n<img class=\"emoji\" role=\"img\" src=\"https:\/\/s.w.org\/images\/core\/emoji\/13.1.0\/svg\/2714.svg\" alt=\"\u2714\" \/>\u00a0H\u00ecnh th\u1ee9c b\u1ea3o h\u00e0nh: 1 \u0111\u1ed5i 1 trong 3 th\u00e1ng<\/p>\n<div dir=\"auto\">\n<div dir=\"auto\"><span class=\"x3nfvp2 x1j61x8r x1fcty0u xdj266r xhhsvwb xat24cr xgzva0m xxymvpz xlup9mm x1kky2od\"><img loading=\"lazy\" src=\"https:\/\/static.xx.fbcdn.net\/images\/emoji.php\/v9\/tbe\/1\/16\/1f3c6.png\" alt=\"\ud83c\udfc6\" width=\"16\" height=\"16\" \/><\/span>\u00a0G\u1ea5u shop \u2013 Chuy\u00ean ph\u1ee5 ki\u1ec7n \u0111i\u1ec7n tho\u1ea1i, \u0111\u1ed3 c\u00f4ng ngh\u1ec7<\/div>\n<div dir=\"auto\"><span class=\"x3nfvp2 x1j61x8r x1fcty0u xdj266r xhhsvwb xat24cr xgzva0m xxymvpz xlup9mm x1kky2od\"><img loading=\"lazy\" src=\"https:\/\/static.xx.fbcdn.net\/images\/emoji.php\/v9\/t22\/1\/16\/260e.png\" alt=\"\u260e\ufe0f\" width=\"16\" height=\"16\" \/><\/span>\u00a0S\u0110T: 0797 180 750 \u2013 033 95 333 75 (Zalo)<\/div>\n<div dir=\"auto\"><span class=\"x3nfvp2 x1j61x8r x1fcty0u xdj266r xhhsvwb xat24cr xgzva0m xxymvpz xlup9mm x1kky2od\"><img loading=\"lazy\" src=\"https:\/\/static.xx.fbcdn.net\/images\/emoji.php\/v9\/tf6\/1\/16\/1f3e0.png\" alt=\"\ud83c\udfe0\" width=\"16\" height=\"16\" \/><\/span>\u00a0\u0110c: 213\/3\/1B L\u00ea H\u1ed3ng Phong \u2013 Ph\u01b0\u1eddng 8 \u2013 V\u0169ng T\u00e0u \u2013 BRVT.<\/div>\n<div dir=\"auto\"><span class=\"x3nfvp2 x1j61x8r x1fcty0u xdj266r xhhsvwb xat24cr xgzva0m xxymvpz xlup9mm x1kky2od\"><img loading=\"lazy\" src=\"https:\/\/static.xx.fbcdn.net\/images\/emoji.php\/v9\/tc0\/1\/16\/1f30e.png\" alt=\"\ud83c\udf0e\" width=\"16\" height=\"16\" \/><\/span>\u00a0Website:\u00a0<a class=\"x1i10hfl xjbqb8w x6umtig x1b1mbwd xaqea5y xav7gou x9f619 x1ypdohk xt0psk2 xe8uvvx xdj266r x11i5rnm xat24cr x1mh8g0r xexx8yu x4uap5 x18d9i69 xkhd6sd x16tdsg8 x1hl2dhg xggy1nq x1a2a7pz xt0b8zv x1fey0fg\" role=\"link\" href=\"http:\/\/phukienvungtau68.com\/?fbclid=IwAR2wRhSr0UIdFE0leNYrt-po4OyNt2dpVM00osxDYkJiOCqcVO8kRPb0EYY\" target=\"_blank\" rel=\"nofollow noopener noreferrer\">Phukienvungtau68.com<\/a><\/div>\n<\/div>\n<\/div>\n","protected":false},"excerpt":{"rendered":"<p>Tai nghe bluetooth airpod pro 2 Rep 1:1 Chip Jerry Pin 4h v\u00e0 8h Shop t\u1eb7ng k\u00e8m d\u00e2y s\u1ea1c + \u1ed1p tai nghe \u00a0Th\u00f4ng tin s\u1ea3n ph\u1ea9m Gi\u00e1 b\u00e1n: Pin 4h: 320k. Pin 8h gi\u00e1: 350k \u00c2m hay nghe hay, bass c\u0103ng, s\u00e2u do c\u00f3 m\u00fat cao su n\u00ean nghe \u00e2m bass r\u1ea5t th\u00edch. Th\u1eddi<\/p>\n","protected":false},"featured_media":1322,"template":"","meta":{"om_disable_all_campaigns":false,"_monsterinsights_skip_tracking":false,"_monsterinsights_sitenote_active":false,"_monsterinsights_sitenote_note":"","_monsterinsights_sitenote_category":0},"product_cat":[41,18],"product_tag":[],"_links":{"self":[{"href":"https:\/\/phukienvungtau68.com\/index.php\/wp-json\/wp\/v2\/product\/1244"}],"collection":[{"href":"https:\/\/phukienvungtau68.com\/index.php\/wp-json\/wp\/v2\/product"}],"about":[{"href":"https:\/\/phukienvungtau68.com\/index.php\/wp-json\/wp\/v2\/types\/product"}],"wp:featuredmedia":[{"embeddable":true,"href":"https:\/\/phukienvungtau68.com\/index.php\/wp-json\/wp\/v2\/media\/1322"}],"wp:attachment":[{"href":"https:\/\/phukienvungtau68.com\/index.php\/wp-json\/wp\/v2\/media?parent=1244"}],"wp:term":[{"taxonomy":"product_cat","embeddable":true,"href":"https:\/\/phukienvungtau68.com\/index.php\/wp-json\/wp\/v2\/product_cat?post=1244"},{"taxonomy":"product_tag","embeddable":true,"href":"https:\/\/phukienvungtau68.com\/index.php\/wp-json\/wp\/v2\/product_tag?post=1244"}],"curies":[{"name":"wp","href":"https:\/\/api.w.org\/{rel}","templated":true}]}}