{"id":1277,"date":"2023-07-28T14:35:35","date_gmt":"2023-07-28T07:35:35","guid":{"rendered":"http:\/\/phukienvungtau68.com\/?post_type=product&#038;p=1277"},"modified":"2023-07-28T14:35:35","modified_gmt":"2023-07-28T07:35:35","slug":"tai-nghe-khong-day-acome-quietpods-q1-bluetooth-5-3","status":"publish","type":"product","link":"https:\/\/phukienvungtau68.com\/index.php\/product\/tai-nghe-khong-day-acome-quietpods-q1-bluetooth-5-3\/","title":{"rendered":"Tai Nghe Kh\u00f4ng d\u00e2y ACOME Quietpods Q1 Bluetooth 5.3"},"content":{"rendered":"<p>Tai Nghe Kh\u00f4ng D\u00e2y ACOME Quietpods Q1 Bluetooth 5.3 Kh\u1eed \u1ed2n ENC Play Time L\u00ean \u0110\u1ebfn 28h<\/p>\n<p>\u2705 M\u00f4 t\u1ea3 s\u1ea3n ph\u1ea9m<br \/>\n\u2714 \u00c2m hay, bass c\u0103ng<br \/>\n\u2714 Pin 2 tai nghe 6h, k\u00e8m h\u1ed9p s\u1ea1c tai nghe nghe l\u00ean \u0111\u1ebfn 28 gi\u1edd<br \/>\n\u2714 Thi\u1ebft k\u1ebf si\u00eau nh\u1eb9, ti\u1ec7n l\u1ee3i<br \/>\n\u2714 \u1ed4n \u0111\u1ecbnh h\u01a1n, an to\u00e0n h\u01a1n, pin hi\u1ec7u qu\u1ea3 h\u01a1n<br \/>\n\u2714 C\u00f4ng ngh\u1ec7 ENC gi\u00fap kh\u1eed ti\u1ebfng \u1ed3n xung quanh k\u1ebft h\u1ee3p v\u1edbi Bluetooth 5.3 \u0111\u1ed9 tr\u1ec5 th\u1ea5p.<br \/>\n\u2714 M\u00e0ng loa ph\u1ee9c h\u1ee3p PET, c\u00e1c d\u1ea3i \u00e2m thanh \u0111\u01b0\u1ee3c t\u00e1i t\u1ea1o r\u00f5 n\u00e9t.<br \/>\n\u2714 Thi\u1ebft k\u1ebf Semi-in-ear gi\u00fap \u0111eo tai tho\u1ea3i m\u00e1i trong th\u1eddi gian d\u00e0i.<br \/>\n\u2714 Thi\u1ebft k\u1ebf nh\u1ecf g\u1ecdn, m\u00e0u s\u1eafc b\u1eaft m\u1eaft, d\u1ec5 d\u00e0ng mang theo.<\/p>\n<p>\u2705 Th\u00f4ng tin b\u1ea3o h\u00e0nh<br \/>\n\u2714 Th\u1eddi gian b\u1ea3o h\u00e0nh: 6 th\u00e1ng<br \/>\n\u2714 H\u00ecnh th\u1ee9c b\u1ea3o h\u00e0nh: 1 \u0111\u1ed5i 1 trong 30 ng\u00e0y<br \/>\n\u2714 Li\u00ean h\u1ec7 v\u1edbi shop qua ch\u00e1t ho\u1eb7c S\u0110T \u0111\u1ec3 \u0111\u01b0\u1ee3c h\u1ed7 tr\u1ee3 b\u1ea3o h\u00e0nh n\u1ebfu c\u00f3 l\u1ed7i t\u1eeb NSX<\/p>\n<div data-offset-key=\"2t25v-0-0\"><img class=\"emoji\" role=\"img\" src=\"https:\/\/s.w.org\/images\/core\/emoji\/13.1.0\/svg\/1f4a5.svg\" alt=\"\ud83d\udca5\" \/>\u00a0Cam k\u1ebft c\u1ee7a shop<\/div>\n<div class=\"o6r2urh6 buofh1pr datstx6m l9j0dhe7 k4urcfbm\" role=\"presentation\">\n<div class=\"k4urcfbm l9j0dhe7\">\n<div class=\"tojvnm2t a6sixzi8 k5wvi7nf q3lfd5jv pk4s997a bipmatt0 cebpdrjk qowsmv63 owwhemhu dp1hu0rb dhp61c6y l9j0dhe7 iyyx5f41 a8s20v7p\">\n<div class=\"rq0escxv buofh1pr df2bnetk ftjopcgk dati1w0a l9j0dhe7 k4urcfbm du4w35lb\">\n<div class=\"taijpn5t j83agx80\">\n<div class=\"gcieejh5 bn081pho humdl8nn izx4hr6d rq0escxv oo9gr5id t5a262vz jq4qci2q b1v8xokw datstx6m a3bd9o3v lzcic4wl ecm0bbzt rz4wbd8a sj5x9vvc a8nywdso k4urcfbm o8yuz56k\">\n<div class=\"rq0escxv datstx6m k4urcfbm a8c37x1j\">\n<div class=\"_5rp7\">\n<div class=\"_5rpb\">\n<div class=\"notranslate _5rpu\" role=\"textbox\" aria-label=\"Msb V\u0169ng T\u00e0u \u01a1i, b\u1ea1n \u0111ang ngh\u0129 g\u00ec th\u1ebf?\">\n<div data-offset-key=\"2t25v-0-0\">\n<div dir=\"auto\">\u00a0\u00a0<span class=\"x3nfvp2 x1j61x8r x1fcty0u xdj266r xhhsvwb xat24cr xgzva0m xxymvpz xlup9mm x1kky2od\"><img loading=\"lazy\" src=\"https:\/\/static.xx.fbcdn.net\/images\/emoji.php\/v9\/t33\/1\/16\/2705.png\" alt=\"\u2705\" width=\"16\" height=\"16\" \/>\u00a0<\/span>H\u00e0ng th\u1eadt nh\u01b0 h\u00ecnh<\/div>\n<div dir=\"auto\">\n<div dir=\"auto\"><span class=\"x3nfvp2 x1j61x8r x1fcty0u xdj266r xhhsvwb xat24cr xgzva0m xxymvpz xlup9mm x1kky2od\">\u00a0\u00a0<img loading=\"lazy\" src=\"https:\/\/static.xx.fbcdn.net\/images\/emoji.php\/v9\/t33\/1\/16\/2705.png\" alt=\"\u2705\" width=\"16\" height=\"16\" \/><\/span>\u00a0Giao h\u00e0ng nhanh to\u00e0n qu\u1ed1c<\/div>\n<div dir=\"auto\">\n<div dir=\"auto\"><span class=\"x3nfvp2 x1j61x8r x1fcty0u xdj266r xhhsvwb xat24cr xgzva0m xxymvpz xlup9mm x1kky2od\">\u00a0\u00a0<img loading=\"lazy\" src=\"https:\/\/static.xx.fbcdn.net\/images\/emoji.php\/v9\/t33\/1\/16\/2705.png\" alt=\"\u2705\" width=\"16\" height=\"16\" \/><\/span>\u00a0Mi\u1ec5n ship \u0111\u01a1n h\u00e0ng d\u01b0\u1edbi \u0300\u0300\u0300\u03005Km ho\u1eb7c \u0111\u01a1n tr\u00ean 500k<\/div>\n<div dir=\"auto\"><span class=\"x3nfvp2 x1j61x8r x1fcty0u xdj266r xhhsvwb xat24cr xgzva0m xxymvpz xlup9mm x1kky2od\">\u00a0\u00a0<img loading=\"lazy\" src=\"https:\/\/static.xx.fbcdn.net\/images\/emoji.php\/v9\/t33\/1\/16\/2705.png\" alt=\"\u2705\" width=\"16\" height=\"16\" \/><\/span>\u00a0\u0110\u01b0\u1ee3c ki\u1ec3m tra h\u00e0ng \u2013 d\u00f9ng th\u1eed tr\u01b0\u1edbc khi thanh to\u00e1n<\/div>\n<div dir=\"auto\"><span class=\"x3nfvp2 x1j61x8r x1fcty0u xdj266r xhhsvwb xat24cr xgzva0m xxymvpz xlup9mm x1kky2od\">\u00a0\u00a0<img loading=\"lazy\" src=\"https:\/\/static.xx.fbcdn.net\/images\/emoji.php\/v9\/t33\/1\/16\/2705.png\" alt=\"\u2705\" width=\"16\" height=\"16\" \/><\/span>\u00a0H\u1ed7 tr\u1ee3 k\u1ef9 thu\u1eadt \u2013 t\u01b0 v\u1ea5n tr\u1ecdn \u0111\u1eddi cho qu\u00fd kh\u00e1ch<\/div>\n<div dir=\"auto\"><span class=\"x3nfvp2 x1j61x8r x1fcty0u xdj266r xhhsvwb xat24cr xgzva0m xxymvpz xlup9mm x1kky2od\">\u00a0\u00a0<img loading=\"lazy\" src=\"https:\/\/static.xx.fbcdn.net\/images\/emoji.php\/v9\/t33\/1\/16\/2705.png\" alt=\"\u2705\" width=\"16\" height=\"16\" \/><\/span>\u00a0Cam k\u1ebft \u0111\u1ed5i tr\u1ea3 \u2013 ho\u00e0n ti\u1ec1n n\u1ebfu kh\u00f4ng \u0111\u00fang nh\u01b0 m\u00f4 t\u1ea3<\/div>\n<div dir=\"auto\"><\/div>\n<\/div>\n<\/div>\n<\/div>\n<div data-contents=\"true\">\n<div class=\"\" data-block=\"true\" data-editor=\"800u4\" data-offset-key=\"2t25v-0-0\">\n<div data-offset-key=\"2t25v-0-0\"><img class=\"emoji\" role=\"img\" src=\"https:\/\/s.w.org\/images\/core\/emoji\/13.1.0\/svg\/1f4a5.svg\" alt=\"\ud83d\udca5\" \/>\u00a0Th\u00f4ng tin b\u1ea3o h\u00e0nh<br \/>\n<img class=\"emoji\" role=\"img\" src=\"https:\/\/s.w.org\/images\/core\/emoji\/13.1.0\/svg\/2714.svg\" alt=\"\u2714\" \/> Th\u1eddi gian b\u1ea3o h\u00e0nh: 6 Th\u00e1ng l\u1ed7i 1 \u0111\u1ed5i 1<\/div>\n<div data-offset-key=\"2t25v-0-0\"><img class=\"emoji\" role=\"img\" src=\"https:\/\/s.w.org\/images\/core\/emoji\/13.1.0\/svg\/2714.svg\" alt=\"\u2714\" \/> Li\u00ean h\u1ec7 v\u1edbi shop qua ch\u00e1t ho\u1eb7c S\u0110T \u0111\u1ec3 \u0111\u01b0\u1ee3c h\u1ed7 tr\u1ee3 b\u1ea3o h\u00e0nh<\/div>\n<div data-offset-key=\"2t25v-0-0\"><\/div>\n<\/div>\n<div class=\"\" data-block=\"true\" data-editor=\"800u4\" data-offset-key=\"5i124-0-0\">\n<div class=\"_1mf _1mj\" data-offset-key=\"5i124-0-0\">\n<div dir=\"auto\"><span class=\"x3nfvp2 x1j61x8r x1fcty0u xdj266r xhhsvwb xat24cr xgzva0m xxymvpz xlup9mm x1kky2od\"><img loading=\"lazy\" src=\"https:\/\/static.xx.fbcdn.net\/images\/emoji.php\/v9\/tbe\/1\/16\/1f3c6.png\" alt=\"\ud83c\udfc6\" width=\"16\" height=\"16\" \/><\/span>\u00a0G\u1ea5u shop \u2013 Chuy\u00ean ph\u1ee5 ki\u1ec7n \u0111i\u1ec7n tho\u1ea1i, \u0111\u1ed3 c\u00f4ng ngh\u1ec7<\/div>\n<div dir=\"auto\"><span class=\"x3nfvp2 x1j61x8r x1fcty0u xdj266r xhhsvwb xat24cr xgzva0m xxymvpz xlup9mm x1kky2od\"><img loading=\"lazy\" src=\"https:\/\/static.xx.fbcdn.net\/images\/emoji.php\/v9\/t22\/1\/16\/260e.png\" alt=\"\u260e\ufe0f\" width=\"16\" height=\"16\" \/><\/span>\u00a0S\u0110T: 0797 180 750 \u2013 033 95 333 75 (Zalo)<\/div>\n<div dir=\"auto\"><span class=\"x3nfvp2 x1j61x8r x1fcty0u xdj266r xhhsvwb xat24cr xgzva0m xxymvpz xlup9mm x1kky2od\"><img loading=\"lazy\" src=\"https:\/\/static.xx.fbcdn.net\/images\/emoji.php\/v9\/tf6\/1\/16\/1f3e0.png\" alt=\"\ud83c\udfe0\" width=\"16\" height=\"16\" \/><\/span>\u00a0\u0110c: 213\/3\/1B L\u00ea H\u1ed3ng Phong \u2013 Ph\u01b0\u1eddng 8 \u2013 V\u0169ng T\u00e0u \u2013 BRVT.<\/div>\n<div dir=\"auto\"><span class=\"x3nfvp2 x1j61x8r x1fcty0u xdj266r xhhsvwb xat24cr xgzva0m xxymvpz xlup9mm x1kky2od\"><img loading=\"lazy\" src=\"https:\/\/static.xx.fbcdn.net\/images\/emoji.php\/v9\/tc0\/1\/16\/1f30e.png\" alt=\"\ud83c\udf0e\" width=\"16\" height=\"16\" \/><\/span>\u00a0Website:\u00a0<a class=\"x1i10hfl xjbqb8w x6umtig x1b1mbwd xaqea5y xav7gou x9f619 x1ypdohk xt0psk2 xe8uvvx xdj266r x11i5rnm xat24cr x1mh8g0r xexx8yu x4uap5 x18d9i69 xkhd6sd x16tdsg8 x1hl2dhg xggy1nq x1a2a7pz xt0b8zv x1fey0fg\" role=\"link\" href=\"http:\/\/phukienvungtau68.com\/?fbclid=IwAR2wRhSr0UIdFE0leNYrt-po4OyNt2dpVM00osxDYkJiOCqcVO8kRPb0EYY\" target=\"_blank\" rel=\"nofollow noopener noreferrer\">Phukienvungtau68.com<\/a><\/div>\n<\/div>\n<\/div>\n<\/div>\n<\/div>\n<\/div>\n<\/div>\n<\/div>\n<\/div>\n<\/div>\n<\/div>\n<\/div>\n<\/div>\n<\/div>\n","protected":false},"excerpt":{"rendered":"<p>Tai Nghe Kh\u00f4ng D\u00e2y ACOME Quietpods Q1 Bluetooth 5.3 Kh\u1eed \u1ed2n ENC Play Time L\u00ean \u0110\u1ebfn 28h \u2705 M\u00f4 t\u1ea3 s\u1ea3n ph\u1ea9m \u2714 \u00c2m hay, bass c\u0103ng \u2714 Pin 2 tai nghe 6h, k\u00e8m h\u1ed9p s\u1ea1c tai nghe nghe l\u00ean \u0111\u1ebfn 28 gi\u1edd \u2714 Thi\u1ebft k\u1ebf si\u00eau nh\u1eb9, ti\u1ec7n l\u1ee3i \u2714 \u1ed4n \u0111\u1ecbnh h\u01a1n, an<\/p>\n","protected":false},"featured_media":1278,"template":"","meta":{"om_disable_all_campaigns":false,"_monsterinsights_skip_tracking":false,"_monsterinsights_sitenote_active":false,"_monsterinsights_sitenote_note":"","_monsterinsights_sitenote_category":0},"product_cat":[18],"product_tag":[],"_links":{"self":[{"href":"https:\/\/phukienvungtau68.com\/index.php\/wp-json\/wp\/v2\/product\/1277"}],"collection":[{"href":"https:\/\/phukienvungtau68.com\/index.php\/wp-json\/wp\/v2\/product"}],"about":[{"href":"https:\/\/phukienvungtau68.com\/index.php\/wp-json\/wp\/v2\/types\/product"}],"wp:featuredmedia":[{"embeddable":true,"href":"https:\/\/phukienvungtau68.com\/index.php\/wp-json\/wp\/v2\/media\/1278"}],"wp:attachment":[{"href":"https:\/\/phukienvungtau68.com\/index.php\/wp-json\/wp\/v2\/media?parent=1277"}],"wp:term":[{"taxonomy":"product_cat","embeddable":true,"href":"https:\/\/phukienvungtau68.com\/index.php\/wp-json\/wp\/v2\/product_cat?post=1277"},{"taxonomy":"product_tag","embeddable":true,"href":"https:\/\/phukienvungtau68.com\/index.php\/wp-json\/wp\/v2\/product_tag?post=1277"}],"curies":[{"name":"wp","href":"https:\/\/api.w.org\/{rel}","templated":true}]}}