{"id":1279,"date":"2023-07-28T14:42:46","date_gmt":"2023-07-28T07:42:46","guid":{"rendered":"http:\/\/phukienvungtau68.com\/?post_type=product&#038;p=1279"},"modified":"2023-07-28T14:42:46","modified_gmt":"2023-07-28T07:42:46","slug":"tai-nghe-bluetooth-tg02-khong-day-kiem-sac-pin-du-phong","status":"publish","type":"product","link":"https:\/\/phukienvungtau68.com\/index.php\/product\/tai-nghe-bluetooth-tg02-khong-day-kiem-sac-pin-du-phong\/","title":{"rendered":"Tai Nghe Bluetooth TG02 Kh\u00f4ng D\u00e2y Ki\u00eam S\u1ea1c Pin D\u1ef1&hellip;"},"content":{"rendered":"<p>Tai Nghe Bluetooth TG02 Kh\u00f4ng D\u00e2y True Wireless Nhe\u0301t Tai C\u1ea3m \u01af\u0301ng Ki\u00eam S\u1ea1c Pin D\u1ef1 Ph\u00f2ng, K\u1ebft n\u1ed1i nhanh<\/p>\n<p>\u2705 M\u00f4 t\u1ea3 s\u1ea3n ph\u1ea9m<br \/>\n&#8211; Model : TG02<br \/>\n&#8211; Bluetooth: V5.1<br \/>\n&#8211; Th\u01a1\u0300i gian s\u01b0\u0309 du\u0323ng tai nghe: 5 gi\u01a1\u0300<br \/>\n&#8211; Th\u01a1\u0300i gian sa\u0323c: 1h -1,5h<br \/>\n&#8211; Dung l\u01b0\u01a1\u0323ng pin tai nghe: 40 mAh<br \/>\n&#8211; Dung l\u01b0\u01a1\u0323ng pin h\u00f4\u0323p sa\u0323c: 300 mAh<br \/>\n&#8211; Khoa\u0309ng ca\u0301ch k\u00ea\u0301t n\u00f4\u0301i: 10 me\u0301t<br \/>\n&#8211; ca\u0309m Bi\u00ea\u0301n cha\u0323m v\u00e2n tay<\/p>\n<p>Th\u00f4ng tin s\u1ea3n ph\u1ea9m:<br \/>\n&#8211; T\u00edch h\u1ee3p pin d\u1ef1 ph\u00f2ng dung l\u01b0\u1ee3ng l\u1edbn 2000mah c\u00f3 th\u1ec3 s\u1ea1c \u0111\u01b0\u1ee3c cho \u0111i\u1ec7n tho\u1ea1i, cho th\u1eddi gian s\u1eed d\u1ee5ng tai nghe l\u00ean \u0111\u1ebfn nhi\u1ec1u nga\u0300y (s\u1eed d\u1ee5ng c\u00f9ng h\u1ed9p s\u1ea1c) m\u00e0 kh\u00f4ng ph\u1ea3i c\u1eafm d\u00e2y s\u1ea1c<br \/>\n&#8211; Nh\u1eadn v\u00e0 t\u1eeb ch\u1ed1i cu\u1ed9c g\u1ecdi; next, back b\u00e0i h\u00e1t, t\u0103ng gi\u1ea3m \u00e2m l\u01b0\u1ee3ng; g\u1ecdi Siri.<br \/>\n&#8211; Thi\u1ebft k\u1ebf nh\u1ecf nh\u1eb9, vi\u1ec1n s\u1eed d\u1ee5ng ch\u1ea5t li\u1ec7u silicon cho c\u1ea3m gi\u00e1c tho\u1ea3i m\u00e1i khi \u0111eo<br \/>\n&#8211; M\u00e0n h\u00ecnh k\u1ef9 thu\u1eadt s\u1ed1 LED hi\u1ec3n th\u1ecb % pin v\u00e0 t\u00edn hi\u1ec7u s\u1ea1c tr\u00ean h\u1ed9p s\u1ea1c<br \/>\n&#8211; Hi\u1ec7u \u1ee9ng \u00e2m thanh v\u00f2m DHR+ t\u1ea1o n\u00ean ch\u1ea5t l\u01b0\u1ee3ng \u00e2m r\u1ea5t chuy\u00ean nghi\u1ec7p, s\u1eafc n\u00e9t<br \/>\n&#8211; C\u00f4ng ngh\u1ec7 ch\u1ed1ng n\u01b0\u1edbc IPX6 ,ch\u1ed1ng m\u1ed3 h\u00f4i, ch\u1ed1ng n\u01b0\u1edbc khi t\u1eadp luy\u1ec7n.<br \/>\n&#8211; S\u1ea3n ph\u1ea9m bao g\u1ed3m h\u01b0\u1edbng d\u1eabn s\u1eed d\u1ee5ng chi ti\u1ebft s\u1ea3n ph\u1ea9m, 1 c\u00e1p s\u1ea1c \u0111\u1ec3 s\u1ea1c cho h\u1ed9p s\u1ea1c, b\u1ed9 n\u00fat cao su v\u1edbi nhi\u1ec1u k\u00edch th\u01b0\u1edbc l\u1edbn nh\u1ecf<\/p>\n<div data-offset-key=\"2t25v-0-0\"><img class=\"emoji\" role=\"img\" src=\"https:\/\/s.w.org\/images\/core\/emoji\/13.1.0\/svg\/1f4a5.svg\" alt=\"\ud83d\udca5\" \/>\u00a0Cam k\u1ebft c\u1ee7a shop<\/div>\n<div class=\"o6r2urh6 buofh1pr datstx6m l9j0dhe7 k4urcfbm\" role=\"presentation\">\n<div class=\"k4urcfbm l9j0dhe7\">\n<div class=\"tojvnm2t a6sixzi8 k5wvi7nf q3lfd5jv pk4s997a bipmatt0 cebpdrjk qowsmv63 owwhemhu dp1hu0rb dhp61c6y l9j0dhe7 iyyx5f41 a8s20v7p\">\n<div class=\"rq0escxv buofh1pr df2bnetk ftjopcgk dati1w0a l9j0dhe7 k4urcfbm du4w35lb\">\n<div class=\"taijpn5t j83agx80\">\n<div class=\"gcieejh5 bn081pho humdl8nn izx4hr6d rq0escxv oo9gr5id t5a262vz jq4qci2q b1v8xokw datstx6m a3bd9o3v lzcic4wl ecm0bbzt rz4wbd8a sj5x9vvc a8nywdso k4urcfbm o8yuz56k\">\n<div class=\"rq0escxv datstx6m k4urcfbm a8c37x1j\">\n<div class=\"_5rp7\">\n<div class=\"_5rpb\">\n<div class=\"notranslate _5rpu\" role=\"textbox\" aria-label=\"Msb V\u0169ng T\u00e0u \u01a1i, b\u1ea1n \u0111ang ngh\u0129 g\u00ec th\u1ebf?\">\n<div data-offset-key=\"2t25v-0-0\">\n<div dir=\"auto\">\u00a0\u00a0<span class=\"x3nfvp2 x1j61x8r x1fcty0u xdj266r xhhsvwb xat24cr xgzva0m xxymvpz xlup9mm x1kky2od\"><img loading=\"lazy\" src=\"https:\/\/static.xx.fbcdn.net\/images\/emoji.php\/v9\/t33\/1\/16\/2705.png\" alt=\"\u2705\" width=\"16\" height=\"16\" \/>\u00a0<\/span>H\u00e0ng th\u1eadt nh\u01b0 h\u00ecnh<\/div>\n<div dir=\"auto\">\n<div dir=\"auto\"><span class=\"x3nfvp2 x1j61x8r x1fcty0u xdj266r xhhsvwb xat24cr xgzva0m xxymvpz xlup9mm x1kky2od\">\u00a0\u00a0<img loading=\"lazy\" src=\"https:\/\/static.xx.fbcdn.net\/images\/emoji.php\/v9\/t33\/1\/16\/2705.png\" alt=\"\u2705\" width=\"16\" height=\"16\" \/><\/span>\u00a0Giao h\u00e0ng nhanh to\u00e0n qu\u1ed1c<\/div>\n<div dir=\"auto\">\n<div dir=\"auto\"><span class=\"x3nfvp2 x1j61x8r x1fcty0u xdj266r xhhsvwb xat24cr xgzva0m xxymvpz xlup9mm x1kky2od\">\u00a0\u00a0<img loading=\"lazy\" src=\"https:\/\/static.xx.fbcdn.net\/images\/emoji.php\/v9\/t33\/1\/16\/2705.png\" alt=\"\u2705\" width=\"16\" height=\"16\" \/><\/span>\u00a0Mi\u1ec5n ship \u0111\u01a1n h\u00e0ng d\u01b0\u1edbi \u0300\u0300\u0300\u03005Km ho\u1eb7c \u0111\u01a1n tr\u00ean 500k<\/div>\n<div dir=\"auto\"><span class=\"x3nfvp2 x1j61x8r x1fcty0u xdj266r xhhsvwb xat24cr xgzva0m xxymvpz xlup9mm x1kky2od\">\u00a0\u00a0<img loading=\"lazy\" src=\"https:\/\/static.xx.fbcdn.net\/images\/emoji.php\/v9\/t33\/1\/16\/2705.png\" alt=\"\u2705\" width=\"16\" height=\"16\" \/><\/span>\u00a0\u0110\u01b0\u1ee3c ki\u1ec3m tra h\u00e0ng \u2013 d\u00f9ng th\u1eed tr\u01b0\u1edbc khi thanh to\u00e1n<\/div>\n<div dir=\"auto\"><span class=\"x3nfvp2 x1j61x8r x1fcty0u xdj266r xhhsvwb xat24cr xgzva0m xxymvpz xlup9mm x1kky2od\">\u00a0\u00a0<img loading=\"lazy\" src=\"https:\/\/static.xx.fbcdn.net\/images\/emoji.php\/v9\/t33\/1\/16\/2705.png\" alt=\"\u2705\" width=\"16\" height=\"16\" \/><\/span>\u00a0H\u1ed7 tr\u1ee3 k\u1ef9 thu\u1eadt \u2013 t\u01b0 v\u1ea5n tr\u1ecdn \u0111\u1eddi cho qu\u00fd kh\u00e1ch<\/div>\n<div dir=\"auto\"><span class=\"x3nfvp2 x1j61x8r x1fcty0u xdj266r xhhsvwb xat24cr xgzva0m xxymvpz xlup9mm x1kky2od\">\u00a0\u00a0<img loading=\"lazy\" src=\"https:\/\/static.xx.fbcdn.net\/images\/emoji.php\/v9\/t33\/1\/16\/2705.png\" alt=\"\u2705\" width=\"16\" height=\"16\" \/><\/span>\u00a0Cam k\u1ebft \u0111\u1ed5i tr\u1ea3 \u2013 ho\u00e0n ti\u1ec1n n\u1ebfu kh\u00f4ng \u0111\u00fang nh\u01b0 m\u00f4 t\u1ea3<\/div>\n<div dir=\"auto\"><\/div>\n<\/div>\n<\/div>\n<\/div>\n<div data-contents=\"true\">\n<div class=\"\" data-block=\"true\" data-editor=\"800u4\" data-offset-key=\"2t25v-0-0\">\n<div data-offset-key=\"2t25v-0-0\"><img class=\"emoji\" role=\"img\" src=\"https:\/\/s.w.org\/images\/core\/emoji\/13.1.0\/svg\/1f4a5.svg\" alt=\"\ud83d\udca5\" \/>\u00a0Th\u00f4ng tin b\u1ea3o h\u00e0nh<br \/>\n<img class=\"emoji\" role=\"img\" src=\"https:\/\/s.w.org\/images\/core\/emoji\/13.1.0\/svg\/2714.svg\" alt=\"\u2714\" \/>\u00a0Th\u1eddi gian b\u1ea3o h\u00e0nh: 1 Th\u00e1ng l\u1ed7i 1 \u0111\u1ed5i 1<\/div>\n<div data-offset-key=\"2t25v-0-0\"><\/div>\n<\/div>\n<div class=\"\" data-block=\"true\" data-editor=\"800u4\" data-offset-key=\"5i124-0-0\">\n<div class=\"_1mf _1mj\" data-offset-key=\"5i124-0-0\">\n<div dir=\"auto\"><span class=\"x3nfvp2 x1j61x8r x1fcty0u xdj266r xhhsvwb xat24cr xgzva0m xxymvpz xlup9mm x1kky2od\"><img loading=\"lazy\" src=\"https:\/\/static.xx.fbcdn.net\/images\/emoji.php\/v9\/tbe\/1\/16\/1f3c6.png\" alt=\"\ud83c\udfc6\" width=\"16\" height=\"16\" \/><\/span>\u00a0G\u1ea5u shop \u2013 Chuy\u00ean ph\u1ee5 ki\u1ec7n \u0111i\u1ec7n tho\u1ea1i, \u0111\u1ed3 c\u00f4ng ngh\u1ec7<\/div>\n<div dir=\"auto\"><span class=\"x3nfvp2 x1j61x8r x1fcty0u xdj266r xhhsvwb xat24cr xgzva0m xxymvpz xlup9mm x1kky2od\"><img loading=\"lazy\" src=\"https:\/\/static.xx.fbcdn.net\/images\/emoji.php\/v9\/t22\/1\/16\/260e.png\" alt=\"\u260e\ufe0f\" width=\"16\" height=\"16\" \/><\/span>\u00a0S\u0110T: 0797 180 750 \u2013 033 95 333 75 (Zalo)<\/div>\n<div dir=\"auto\"><span class=\"x3nfvp2 x1j61x8r x1fcty0u xdj266r xhhsvwb xat24cr xgzva0m xxymvpz xlup9mm x1kky2od\"><img loading=\"lazy\" src=\"https:\/\/static.xx.fbcdn.net\/images\/emoji.php\/v9\/tf6\/1\/16\/1f3e0.png\" alt=\"\ud83c\udfe0\" width=\"16\" height=\"16\" \/><\/span>\u00a0\u0110c: 213\/3\/1B L\u00ea H\u1ed3ng Phong \u2013 Ph\u01b0\u1eddng 8 \u2013 V\u0169ng T\u00e0u \u2013 BRVT.<\/div>\n<div dir=\"auto\"><span class=\"x3nfvp2 x1j61x8r x1fcty0u xdj266r xhhsvwb xat24cr xgzva0m xxymvpz xlup9mm x1kky2od\"><img loading=\"lazy\" src=\"https:\/\/static.xx.fbcdn.net\/images\/emoji.php\/v9\/tc0\/1\/16\/1f30e.png\" alt=\"\ud83c\udf0e\" width=\"16\" height=\"16\" \/><\/span>\u00a0Website:\u00a0<a class=\"x1i10hfl xjbqb8w x6umtig x1b1mbwd xaqea5y xav7gou x9f619 x1ypdohk xt0psk2 xe8uvvx xdj266r x11i5rnm xat24cr x1mh8g0r xexx8yu x4uap5 x18d9i69 xkhd6sd x16tdsg8 x1hl2dhg xggy1nq x1a2a7pz xt0b8zv x1fey0fg\" role=\"link\" href=\"http:\/\/phukienvungtau68.com\/?fbclid=IwAR2wRhSr0UIdFE0leNYrt-po4OyNt2dpVM00osxDYkJiOCqcVO8kRPb0EYY\" target=\"_blank\" rel=\"nofollow noopener noreferrer\">Phukienvungtau68.com<\/a><\/div>\n<\/div>\n<\/div>\n<\/div>\n<\/div>\n<\/div>\n<\/div>\n<\/div>\n<\/div>\n<\/div>\n<\/div>\n<\/div>\n<\/div>\n<\/div>\n","protected":false},"excerpt":{"rendered":"<p>Tai Nghe Bluetooth TG02 Kh\u00f4ng D\u00e2y True Wireless Nhe\u0301t Tai C\u1ea3m \u01af\u0301ng Ki\u00eam S\u1ea1c Pin D\u1ef1 Ph\u00f2ng, K\u1ebft n\u1ed1i nhanh \u2705 M\u00f4 t\u1ea3 s\u1ea3n ph\u1ea9m &#8211; Model : TG02 &#8211; Bluetooth: V5.1 &#8211; Th\u01a1\u0300i gian s\u01b0\u0309 du\u0323ng tai nghe: 5 gi\u01a1\u0300 &#8211; Th\u01a1\u0300i gian sa\u0323c: 1h -1,5h &#8211; Dung l\u01b0\u01a1\u0323ng pin tai nghe: 40 mAh<\/p>\n","protected":false},"featured_media":1281,"template":"","meta":{"om_disable_all_campaigns":false,"_monsterinsights_skip_tracking":false,"_monsterinsights_sitenote_active":false,"_monsterinsights_sitenote_note":"","_monsterinsights_sitenote_category":0},"product_cat":[18],"product_tag":[],"_links":{"self":[{"href":"https:\/\/phukienvungtau68.com\/index.php\/wp-json\/wp\/v2\/product\/1279"}],"collection":[{"href":"https:\/\/phukienvungtau68.com\/index.php\/wp-json\/wp\/v2\/product"}],"about":[{"href":"https:\/\/phukienvungtau68.com\/index.php\/wp-json\/wp\/v2\/types\/product"}],"wp:featuredmedia":[{"embeddable":true,"href":"https:\/\/phukienvungtau68.com\/index.php\/wp-json\/wp\/v2\/media\/1281"}],"wp:attachment":[{"href":"https:\/\/phukienvungtau68.com\/index.php\/wp-json\/wp\/v2\/media?parent=1279"}],"wp:term":[{"taxonomy":"product_cat","embeddable":true,"href":"https:\/\/phukienvungtau68.com\/index.php\/wp-json\/wp\/v2\/product_cat?post=1279"},{"taxonomy":"product_tag","embeddable":true,"href":"https:\/\/phukienvungtau68.com\/index.php\/wp-json\/wp\/v2\/product_tag?post=1279"}],"curies":[{"name":"wp","href":"https:\/\/api.w.org\/{rel}","templated":true}]}}