{"id":1404,"date":"2024-04-28T21:46:40","date_gmt":"2024-04-28T14:46:40","guid":{"rendered":"http:\/\/phukienvungtau68.com\/?post_type=product&#038;p=1404"},"modified":"2024-05-01T23:08:24","modified_gmt":"2024-05-01T16:08:24","slug":"cap-sac-nhanh-iphone-15-type-c-to-type-c-60w-pd-3-0-5a-dung-cho-iphone-15-macbook-pro-air-laptop-samsung","status":"publish","type":"product","link":"https:\/\/phukienvungtau68.com\/index.php\/product\/cap-sac-nhanh-iphone-15-type-c-to-type-c-60w-pd-3-0-5a-dung-cho-iphone-15-macbook-pro-air-laptop-samsung\/","title":{"rendered":"C\u00e1p s\u1ea1c nhanh iphone 15 Type C to Type C&hellip;"},"content":{"rendered":"<p>\u2705 M\u00f4 T\u1ea3 S\u1ea3n Ph\u1ea9m:<br \/>\n&#8211; D\u00e2y s\u1ea1c 2 \u0111\u1ea7u c\u1eafm \u0111\u1ec1u l\u00e0 Type C<br \/>\n&#8211; C\u00f4ng su\u1ea5t s\u1ea1c nhanh t\u1ed1i \u0111a l\u00ean \u0111\u1ebfn 60W<br \/>\n&#8211; S\u1ea3n ph\u1ea9m \u0111\u00f3ng h\u1ed9p nguy\u00ean seal<br \/>\n&#8211; D\u00e2y m\u00e0u tr\u1eafng d\u00e0i 1m, thi\u1ebft k\u1ebf c\u1ef1c k\u1ef3 ch\u1eafc ch\u1eafn, ch\u1ed1ng \u0111\u1ee9t g\u00e3y.<br \/>\n&#8211; D\u00f9ng \u0111\u01b0\u1ee3c cho iphone 15\/15pro\/15promax, Macbook Pro Air, Laptop v\u00e0 c\u00e1c d\u00f2ng \u0111i\u1ec7n tho\u1ea1i kh\u00e1c nh\u01b0 Samsung, oppo&#8230;d\u00f9ng ch\u00e2n sac Type C.<\/p>\n<div data-offset-key=\"2t25v-0-0\"><img class=\"emoji\" role=\"img\" src=\"https:\/\/s.w.org\/images\/core\/emoji\/13.1.0\/svg\/1f4a5.svg\" alt=\"\ud83d\udca5\" \/>\u00a0Cam k\u1ebft c\u1ee7a shop<\/div>\n<div class=\"o6r2urh6 buofh1pr datstx6m l9j0dhe7 k4urcfbm\" role=\"presentation\">\n<div class=\"k4urcfbm l9j0dhe7\">\n<div class=\"tojvnm2t a6sixzi8 k5wvi7nf q3lfd5jv pk4s997a bipmatt0 cebpdrjk qowsmv63 owwhemhu dp1hu0rb dhp61c6y l9j0dhe7 iyyx5f41 a8s20v7p\">\n<div class=\"rq0escxv buofh1pr df2bnetk ftjopcgk dati1w0a l9j0dhe7 k4urcfbm du4w35lb\">\n<div class=\"taijpn5t j83agx80\">\n<div class=\"gcieejh5 bn081pho humdl8nn izx4hr6d rq0escxv oo9gr5id t5a262vz jq4qci2q b1v8xokw datstx6m a3bd9o3v lzcic4wl ecm0bbzt rz4wbd8a sj5x9vvc a8nywdso k4urcfbm o8yuz56k\">\n<div class=\"rq0escxv datstx6m k4urcfbm a8c37x1j\">\n<div class=\"_5rp7\">\n<div class=\"_5rpb\">\n<div class=\"notranslate _5rpu\" role=\"textbox\" aria-label=\"Msb V\u0169ng T\u00e0u \u01a1i, b\u1ea1n \u0111ang ngh\u0129 g\u00ec th\u1ebf?\">\n<div data-offset-key=\"2t25v-0-0\">\n<div dir=\"auto\">\u00a0\u00a0<span class=\"x3nfvp2 x1j61x8r x1fcty0u xdj266r xhhsvwb xat24cr xgzva0m xxymvpz xlup9mm x1kky2od\"><img loading=\"lazy\" src=\"https:\/\/static.xx.fbcdn.net\/images\/emoji.php\/v9\/t33\/1\/16\/2705.png\" alt=\"\u2705\" width=\"16\" height=\"16\" \/>\u00a0<\/span>H\u00e0ng th\u1eadt nh\u01b0 h\u00ecnh<\/div>\n<div dir=\"auto\">\n<div dir=\"auto\"><span class=\"x3nfvp2 x1j61x8r x1fcty0u xdj266r xhhsvwb xat24cr xgzva0m xxymvpz xlup9mm x1kky2od\">\u00a0\u00a0<img loading=\"lazy\" src=\"https:\/\/static.xx.fbcdn.net\/images\/emoji.php\/v9\/t33\/1\/16\/2705.png\" alt=\"\u2705\" width=\"16\" height=\"16\" \/><\/span>\u00a0Giao h\u00e0ng nhanh to\u00e0n qu\u1ed1c<\/div>\n<div dir=\"auto\">\n<div dir=\"auto\"><span class=\"x3nfvp2 x1j61x8r x1fcty0u xdj266r xhhsvwb xat24cr xgzva0m xxymvpz xlup9mm x1kky2od\">\u00a0\u00a0<img loading=\"lazy\" src=\"https:\/\/static.xx.fbcdn.net\/images\/emoji.php\/v9\/t33\/1\/16\/2705.png\" alt=\"\u2705\" width=\"16\" height=\"16\" \/><\/span>\u00a0Mi\u1ec5n ph\u00ed ship<\/div>\n<div dir=\"auto\"><span class=\"x3nfvp2 x1j61x8r x1fcty0u xdj266r xhhsvwb xat24cr xgzva0m xxymvpz xlup9mm x1kky2od\">\u00a0\u00a0<img loading=\"lazy\" src=\"https:\/\/static.xx.fbcdn.net\/images\/emoji.php\/v9\/t33\/1\/16\/2705.png\" alt=\"\u2705\" width=\"16\" height=\"16\" \/><\/span>\u00a0\u0110\u01b0\u1ee3c ki\u1ec3m tra h\u00e0ng \u2013 d\u00f9ng th\u1eed tr\u01b0\u1edbc khi thanh to\u00e1n<\/div>\n<div dir=\"auto\"><span class=\"x3nfvp2 x1j61x8r x1fcty0u xdj266r xhhsvwb xat24cr xgzva0m xxymvpz xlup9mm x1kky2od\">\u00a0\u00a0<img loading=\"lazy\" src=\"https:\/\/static.xx.fbcdn.net\/images\/emoji.php\/v9\/t33\/1\/16\/2705.png\" alt=\"\u2705\" width=\"16\" height=\"16\" \/><\/span>\u00a0H\u1ed7 tr\u1ee3 k\u1ef9 thu\u1eadt \u2013 t\u01b0 v\u1ea5n tr\u1ecdn \u0111\u1eddi cho qu\u00fd kh\u00e1ch<\/div>\n<div dir=\"auto\"><span class=\"x3nfvp2 x1j61x8r x1fcty0u xdj266r xhhsvwb xat24cr xgzva0m xxymvpz xlup9mm x1kky2od\">\u00a0\u00a0<img loading=\"lazy\" src=\"https:\/\/static.xx.fbcdn.net\/images\/emoji.php\/v9\/t33\/1\/16\/2705.png\" alt=\"\u2705\" width=\"16\" height=\"16\" \/><\/span>\u00a0Cam k\u1ebft \u0111\u1ed5i tr\u1ea3 \u2013 ho\u00e0n ti\u1ec1n n\u1ebfu kh\u00f4ng \u0111\u00fang nh\u01b0 m\u00f4 t\u1ea3<\/div>\n<div dir=\"auto\"><\/div>\n<\/div>\n<\/div>\n<\/div>\n<div data-contents=\"true\">\n<div class=\"\" data-block=\"true\" data-editor=\"800u4\" data-offset-key=\"2t25v-0-0\">\n<div data-offset-key=\"2t25v-0-0\"><img class=\"emoji\" role=\"img\" src=\"https:\/\/s.w.org\/images\/core\/emoji\/13.1.0\/svg\/1f4a5.svg\" alt=\"\ud83d\udca5\" \/>\u00a0Th\u00f4ng tin b\u1ea3o h\u00e0nh<br \/>\n<img class=\"emoji\" role=\"img\" src=\"https:\/\/s.w.org\/images\/core\/emoji\/13.1.0\/svg\/2714.svg\" alt=\"\u2714\" \/>\u00a0 Th\u1eddi gian b\u1ea3o h\u00e0nh: 6 Th\u00e1ng l\u1ed7i 1 \u0111\u1ed5i 1<\/div>\n<div data-offset-key=\"2t25v-0-0\"><\/div>\n<\/div>\n<div class=\"\" data-block=\"true\" data-editor=\"800u4\" data-offset-key=\"5i124-0-0\">\n<div class=\"_1mf _1mj\" data-offset-key=\"5i124-0-0\">\n<div dir=\"auto\"><span class=\"x3nfvp2 x1j61x8r x1fcty0u xdj266r xhhsvwb xat24cr xgzva0m xxymvpz xlup9mm x1kky2od\"><img loading=\"lazy\" src=\"https:\/\/static.xx.fbcdn.net\/images\/emoji.php\/v9\/tbe\/1\/16\/1f3c6.png\" alt=\"\ud83c\udfc6\" width=\"16\" height=\"16\" \/><\/span>\u00a0G\u1ea5u shop \u2013 Chuy\u00ean ph\u1ee5 ki\u1ec7n \u0111i\u1ec7n tho\u1ea1i, \u0111\u1ed3 c\u00f4ng ngh\u1ec7<\/div>\n<div dir=\"auto\"><span class=\"x3nfvp2 x1j61x8r x1fcty0u xdj266r xhhsvwb xat24cr xgzva0m xxymvpz xlup9mm x1kky2od\"><img loading=\"lazy\" src=\"https:\/\/static.xx.fbcdn.net\/images\/emoji.php\/v9\/t22\/1\/16\/260e.png\" alt=\"\u260e\ufe0f\" width=\"16\" height=\"16\" \/><\/span>\u00a0S\u0110T: 0797 180 750 \u2013 033 95 333 75 (Zalo)<\/div>\n<div dir=\"auto\"><span class=\"x3nfvp2 x1j61x8r x1fcty0u xdj266r xhhsvwb xat24cr xgzva0m xxymvpz xlup9mm x1kky2od\"><img loading=\"lazy\" src=\"https:\/\/static.xx.fbcdn.net\/images\/emoji.php\/v9\/tf6\/1\/16\/1f3e0.png\" alt=\"\ud83c\udfe0\" width=\"16\" height=\"16\" \/><\/span>\u00a0\u0110c: 213\/3\/1B L\u00ea H\u1ed3ng Phong \u2013 Ph\u01b0\u1eddng 8 \u2013 V\u0169ng T\u00e0u \u2013 BRVT.<\/div>\n<div dir=\"auto\"><span class=\"x3nfvp2 x1j61x8r x1fcty0u xdj266r xhhsvwb xat24cr xgzva0m xxymvpz xlup9mm x1kky2od\"><img loading=\"lazy\" src=\"https:\/\/static.xx.fbcdn.net\/images\/emoji.php\/v9\/tc0\/1\/16\/1f30e.png\" alt=\"\ud83c\udf0e\" width=\"16\" height=\"16\" \/><\/span>\u00a0Website:\u00a0<a class=\"x1i10hfl xjbqb8w x6umtig x1b1mbwd xaqea5y xav7gou x9f619 x1ypdohk xt0psk2 xe8uvvx xdj266r x11i5rnm xat24cr x1mh8g0r xexx8yu x4uap5 x18d9i69 xkhd6sd x16tdsg8 x1hl2dhg xggy1nq x1a2a7pz xt0b8zv x1fey0fg\" role=\"link\" href=\"http:\/\/phukienvungtau68.com\/?fbclid=IwAR2wRhSr0UIdFE0leNYrt-po4OyNt2dpVM00osxDYkJiOCqcVO8kRPb0EYY\" target=\"_blank\" rel=\"nofollow noopener noreferrer\">Phukienvungtau68.com<\/a><\/div>\n<div dir=\"auto\">\u00a0 \u00a0 \u00a0Fanpage: G\u1ea5u shop &#8211; Ph\u1ee5 ki\u1ec7n \u0111i\u1ec7n tho\u1ea1i V\u0169ng T\u00e0u<\/div>\n<\/div>\n<\/div>\n<\/div>\n<\/div>\n<\/div>\n<\/div>\n<\/div>\n<\/div>\n<\/div>\n<\/div>\n<\/div>\n<\/div>\n<\/div>\n","protected":false},"excerpt":{"rendered":"<p>\u2705 M\u00f4 T\u1ea3 S\u1ea3n Ph\u1ea9m: &#8211; D\u00e2y s\u1ea1c 2 \u0111\u1ea7u c\u1eafm \u0111\u1ec1u l\u00e0 Type C &#8211; C\u00f4ng su\u1ea5t s\u1ea1c nhanh t\u1ed1i \u0111a l\u00ean \u0111\u1ebfn 60W &#8211; S\u1ea3n ph\u1ea9m \u0111\u00f3ng h\u1ed9p nguy\u00ean seal &#8211; D\u00e2y m\u00e0u tr\u1eafng d\u00e0i 1m, thi\u1ebft k\u1ebf c\u1ef1c k\u1ef3 ch\u1eafc ch\u1eafn, ch\u1ed1ng \u0111\u1ee9t g\u00e3y. &#8211; D\u00f9ng \u0111\u01b0\u1ee3c cho iphone 15\/15pro\/15promax, Macbook Pro<\/p>\n","protected":false},"featured_media":1407,"template":"","meta":{"om_disable_all_campaigns":false,"_monsterinsights_skip_tracking":false,"_monsterinsights_sitenote_active":false,"_monsterinsights_sitenote_note":"","_monsterinsights_sitenote_category":0},"product_cat":[31,34],"product_tag":[],"_links":{"self":[{"href":"https:\/\/phukienvungtau68.com\/index.php\/wp-json\/wp\/v2\/product\/1404"}],"collection":[{"href":"https:\/\/phukienvungtau68.com\/index.php\/wp-json\/wp\/v2\/product"}],"about":[{"href":"https:\/\/phukienvungtau68.com\/index.php\/wp-json\/wp\/v2\/types\/product"}],"wp:featuredmedia":[{"embeddable":true,"href":"https:\/\/phukienvungtau68.com\/index.php\/wp-json\/wp\/v2\/media\/1407"}],"wp:attachment":[{"href":"https:\/\/phukienvungtau68.com\/index.php\/wp-json\/wp\/v2\/media?parent=1404"}],"wp:term":[{"taxonomy":"product_cat","embeddable":true,"href":"https:\/\/phukienvungtau68.com\/index.php\/wp-json\/wp\/v2\/product_cat?post=1404"},{"taxonomy":"product_tag","embeddable":true,"href":"https:\/\/phukienvungtau68.com\/index.php\/wp-json\/wp\/v2\/product_tag?post=1404"}],"curies":[{"name":"wp","href":"https:\/\/api.w.org\/{rel}","templated":true}]}}