{"id":1433,"date":"2024-05-02T12:21:04","date_gmt":"2024-05-02T05:21:04","guid":{"rendered":"http:\/\/phukienvungtau68.com\/?post_type=product&#038;p=1433"},"modified":"2024-05-12T10:02:22","modified_gmt":"2024-05-12T03:02:22","slug":"bo-sac-nhanh-samsung-25w-dung-duoc-cho-cac-dong-may-co-chan-sac-type-c-nhu-samsung-oppo-iphone-15-va-cac-dong-may-khac","status":"publish","type":"product","link":"https:\/\/phukienvungtau68.com\/index.php\/product\/bo-sac-nhanh-samsung-25w-dung-duoc-cho-cac-dong-may-co-chan-sac-type-c-nhu-samsung-oppo-iphone-15-va-cac-dong-may-khac\/","title":{"rendered":"B\u1ed9 s\u1ea1c nhanh Samsung 25W d\u00f9ng \u0111\u01b0\u1ee3c cho c\u00e1c d\u00f2ng&hellip;"},"content":{"rendered":"<div class=\"xdj266r x11i5rnm xat24cr x1mh8g0r x1vvkbs x126k92a\">\n<div dir=\"auto\">B\u1ed9 s\u1ea1c nhanh Samsung 25W Cho C\u00e1c d\u00f2ng m\u00e1y Ch\u00e2n S\u1ea1c Type C<\/div>\n<div dir=\"auto\"><span class=\"x3nfvp2 x1j61x8r x1fcty0u xdj266r xhhsvwb xat24cr xgzva0m xxymvpz xlup9mm x1kky2od\"><img loading=\"lazy\" class=\"xz74otr\" src=\"https:\/\/static.xx.fbcdn.net\/images\/emoji.php\/v9\/t6e\/1\/16\/1f534.png\" alt=\"\ud83d\udd34\" width=\"16\" height=\"16\" \/><\/span> Gi\u00e1 b\u00e1n: 180k\/b\u1ed9 &#8211; Freeship + b\u1ea3o h\u00e0nh 6 th\u00e1ng<\/div>\n<div dir=\"auto\"><img class=\"emoji\" role=\"img\" src=\"https:\/\/s.w.org\/images\/core\/emoji\/13.1.0\/svg\/2705.svg\" alt=\"\u2705\" \/> Th\u00f4ng tin s\u1ea3n ph\u1ea9m:<\/div>\n<div dir=\"auto\">&#8211; Tr\u1ecdn b\u1ed9 g\u1ed3m: C\u1ee7 s\u1ea1c nhanh 25W + 1 d\u00e2y \u0111\u1ea7u type C &#8211; Type C.<\/div>\n<div dir=\"auto\">&#8211; Th\u00f4ng s\u1ed1 s\u1ea1c: Chu\u1ea9n 25W (9V &#8211; 2,77A. 5V &#8211; 3A)<\/div>\n<div dir=\"auto\">&#8211; \u0110\u1ed9 d\u00e0i d\u00e2y: 1m ( 2 \u0110\u1ea7u Type C )<\/div>\n<div dir=\"auto\">&#8211; M\u00e0u s\u1eafc: \u0110en tr\u1eafng<\/div>\n<div dir=\"auto\">\u00a0&#8211; S\u1ea1c samsung 25w t\u01b0\u01a1ng th\u00edch v\u1edbi t\u1ea5t c\u1ea3 d\u00f2ng m\u00e1y h\u1ed7 tr\u1ee3 s\u1ea1c nhanh c\u1ee7a Samsung v\u00e0 nhi\u1ec1u m\u00e1y android kh\u00e1c<br \/>\n&#8211; S\u1ea1c samsung 25w \u0111\u1ea3m b\u1ea3o an to\u00e0n khi s\u1ea1c, kh\u00f4ng lo\u1ea1n c\u1ea3m \u1ee9ng.<br \/>\n&#8211; S\u1ea1c samsung 25w l\u00e0m t\u1eeb ch\u1ea5t li\u1ec7u nh\u1ef1a t\u1ed5ng h\u1ee3p b\u1ec1n b\u1ec9, ch\u1ed1ng qu\u00e1 nhi\u1ec7t<br \/>\n&#8211; C\u00f4ng su\u1ea5t s\u1ea1c 25W cho kh\u1ea3 n\u0103ng s\u1ea1c nhanh h\u01a1n 30 ph\u00fat<br \/>\n&#8211; Thi\u1ebft k\u1ebf c\u1ee7a s\u1ea1c samsung 25w c\u00f3 \u0111\u1ebf c\u1eafm 2 ch\u1ea5u, d\u1ec5 d\u00e0ng t\u01b0\u01a1ng th\u00edch c\u00e1c thi\u1ebft b\u1ecb v\u1edbi m\u1ecdi \u1ed5 c\u1eafm<\/div>\n<div dir=\"auto\"><\/div>\n<div dir=\"auto\"><img class=\"emoji\" role=\"img\" src=\"https:\/\/s.w.org\/images\/core\/emoji\/13.1.0\/svg\/2705.svg\" alt=\"\u2705\" \/> Ch\u00ednh s\u00e1ch b\u1ea3o h\u00e0nh<\/div>\n<div dir=\"auto\">\u00a0 &#8211; Th\u1eddi gian b\u1ea3o h\u00e0nh: 6 th\u00e1ng l\u1ed7i \u0111\u1ed5i s\u1ea3n ph\u1ea9m m\u1edbi<\/div>\n<div dir=\"auto\"><\/div>\n<\/div>\n<div class=\"x11i5rnm xat24cr x1mh8g0r x1vvkbs xtlvy1s x126k92a\">\n<div dir=\"auto\"><span class=\"x3nfvp2 x1j61x8r x1fcty0u xdj266r xhhsvwb xat24cr xgzva0m xxymvpz xlup9mm x1kky2od\"><img loading=\"lazy\" class=\"xz74otr\" src=\"https:\/\/static.xx.fbcdn.net\/images\/emoji.php\/v9\/t4b\/1\/16\/2796.png\" alt=\"\u2796\" width=\"16\" height=\"16\" \/><\/span> <span class=\"x3nfvp2 x1j61x8r x1fcty0u xdj266r xhhsvwb xat24cr xgzva0m xxymvpz xlup9mm x1kky2od\"><img loading=\"lazy\" class=\"xz74otr\" src=\"https:\/\/static.xx.fbcdn.net\/images\/emoji.php\/v9\/t4b\/1\/16\/2796.png\" alt=\"\u2796\" width=\"16\" height=\"16\" \/><\/span> <span class=\"x3nfvp2 x1j61x8r x1fcty0u xdj266r xhhsvwb xat24cr xgzva0m xxymvpz xlup9mm x1kky2od\"><img loading=\"lazy\" class=\"xz74otr\" src=\"https:\/\/static.xx.fbcdn.net\/images\/emoji.php\/v9\/t4b\/1\/16\/2796.png\" alt=\"\u2796\" width=\"16\" height=\"16\" \/><\/span><span class=\"x3nfvp2 x1j61x8r x1fcty0u xdj266r xhhsvwb xat24cr xgzva0m xxymvpz xlup9mm x1kky2od\"><img loading=\"lazy\" class=\"xz74otr\" src=\"https:\/\/static.xx.fbcdn.net\/images\/emoji.php\/v9\/t1e\/1\/16\/1f33f.png\" alt=\"\ud83c\udf3f\" width=\"16\" height=\"16\" \/><\/span> <span class=\"x3nfvp2 x1j61x8r x1fcty0u xdj266r xhhsvwb xat24cr xgzva0m xxymvpz xlup9mm x1kky2od\"><img loading=\"lazy\" class=\"xz74otr\" src=\"https:\/\/static.xx.fbcdn.net\/images\/emoji.php\/v9\/t1e\/1\/16\/1f33f.png\" alt=\"\ud83c\udf3f\" width=\"16\" height=\"16\" \/><\/span><span class=\"x3nfvp2 x1j61x8r x1fcty0u xdj266r xhhsvwb xat24cr xgzva0m xxymvpz xlup9mm x1kky2od\"><img loading=\"lazy\" class=\"xz74otr\" src=\"https:\/\/static.xx.fbcdn.net\/images\/emoji.php\/v9\/t1e\/1\/16\/1f33f.png\" alt=\"\ud83c\udf3f\" width=\"16\" height=\"16\" \/><\/span><span class=\"x3nfvp2 x1j61x8r x1fcty0u xdj266r xhhsvwb xat24cr xgzva0m xxymvpz xlup9mm x1kky2od\"><img loading=\"lazy\" class=\"xz74otr\" src=\"https:\/\/static.xx.fbcdn.net\/images\/emoji.php\/v9\/t1e\/1\/16\/1f33f.png\" alt=\"\ud83c\udf3f\" width=\"16\" height=\"16\" \/><\/span><span class=\"x3nfvp2 x1j61x8r x1fcty0u xdj266r xhhsvwb xat24cr xgzva0m xxymvpz xlup9mm x1kky2od\"><img loading=\"lazy\" class=\"xz74otr\" src=\"https:\/\/static.xx.fbcdn.net\/images\/emoji.php\/v9\/t1e\/1\/16\/1f33f.png\" alt=\"\ud83c\udf3f\" width=\"16\" height=\"16\" \/><\/span><span class=\"x3nfvp2 x1j61x8r x1fcty0u xdj266r xhhsvwb xat24cr xgzva0m xxymvpz xlup9mm x1kky2od\"><img loading=\"lazy\" class=\"xz74otr\" src=\"https:\/\/static.xx.fbcdn.net\/images\/emoji.php\/v9\/t1e\/1\/16\/1f33f.png\" alt=\"\ud83c\udf3f\" width=\"16\" height=\"16\" \/><\/span><span class=\"x3nfvp2 x1j61x8r x1fcty0u xdj266r xhhsvwb xat24cr xgzva0m xxymvpz xlup9mm x1kky2od\"><img loading=\"lazy\" class=\"xz74otr\" src=\"https:\/\/static.xx.fbcdn.net\/images\/emoji.php\/v9\/t4b\/1\/16\/2796.png\" alt=\"\u2796\" width=\"16\" height=\"16\" \/><\/span> <span class=\"x3nfvp2 x1j61x8r x1fcty0u xdj266r xhhsvwb xat24cr xgzva0m xxymvpz xlup9mm x1kky2od\"><img loading=\"lazy\" class=\"xz74otr\" src=\"https:\/\/static.xx.fbcdn.net\/images\/emoji.php\/v9\/t4b\/1\/16\/2796.png\" alt=\"\u2796\" width=\"16\" height=\"16\" \/><\/span> <span class=\"x3nfvp2 x1j61x8r x1fcty0u xdj266r xhhsvwb xat24cr xgzva0m xxymvpz xlup9mm x1kky2od\"><img loading=\"lazy\" class=\"xz74otr\" src=\"https:\/\/static.xx.fbcdn.net\/images\/emoji.php\/v9\/t4b\/1\/16\/2796.png\" alt=\"\u2796\" width=\"16\" height=\"16\" \/><\/span><\/div>\n<div dir=\"auto\"><span class=\"x3nfvp2 x1j61x8r x1fcty0u xdj266r xhhsvwb xat24cr xgzva0m xxymvpz xlup9mm x1kky2od\"><img loading=\"lazy\" class=\"xz74otr\" src=\"https:\/\/static.xx.fbcdn.net\/images\/emoji.php\/v9\/t33\/1\/16\/2705.png\" alt=\"\u2705\" width=\"16\" height=\"16\" \/><\/span> Mi\u1ec5n ph\u00ed ship, giao h\u00e0ng nhanh to\u00e0n qu\u1ed1c.<\/div>\n<div dir=\"auto\"><span class=\"x3nfvp2 x1j61x8r x1fcty0u xdj266r xhhsvwb xat24cr xgzva0m xxymvpz xlup9mm x1kky2od\"><img loading=\"lazy\" class=\"xz74otr\" src=\"https:\/\/static.xx.fbcdn.net\/images\/emoji.php\/v9\/t33\/1\/16\/2705.png\" alt=\"\u2705\" width=\"16\" height=\"16\" \/><\/span> \u0110\u01b0\u1ee3c ki\u1ec3m tra h\u00e0ng &#8211; d\u00f9ng th\u1eed tr\u01b0\u1edbc khi thanh to\u00e1n<\/div>\n<div dir=\"auto\"><span class=\"x3nfvp2 x1j61x8r x1fcty0u xdj266r xhhsvwb xat24cr xgzva0m xxymvpz xlup9mm x1kky2od\"><img loading=\"lazy\" class=\"xz74otr\" src=\"https:\/\/static.xx.fbcdn.net\/images\/emoji.php\/v9\/t33\/1\/16\/2705.png\" alt=\"\u2705\" width=\"16\" height=\"16\" \/><\/span> \u0110\u01b0\u1ee3c \u0111\u1ed5i tr\u1ea3 &#8211; ho\u00e0n ti\u1ec1n n\u1ebfu kh\u00f4ng \u0111\u00fang nh\u01b0 m\u00f4 t\u1ea3<\/div>\n<div dir=\"auto\"><span class=\"x3nfvp2 x1j61x8r x1fcty0u xdj266r xhhsvwb xat24cr xgzva0m xxymvpz xlup9mm x1kky2od\"><img loading=\"lazy\" class=\"xz74otr\" src=\"https:\/\/static.xx.fbcdn.net\/images\/emoji.php\/v9\/t33\/1\/16\/2705.png\" alt=\"\u2705\" width=\"16\" height=\"16\" \/><\/span> \u0110\u01b0\u1ee3c nghe th\u1eed c\u00e1c m\u1eabu tai nghe t\u1ea1i shop<\/div>\n<div dir=\"auto\"><span class=\"x3nfvp2 x1j61x8r x1fcty0u xdj266r xhhsvwb xat24cr xgzva0m xxymvpz xlup9mm x1kky2od\"><img loading=\"lazy\" class=\"xz74otr\" src=\"https:\/\/static.xx.fbcdn.net\/images\/emoji.php\/v9\/t33\/1\/16\/2705.png\" alt=\"\u2705\" width=\"16\" height=\"16\" \/><\/span> H\u1ed7 tr\u1ee3 k\u1ef9 thu\u1eadt &#8211; t\u01b0 v\u1ea5n tr\u1ecdn \u0111\u1eddi cho qu\u00fd kh\u00e1ch<\/div>\n<div dir=\"auto\"><span class=\"x3nfvp2 x1j61x8r x1fcty0u xdj266r xhhsvwb xat24cr xgzva0m xxymvpz xlup9mm x1kky2od\"><img loading=\"lazy\" class=\"xz74otr\" src=\"https:\/\/static.xx.fbcdn.net\/images\/emoji.php\/v9\/t4b\/1\/16\/2796.png\" alt=\"\u2796\" width=\"16\" height=\"16\" \/><\/span> <span class=\"x3nfvp2 x1j61x8r x1fcty0u xdj266r xhhsvwb xat24cr xgzva0m xxymvpz xlup9mm x1kky2od\"><img loading=\"lazy\" class=\"xz74otr\" src=\"https:\/\/static.xx.fbcdn.net\/images\/emoji.php\/v9\/t4b\/1\/16\/2796.png\" alt=\"\u2796\" width=\"16\" height=\"16\" \/><\/span> <span class=\"x3nfvp2 x1j61x8r x1fcty0u xdj266r xhhsvwb xat24cr xgzva0m xxymvpz xlup9mm x1kky2od\"><img loading=\"lazy\" class=\"xz74otr\" src=\"https:\/\/static.xx.fbcdn.net\/images\/emoji.php\/v9\/t4b\/1\/16\/2796.png\" alt=\"\u2796\" width=\"16\" height=\"16\" \/><\/span><span class=\"x3nfvp2 x1j61x8r x1fcty0u xdj266r xhhsvwb xat24cr xgzva0m xxymvpz xlup9mm x1kky2od\"><img loading=\"lazy\" class=\"xz74otr\" src=\"https:\/\/static.xx.fbcdn.net\/images\/emoji.php\/v9\/tbd\/1\/16\/26d4.png\" alt=\"\u26d4\" width=\"16\" height=\"16\" \/><\/span><span class=\"x3nfvp2 x1j61x8r x1fcty0u xdj266r xhhsvwb xat24cr xgzva0m xxymvpz xlup9mm x1kky2od\"><img loading=\"lazy\" class=\"xz74otr\" src=\"https:\/\/static.xx.fbcdn.net\/images\/emoji.php\/v9\/tbd\/1\/16\/26d4.png\" alt=\"\u26d4\" width=\"16\" height=\"16\" \/><\/span><span class=\"x3nfvp2 x1j61x8r x1fcty0u xdj266r xhhsvwb xat24cr xgzva0m xxymvpz xlup9mm x1kky2od\"><img loading=\"lazy\" class=\"xz74otr\" src=\"https:\/\/static.xx.fbcdn.net\/images\/emoji.php\/v9\/tbd\/1\/16\/26d4.png\" alt=\"\u26d4\" width=\"16\" height=\"16\" \/><\/span><span class=\"x3nfvp2 x1j61x8r x1fcty0u xdj266r xhhsvwb xat24cr xgzva0m xxymvpz xlup9mm x1kky2od\"><img loading=\"lazy\" class=\"xz74otr\" src=\"https:\/\/static.xx.fbcdn.net\/images\/emoji.php\/v9\/t14\/1\/16\/2618.png\" alt=\"\u2618\ufe0f\" width=\"16\" height=\"16\" \/><\/span><span class=\"x3nfvp2 x1j61x8r x1fcty0u xdj266r xhhsvwb xat24cr xgzva0m xxymvpz xlup9mm x1kky2od\"><img loading=\"lazy\" class=\"xz74otr\" src=\"https:\/\/static.xx.fbcdn.net\/images\/emoji.php\/v9\/t14\/1\/16\/2618.png\" alt=\"\u2618\ufe0f\" width=\"16\" height=\"16\" \/><\/span><span class=\"x3nfvp2 x1j61x8r x1fcty0u xdj266r xhhsvwb xat24cr xgzva0m xxymvpz xlup9mm x1kky2od\"><img loading=\"lazy\" class=\"xz74otr\" src=\"https:\/\/static.xx.fbcdn.net\/images\/emoji.php\/v9\/t14\/1\/16\/2618.png\" alt=\"\u2618\ufe0f\" width=\"16\" height=\"16\" \/><\/span><span class=\"x3nfvp2 x1j61x8r x1fcty0u xdj266r xhhsvwb xat24cr xgzva0m xxymvpz xlup9mm x1kky2od\"><img loading=\"lazy\" class=\"xz74otr\" src=\"https:\/\/static.xx.fbcdn.net\/images\/emoji.php\/v9\/t4b\/1\/16\/2796.png\" alt=\"\u2796\" width=\"16\" height=\"16\" \/><\/span> <span class=\"x3nfvp2 x1j61x8r x1fcty0u xdj266r xhhsvwb xat24cr xgzva0m xxymvpz xlup9mm x1kky2od\"><img loading=\"lazy\" class=\"xz74otr\" src=\"https:\/\/static.xx.fbcdn.net\/images\/emoji.php\/v9\/t4b\/1\/16\/2796.png\" alt=\"\u2796\" width=\"16\" height=\"16\" \/><\/span> <span class=\"x3nfvp2 x1j61x8r x1fcty0u xdj266r xhhsvwb xat24cr xgzva0m xxymvpz xlup9mm x1kky2od\"><img loading=\"lazy\" class=\"xz74otr\" src=\"https:\/\/static.xx.fbcdn.net\/images\/emoji.php\/v9\/t4b\/1\/16\/2796.png\" alt=\"\u2796\" width=\"16\" height=\"16\" \/><\/span><\/div>\n<\/div>\n<div class=\"x11i5rnm xat24cr x1mh8g0r x1vvkbs xtlvy1s x126k92a\">\n<div dir=\"auto\"><span class=\"x3nfvp2 x1j61x8r x1fcty0u xdj266r xhhsvwb xat24cr xgzva0m xxymvpz xlup9mm x1kky2od\"><img loading=\"lazy\" class=\"xz74otr\" src=\"https:\/\/static.xx.fbcdn.net\/images\/emoji.php\/v9\/tbe\/1\/16\/1f3c6.png\" alt=\"\ud83c\udfc6\" width=\"16\" height=\"16\" \/><\/span> G\u1ea5u shop &#8211; Chuy\u00ean ph\u1ee5 ki\u1ec7n \u0111i\u1ec7n tho\u1ea1i, \u0111\u1ed3 c\u00f4ng ngh\u1ec7<\/div>\n<div dir=\"auto\"><span class=\"x3nfvp2 x1j61x8r x1fcty0u xdj266r xhhsvwb xat24cr xgzva0m xxymvpz xlup9mm x1kky2od\"><img loading=\"lazy\" class=\"xz74otr\" src=\"https:\/\/static.xx.fbcdn.net\/images\/emoji.php\/v9\/t22\/1\/16\/260e.png\" alt=\"\u260e\ufe0f\" width=\"16\" height=\"16\" \/><\/span> S\u0110T: 0797 180 750 &#8211; 033 95 333 75 (Zalo)<\/div>\n<div dir=\"auto\"><span class=\"x3nfvp2 x1j61x8r x1fcty0u xdj266r xhhsvwb xat24cr xgzva0m xxymvpz xlup9mm x1kky2od\"><img loading=\"lazy\" class=\"xz74otr\" src=\"https:\/\/static.xx.fbcdn.net\/images\/emoji.php\/v9\/tf6\/1\/16\/1f3e0.png\" alt=\"\ud83c\udfe0\" width=\"16\" height=\"16\" \/><\/span> \u0110c: 213\/3\/1B L\u00ea H\u1ed3ng Phong &#8211; Ph\u01b0\u1eddng 8 &#8211; V\u0169ng T\u00e0u &#8211; BRVT<\/div>\n<div dir=\"auto\"><span class=\"x3nfvp2 x1j61x8r x1fcty0u xdj266r xhhsvwb xat24cr xgzva0m xxymvpz xlup9mm x1kky2od\"><img loading=\"lazy\" class=\"xz74otr\" src=\"https:\/\/static.xx.fbcdn.net\/images\/emoji.php\/v9\/tc0\/1\/16\/1f30e.png\" alt=\"\ud83c\udf0e\" width=\"16\" height=\"16\" \/><\/span> Website: <a class=\"x1i10hfl xjbqb8w x1ejq31n xd10rxx x1sy0etr x17r0tee x972fbf xcfux6l x1qhh985 xm0m39n x9f619 x1ypdohk xt0psk2 xe8uvvx xdj266r x11i5rnm xat24cr x1mh8g0r xexx8yu x4uap5 x18d9i69 xkhd6sd x16tdsg8 x1hl2dhg xggy1nq x1a2a7pz xt0b8zv x1fey0fg\" role=\"link\" href=\"https:\/\/l.facebook.com\/l.php?u=http%3A%2F%2Fphukienvungtau68.com%2F%3Ffbclid%3DIwZXh0bgNhZW0CMTAAAR1Iy95Dm1B2CJTfBNTAuQwVYclD1BG0OoUvcV3HKL6T2mO0gzz5HF69j24_aem_AUsHA-8U_wWGNIF2DXDRKURlD2-QZYsC6ygrSmOHTX6VCxeMiKDrR3VCTZpCQGBz6C4MQxhXoyhrNa7TNDetq0mB&amp;h=AT2fEDfo_y55qYhaBx6aV_VNTd_m0_fifaUoEDjWFQgEP6n3I_QI2w6NQxpjKS-scIoGs86NOv8VkZxVnvIozTayfMTC70REXi845QWIjLkVpB29v1U7YLEqaksueTYxeKDt&amp;__tn__=-UK-R&amp;c[0]=AT3cV6BtP-Re2Q1liNuxlI2YUSfewA8_FN_ZXP4p8f5c6I7uyY01xVmawOZWpvOd3vxX5IFZHW94j9apm-hx5Jadk_kwvPDueH1JliP88jwmnuDPt6YSZ5tMvsfUnhHwdwDBBAWs9jEtB3niAUSVYgq0cQkCO1bPnoGzhcDg9Tua02LnLdF3IhYz6BI1_d-kctVtdb2oePXR6FpW_KTC3vR5v4eWRrM3THQ9\" target=\"_blank\" rel=\"nofollow noopener noreferrer\">http:\/\/phukienvungtau68.com<\/a><\/div>\n<div dir=\"auto\">(Gi\u00e1 s\u1ea3n ph\u1ea9m qu\u00fd kh\u00e1ch vui l\u00f2ng xem tr\u00ean trang Web)<\/div>\n<\/div>\n","protected":false},"excerpt":{"rendered":"<p>B\u1ed9 s\u1ea1c nhanh Samsung 25W Cho C\u00e1c d\u00f2ng m\u00e1y Ch\u00e2n S\u1ea1c Type C Gi\u00e1 b\u00e1n: 180k\/b\u1ed9 &#8211; Freeship + b\u1ea3o h\u00e0nh 6 th\u00e1ng Th\u00f4ng tin s\u1ea3n ph\u1ea9m: &#8211; Tr\u1ecdn b\u1ed9 g\u1ed3m: C\u1ee7 s\u1ea1c nhanh 25W + 1 d\u00e2y \u0111\u1ea7u type C &#8211; Type C. &#8211; Th\u00f4ng s\u1ed1 s\u1ea1c: Chu\u1ea9n 25W (9V &#8211; 2,77A. 5V &#8211;<\/p>\n","protected":false},"featured_media":1511,"template":"","meta":{"om_disable_all_campaigns":false,"_monsterinsights_skip_tracking":false,"_monsterinsights_sitenote_active":false,"_monsterinsights_sitenote_note":"","_monsterinsights_sitenote_category":0},"product_cat":[30,31],"product_tag":[],"_links":{"self":[{"href":"https:\/\/phukienvungtau68.com\/index.php\/wp-json\/wp\/v2\/product\/1433"}],"collection":[{"href":"https:\/\/phukienvungtau68.com\/index.php\/wp-json\/wp\/v2\/product"}],"about":[{"href":"https:\/\/phukienvungtau68.com\/index.php\/wp-json\/wp\/v2\/types\/product"}],"wp:featuredmedia":[{"embeddable":true,"href":"https:\/\/phukienvungtau68.com\/index.php\/wp-json\/wp\/v2\/media\/1511"}],"wp:attachment":[{"href":"https:\/\/phukienvungtau68.com\/index.php\/wp-json\/wp\/v2\/media?parent=1433"}],"wp:term":[{"taxonomy":"product_cat","embeddable":true,"href":"https:\/\/phukienvungtau68.com\/index.php\/wp-json\/wp\/v2\/product_cat?post=1433"},{"taxonomy":"product_tag","embeddable":true,"href":"https:\/\/phukienvungtau68.com\/index.php\/wp-json\/wp\/v2\/product_tag?post=1433"}],"curies":[{"name":"wp","href":"https:\/\/api.w.org\/{rel}","templated":true}]}}