{"id":1445,"date":"2024-05-02T12:47:51","date_gmt":"2024-05-02T05:47:51","guid":{"rendered":"http:\/\/phukienvungtau68.com\/?post_type=product&#038;p=1445"},"modified":"2024-05-02T12:47:51","modified_gmt":"2024-05-02T05:47:51","slug":"cu-sac-nhanh-18w-wk-wp-u125-chinh-hang-co-4-cong-ho-tro-sac-nhanh18w-qc-3-0","status":"publish","type":"product","link":"https:\/\/phukienvungtau68.com\/index.php\/product\/cu-sac-nhanh-18w-wk-wp-u125-chinh-hang-co-4-cong-ho-tro-sac-nhanh18w-qc-3-0\/","title":{"rendered":"C\u1ee7 s\u1ea1c nhanh 18W WK WP-U125 ch\u00ednh h\u00e3ng c\u00f3 4&hellip;"},"content":{"rendered":"<div dir=\"auto\">C\u1ee7 s\u1ea1c nhanh ch\u00ednh h\u00e3ng WK WP-U125 c\u00f3 4 c\u1ed5ng h\u1ed7 tr\u1ee3 s\u1ea1c nhanh 18W\/QC 3.0<\/div>\n<div dir=\"auto\"><img loading=\"lazy\" class=\"xz74otr\" src=\"https:\/\/static.xx.fbcdn.net\/images\/emoji.php\/v9\/t6e\/1\/16\/1f534.png\" alt=\"\ud83d\udd34\" width=\"16\" height=\"16\" \/> Gi\u00e1 b\u00e1n: 180k<\/div>\n<div dir=\"auto\"><img class=\"emoji\" role=\"img\" src=\"https:\/\/s.w.org\/images\/core\/emoji\/13.1.0\/svg\/2705.svg\" alt=\"\u2705\" \/> M\u00f4 t\u1ea3 s\u1ea3n ph\u1ea9m<\/div>\n<div dir=\"auto\">&#8211; \u0110\u1ea7u v\u00e0o: AC 100-240V, 50-60Hz, 0.5A<\/div>\n<div dir=\"auto\">&#8211; \u0110\u1ea7u ra USB 1: 5V\/3A, 9V\/2A, 12V\/1.5A<\/div>\n<div dir=\"auto\">&#8211; M\u00e0u s\u1eafc: M\u00e0u tr\u1eafng<\/div>\n<div dir=\"auto\">&#8211; S\u1ea1c \u0111\u01b0\u1ee3c c\u00f9ng l\u00fac cho 4 thi\u1ebft b\u1ecb kh\u00e1c nhau v\u1edbi 4 \u0111\u1ea7u c\u1eafm s\u1ea1c.<\/div>\n<div dir=\"auto\">&#8211; Ch\u1ea5t li\u1ec7u v\u1ecf v\u1eadt li\u1ec7u ch\u1ed1ng ch\u00e1y ABS + PC<\/div>\n<div dir=\"auto\">&#8211; T\u01b0\u01a1ng th\u00edch m\u1ecdi lo\u1ea1i thi\u1ebft b\u1ecb di \u0111\u1ed9ng hi\u1ec7n h\u00e0nh<\/div>\n<div dir=\"auto\">&#8211; S\u1ea1c t\u1ed1c \u0111\u1ed9 nhanh, \u0111\u1ed9 b\u1ec1n cao, an to\u00e0n, \u1ed5n \u0111\u1ecbnh khi s\u1eed d\u1ee5ng<\/div>\n<div dir=\"auto\">C\u00e1c t\u00ednh n\u0103ng:<\/div>\n<div dir=\"auto\">&#8211; 4 c\u1ed5ng USB, \u0111\u1ec3 gi\u1ea3i quy\u1ebft s\u1ef1 c\u1ed1 c\u1ee7a \u1ed5 c\u1eafm \u00edt h\u01a1n, \u0111\u1ec3 \u0111\u00e1p \u1ee9ng nhi\u1ec1u thi\u1ebft b\u1ecb s\u1ea1c c\u00f9ng m\u1ed9t l\u00fac 2 \u0111\u1ea7u ra nhanh QC3.0,<\/div>\n<div dir=\"auto\">nhi\u1ec1u \u0111i\u1ec7n tho\u1ea1i di \u0111\u1ed9ng c\u0169ng nhanh c\u00f9ng l\u00fac 3. T\u00edch h\u1ee3p b\u1ea3o v\u1ec7 an to\u00e0n th\u00f4ng minh, ng\u0103n ng\u1eeba qu\u00e1 t\u1ea3i v\u00e0 ng\u1eafn m\u1ea1ch hi\u1ec7u qu\u1ea3<\/div>\n<div dir=\"auto\">&#8211; \u0110\u1ea7u v\u00e0o \u0111i\u1ec7n \u00e1p r\u1ed9ng, ph\u00f9 h\u1ee3p v\u1edbi nhi\u1ec1u qu\u1ed1c gia<\/div>\n<div dir=\"auto\">&#8211; K\u00edch th\u01b0\u1edbc nh\u1ecf, d\u1ec5 d\u00e0ng mang theo<\/div>\n<div dir=\"auto\"><\/div>\n<div dir=\"auto\">\n<div class=\"xdj266r x11i5rnm xat24cr x1mh8g0r x1vvkbs x126k92a\">\n<div dir=\"auto\"><img class=\"emoji\" role=\"img\" src=\"https:\/\/s.w.org\/images\/core\/emoji\/13.1.0\/svg\/2705.svg\" alt=\"\u2705\" \/>\u00a0Ch\u00ednh s\u00e1ch b\u1ea3o h\u00e0nh<\/div>\n<div dir=\"auto\">\u00a0 \u2013 Th\u1eddi gian b\u1ea3o h\u00e0nh: 12 th\u00e1ng l\u1ed7i \u0111\u1ed5i s\u1ea3n ph\u1ea9m m\u1edbi<\/div>\n<div dir=\"auto\">\u00a0 \u2013\u00a0 C\u00f3 th\u1ebb b\u1ea3o h\u00e0nh cho kh\u00e1ch h\u00e0ng ho\u1eb7c b\u1ea3o h\u00e0nh theo S\u0110T<\/div>\n<div dir=\"auto\"><\/div>\n<\/div>\n<div class=\"x11i5rnm xat24cr x1mh8g0r x1vvkbs xtlvy1s x126k92a\">\n<div dir=\"auto\"><span class=\"x3nfvp2 x1j61x8r x1fcty0u xdj266r xhhsvwb xat24cr xgzva0m xxymvpz xlup9mm x1kky2od\"><img loading=\"lazy\" class=\"xz74otr\" src=\"https:\/\/static.xx.fbcdn.net\/images\/emoji.php\/v9\/t4b\/1\/16\/2796.png\" alt=\"\u2796\" width=\"16\" height=\"16\" \/><\/span>\u00a0<span class=\"x3nfvp2 x1j61x8r x1fcty0u xdj266r xhhsvwb xat24cr xgzva0m xxymvpz xlup9mm x1kky2od\"><img loading=\"lazy\" class=\"xz74otr\" src=\"https:\/\/static.xx.fbcdn.net\/images\/emoji.php\/v9\/t4b\/1\/16\/2796.png\" alt=\"\u2796\" width=\"16\" height=\"16\" \/><\/span>\u00a0<span class=\"x3nfvp2 x1j61x8r x1fcty0u xdj266r xhhsvwb xat24cr xgzva0m xxymvpz xlup9mm x1kky2od\"><img loading=\"lazy\" class=\"xz74otr\" src=\"https:\/\/static.xx.fbcdn.net\/images\/emoji.php\/v9\/t4b\/1\/16\/2796.png\" alt=\"\u2796\" width=\"16\" height=\"16\" \/><\/span><span class=\"x3nfvp2 x1j61x8r x1fcty0u xdj266r xhhsvwb xat24cr xgzva0m xxymvpz xlup9mm x1kky2od\"><img loading=\"lazy\" class=\"xz74otr\" src=\"https:\/\/static.xx.fbcdn.net\/images\/emoji.php\/v9\/t1e\/1\/16\/1f33f.png\" alt=\"\ud83c\udf3f\" width=\"16\" height=\"16\" \/><\/span>\u00a0<span class=\"x3nfvp2 x1j61x8r x1fcty0u xdj266r xhhsvwb xat24cr xgzva0m xxymvpz xlup9mm x1kky2od\"><img loading=\"lazy\" class=\"xz74otr\" src=\"https:\/\/static.xx.fbcdn.net\/images\/emoji.php\/v9\/t1e\/1\/16\/1f33f.png\" alt=\"\ud83c\udf3f\" width=\"16\" height=\"16\" \/><\/span><span class=\"x3nfvp2 x1j61x8r x1fcty0u xdj266r xhhsvwb xat24cr xgzva0m xxymvpz xlup9mm x1kky2od\"><img loading=\"lazy\" class=\"xz74otr\" src=\"https:\/\/static.xx.fbcdn.net\/images\/emoji.php\/v9\/t1e\/1\/16\/1f33f.png\" alt=\"\ud83c\udf3f\" width=\"16\" height=\"16\" \/><\/span><span class=\"x3nfvp2 x1j61x8r x1fcty0u xdj266r xhhsvwb xat24cr xgzva0m xxymvpz xlup9mm x1kky2od\"><img loading=\"lazy\" class=\"xz74otr\" src=\"https:\/\/static.xx.fbcdn.net\/images\/emoji.php\/v9\/t1e\/1\/16\/1f33f.png\" alt=\"\ud83c\udf3f\" width=\"16\" height=\"16\" \/><\/span><span class=\"x3nfvp2 x1j61x8r x1fcty0u xdj266r xhhsvwb xat24cr xgzva0m xxymvpz xlup9mm x1kky2od\"><img loading=\"lazy\" class=\"xz74otr\" src=\"https:\/\/static.xx.fbcdn.net\/images\/emoji.php\/v9\/t1e\/1\/16\/1f33f.png\" alt=\"\ud83c\udf3f\" width=\"16\" height=\"16\" \/><\/span><span class=\"x3nfvp2 x1j61x8r x1fcty0u xdj266r xhhsvwb xat24cr xgzva0m xxymvpz xlup9mm x1kky2od\"><img loading=\"lazy\" class=\"xz74otr\" src=\"https:\/\/static.xx.fbcdn.net\/images\/emoji.php\/v9\/t1e\/1\/16\/1f33f.png\" alt=\"\ud83c\udf3f\" width=\"16\" height=\"16\" \/><\/span><span class=\"x3nfvp2 x1j61x8r x1fcty0u xdj266r xhhsvwb xat24cr xgzva0m xxymvpz xlup9mm x1kky2od\"><img loading=\"lazy\" class=\"xz74otr\" src=\"https:\/\/static.xx.fbcdn.net\/images\/emoji.php\/v9\/t4b\/1\/16\/2796.png\" alt=\"\u2796\" width=\"16\" height=\"16\" \/><\/span>\u00a0<span class=\"x3nfvp2 x1j61x8r x1fcty0u xdj266r xhhsvwb xat24cr xgzva0m xxymvpz xlup9mm x1kky2od\"><img loading=\"lazy\" class=\"xz74otr\" src=\"https:\/\/static.xx.fbcdn.net\/images\/emoji.php\/v9\/t4b\/1\/16\/2796.png\" alt=\"\u2796\" width=\"16\" height=\"16\" \/><\/span>\u00a0<span class=\"x3nfvp2 x1j61x8r x1fcty0u xdj266r xhhsvwb xat24cr xgzva0m xxymvpz xlup9mm x1kky2od\"><img loading=\"lazy\" class=\"xz74otr\" src=\"https:\/\/static.xx.fbcdn.net\/images\/emoji.php\/v9\/t4b\/1\/16\/2796.png\" alt=\"\u2796\" width=\"16\" height=\"16\" \/><\/span><\/div>\n<div dir=\"auto\"><span class=\"x3nfvp2 x1j61x8r x1fcty0u xdj266r xhhsvwb xat24cr xgzva0m xxymvpz xlup9mm x1kky2od\"><img loading=\"lazy\" class=\"xz74otr\" src=\"https:\/\/static.xx.fbcdn.net\/images\/emoji.php\/v9\/t33\/1\/16\/2705.png\" alt=\"\u2705\" width=\"16\" height=\"16\" \/><\/span>\u00a0Mi\u1ec5n ph\u00ed ship, giao h\u00e0ng nhanh to\u00e0n qu\u1ed1c.<\/div>\n<div dir=\"auto\"><span class=\"x3nfvp2 x1j61x8r x1fcty0u xdj266r xhhsvwb xat24cr xgzva0m xxymvpz xlup9mm x1kky2od\"><img loading=\"lazy\" class=\"xz74otr\" src=\"https:\/\/static.xx.fbcdn.net\/images\/emoji.php\/v9\/t33\/1\/16\/2705.png\" alt=\"\u2705\" width=\"16\" height=\"16\" \/><\/span>\u00a0\u0110\u01b0\u1ee3c ki\u1ec3m tra h\u00e0ng \u2013 d\u00f9ng th\u1eed tr\u01b0\u1edbc khi thanh to\u00e1n<\/div>\n<div dir=\"auto\"><span class=\"x3nfvp2 x1j61x8r x1fcty0u xdj266r xhhsvwb xat24cr xgzva0m xxymvpz xlup9mm x1kky2od\"><img loading=\"lazy\" class=\"xz74otr\" src=\"https:\/\/static.xx.fbcdn.net\/images\/emoji.php\/v9\/t33\/1\/16\/2705.png\" alt=\"\u2705\" width=\"16\" height=\"16\" \/><\/span>\u00a0\u0110\u01b0\u1ee3c \u0111\u1ed5i tr\u1ea3 \u2013 ho\u00e0n ti\u1ec1n n\u1ebfu kh\u00f4ng \u0111\u00fang nh\u01b0 m\u00f4 t\u1ea3<\/div>\n<div dir=\"auto\"><span class=\"x3nfvp2 x1j61x8r x1fcty0u xdj266r xhhsvwb xat24cr xgzva0m xxymvpz xlup9mm x1kky2od\"><img loading=\"lazy\" class=\"xz74otr\" src=\"https:\/\/static.xx.fbcdn.net\/images\/emoji.php\/v9\/t33\/1\/16\/2705.png\" alt=\"\u2705\" width=\"16\" height=\"16\" \/><\/span>\u00a0\u0110\u01b0\u1ee3c nghe th\u1eed c\u00e1c m\u1eabu tai nghe t\u1ea1i shop<\/div>\n<div dir=\"auto\"><span class=\"x3nfvp2 x1j61x8r x1fcty0u xdj266r xhhsvwb xat24cr xgzva0m xxymvpz xlup9mm x1kky2od\"><img loading=\"lazy\" class=\"xz74otr\" src=\"https:\/\/static.xx.fbcdn.net\/images\/emoji.php\/v9\/t33\/1\/16\/2705.png\" alt=\"\u2705\" width=\"16\" height=\"16\" \/><\/span>\u00a0H\u1ed7 tr\u1ee3 k\u1ef9 thu\u1eadt \u2013 t\u01b0 v\u1ea5n tr\u1ecdn \u0111\u1eddi cho qu\u00fd kh\u00e1ch<\/div>\n<div dir=\"auto\"><span class=\"x3nfvp2 x1j61x8r x1fcty0u xdj266r xhhsvwb xat24cr xgzva0m xxymvpz xlup9mm x1kky2od\"><img loading=\"lazy\" class=\"xz74otr\" src=\"https:\/\/static.xx.fbcdn.net\/images\/emoji.php\/v9\/t4b\/1\/16\/2796.png\" alt=\"\u2796\" width=\"16\" height=\"16\" \/><\/span>\u00a0<span class=\"x3nfvp2 x1j61x8r x1fcty0u xdj266r xhhsvwb xat24cr xgzva0m xxymvpz xlup9mm x1kky2od\"><img loading=\"lazy\" class=\"xz74otr\" src=\"https:\/\/static.xx.fbcdn.net\/images\/emoji.php\/v9\/t4b\/1\/16\/2796.png\" alt=\"\u2796\" width=\"16\" height=\"16\" \/><\/span>\u00a0<span class=\"x3nfvp2 x1j61x8r x1fcty0u xdj266r xhhsvwb xat24cr xgzva0m xxymvpz xlup9mm x1kky2od\"><img loading=\"lazy\" class=\"xz74otr\" src=\"https:\/\/static.xx.fbcdn.net\/images\/emoji.php\/v9\/t4b\/1\/16\/2796.png\" alt=\"\u2796\" width=\"16\" height=\"16\" \/><\/span><span class=\"x3nfvp2 x1j61x8r x1fcty0u xdj266r xhhsvwb xat24cr xgzva0m xxymvpz xlup9mm x1kky2od\"><img loading=\"lazy\" class=\"xz74otr\" src=\"https:\/\/static.xx.fbcdn.net\/images\/emoji.php\/v9\/tbd\/1\/16\/26d4.png\" alt=\"\u26d4\" width=\"16\" height=\"16\" \/><\/span><span class=\"x3nfvp2 x1j61x8r x1fcty0u xdj266r xhhsvwb xat24cr xgzva0m xxymvpz xlup9mm x1kky2od\"><img loading=\"lazy\" class=\"xz74otr\" src=\"https:\/\/static.xx.fbcdn.net\/images\/emoji.php\/v9\/tbd\/1\/16\/26d4.png\" alt=\"\u26d4\" width=\"16\" height=\"16\" \/><\/span><span class=\"x3nfvp2 x1j61x8r x1fcty0u xdj266r xhhsvwb xat24cr xgzva0m xxymvpz xlup9mm x1kky2od\"><img loading=\"lazy\" class=\"xz74otr\" src=\"https:\/\/static.xx.fbcdn.net\/images\/emoji.php\/v9\/tbd\/1\/16\/26d4.png\" alt=\"\u26d4\" width=\"16\" height=\"16\" \/><\/span><span class=\"x3nfvp2 x1j61x8r x1fcty0u xdj266r xhhsvwb xat24cr xgzva0m xxymvpz xlup9mm x1kky2od\"><img loading=\"lazy\" class=\"xz74otr\" src=\"https:\/\/static.xx.fbcdn.net\/images\/emoji.php\/v9\/t14\/1\/16\/2618.png\" alt=\"\u2618\ufe0f\" width=\"16\" height=\"16\" \/><\/span><span class=\"x3nfvp2 x1j61x8r x1fcty0u xdj266r xhhsvwb xat24cr xgzva0m xxymvpz xlup9mm x1kky2od\"><img loading=\"lazy\" class=\"xz74otr\" src=\"https:\/\/static.xx.fbcdn.net\/images\/emoji.php\/v9\/t14\/1\/16\/2618.png\" alt=\"\u2618\ufe0f\" width=\"16\" height=\"16\" \/><\/span><span class=\"x3nfvp2 x1j61x8r x1fcty0u xdj266r xhhsvwb xat24cr xgzva0m xxymvpz xlup9mm x1kky2od\"><img loading=\"lazy\" class=\"xz74otr\" src=\"https:\/\/static.xx.fbcdn.net\/images\/emoji.php\/v9\/t14\/1\/16\/2618.png\" alt=\"\u2618\ufe0f\" width=\"16\" height=\"16\" \/><\/span><span class=\"x3nfvp2 x1j61x8r x1fcty0u xdj266r xhhsvwb xat24cr xgzva0m xxymvpz xlup9mm x1kky2od\"><img loading=\"lazy\" class=\"xz74otr\" src=\"https:\/\/static.xx.fbcdn.net\/images\/emoji.php\/v9\/t4b\/1\/16\/2796.png\" alt=\"\u2796\" width=\"16\" height=\"16\" \/><\/span>\u00a0<span class=\"x3nfvp2 x1j61x8r x1fcty0u xdj266r xhhsvwb xat24cr xgzva0m xxymvpz xlup9mm x1kky2od\"><img loading=\"lazy\" class=\"xz74otr\" src=\"https:\/\/static.xx.fbcdn.net\/images\/emoji.php\/v9\/t4b\/1\/16\/2796.png\" alt=\"\u2796\" width=\"16\" height=\"16\" \/><\/span>\u00a0<span class=\"x3nfvp2 x1j61x8r x1fcty0u xdj266r xhhsvwb xat24cr xgzva0m xxymvpz xlup9mm x1kky2od\"><img loading=\"lazy\" class=\"xz74otr\" src=\"https:\/\/static.xx.fbcdn.net\/images\/emoji.php\/v9\/t4b\/1\/16\/2796.png\" alt=\"\u2796\" width=\"16\" height=\"16\" \/><\/span><\/div>\n<div dir=\"auto\"><\/div>\n<\/div>\n<div class=\"x11i5rnm xat24cr x1mh8g0r x1vvkbs xtlvy1s x126k92a\">\n<div dir=\"auto\"><span class=\"x3nfvp2 x1j61x8r x1fcty0u xdj266r xhhsvwb xat24cr xgzva0m xxymvpz xlup9mm x1kky2od\"><img loading=\"lazy\" class=\"xz74otr\" src=\"https:\/\/static.xx.fbcdn.net\/images\/emoji.php\/v9\/tbe\/1\/16\/1f3c6.png\" alt=\"\ud83c\udfc6\" width=\"16\" height=\"16\" \/><\/span>\u00a0G\u1ea5u shop \u2013 Chuy\u00ean ph\u1ee5 ki\u1ec7n \u0111i\u1ec7n tho\u1ea1i, \u0111\u1ed3 c\u00f4ng ngh\u1ec7<\/div>\n<div dir=\"auto\"><span class=\"x3nfvp2 x1j61x8r x1fcty0u xdj266r xhhsvwb xat24cr xgzva0m xxymvpz xlup9mm x1kky2od\"><img loading=\"lazy\" class=\"xz74otr\" src=\"https:\/\/static.xx.fbcdn.net\/images\/emoji.php\/v9\/t22\/1\/16\/260e.png\" alt=\"\u260e\ufe0f\" width=\"16\" height=\"16\" \/><\/span>\u00a0S\u0110T: 0797 180 750 \u2013 033 95 333 75 (Zalo)<\/div>\n<div dir=\"auto\"><span class=\"x3nfvp2 x1j61x8r x1fcty0u xdj266r xhhsvwb xat24cr xgzva0m xxymvpz xlup9mm x1kky2od\"><img loading=\"lazy\" class=\"xz74otr\" src=\"https:\/\/static.xx.fbcdn.net\/images\/emoji.php\/v9\/tf6\/1\/16\/1f3e0.png\" alt=\"\ud83c\udfe0\" width=\"16\" height=\"16\" \/><\/span>\u00a0\u0110c: 213\/3\/1B L\u00ea H\u1ed3ng Phong \u2013 Ph\u01b0\u1eddng 8 \u2013 V\u0169ng T\u00e0u \u2013 BRVT<\/div>\n<div dir=\"auto\"><span class=\"x3nfvp2 x1j61x8r x1fcty0u xdj266r xhhsvwb xat24cr xgzva0m xxymvpz xlup9mm x1kky2od\"><img loading=\"lazy\" class=\"xz74otr\" src=\"https:\/\/static.xx.fbcdn.net\/images\/emoji.php\/v9\/tc0\/1\/16\/1f30e.png\" alt=\"\ud83c\udf0e\" width=\"16\" height=\"16\" \/><\/span>\u00a0Website:\u00a0<a class=\"x1i10hfl xjbqb8w x1ejq31n xd10rxx x1sy0etr x17r0tee x972fbf xcfux6l x1qhh985 xm0m39n x9f619 x1ypdohk xt0psk2 xe8uvvx xdj266r x11i5rnm xat24cr x1mh8g0r xexx8yu x4uap5 x18d9i69 xkhd6sd x16tdsg8 x1hl2dhg xggy1nq x1a2a7pz xt0b8zv x1fey0fg\" role=\"link\" href=\"https:\/\/l.facebook.com\/l.php?u=http%3A%2F%2Fphukienvungtau68.com%2F%3Ffbclid%3DIwZXh0bgNhZW0CMTAAAR1Iy95Dm1B2CJTfBNTAuQwVYclD1BG0OoUvcV3HKL6T2mO0gzz5HF69j24_aem_AUsHA-8U_wWGNIF2DXDRKURlD2-QZYsC6ygrSmOHTX6VCxeMiKDrR3VCTZpCQGBz6C4MQxhXoyhrNa7TNDetq0mB&amp;h=AT2fEDfo_y55qYhaBx6aV_VNTd_m0_fifaUoEDjWFQgEP6n3I_QI2w6NQxpjKS-scIoGs86NOv8VkZxVnvIozTayfMTC70REXi845QWIjLkVpB29v1U7YLEqaksueTYxeKDt&amp;__tn__=-UK-R&amp;c[0]=AT3cV6BtP-Re2Q1liNuxlI2YUSfewA8_FN_ZXP4p8f5c6I7uyY01xVmawOZWpvOd3vxX5IFZHW94j9apm-hx5Jadk_kwvPDueH1JliP88jwmnuDPt6YSZ5tMvsfUnhHwdwDBBAWs9jEtB3niAUSVYgq0cQkCO1bPnoGzhcDg9Tua02LnLdF3IhYz6BI1_d-kctVtdb2oePXR6FpW_KTC3vR5v4eWRrM3THQ9\" target=\"_blank\" rel=\"nofollow noopener noreferrer\">http:\/\/phukienvungtau68.com<\/a><\/div>\n<\/div>\n<\/div>\n","protected":false},"excerpt":{"rendered":"<p>C\u1ee7 s\u1ea1c nhanh ch\u00ednh h\u00e3ng WK WP-U125 c\u00f3 4 c\u1ed5ng h\u1ed7 tr\u1ee3 s\u1ea1c nhanh 18W\/QC 3.0 Gi\u00e1 b\u00e1n: 180k M\u00f4 t\u1ea3 s\u1ea3n ph\u1ea9m &#8211; \u0110\u1ea7u v\u00e0o: AC 100-240V, 50-60Hz, 0.5A &#8211; \u0110\u1ea7u ra USB 1: 5V\/3A, 9V\/2A, 12V\/1.5A &#8211; M\u00e0u s\u1eafc: M\u00e0u tr\u1eafng &#8211; S\u1ea1c \u0111\u01b0\u1ee3c c\u00f9ng l\u00fac cho 4 thi\u1ebft b\u1ecb kh\u00e1c nhau v\u1edbi<\/p>\n","protected":false},"featured_media":1449,"template":"","meta":{"om_disable_all_campaigns":false,"_monsterinsights_skip_tracking":false,"_monsterinsights_sitenote_active":false,"_monsterinsights_sitenote_note":"","_monsterinsights_sitenote_category":0},"product_cat":[30],"product_tag":[],"_links":{"self":[{"href":"https:\/\/phukienvungtau68.com\/index.php\/wp-json\/wp\/v2\/product\/1445"}],"collection":[{"href":"https:\/\/phukienvungtau68.com\/index.php\/wp-json\/wp\/v2\/product"}],"about":[{"href":"https:\/\/phukienvungtau68.com\/index.php\/wp-json\/wp\/v2\/types\/product"}],"wp:featuredmedia":[{"embeddable":true,"href":"https:\/\/phukienvungtau68.com\/index.php\/wp-json\/wp\/v2\/media\/1449"}],"wp:attachment":[{"href":"https:\/\/phukienvungtau68.com\/index.php\/wp-json\/wp\/v2\/media?parent=1445"}],"wp:term":[{"taxonomy":"product_cat","embeddable":true,"href":"https:\/\/phukienvungtau68.com\/index.php\/wp-json\/wp\/v2\/product_cat?post=1445"},{"taxonomy":"product_tag","embeddable":true,"href":"https:\/\/phukienvungtau68.com\/index.php\/wp-json\/wp\/v2\/product_tag?post=1445"}],"curies":[{"name":"wp","href":"https:\/\/api.w.org\/{rel}","templated":true}]}}