{"id":1500,"date":"2024-05-07T22:56:50","date_gmt":"2024-05-07T15:56:50","guid":{"rendered":"http:\/\/phukienvungtau68.com\/?post_type=product&#038;p=1500"},"modified":"2024-05-07T23:49:25","modified_gmt":"2024-05-07T16:49:25","slug":"cu-sac-nhanh-samsung-dau-cam-sac-usb-sac-nhanh-2-4a-cho-cac-dong-may-samsung-xiaomi-vivo-realme-vsmart-huawei-oppo-nokia","status":"publish","type":"product","link":"https:\/\/phukienvungtau68.com\/index.php\/product\/cu-sac-nhanh-samsung-dau-cam-sac-usb-sac-nhanh-2-4a-cho-cac-dong-may-samsung-xiaomi-vivo-realme-vsmart-huawei-oppo-nokia\/","title":{"rendered":"C\u1ee7 s\u1ea1c nhanh Samsung \u0111\u1ea7u c\u1eafm s\u1ea1c USB s\u1ea1c nhanh&hellip;"},"content":{"rendered":"<div>C\u1ee7 s\u1ea1c nhanh Samsung \u0111\u1ea7u c\u1eafm s\u1ea1c USB s\u1ea1c nhanh 2.4A cho c\u00e1c d\u00f2ng m\u00e1y Samsung Xiaomi Vivo Realme Vsmart Huawei Oppo Nokia<\/div>\n<div>\u2705 M\u00f4 t\u1ea3 s\u1ea3n ph\u1ea9m:<\/div>\n<div>&#8211; S\u1ef1 xu\u1ea5t hi\u1ec7n c\u1ee7a c\u00f4ng ngh\u1ec7 s\u1ea1c nhanh Samsung (Fast Charging) 2.4A \u0111\u00e3 nh\u01b0 l\u00e0 gi\u1ea3i ph\u00e1p t\u1ed1i \u01b0u cho m\u1ecdi ng\u01b0\u1eddi d\u00f9ng smartphone, \u0111\u00e1p \u1ee9ng \u0111\u01b0\u1ee3c nhu c\u1ea7u n\u1ea1p \u0111\u1ea7y n\u0103ng l\u01b0\u1ee3ng cho d\u1ebf c\u01b0ng c\u1ee7a b\u1ea1n ch\u1ec9 trong th\u1eddi gian ng\u1eafn so v\u1edbi s\u1ea1c th\u00f4ng th\u01b0\u1eddng.<\/div>\n<div>TH\u00d4NG S\u1ed0 K\u1ef8 THU\u1eacT C\u1ee6 S\u1ea0C NHANH SAM SUNG.:<\/div>\n<div>&#8211; Ngu\u1ed3n v\u00e0o: \u0110\u1ea7u c\u1eafm d\u00e2y s\u1ea1c USB<\/div>\n<div>&#8211; Ngu\u1ed3n ra:\u00a0 9.0V &#8211; 1.67A\u00a0 ho\u1eb7c 5.0V &#8211; 2.4A<\/div>\n<div>&#8211; T\u1ea7n s\u1ed1: 50Hz<\/div>\n<div>&#8211; S\u1ea1c nhanh \u0111\u01b0\u1ee3c cho nhi\u1ec1u thi\u1ebft b\u1ecb<\/div>\n<div><\/div>\n<div>\u2705 Th\u00f4ng tin b\u1ea3o h\u00e0nh<\/div>\n<div>\u2714 Th\u1eddi gian b\u1ea3o h\u00e0nh: 6 th\u00e1ng<\/div>\n<div>\u2714 H\u00ecnh th\u1ee9c b\u1ea3o h\u00e0nh: 1 \u0111\u1ed5i 1<\/div>\n","protected":false},"excerpt":{"rendered":"<p>C\u1ee7 s\u1ea1c nhanh Samsung \u0111\u1ea7u c\u1eafm s\u1ea1c USB s\u1ea1c nhanh 2.4A cho c\u00e1c d\u00f2ng m\u00e1y Samsung Xiaomi Vivo Realme Vsmart Huawei Oppo Nokia \u2705 M\u00f4 t\u1ea3 s\u1ea3n ph\u1ea9m: &#8211; S\u1ef1 xu\u1ea5t hi\u1ec7n c\u1ee7a c\u00f4ng ngh\u1ec7 s\u1ea1c nhanh Samsung (Fast Charging) 2.4A \u0111\u00e3 nh\u01b0 l\u00e0 gi\u1ea3i ph\u00e1p t\u1ed1i \u01b0u cho m\u1ecdi ng\u01b0\u1eddi d\u00f9ng smartphone, \u0111\u00e1p \u1ee9ng<\/p>\n","protected":false},"featured_media":1505,"template":"","meta":{"om_disable_all_campaigns":false,"_monsterinsights_skip_tracking":false,"_monsterinsights_sitenote_active":false,"_monsterinsights_sitenote_note":"","_monsterinsights_sitenote_category":0},"product_cat":[30,55],"product_tag":[],"_links":{"self":[{"href":"https:\/\/phukienvungtau68.com\/index.php\/wp-json\/wp\/v2\/product\/1500"}],"collection":[{"href":"https:\/\/phukienvungtau68.com\/index.php\/wp-json\/wp\/v2\/product"}],"about":[{"href":"https:\/\/phukienvungtau68.com\/index.php\/wp-json\/wp\/v2\/types\/product"}],"wp:featuredmedia":[{"embeddable":true,"href":"https:\/\/phukienvungtau68.com\/index.php\/wp-json\/wp\/v2\/media\/1505"}],"wp:attachment":[{"href":"https:\/\/phukienvungtau68.com\/index.php\/wp-json\/wp\/v2\/media?parent=1500"}],"wp:term":[{"taxonomy":"product_cat","embeddable":true,"href":"https:\/\/phukienvungtau68.com\/index.php\/wp-json\/wp\/v2\/product_cat?post=1500"},{"taxonomy":"product_tag","embeddable":true,"href":"https:\/\/phukienvungtau68.com\/index.php\/wp-json\/wp\/v2\/product_tag?post=1500"}],"curies":[{"name":"wp","href":"https:\/\/api.w.org\/{rel}","templated":true}]}}