{"id":266,"date":"2021-09-04T21:25:34","date_gmt":"2021-09-04T14:25:34","guid":{"rendered":"http:\/\/phukienvungtau68.com\/?post_type=product&#038;p=266"},"modified":"2024-05-01T23:18:23","modified_gmt":"2024-05-01T16:18:23","slug":"day-sac-nhanh-va-truyen-du-lieu-vivan-co-den-led-doi-mau-hang-chinh-hang","status":"publish","type":"product","link":"https:\/\/phukienvungtau68.com\/index.php\/product\/day-sac-nhanh-va-truyen-du-lieu-vivan-co-den-led-doi-mau-hang-chinh-hang\/","title":{"rendered":"D\u00e2y S\u1ea1c Nhanh v\u00e0 truy\u1ec1n d\u1eef li\u1ec7u Vivan C\u00f3 \u0110\u00e8n&hellip;"},"content":{"rendered":"<div class=\"kvgmc6g5 cxmmr5t8 oygrvhab hcukyx3x c1et5uql ii04i59q\">\n<div dir=\"auto\">D\u00e2y S\u1ea1c Nhanh v\u00e0 truy\u1ec1n d\u1eef li\u1ec7u cho iphone, Samsung, oppo&#8230;C\u00f3 \u0110\u00e8n Led \u0110\u1ed5i M\u00e0u b\u1ecdc d\u00f9 ch\u1eafc ch\u1eafn, h\u00e0ng ch\u00ednh h\u00e3ng th\u01b0\u01a1ng hi\u1ec7u Vivan<\/div>\n<div dir=\"auto\"><span class=\"pq6dq46d tbxw36s4 knj5qynh kvgmc6g5 ditlmg2l oygrvhab nvdbi5me sf5mxxl7 gl3lb2sf hhz5lgdu\"><img loading=\"lazy\" src=\"https:\/\/www.facebook.com\/images\/emoji.php\/v9\/t40\/1\/16\/1f4a5.png\" alt=\"\ud83d\udca5\" width=\"16\" height=\"16\" \/><\/span> B\u1ea3o h\u00e0nh: 12 th\u00e1ng<\/div>\n<div dir=\"auto\"><span class=\"pq6dq46d tbxw36s4 knj5qynh kvgmc6g5 ditlmg2l oygrvhab nvdbi5me sf5mxxl7 gl3lb2sf hhz5lgdu\"><img loading=\"lazy\" src=\"https:\/\/www.facebook.com\/images\/emoji.php\/v9\/t40\/1\/16\/1f4a5.png\" alt=\"\ud83d\udca5\" width=\"16\" height=\"16\" \/><\/span> Gi\u00e1 b\u00e1n: 115k<\/div>\n<div dir=\"auto\"><span class=\"pq6dq46d tbxw36s4 knj5qynh kvgmc6g5 ditlmg2l oygrvhab nvdbi5me sf5mxxl7 gl3lb2sf hhz5lgdu\"><img loading=\"lazy\" src=\"https:\/\/www.facebook.com\/images\/emoji.php\/v9\/t40\/1\/16\/1f4a5.png\" alt=\"\ud83d\udca5\" width=\"16\" height=\"16\" \/><\/span> Th\u00f4ng tin s\u1ea3n ph\u1ea9m:<\/div>\n<div dir=\"auto\"><span class=\"pq6dq46d tbxw36s4 knj5qynh kvgmc6g5 ditlmg2l oygrvhab nvdbi5me sf5mxxl7 gl3lb2sf hhz5lgdu\"><img loading=\"lazy\" src=\"https:\/\/www.facebook.com\/images\/emoji.php\/v9\/t51\/1\/16\/2714.png\" alt=\"\u2714\" width=\"16\" height=\"16\" \/><\/span>\u00a0 Ph\u00e2n lo\u1ea1i:<\/div>\n<div dir=\"auto\">+ D\u00e2y Lightning s\u1ea1c cho iphone<\/div>\n<div dir=\"auto\">+ D\u00e2y micro, Type C s\u1ea1c cho android<\/div>\n<\/div>\n<div class=\"o9v6fnle cxmmr5t8 oygrvhab hcukyx3x c1et5uql ii04i59q\">\n<div dir=\"auto\"><span class=\"pq6dq46d tbxw36s4 knj5qynh kvgmc6g5 ditlmg2l oygrvhab nvdbi5me sf5mxxl7 gl3lb2sf hhz5lgdu\"><img loading=\"lazy\" src=\"https:\/\/www.facebook.com\/images\/emoji.php\/v9\/t51\/1\/16\/2714.png\" alt=\"\u2714\" width=\"16\" height=\"16\" \/><\/span> B\u1ea3o h\u00e0nh 12 th\u00e1ng 1 \u0111\u1ed5i 1 t\u1eadn n\u01a1i tr\u00ean to\u00e0n qu\u1ed1c<\/div>\n<div dir=\"auto\"><span class=\"pq6dq46d tbxw36s4 knj5qynh kvgmc6g5 ditlmg2l oygrvhab nvdbi5me sf5mxxl7 gl3lb2sf hhz5lgdu\"><img loading=\"lazy\" src=\"https:\/\/www.facebook.com\/images\/emoji.php\/v9\/t51\/1\/16\/2714.png\" alt=\"\u2714\" width=\"16\" height=\"16\" \/><\/span> C\u00f3 \u0111\u00e8n LED \u0111\u1ed5i m\u00e0u khi s\u1ea1c<\/div>\n<div dir=\"auto\"><span class=\"pq6dq46d tbxw36s4 knj5qynh kvgmc6g5 ditlmg2l oygrvhab nvdbi5me sf5mxxl7 gl3lb2sf hhz5lgdu\"><img loading=\"lazy\" src=\"https:\/\/www.facebook.com\/images\/emoji.php\/v9\/t51\/1\/16\/2714.png\" alt=\"\u2714\" width=\"16\" height=\"16\" \/><\/span> Chip \u0111i\u1ec7n t\u1eed th\u00f4ng minh, t\u1ef1 \u0111\u1ed9ng \u0111i\u1ec1u ch\u1ec9nh \u0111i\u1ec7n \u00e1p ph\u00f9 h\u1ee3p, \u0111\u1ea3m b\u1ea3o an to\u00e0n trong qu\u00e1 tr\u00ecnh s\u1ea1c<\/div>\n<div dir=\"auto\"><span class=\"pq6dq46d tbxw36s4 knj5qynh kvgmc6g5 ditlmg2l oygrvhab nvdbi5me sf5mxxl7 gl3lb2sf hhz5lgdu\"><img loading=\"lazy\" src=\"https:\/\/www.facebook.com\/images\/emoji.php\/v9\/t51\/1\/16\/2714.png\" alt=\"\u2714\" width=\"16\" height=\"16\" \/><\/span> H\u1ed7 tr\u1ee3 s\u1ea1c nhanh 2.4A \u0111\u1ed1i v\u1edbi d\u00e2y c\u00e1p Lightning, Micro. 3A \u0111\u1ed1i v\u1edbi d\u00e2y c\u00e1pType-C v\u00e0 truy\u1ec1n d\u1eef li\u1ec7u \u1ed5n \u0111\u1ecbnh<\/div>\n<div dir=\"auto\"><span class=\"pq6dq46d tbxw36s4 knj5qynh kvgmc6g5 ditlmg2l oygrvhab nvdbi5me sf5mxxl7 gl3lb2sf hhz5lgdu\"><img loading=\"lazy\" src=\"https:\/\/www.facebook.com\/images\/emoji.php\/v9\/t51\/1\/16\/2714.png\" alt=\"\u2714\" width=\"16\" height=\"16\" \/><\/span> C\u00e1p S\u1ea1c Nhanh Lightning VDL100 t\u01b0\u01a1ng th\u00edch v\u1edbi iPhone iPad c\u1ed5ng Lightning<\/div>\n<div dir=\"auto\"><span class=\"pq6dq46d tbxw36s4 knj5qynh kvgmc6g5 ditlmg2l oygrvhab nvdbi5me sf5mxxl7 gl3lb2sf hhz5lgdu\"><img loading=\"lazy\" src=\"https:\/\/www.facebook.com\/images\/emoji.php\/v9\/t51\/1\/16\/2714.png\" alt=\"\u2714\" width=\"16\" height=\"16\" \/><\/span> C\u00e1p S\u1ea1c NhanhType-C VDC100\/Micro VDM100 t\u01b0\u01a1ng th\u00edch v\u1edbi c\u00e1c d\u00f2ng thi\u1ebft b\u1ecb Android<\/div>\n<div dir=\"auto\"><span class=\"pq6dq46d tbxw36s4 knj5qynh kvgmc6g5 ditlmg2l oygrvhab nvdbi5me sf5mxxl7 gl3lb2sf hhz5lgdu\"><img loading=\"lazy\" src=\"https:\/\/www.facebook.com\/images\/emoji.php\/v9\/t51\/1\/16\/2714.png\" alt=\"\u2714\" width=\"16\" height=\"16\" \/><\/span> Chi\u1ec1u d\u00e0i c\u00e1p 1 m\u00e9t<\/div>\n<div dir=\"auto\"><span class=\"pq6dq46d tbxw36s4 knj5qynh kvgmc6g5 ditlmg2l oygrvhab nvdbi5me sf5mxxl7 gl3lb2sf hhz5lgdu\"><img loading=\"lazy\" src=\"https:\/\/www.facebook.com\/images\/emoji.php\/v9\/t51\/1\/16\/2714.png\" alt=\"\u2714\" width=\"16\" height=\"16\" \/><\/span> Th\u00e2n c\u00e1p b\u1ecdc d\u00f9 b\u1ec1n b\u1ec9 v\u00e0 ch\u1ed1ng \u0111\u1ee9t g\u00e3y tu\u1ed5i th\u1ecd l\u00e2u<\/div>\n<div dir=\"auto\"><span class=\"pq6dq46d tbxw36s4 knj5qynh kvgmc6g5 ditlmg2l oygrvhab nvdbi5me sf5mxxl7 gl3lb2sf hhz5lgdu\"><img loading=\"lazy\" src=\"https:\/\/www.facebook.com\/images\/emoji.php\/v9\/t51\/1\/16\/2714.png\" alt=\"\u2714\" width=\"16\" height=\"16\" \/><\/span> S\u1ea3n ph\u1ea9m k\u00e8m v\u00f2ng qu\u1ea5n d\u00e2y v\u00f4 c\u00f9ng ti\u1ec7n l\u1ee3i<\/div>\n<div dir=\"auto\">\n<p>\ud83d\udca5 CAM K\u1ebeT V\u1ec0 CH\u1ea4T L\u01af\u1ee2NG V\u00c0 D\u1ecaCH V\u1ee4 B\u00c1N H\u00c0NG:<br \/>\n1. H\u00e0ng th\u1eadt nh\u01b0 h\u00ecnh<br \/>\n2. \u0110\u1ea7y \u0111\u1ee7 tem, th\u1ebb b\u1ea3o h\u00e0nh<br \/>\n3. S\u1ea3n ph\u1ea9m \u0111\u01b0\u1ee3c test k\u1ef9 tr\u01b0\u1edbc khi giao h\u00e0ng N\u00ean qu\u00fd kh\u00e1ch h\u00e0ng c\u00f3 th\u1ec3 y\u00ean t\u00e2m.<br \/>\n4. Shop cam k\u1ebft ch\u0103m s\u00f3c kh\u00e1ch h\u00e0ng t\u1ed1t nh\u1ea5t, h\u1eadu m\u00e3i t\u1ed1t sau mua h\u00e0ng.<br \/>\n5. Cam k\u1ebft b\u1ea3o h\u00e0nh v\u00e0 \u0111\u1ed5i m\u1edbi 1 \u0111\u1ed5i 1 n\u1ebfu c\u00f3 l\u1ed7i trong th\u1eddi gian b\u1ea3o h\u00e0nh.<br \/>\n6. \u0110\u01b0\u1ee3c Ki\u1ec3m tra h\u00e0ng k\u1ef9 khi nh\u1eadn \u0111\u00fang h\u00e0ng m\u1edbi thanh to\u00e1n.<\/p>\n<p>\ud83d\udca5 Th\u00f4ng tin b\u1ea3o h\u00e0nh<br \/>\n\u2714 Th\u1eddi gian b\u1ea3o h\u00e0nh: 12 th\u00e1ng<br \/>\n\u2714 H\u00ecnh th\u1ee9c b\u1ea3o h\u00e0nh: 1 \u0111\u1ed5i 1<\/p>\n<div dir=\"auto\">\ud83d\udca5 G\u1ea5u shop &#8211; chuy\u00ean ph\u1ee5 ki\u1ec7n \u0111i\u1ec7n tho\u1ea1i, \u0111\u1ed3 c\u00f4ng ngh\u1ec7 h\u00e0ng ch\u00ednh h\u00e3ng.<\/div>\n<div dir=\"auto\">--> Hotline: 0797 180 750 (zalo) &#8211; 033 95 333 75<\/div>\n<div dir=\"auto\">\u0110C: 213\/3\/1B L\u00ea H\u1ed3ng Phong, Ph\u01b0\u1eddng 8, Tp. V\u0169ng T\u00e0u, BRVT<\/div>\n<\/div>\n<\/div>\n","protected":false},"excerpt":{"rendered":"<p>D\u00e2y S\u1ea1c Nhanh v\u00e0 truy\u1ec1n d\u1eef li\u1ec7u cho iphone, Samsung, oppo&#8230;C\u00f3 \u0110\u00e8n Led \u0110\u1ed5i M\u00e0u b\u1ecdc d\u00f9 ch\u1eafc ch\u1eafn, h\u00e0ng ch\u00ednh h\u00e3ng th\u01b0\u01a1ng hi\u1ec7u Vivan B\u1ea3o h\u00e0nh: 12 th\u00e1ng Gi\u00e1 b\u00e1n: 115k Th\u00f4ng tin s\u1ea3n ph\u1ea9m: \u00a0 Ph\u00e2n lo\u1ea1i: + D\u00e2y Lightning s\u1ea1c cho iphone + D\u00e2y micro, Type C s\u1ea1c cho android B\u1ea3o h\u00e0nh<\/p>\n","protected":false},"featured_media":267,"template":"","meta":{"om_disable_all_campaigns":false,"_monsterinsights_skip_tracking":false,"_monsterinsights_sitenote_active":false,"_monsterinsights_sitenote_note":"","_monsterinsights_sitenote_category":0},"product_cat":[31,34],"product_tag":[],"_links":{"self":[{"href":"https:\/\/phukienvungtau68.com\/index.php\/wp-json\/wp\/v2\/product\/266"}],"collection":[{"href":"https:\/\/phukienvungtau68.com\/index.php\/wp-json\/wp\/v2\/product"}],"about":[{"href":"https:\/\/phukienvungtau68.com\/index.php\/wp-json\/wp\/v2\/types\/product"}],"wp:featuredmedia":[{"embeddable":true,"href":"https:\/\/phukienvungtau68.com\/index.php\/wp-json\/wp\/v2\/media\/267"}],"wp:attachment":[{"href":"https:\/\/phukienvungtau68.com\/index.php\/wp-json\/wp\/v2\/media?parent=266"}],"wp:term":[{"taxonomy":"product_cat","embeddable":true,"href":"https:\/\/phukienvungtau68.com\/index.php\/wp-json\/wp\/v2\/product_cat?post=266"},{"taxonomy":"product_tag","embeddable":true,"href":"https:\/\/phukienvungtau68.com\/index.php\/wp-json\/wp\/v2\/product_tag?post=266"}],"curies":[{"name":"wp","href":"https:\/\/api.w.org\/{rel}","templated":true}]}}