{"id":276,"date":"2021-09-04T21:37:01","date_gmt":"2021-09-04T14:37:01","guid":{"rendered":"http:\/\/phukienvungtau68.com\/?post_type=product&#038;p=276"},"modified":"2021-09-04T21:37:01","modified_gmt":"2021-09-04T14:37:01","slug":"day-cap-sac-nhanh-hoco-u70-day-du-sieu-ben-2-dau-hop-kim-sac-sieu-nhanh","status":"publish","type":"product","link":"https:\/\/phukienvungtau68.com\/index.php\/product\/day-cap-sac-nhanh-hoco-u70-day-du-sieu-ben-2-dau-hop-kim-sac-sieu-nhanh\/","title":{"rendered":"D\u00e2y c\u00e1p s\u1ea1c nhanh Hoco U70 d\u00e2y d\u00f9 si\u00eau b\u1ec1n&hellip;"},"content":{"rendered":"<p>D\u00e2y s\u1ea1c nhanh Hoco U70 d\u00e2y d\u00f9 si\u00eau b\u1ec1n 2 \u0111\u1ea7u h\u1ee3p kim s\u1ea1c si\u00eau nhanh h\u00e0ng ch\u00ednh h\u00e3ng &#8211; B\u1ea3o h\u00e0nh 12 th\u00e1ng<\/p>\n<p>\ud83d\udca5 Th\u00f4ng tin s\u1ea3n ph\u1ea9m<br \/>\n&#8211; Model: Hoco U70<br \/>\n&#8211; Chi\u1ec1u d\u00e0i d\u00e2y c\u00e1p: 1,2m<br \/>\n&#8211; Ch\u1ea5t li\u1ec7u: Nylon + Aluminum si\u00eau b\u1ec1n<br \/>\n&#8211; Chu\u1ea9n giao ti\u1ebfp: Lightning for Iphone<br \/>\n&#8211; D\u00f2ng s\u1ea1c t\u1ed1i \u0111a: 5V &#8211; 2.4A<br \/>\n&#8211; Ch\u1ee9c n\u0103ng: S\u1ea1c v\u00e0 truy\u1ec1n d\u1eef li\u1ec7u<br \/>\n&#8211; D\u00f2ng m\u00e1y t\u01b0\u01a1ng th\u00edch: iPhone 5\/5s, iPhone 6\/6s\/6Plus\/6s Plus, iPhone 7\/7Plus, iPhone 8\/8plus iPad, iPod&#8230;<\/p>\n<p>\ud83d\udca5 \u01afu \u0111i\u1ec3m<br \/>\n+ D\u00e2y v\u1ea3i d\u1ec7t ch\u1eafc ch\u1eafn, \u0111\u1ed9 b\u1ec1n cao, ch\u1ed1ng r\u1ed1i, ch\u1ed1ng \u0111\u1ee9t g\u00e3y<br \/>\n+ L\u00f5i d\u00e2y l\u00e0m t\u1eeb ch\u1ea5t li\u1ec7u cao c\u1ea5p c\u00f9ng c\u00f4ng ngh\u1ec7 ti\u00ean ti\u1ebfn<br \/>\n+ T\u1ed1c \u0111\u1ed9 s\u1ea1c nhanh 2.4A c\u00f9ng t\u1ed1c \u0111\u1ed9 truy\u1ec1n d\u1eef li\u1ec7u \u1ed5n \u0111\u1ecbnh<br \/>\n+ T\u01b0\u01a1ng th\u00edch v\u1edbi t\u1ea5t c\u1ea3 c\u00e1c thi\u1ebft b\u1ecb d\u00f9ng Lightning nh\u01b0 iPhone, iPad v\u00e0 h\u1ea1n ch\u1ebf t\u1ed1i \u0111a l\u1ed7i t\u1eeb iOS<br \/>\n+ \u0110\u1ed9 d\u00e0i d\u00e2y l\u00fd t\u01b0\u1edfng 120cm<br \/>\n+ S\u1ea3n ph\u1ea9m \u0111\u01b0\u1ee3c \u0111\u1ea3m b\u1ea3o ch\u1ea5t l\u01b0\u1ee3ng t\u1eeb th\u01b0\u01a1ng hi\u1ec7u HOCO danh ti\u1ebfng c\u1ee7a Hong Kong<br \/>\nThi\u1ebft k\u1ebf c\u00e1p HOCO lightning U70 v\u1eabn gi\u1eef nguy\u00ean n\u00e9t truy\u1ec1n th\u1ed1ng v\u1edbi kim lo\u1ea1i nh\u00f4m. C\u00e1c v\u1ecb tr\u00ed chui c\u1eafm \u0111\u01b0\u1ee3c l\u00e0m t\u1eeb nh\u1ef1a, b\u00ean ngo\u00e0i \u0111\u01b0\u1ee3c b\u1ecdc b\u1eb1ng m\u1ed9t l\u1edbp h\u1ee3p kim nh\u00f4m v\u1edbi \u0111\u1ed9 tinh x\u1ea3o cao. Thi\u1ebft k\u1ebf mang l\u1ea1i s\u1ef1 sang tr\u1ecdng v\u00e0 b\u1ec1n b\u1ec9 cho s\u1ea3n ph\u1ea9m.<br \/>\n\u0110\u1ea7u USB \u0111\u01b0\u1ee3c ho\u00e0n thi\u1ec7n kh\u00e1 t\u1ed1t mang \u0111\u1ebfn \u0111\u1ed9 b\u1ec1n v\u00e0 s\u1ef1 \u1ed5n \u0111\u1ecbnh khi s\u1ea1c v\u00e0 truy\u1ec1n d\u1eef li\u1ec7u. Ph\u1ea7n d\u00e2y c\u00e1p \u0111\u01b0\u1ee3c b\u1ecdc b\u1eb1ng m\u1ed9t l\u1edbp v\u1ea3i d\u00f9, \u0111\u1ed3ng m\u00e0u v\u1edbi \u0111\u1ea7u chui c\u1eafm. Gi\u00fap ch\u1ed1ng \u0111\u1ee9t g\u00e3y c\u00e1p b\u00ean trong, mang \u0111\u1ebfn s\u1ef1 y\u00ean t\u00e2m cho ng\u01b0\u1eddi d\u00f9ng.<\/p>\n<p><img class=\"emoji\" role=\"img\" src=\"https:\/\/s.w.org\/images\/core\/emoji\/13.1.0\/svg\/1f4a5.svg\" alt=\"\ud83d\udca5\" \/>\u00a0CAM K\u1ebeT V\u1ec0 CH\u1ea4T L\u01af\u1ee2NG V\u00c0 D\u1ecaCH V\u1ee4 B\u00c1N H\u00c0NG:<br \/>\n1. H\u00e0ng th\u1eadt nh\u01b0 h\u00ecnh<br \/>\n2. \u0110\u1ea7y \u0111\u1ee7 tem, th\u1ebb b\u1ea3o h\u00e0nh<br \/>\n3. S\u1ea3n ph\u1ea9m \u0111\u01b0\u1ee3c test k\u1ef9 tr\u01b0\u1edbc khi giao h\u00e0ng N\u00ean qu\u00fd kh\u00e1ch h\u00e0ng c\u00f3 th\u1ec3 y\u00ean t\u00e2m.<br \/>\n4. Shop cam k\u1ebft ch\u0103m s\u00f3c kh\u00e1ch h\u00e0ng t\u1ed1t nh\u1ea5t, h\u1eadu m\u00e3i t\u1ed1t sau mua h\u00e0ng.<br \/>\n5. Cam k\u1ebft b\u1ea3o h\u00e0nh v\u00e0 \u0111\u1ed5i m\u1edbi 1 \u0111\u1ed5i 1 n\u1ebfu c\u00f3 l\u1ed7i trong th\u1eddi gian b\u1ea3o h\u00e0nh.<br \/>\n6. \u0110\u01b0\u1ee3c Ki\u1ec3m tra h\u00e0ng k\u1ef9 khi nh\u1eadn \u0111\u00fang h\u00e0ng m\u1edbi thanh to\u00e1n.<\/p>\n<p><img class=\"emoji\" role=\"img\" src=\"https:\/\/s.w.org\/images\/core\/emoji\/13.1.0\/svg\/1f4a5.svg\" alt=\"\ud83d\udca5\" \/>\u00a0Th\u00f4ng tin b\u1ea3o h\u00e0nh<br \/>\n<img class=\"emoji\" role=\"img\" src=\"https:\/\/s.w.org\/images\/core\/emoji\/13.1.0\/svg\/2714.svg\" alt=\"\u2714\" \/>\u00a0Th\u1eddi gian b\u1ea3o h\u00e0nh: 12 th\u00e1ng<br \/>\n<img class=\"emoji\" role=\"img\" src=\"https:\/\/s.w.org\/images\/core\/emoji\/13.1.0\/svg\/2714.svg\" alt=\"\u2714\" \/>\u00a0H\u00ecnh th\u1ee9c b\u1ea3o h\u00e0nh: 1 \u0111\u1ed5i 1<\/p>\n<div dir=\"auto\"><img class=\"emoji\" role=\"img\" src=\"https:\/\/s.w.org\/images\/core\/emoji\/13.1.0\/svg\/1f4a5.svg\" alt=\"\ud83d\udca5\" \/>\u00a0G\u1ea5u shop \u2013 chuy\u00ean ph\u1ee5 ki\u1ec7n \u0111i\u1ec7n tho\u1ea1i, \u0111\u1ed3 c\u00f4ng ngh\u1ec7 h\u00e0ng ch\u00ednh h\u00e3ng.<\/div>\n<div dir=\"auto\">--> Hotline: 0797 180 750 (zalo) \u2013 033 95 333 75<\/div>\n<div dir=\"auto\">\u0110C: 213\/3\/1B L\u00ea H\u1ed3ng Phong, Ph\u01b0\u1eddng 8, Tp. V\u0169ng T\u00e0u, BRVT<\/div>\n","protected":false},"excerpt":{"rendered":"<p>D\u00e2y s\u1ea1c nhanh Hoco U70 d\u00e2y d\u00f9 si\u00eau b\u1ec1n 2 \u0111\u1ea7u h\u1ee3p kim s\u1ea1c si\u00eau nhanh h\u00e0ng ch\u00ednh h\u00e3ng &#8211; B\u1ea3o h\u00e0nh 12 th\u00e1ng \ud83d\udca5 Th\u00f4ng tin s\u1ea3n ph\u1ea9m &#8211; Model: Hoco U70 &#8211; Chi\u1ec1u d\u00e0i d\u00e2y c\u00e1p: 1,2m &#8211; Ch\u1ea5t li\u1ec7u: Nylon + Aluminum si\u00eau b\u1ec1n &#8211; Chu\u1ea9n giao ti\u1ebfp: Lightning for Iphone &#8211;<\/p>\n","protected":false},"featured_media":278,"template":"","meta":{"om_disable_all_campaigns":false,"_monsterinsights_skip_tracking":false,"_monsterinsights_sitenote_active":false,"_monsterinsights_sitenote_note":"","_monsterinsights_sitenote_category":0},"product_cat":[31],"product_tag":[],"_links":{"self":[{"href":"https:\/\/phukienvungtau68.com\/index.php\/wp-json\/wp\/v2\/product\/276"}],"collection":[{"href":"https:\/\/phukienvungtau68.com\/index.php\/wp-json\/wp\/v2\/product"}],"about":[{"href":"https:\/\/phukienvungtau68.com\/index.php\/wp-json\/wp\/v2\/types\/product"}],"wp:featuredmedia":[{"embeddable":true,"href":"https:\/\/phukienvungtau68.com\/index.php\/wp-json\/wp\/v2\/media\/278"}],"wp:attachment":[{"href":"https:\/\/phukienvungtau68.com\/index.php\/wp-json\/wp\/v2\/media?parent=276"}],"wp:term":[{"taxonomy":"product_cat","embeddable":true,"href":"https:\/\/phukienvungtau68.com\/index.php\/wp-json\/wp\/v2\/product_cat?post=276"},{"taxonomy":"product_tag","embeddable":true,"href":"https:\/\/phukienvungtau68.com\/index.php\/wp-json\/wp\/v2\/product_tag?post=276"}],"curies":[{"name":"wp","href":"https:\/\/api.w.org\/{rel}","templated":true}]}}