{"id":298,"date":"2021-09-04T22:15:02","date_gmt":"2021-09-04T15:15:02","guid":{"rendered":"http:\/\/phukienvungtau68.com\/?post_type=product&#038;p=298"},"modified":"2021-09-04T22:15:02","modified_gmt":"2021-09-04T15:15:02","slug":"cap-sac-lightning-type-c-micro-gaming-vivan-boc-du-1m-cong-ket-noi-chu-l-90","status":"publish","type":"product","link":"https:\/\/phukienvungtau68.com\/index.php\/product\/cap-sac-lightning-type-c-micro-gaming-vivan-boc-du-1m-cong-ket-noi-chu-l-90\/","title":{"rendered":"C\u00e1p S\u1ea1c Lightning\/Type-C\/Micro Gaming VIVAN B\u1ecdc D\u00f9 1m C\u1ed5ng K\u1ebft&hellip;"},"content":{"rendered":"<p>C\u00e1p S\u1ea1c Lightning\/Type-C\/Micro Gaming VIVAN B\u1ecdc D\u00f9 1m C\u1ed5ng K\u1ebft N\u1ed1i Ch\u1eef L 90 \u0110\u1ed9 2 M\u1eb7t C\u1eafm USB BWL100\/BWC100\/BWM100<\/p>\n<p>\ud83d\udca5 Th\u00f4ng tin s\u1ea3n ph\u1ea9m<br \/>\n&#8211; C\u00e1p s\u1ea1c ch\u01a1i game<br \/>\n&#8211; Th\u00e2n c\u00e1o b\u1ecdc d\u00f9<br \/>\n&#8211; S\u1ea1c c\u1ef1c nhanh<br \/>\n&#8211; D\u00f2ng \u0111i\u1ec7n t\u1ed1i \u0111a 2.4A<br \/>\n&#8211; Chi\u1ec1u d\u00e0i d\u00e2y: 1m<br \/>\n\u2714 Thi\u1ebft k\u1ebf tinh x\u1ea3o v\u1edbi g\u00f3c cong \u0111\u1eb7c bi\u1ec7t ch\u1eef L thu\u1eadn ti\u1ec7n khi c\u1ea7m chi\u1ec1u ngang, mang \u0111\u1ebfn s\u1ef1 tho\u1ea3i m\u00e1i khi ch\u01a1i game.<br \/>\n\u2714 \u0110\u1ea7u c\u00e1p \u0111\u01b0\u1ee3c c\u1ea5u t\u1ea1o b\u1edfi v\u1eadt li\u1ec7u h\u1ee3p kim nh\u00f4m, thi\u1ebft k\u1ebf tinh t\u1ebf, c\u1eafm \u0111\u01b0\u1ee3c c\u1ea3 2 m\u1eb7t. D\u00e2y c\u00e1p b\u1eb1ng ch\u1ea5t li\u1ec7u TPE+, b\u1ecdc v\u1ea3i d\u00f9 b\u1ec1n b\u1ec9 ch\u1ed1ng xo\u1eafn r\u1ed1i, \u0111\u1ee9t g\u00e3y.<br \/>\n\u2714 Ch\u1ea5t l\u01b0\u1ee3ng l\u00f5i d\u00e2y cao c\u1ea5p, s\u1ea1c nhanh an to\u00e0n. Ch\u00e2n c\u1eafm b\u1eb1ng \u0111\u1ed3ng m\u1ea1 v\u00e0ng k\u1ebft n\u1ed1i d\u1ec5 d\u00e0ng, ch\u1ed1ng oxy h\u00f3a<\/p>\n<p><img class=\"emoji\" role=\"img\" src=\"https:\/\/s.w.org\/images\/core\/emoji\/13.1.0\/svg\/1f4a5.svg\" alt=\"\ud83d\udca5\" \/>\u00a0Cam k\u1ebft v\u1ec1 ch\u1ea5t l\u01b0\u1ee3ng v\u00e0 d\u1ecbch v\u1ee5 b\u00e1n h\u00e0ng<br \/>\n1. H\u00e0ng th\u1eadt nh\u01b0 h\u00ecnh<br \/>\n2. \u0110\u1ea7y \u0111\u1ee7 tem, th\u1ebb b\u1ea3o h\u00e0nh<br \/>\n3. S\u1ea3n ph\u1ea9m \u0111\u01b0\u1ee3c test k\u1ef9 tr\u01b0\u1edbc khi giao h\u00e0ng N\u00ean qu\u00fd kh\u00e1ch h\u00e0ng c\u00f3 th\u1ec3 y\u00ean t\u00e2m.<br \/>\n4. Shop cam k\u1ebft ch\u0103m s\u00f3c kh\u00e1ch h\u00e0ng t\u1ed1t nh\u1ea5t, h\u1eadu m\u00e3i t\u1ed1t sau mua h\u00e0ng.<br \/>\n5. Cam k\u1ebft b\u1ea3o h\u00e0nh v\u00e0 \u0111\u1ed5i m\u1edbi 1 \u0111\u1ed5i 1 n\u1ebfu c\u00f3 l\u1ed7i trong th\u1eddi gian b\u1ea3o h\u00e0nh.<br \/>\n6. \u0110\u01b0\u1ee3c Ki\u1ec3m tra h\u00e0ng k\u1ef9 khi nh\u1eadn \u0111\u00fang h\u00e0ng m\u1edbi thanh to\u00e1n.<\/p>\n<p><img class=\"emoji\" role=\"img\" src=\"https:\/\/s.w.org\/images\/core\/emoji\/13.1.0\/svg\/1f4a5.svg\" alt=\"\ud83d\udca5\" \/>\u00a0Th\u00f4ng tin b\u1ea3o h\u00e0nh<br \/>\n<img class=\"emoji\" role=\"img\" src=\"https:\/\/s.w.org\/images\/core\/emoji\/13.1.0\/svg\/2714.svg\" alt=\"\u2714\" \/>\u00a0Th\u1eddi gian b\u1ea3o h\u00e0nh: 12 th\u00e1ng<br \/>\n<img class=\"emoji\" role=\"img\" src=\"https:\/\/s.w.org\/images\/core\/emoji\/13.1.0\/svg\/2714.svg\" alt=\"\u2714\" \/>\u00a0H\u00ecnh th\u1ee9c b\u1ea3o h\u00e0nh: 1 \u0111\u1ed5i 1<\/p>\n<div dir=\"auto\"><img class=\"emoji\" role=\"img\" src=\"https:\/\/s.w.org\/images\/core\/emoji\/13.1.0\/svg\/1f4a5.svg\" alt=\"\ud83d\udca5\" \/>\u00a0G\u1ea5u shop \u2013 chuy\u00ean ph\u1ee5 ki\u1ec7n \u0111i\u1ec7n tho\u1ea1i, \u0111\u1ed3 c\u00f4ng ngh\u1ec7 h\u00e0ng ch\u00ednh h\u00e3ng.<\/div>\n<div dir=\"auto\">--> Hotline: 0797 180 750 (zalo) \u2013 033 95 333 75<\/div>\n<div dir=\"auto\">\u0110C: 213\/3\/1B L\u00ea H\u1ed3ng Phong, Ph\u01b0\u1eddng 8, Tp. V\u0169ng T\u00e0u, B\u00e0 R\u1ecba V\u0169ng T\u00e0u<\/div>\n","protected":false},"excerpt":{"rendered":"<p>C\u00e1p S\u1ea1c Lightning\/Type-C\/Micro Gaming VIVAN B\u1ecdc D\u00f9 1m C\u1ed5ng K\u1ebft N\u1ed1i Ch\u1eef L 90 \u0110\u1ed9 2 M\u1eb7t C\u1eafm USB BWL100\/BWC100\/BWM100 \ud83d\udca5 Th\u00f4ng tin s\u1ea3n ph\u1ea9m &#8211; C\u00e1p s\u1ea1c ch\u01a1i game &#8211; Th\u00e2n c\u00e1o b\u1ecdc d\u00f9 &#8211; S\u1ea1c c\u1ef1c nhanh &#8211; D\u00f2ng \u0111i\u1ec7n t\u1ed1i \u0111a 2.4A &#8211; Chi\u1ec1u d\u00e0i d\u00e2y: 1m \u2714 Thi\u1ebft k\u1ebf tinh x\u1ea3o<\/p>\n","protected":false},"featured_media":300,"template":"","meta":{"om_disable_all_campaigns":false,"_monsterinsights_skip_tracking":false,"_monsterinsights_sitenote_active":false,"_monsterinsights_sitenote_note":"","_monsterinsights_sitenote_category":0},"product_cat":[31],"product_tag":[],"_links":{"self":[{"href":"https:\/\/phukienvungtau68.com\/index.php\/wp-json\/wp\/v2\/product\/298"}],"collection":[{"href":"https:\/\/phukienvungtau68.com\/index.php\/wp-json\/wp\/v2\/product"}],"about":[{"href":"https:\/\/phukienvungtau68.com\/index.php\/wp-json\/wp\/v2\/types\/product"}],"wp:featuredmedia":[{"embeddable":true,"href":"https:\/\/phukienvungtau68.com\/index.php\/wp-json\/wp\/v2\/media\/300"}],"wp:attachment":[{"href":"https:\/\/phukienvungtau68.com\/index.php\/wp-json\/wp\/v2\/media?parent=298"}],"wp:term":[{"taxonomy":"product_cat","embeddable":true,"href":"https:\/\/phukienvungtau68.com\/index.php\/wp-json\/wp\/v2\/product_cat?post=298"},{"taxonomy":"product_tag","embeddable":true,"href":"https:\/\/phukienvungtau68.com\/index.php\/wp-json\/wp\/v2\/product_tag?post=298"}],"curies":[{"name":"wp","href":"https:\/\/api.w.org\/{rel}","templated":true}]}}