{"id":306,"date":"2021-09-04T22:20:33","date_gmt":"2021-09-04T15:20:33","guid":{"rendered":"http:\/\/phukienvungtau68.com\/?post_type=product&#038;p=306"},"modified":"2021-09-04T22:20:33","modified_gmt":"2021-09-04T15:20:33","slug":"cap-sac-nhanh-vivan-kpd100s-type-c-to-type-c-100cm-chuan-sac-nhanh-pd-60w-day-chong-gay","status":"publish","type":"product","link":"https:\/\/phukienvungtau68.com\/index.php\/product\/cap-sac-nhanh-vivan-kpd100s-type-c-to-type-c-100cm-chuan-sac-nhanh-pd-60w-day-chong-gay\/","title":{"rendered":"C\u00e1p S\u1ea1c Nhanh VIVAN KPD100S Type-C to Type-C 100cm Chu\u1ea9n&hellip;"},"content":{"rendered":"<div>C\u00e1p S\u1ea1c Nhanh VIVAN KPD100S Type-C to Type-C 100cm Chu\u1ea9n S\u1ea1c Nhanh PD 60W D\u00e2y Ch\u1ed1ng G\u00e3y<\/div>\n<div>\ud83d\udca5 Th\u00f4ng tin s\u1ea3n ph\u1ea9m<\/div>\n<div>C\u00e1p S\u1ea1c Nhanh VIVAN KPD100S Type-C to Type-C 100cm Chu\u1ea9n S\u1ea1c Nhanh PD 60W<\/div>\n<div>\u26a1 Ch\u1ea5t li\u1ec7u b\u1ec7n d\u00f9 si\u00eau b\u1ea3o v\u1ec7 l\u00f5i c\u00e1p<\/div>\n<div>\u26a1 Ch\u1ecbu b\u1ebb g\u1eadp \u0111\u1ebfn 10.000 l\u1ea7n<\/div>\n<div>\u25fc T\u00ednh n\u0103ng:<\/div>\n<div>\u00a0 \u00a0\u2714 Chu\u1ea9n s\u1ea1c nhanh PD, c\u00f3 th\u1ec3 s\u1ea1c nhanh c\u00f4ng su\u1ea5t l\u1edbn 60W cho c\u00e1c d\u00f2ng IPhone. Trong 2.5h ph\u00fat, S\u1ea1c \u0111\u1ea7y Macbbook pro 13inch\u00a0 s\u1ea1c si\u00eau nhanh gi\u00fap ti\u1ebft ki\u1ec7m th\u1eddi gian.<\/div>\n<div>\u00a0 \u00a0\u2714 S\u1ea1c v\u00e0 truy\u1ec1n d\u1eef li\u1ec7u 2 trong 1: h\u1ed7 tr\u1ee3 c\u00f9ng l\u00fac s\u1ea1c nhanh PD v\u00e0 truy\u1ec1n d\u1eef li\u1ec7u, k\u1ebft n\u1ed1i d\u00e2y s\u1ea1c PD v\u1edbi laptop c\u1ed5ng Type-C, truy\u1ec1n d\u1eef li\u1ec7u nhanh ch\u00f3ng, \u1ed5n \u0111\u1ecbnh, ti\u1ebft ki\u1ec7m th\u1eddi gian.<\/div>\n<div>\u00a0 \u00a0\u2714 T\u01b0\u01a1ng th\u00edch v\u1edbi c\u00e1c d\u00f2ng s\u1ea3n c\u00f3 c\u1ed5ng k\u1ebft n\u1ed1i Type C nh\u01b0\u00a0 m\u00e1y t\u00ednh b\u1ea3ng , laptop \u0111i\u1ec7n tho\u1ea1i,\u2026<\/div>\n<div><\/div>\n<div>\u2714 H\u1ed7 tr\u1ee3 s\u1ea1c nhanh\u00a0 cho c\u00e1c \u0111i\u1ec7n tho\u1ea1i c\u1ed5ng C nh\u01b0 Samsung, Xiaomi, Huawei, ViVo,Oppo<\/div>\n<div><\/div>\n<div>\u00a0 \u00a0\u2714 Th\u00e2n c\u00e1p \u0111\u01b0\u1ee3c l\u00e0m t\u1eeb ch\u1ea5t li\u1ec7u b\u1ec7n d\u00f9 si\u00eau b\u1ec1n ch\u1ed1ng g\u00e3y \u0111\u1ee9t, b\u1ea3o v\u1ec7 l\u00f5i c\u00e1p, tu\u1ed5i th\u1ecd trung b\u00ecnh cao, tho\u1ea3i m\u00e1i c\u1ea7m n\u1eafm, ch\u1ed1ng xo\u1eafn r\u1ed1i, ma s\u00e1t t\u1ed1t.<\/div>\n<div><\/div>\n<div>\u00a0 \u00a0\u2714 Thi\u1ebft k\u1ebf ch c\u00f4ng ngh\u00ea SR gi\u00fap gia c\u1ed1 \u0111\u1ea7u c\u00e1p ch\u1eafc ch\u1eafn ch\u1ed1ng g\u00e3y t\u0103ng \u0111\u1ed9 b\u1ec1n.<\/div>\n<div><\/div>\n<div>\u00a0 \u00a0\u2714 S\u1ea3n ph\u1ea9m k\u00e8m v\u00f2ng qu\u1ea5n gi\u00fap ng\u01b0\u1eddi d\u00f9ng cu\u1ed9n l\u1ea1i d\u1ec5 d\u00e0ng sau khi s\u1eed d\u1ee5ng, thu\u1eadn ti\u1ec1n c\u1ea5t gi\u1eef v\u00e0 mang theo.<\/div>\n<div><\/div>\n<div>\u00a0 \u00a0\u2714 B\u1ea3o h\u00e0nh ch\u00ednh h\u00e3ng 12 th\u00e1ng, cam k\u1ebft 1 \u0111\u1ed5i 1 (kh\u00f4ng qua s\u1eeda ch\u1eefa)<\/div>\n<div>\n<p><img class=\"emoji\" role=\"img\" src=\"https:\/\/s.w.org\/images\/core\/emoji\/13.1.0\/svg\/1f4a5.svg\" alt=\"\ud83d\udca5\" \/>\u00a0Cam k\u1ebft v\u1ec1 ch\u1ea5t l\u01b0\u1ee3ng v\u00e0 d\u1ecbch v\u1ee5 b\u00e1n h\u00e0ng<br \/>\n1. H\u00e0ng th\u1eadt nh\u01b0 h\u00ecnh<br \/>\n2. \u0110\u1ea7y \u0111\u1ee7 tem, th\u1ebb b\u1ea3o h\u00e0nh<br \/>\n3. S\u1ea3n ph\u1ea9m \u0111\u01b0\u1ee3c test k\u1ef9 tr\u01b0\u1edbc khi giao h\u00e0ng N\u00ean qu\u00fd kh\u00e1ch h\u00e0ng c\u00f3 th\u1ec3 y\u00ean t\u00e2m.<br \/>\n4. Shop cam k\u1ebft ch\u0103m s\u00f3c kh\u00e1ch h\u00e0ng t\u1ed1t nh\u1ea5t, h\u1eadu m\u00e3i t\u1ed1t sau mua h\u00e0ng.<br \/>\n5. Cam k\u1ebft b\u1ea3o h\u00e0nh v\u00e0 \u0111\u1ed5i m\u1edbi 1 \u0111\u1ed5i 1 n\u1ebfu c\u00f3 l\u1ed7i trong th\u1eddi gian b\u1ea3o h\u00e0nh.<br \/>\n6. \u0110\u01b0\u1ee3c Ki\u1ec3m tra h\u00e0ng k\u1ef9 khi nh\u1eadn \u0111\u00fang h\u00e0ng m\u1edbi thanh to\u00e1n.<\/p>\n<p><img class=\"emoji\" role=\"img\" src=\"https:\/\/s.w.org\/images\/core\/emoji\/13.1.0\/svg\/1f4a5.svg\" alt=\"\ud83d\udca5\" \/>\u00a0Th\u00f4ng tin b\u1ea3o h\u00e0nh<br \/>\n<img class=\"emoji\" role=\"img\" src=\"https:\/\/s.w.org\/images\/core\/emoji\/13.1.0\/svg\/2714.svg\" alt=\"\u2714\" \/>\u00a0Th\u1eddi gian b\u1ea3o h\u00e0nh: 12 th\u00e1ng<br \/>\n<img class=\"emoji\" role=\"img\" src=\"https:\/\/s.w.org\/images\/core\/emoji\/13.1.0\/svg\/2714.svg\" alt=\"\u2714\" \/>\u00a0H\u00ecnh th\u1ee9c b\u1ea3o h\u00e0nh: 1 \u0111\u1ed5i 1<\/p>\n<div dir=\"auto\"><img class=\"emoji\" role=\"img\" src=\"https:\/\/s.w.org\/images\/core\/emoji\/13.1.0\/svg\/1f4a5.svg\" alt=\"\ud83d\udca5\" \/>\u00a0G\u1ea5u shop \u2013 chuy\u00ean ph\u1ee5 ki\u1ec7n \u0111i\u1ec7n tho\u1ea1i, \u0111\u1ed3 c\u00f4ng ngh\u1ec7 h\u00e0ng ch\u00ednh h\u00e3ng.<\/div>\n<div dir=\"auto\">--> Hotline: 0797 180 750 (zalo) \u2013 033 95 333 75<\/div>\n<div dir=\"auto\">\u0110C: 213\/3\/1B L\u00ea H\u1ed3ng Phong, Ph\u01b0\u1eddng 8, Tp. V\u0169ng T\u00e0u, BRVT<\/div>\n<\/div>\n","protected":false},"excerpt":{"rendered":"<p>C\u00e1p S\u1ea1c Nhanh VIVAN KPD100S Type-C to Type-C 100cm Chu\u1ea9n S\u1ea1c Nhanh PD 60W D\u00e2y Ch\u1ed1ng G\u00e3y \ud83d\udca5 Th\u00f4ng tin s\u1ea3n ph\u1ea9m C\u00e1p S\u1ea1c Nhanh VIVAN KPD100S Type-C to Type-C 100cm Chu\u1ea9n S\u1ea1c Nhanh PD 60W \u26a1 Ch\u1ea5t li\u1ec7u b\u1ec7n d\u00f9 si\u00eau b\u1ea3o v\u1ec7 l\u00f5i c\u00e1p \u26a1 Ch\u1ecbu b\u1ebb g\u1eadp \u0111\u1ebfn 10.000 l\u1ea7n \u25fc T\u00ednh<\/p>\n","protected":false},"featured_media":307,"template":"","meta":{"om_disable_all_campaigns":false,"_monsterinsights_skip_tracking":false,"_monsterinsights_sitenote_active":false,"_monsterinsights_sitenote_note":"","_monsterinsights_sitenote_category":0},"product_cat":[31],"product_tag":[],"_links":{"self":[{"href":"https:\/\/phukienvungtau68.com\/index.php\/wp-json\/wp\/v2\/product\/306"}],"collection":[{"href":"https:\/\/phukienvungtau68.com\/index.php\/wp-json\/wp\/v2\/product"}],"about":[{"href":"https:\/\/phukienvungtau68.com\/index.php\/wp-json\/wp\/v2\/types\/product"}],"wp:featuredmedia":[{"embeddable":true,"href":"https:\/\/phukienvungtau68.com\/index.php\/wp-json\/wp\/v2\/media\/307"}],"wp:attachment":[{"href":"https:\/\/phukienvungtau68.com\/index.php\/wp-json\/wp\/v2\/media?parent=306"}],"wp:term":[{"taxonomy":"product_cat","embeddable":true,"href":"https:\/\/phukienvungtau68.com\/index.php\/wp-json\/wp\/v2\/product_cat?post=306"},{"taxonomy":"product_tag","embeddable":true,"href":"https:\/\/phukienvungtau68.com\/index.php\/wp-json\/wp\/v2\/product_tag?post=306"}],"curies":[{"name":"wp","href":"https:\/\/api.w.org\/{rel}","templated":true}]}}