{"id":323,"date":"2021-09-04T22:30:34","date_gmt":"2021-09-04T15:30:34","guid":{"rendered":"http:\/\/phukienvungtau68.com\/?post_type=product&#038;p=323"},"modified":"2021-09-05T00:57:23","modified_gmt":"2021-09-04T17:57:23","slug":"day-sac-lightning-micro-type-c-robot-dai-100cm-rgl100-rgc100-rgm100-dung-cho-iphone-android","status":"publish","type":"product","link":"https:\/\/phukienvungtau68.com\/index.php\/product\/day-sac-lightning-micro-type-c-robot-dai-100cm-rgl100-rgc100-rgm100-dung-cho-iphone-android\/","title":{"rendered":"D\u00e2y s\u1ea1c Lightning\/Micro\/Type-C ROBOT d\u00e0i 100CM RGL100\/RGC100\/RGM100 d\u00f9ng cho iphone\/Android"},"content":{"rendered":"<p>C\u00e1p S\u1ea1c Lightning\/Type-C\/Micro ROBOT 100cm RGL100\/RGC100\/RGM100 T\u01b0\u01a1ng Th\u00edch V\u1edbi C\u00e1c Thi\u1ebft B\u1ecb iphone\/Android<\/p>\n<p>\ud83d\udca5 Th\u00f4ng tin s\u1ea3n ph\u1ea9m<br \/>\nModel: D\u00e2y s\u1ea1c Robot<br \/>\n\ud83d\udfe2 RGL100 (Lightning) 2.1A<br \/>\n\ud83d\udfe2 RGC100 (Type-C) 2.4A<br \/>\n\ud83d\udfe2 RGM100 (Micro) 2.1A<br \/>\n&#8211; L\u00f5i c\u00e1p b\u1eb1ng \u0111\u1ed3ng nguy\u00ean ch\u1ea5t ch\u1ed1ng oxy h\u00f3a v\u1edbi c\u00e1c l\u1edbp b\u1ea3o v\u1ec7 an to\u00e0n, gi\u00fap t\u1ed1c \u0111\u1ed9 s\u1ea1c v\u00e0 truy\u1ec1n d\u1eef li\u1ec7u nhanh ch\u00f3ng \u1ed5n \u0111\u1ecbnh h\u01a1n<br \/>\n&#8211; Ngu\u1ed3n s\u1ea1c nhanh v\u00e0 ti\u1ebft ki\u1ec7m th\u1eddi gian h\u01a1n<br \/>\n&#8211; T\u01b0\u01a1ng th\u00edch v\u1edbi h\u1ec7 \u0111i\u1ec1u h\u00e0nh iOs\/Android<br \/>\n&#8211; \u0110\u1ea7u ti\u1ebfp x\u00fac thi\u1ebft k\u1ebf c\u1ee9ng c\u00e1p, ch\u1ed1ng \u0111\u1ee9t g\u00e3y<br \/>\n&#8211; Ki\u1ec3u d\u00e1ng th\u00e2n c\u00e1p v\u00e2n s\u1ecdc t\u1ea1o c\u1ea3m gi\u00e1c c\u1ea7m n\u1eafm tho\u1ea3i m\u00e1i, co gi\u1ea3n t\u1ed1t v\u00e0 ch\u1ed1ng r\u1ed1i<\/p>\n<p><img class=\"emoji\" role=\"img\" src=\"https:\/\/s.w.org\/images\/core\/emoji\/13.1.0\/svg\/1f4a5.svg\" alt=\"\ud83d\udca5\" \/>\u00a0Cam k\u1ebft v\u1ec1 ch\u1ea5t l\u01b0\u1ee3ng v\u00e0 d\u1ecbch v\u1ee5 b\u00e1n h\u00e0ng<br \/>\n1. H\u00e0ng th\u1eadt nh\u01b0 h\u00ecnh<br \/>\n2. \u0110\u1ea7y \u0111\u1ee7 tem, th\u1ebb b\u1ea3o h\u00e0nh<br \/>\n3. S\u1ea3n ph\u1ea9m \u0111\u01b0\u1ee3c test k\u1ef9 tr\u01b0\u1edbc khi giao h\u00e0ng N\u00ean qu\u00fd kh\u00e1ch h\u00e0ng c\u00f3 th\u1ec3 y\u00ean t\u00e2m.<br \/>\n4. Shop cam k\u1ebft ch\u0103m s\u00f3c kh\u00e1ch h\u00e0ng t\u1ed1t nh\u1ea5t, h\u1eadu m\u00e3i t\u1ed1t sau mua h\u00e0ng.<br \/>\n5. Cam k\u1ebft b\u1ea3o h\u00e0nh v\u00e0 \u0111\u1ed5i m\u1edbi 1 \u0111\u1ed5i 1 n\u1ebfu c\u00f3 l\u1ed7i trong th\u1eddi gian b\u1ea3o h\u00e0nh.<br \/>\n6. \u0110\u01b0\u1ee3c Ki\u1ec3m tra h\u00e0ng k\u1ef9 khi nh\u1eadn \u0111\u00fang h\u00e0ng m\u1edbi thanh to\u00e1n.<\/p>\n<p><img class=\"emoji\" role=\"img\" src=\"https:\/\/s.w.org\/images\/core\/emoji\/13.1.0\/svg\/1f4a5.svg\" alt=\"\ud83d\udca5\" \/>\u00a0Th\u00f4ng tin b\u1ea3o h\u00e0nh<br \/>\n<img class=\"emoji\" role=\"img\" src=\"https:\/\/s.w.org\/images\/core\/emoji\/13.1.0\/svg\/2714.svg\" alt=\"\u2714\" \/> Th\u1eddi gian b\u1ea3o h\u00e0nh: 6 th\u00e1ng<br \/>\n<img class=\"emoji\" role=\"img\" src=\"https:\/\/s.w.org\/images\/core\/emoji\/13.1.0\/svg\/2714.svg\" alt=\"\u2714\" \/>\u00a0H\u00ecnh th\u1ee9c b\u1ea3o h\u00e0nh: 1 \u0111\u1ed5i 1<\/p>\n<div dir=\"auto\"><img class=\"emoji\" role=\"img\" src=\"https:\/\/s.w.org\/images\/core\/emoji\/13.1.0\/svg\/1f4a5.svg\" alt=\"\ud83d\udca5\" \/>\u00a0G\u1ea5u shop \u2013 chuy\u00ean ph\u1ee5 ki\u1ec7n \u0111i\u1ec7n tho\u1ea1i, \u0111\u1ed3 c\u00f4ng ngh\u1ec7 h\u00e0ng ch\u00ednh h\u00e3ng.<\/div>\n<div dir=\"auto\">--> Hotline: 0797 180 750 (zalo) \u2013 033 95 333 75<\/div>\n<div dir=\"auto\">\u0110C: 213\/3\/1B L\u00ea H\u1ed3ng Phong, Ph\u01b0\u1eddng 8, Tp. V\u0169ng T\u00e0u, BRVT<\/div>\n","protected":false},"excerpt":{"rendered":"<p>C\u00e1p S\u1ea1c Lightning\/Type-C\/Micro ROBOT 100cm RGL100\/RGC100\/RGM100 T\u01b0\u01a1ng Th\u00edch V\u1edbi C\u00e1c Thi\u1ebft B\u1ecb iphone\/Android \ud83d\udca5 Th\u00f4ng tin s\u1ea3n ph\u1ea9m Model: D\u00e2y s\u1ea1c Robot \ud83d\udfe2 RGL100 (Lightning) 2.1A \ud83d\udfe2 RGC100 (Type-C) 2.4A \ud83d\udfe2 RGM100 (Micro) 2.1A &#8211; L\u00f5i c\u00e1p b\u1eb1ng \u0111\u1ed3ng nguy\u00ean ch\u1ea5t ch\u1ed1ng oxy h\u00f3a v\u1edbi c\u00e1c l\u1edbp b\u1ea3o v\u1ec7 an to\u00e0n, gi\u00fap t\u1ed1c \u0111\u1ed9 s\u1ea1c<\/p>\n","protected":false},"featured_media":330,"template":"","meta":{"om_disable_all_campaigns":false,"_monsterinsights_skip_tracking":false,"_monsterinsights_sitenote_active":false,"_monsterinsights_sitenote_note":"","_monsterinsights_sitenote_category":0},"product_cat":[31],"product_tag":[],"_links":{"self":[{"href":"https:\/\/phukienvungtau68.com\/index.php\/wp-json\/wp\/v2\/product\/323"}],"collection":[{"href":"https:\/\/phukienvungtau68.com\/index.php\/wp-json\/wp\/v2\/product"}],"about":[{"href":"https:\/\/phukienvungtau68.com\/index.php\/wp-json\/wp\/v2\/types\/product"}],"wp:featuredmedia":[{"embeddable":true,"href":"https:\/\/phukienvungtau68.com\/index.php\/wp-json\/wp\/v2\/media\/330"}],"wp:attachment":[{"href":"https:\/\/phukienvungtau68.com\/index.php\/wp-json\/wp\/v2\/media?parent=323"}],"wp:term":[{"taxonomy":"product_cat","embeddable":true,"href":"https:\/\/phukienvungtau68.com\/index.php\/wp-json\/wp\/v2\/product_cat?post=323"},{"taxonomy":"product_tag","embeddable":true,"href":"https:\/\/phukienvungtau68.com\/index.php\/wp-json\/wp\/v2\/product_tag?post=323"}],"curies":[{"name":"wp","href":"https:\/\/api.w.org\/{rel}","templated":true}]}}