{"id":339,"date":"2021-09-04T22:45:19","date_gmt":"2021-09-04T15:45:19","guid":{"rendered":"http:\/\/phukienvungtau68.com\/?post_type=product&#038;p=339"},"modified":"2021-09-04T22:45:19","modified_gmt":"2021-09-04T15:45:19","slug":"day-cap-sac-hoco-x26-3-dau-da-nang-lightning-micro-type-c-dai-1m-day-du-sieu-ben","status":"publish","type":"product","link":"https:\/\/phukienvungtau68.com\/index.php\/product\/day-cap-sac-hoco-x26-3-dau-da-nang-lightning-micro-type-c-dai-1m-day-du-sieu-ben\/","title":{"rendered":"D\u00e2y C\u00e1p s\u1ea1c Hoco X26 3 \u0111\u1ea7u \u0111a n\u0103ng Lightning&hellip;"},"content":{"rendered":"<p>D\u00e2y s\u1ea1c C\u00e1p s\u1ea1c Hoco X26 3 \u0111\u1ea7u \u0111a n\u0103ng Lightning &#8211; Micro &#8211; Type C d\u00e0i 1m d\u00e2y d\u00f9 si\u00eau b\u1ec1n<\/p>\n<p>\ud83d\udca5 Th\u00f4ng tin s\u1ea3n ph\u1ea9m<br \/>\n&#8211; Chi\u1ec1u d\u00e0i: 1m, (d\u00f2ng ch\u00ednh 0,8 + d\u00f2ng 0,2), tr\u1ecdng l\u01b0\u1ee3ng 37g.<br \/>\n&#8211; D\u00e2y c\u00e1p s\u1ea1c \u0111\u1ea7u USB to Lightning + Micro-USB + Type-C. H\u1ed7 tr\u1ee3 s\u1ea1c \u0111i\u1ec7n tho\u1ea1i Apple v\u00e0 \u0111i\u1ec7n tho\u1ea1i Android,<br \/>\n&#8211; D\u00f2ng \u0111i\u1ec7n t\u1ed1i \u0111a kho\u1ea3ng 2A.<br \/>\n&#8211; D\u00e2y b\u1ec7n b\u1eb1ng nylon, h\u00ecnh tr\u1ee5, h\u00ecnh c\u1ed9t, \u0111\u00fac phun TPE, v\u1ecf h\u1ee3p kim nh\u00f4m kh\u1eafc logo.<br \/>\n&#8211; D\u00e2y l\u00f5i \u0111\u1ed3ng kh\u00f4ng c\u00f3 oxy m\u1ea1 thi\u1ebfc b\u1ed1n l\u00f5i, d\u00f2ng ch\u00ednh: 90 chi\u1ebfc, d\u00f2ng chia: 70 chi\u1ebfc.<\/p>\n<p><img class=\"emoji\" role=\"img\" src=\"https:\/\/s.w.org\/images\/core\/emoji\/13.1.0\/svg\/1f4a5.svg\" alt=\"\ud83d\udca5\" \/>\u00a0Cam k\u1ebft v\u1ec1 ch\u1ea5t l\u01b0\u1ee3ng v\u00e0 d\u1ecbch v\u1ee5 b\u00e1n h\u00e0ng<br \/>\n1. H\u00e0ng th\u1eadt nh\u01b0 h\u00ecnh<br \/>\n2. \u0110\u1ea7y \u0111\u1ee7 tem, th\u1ebb b\u1ea3o h\u00e0nh<br \/>\n3. S\u1ea3n ph\u1ea9m \u0111\u01b0\u1ee3c test k\u1ef9 tr\u01b0\u1edbc khi giao h\u00e0ng N\u00ean qu\u00fd kh\u00e1ch h\u00e0ng c\u00f3 th\u1ec3 y\u00ean t\u00e2m.<br \/>\n4. Shop cam k\u1ebft ch\u0103m s\u00f3c kh\u00e1ch h\u00e0ng t\u1ed1t nh\u1ea5t, h\u1eadu m\u00e3i t\u1ed1t sau mua h\u00e0ng.<br \/>\n5. Cam k\u1ebft b\u1ea3o h\u00e0nh v\u00e0 \u0111\u1ed5i m\u1edbi 1 \u0111\u1ed5i 1 n\u1ebfu c\u00f3 l\u1ed7i trong th\u1eddi gian b\u1ea3o h\u00e0nh.<br \/>\n6. \u0110\u01b0\u1ee3c Ki\u1ec3m tra h\u00e0ng k\u1ef9 khi nh\u1eadn \u0111\u00fang h\u00e0ng m\u1edbi thanh to\u00e1n.<\/p>\n<p><img class=\"emoji\" role=\"img\" src=\"https:\/\/s.w.org\/images\/core\/emoji\/13.1.0\/svg\/1f4a5.svg\" alt=\"\ud83d\udca5\" \/>\u00a0Th\u00f4ng tin b\u1ea3o h\u00e0nh<br \/>\n<img class=\"emoji\" role=\"img\" src=\"https:\/\/s.w.org\/images\/core\/emoji\/13.1.0\/svg\/2714.svg\" alt=\"\u2714\" \/>\u00a0Th\u1eddi gian b\u1ea3o h\u00e0nh: 12 th\u00e1ng<br \/>\n<img class=\"emoji\" role=\"img\" src=\"https:\/\/s.w.org\/images\/core\/emoji\/13.1.0\/svg\/2714.svg\" alt=\"\u2714\" \/>\u00a0H\u00ecnh th\u1ee9c b\u1ea3o h\u00e0nh: 1 \u0111\u1ed5i 1<\/p>\n<div dir=\"auto\"><img class=\"emoji\" role=\"img\" src=\"https:\/\/s.w.org\/images\/core\/emoji\/13.1.0\/svg\/1f4a5.svg\" alt=\"\ud83d\udca5\" \/>\u00a0G\u1ea5u shop \u2013 chuy\u00ean ph\u1ee5 ki\u1ec7n \u0111i\u1ec7n tho\u1ea1i, \u0111\u1ed3 c\u00f4ng ngh\u1ec7 h\u00e0ng ch\u00ednh h\u00e3ng.<\/div>\n<div dir=\"auto\">--> Hotline: 0797 180 750 (zalo) \u2013 033 95 333 75<\/div>\n<div dir=\"auto\">\u0110C: 213\/3\/1B L\u00ea H\u1ed3ng Phong, Ph\u01b0\u1eddng 8, Tp. V\u0169ng T\u00e0u, BRVT<\/div>\n","protected":false},"excerpt":{"rendered":"<p>D\u00e2y s\u1ea1c C\u00e1p s\u1ea1c Hoco X26 3 \u0111\u1ea7u \u0111a n\u0103ng Lightning &#8211; Micro &#8211; Type C d\u00e0i 1m d\u00e2y d\u00f9 si\u00eau b\u1ec1n \ud83d\udca5 Th\u00f4ng tin s\u1ea3n ph\u1ea9m &#8211; Chi\u1ec1u d\u00e0i: 1m, (d\u00f2ng ch\u00ednh 0,8 + d\u00f2ng 0,2), tr\u1ecdng l\u01b0\u1ee3ng 37g. &#8211; D\u00e2y c\u00e1p s\u1ea1c \u0111\u1ea7u USB to Lightning + Micro-USB + Type-C. H\u1ed7 tr\u1ee3 s\u1ea1c<\/p>\n","protected":false},"featured_media":340,"template":"","meta":{"om_disable_all_campaigns":false,"_monsterinsights_skip_tracking":false,"_monsterinsights_sitenote_active":false,"_monsterinsights_sitenote_note":"","_monsterinsights_sitenote_category":0},"product_cat":[31],"product_tag":[],"_links":{"self":[{"href":"https:\/\/phukienvungtau68.com\/index.php\/wp-json\/wp\/v2\/product\/339"}],"collection":[{"href":"https:\/\/phukienvungtau68.com\/index.php\/wp-json\/wp\/v2\/product"}],"about":[{"href":"https:\/\/phukienvungtau68.com\/index.php\/wp-json\/wp\/v2\/types\/product"}],"wp:featuredmedia":[{"embeddable":true,"href":"https:\/\/phukienvungtau68.com\/index.php\/wp-json\/wp\/v2\/media\/340"}],"wp:attachment":[{"href":"https:\/\/phukienvungtau68.com\/index.php\/wp-json\/wp\/v2\/media?parent=339"}],"wp:term":[{"taxonomy":"product_cat","embeddable":true,"href":"https:\/\/phukienvungtau68.com\/index.php\/wp-json\/wp\/v2\/product_cat?post=339"},{"taxonomy":"product_tag","embeddable":true,"href":"https:\/\/phukienvungtau68.com\/index.php\/wp-json\/wp\/v2\/product_tag?post=339"}],"curies":[{"name":"wp","href":"https:\/\/api.w.org\/{rel}","templated":true}]}}