{"id":378,"date":"2021-09-05T01:02:37","date_gmt":"2021-09-04T18:02:37","guid":{"rendered":"http:\/\/phukienvungtau68.com\/?post_type=product&#038;p=378"},"modified":"2024-05-01T23:16:59","modified_gmt":"2024-05-01T16:16:59","slug":"day-cap-sac-nhanh-day-cho-iphone-pd-20w-hoco-x56-type-c-to-lightning-truyen-du-lieu-va-sac-nhanh-3a","status":"publish","type":"product","link":"https:\/\/phukienvungtau68.com\/index.php\/product\/day-cap-sac-nhanh-day-cho-iphone-pd-20w-hoco-x56-type-c-to-lightning-truyen-du-lieu-va-sac-nhanh-3a\/","title":{"rendered":"D\u00e2y c\u00e1p s\u1ea1c Nhanh D\u00e2y cho iPhone PD 20W HOCO&hellip;"},"content":{"rendered":"<p>D\u00e2y C\u00e1p s\u1ea1c Nhanh S\u1ea1c cho iPhone PD 20W HOCO X56 Type-C to Lightning, truy\u1ec1n d\u1eef li\u1ec7u v\u00e0 s\u1ea1c nhanh 3A<\/p>\n<p>\ud83d\udca5 Th\u00f4ng tin s\u1ea3n ph\u1ea9m<br \/>\n&#8211; H\u1ed7 tr\u1ee3 s\u1ea1c nhanh iPhone 12 chu\u1ea9n PD 20W.<br \/>\n&#8211; H\u1ed7 tr\u1ee3 s\u1ea1c nhanh t\u1ed1t nh\u1ea5t cho c\u00e1c d\u00f2ng iphone 8 tr\u1edf l\u00ean.<br \/>\n&#8211; C\u00e1p s\u1ea1c nhanh \u0111\u1ea7u v\u00e0o type C to Lightning<br \/>\n&#8211; Ch\u1ea5t li\u1ec7u \u0111\u1ea7u n\u1ed1i: PVC.<br \/>\n&#8211; L\u00f5i: 116 d\u00e2y \u0111\u1ed3ng n\u0103m l\u00f5i, d\u00f2ng \u0111i\u1ec7n l\u00ean \u0111\u1ebfn 3A.<br \/>\n&#8211; Chi\u1ec1u d\u00e0i: 1m.<br \/>\n&#8211; Tr\u1ecdng l\u01b0\u1ee3ng: 23g.<br \/>\n&#8211; Ch\u1ea5t li\u1ec7u b\u00ean ngo\u00e0i: nylon d\u1ec7t ch\u1ed1ng \u0111\u1ee9t g\u00e3y t\u1ed1t.<\/p>\n<p><img class=\"emoji\" role=\"img\" src=\"https:\/\/s.w.org\/images\/core\/emoji\/13.1.0\/svg\/1f4a5.svg\" alt=\"\ud83d\udca5\" \/>\u00a0Cam k\u1ebft v\u1ec1 ch\u1ea5t l\u01b0\u1ee3ng v\u00e0 d\u1ecbch v\u1ee5 b\u00e1n h\u00e0ng<br \/>\n1. H\u00e0ng th\u1eadt nh\u01b0 h\u00ecnh<br \/>\n2. \u0110\u1ea7y \u0111\u1ee7 tem, th\u1ebb b\u1ea3o h\u00e0nh<br \/>\n3. S\u1ea3n ph\u1ea9m \u0111\u01b0\u1ee3c test k\u1ef9 tr\u01b0\u1edbc khi giao h\u00e0ng N\u00ean qu\u00fd kh\u00e1ch h\u00e0ng c\u00f3 th\u1ec3 y\u00ean t\u00e2m.<br \/>\n4. Shop cam k\u1ebft ch\u0103m s\u00f3c kh\u00e1ch h\u00e0ng t\u1ed1t nh\u1ea5t, h\u1eadu m\u00e3i t\u1ed1t sau mua h\u00e0ng.<br \/>\n5. Cam k\u1ebft b\u1ea3o h\u00e0nh v\u00e0 \u0111\u1ed5i m\u1edbi 1 \u0111\u1ed5i 1 n\u1ebfu c\u00f3 l\u1ed7i trong th\u1eddi gian b\u1ea3o h\u00e0nh.<br \/>\n6. \u0110\u01b0\u1ee3c Ki\u1ec3m tra h\u00e0ng k\u1ef9 khi nh\u1eadn \u0111\u00fang h\u00e0ng m\u1edbi thanh to\u00e1n.<\/p>\n<p><img class=\"emoji\" role=\"img\" src=\"https:\/\/s.w.org\/images\/core\/emoji\/13.1.0\/svg\/1f4a5.svg\" alt=\"\ud83d\udca5\" \/>\u00a0Th\u00f4ng tin b\u1ea3o h\u00e0nh<br \/>\n<img class=\"emoji\" role=\"img\" src=\"https:\/\/s.w.org\/images\/core\/emoji\/13.1.0\/svg\/2714.svg\" alt=\"\u2714\" \/>\u00a0Th\u1eddi gian b\u1ea3o h\u00e0nh: 12 th\u00e1ng<br \/>\n<img class=\"emoji\" role=\"img\" src=\"https:\/\/s.w.org\/images\/core\/emoji\/13.1.0\/svg\/2714.svg\" alt=\"\u2714\" \/>\u00a0H\u00ecnh th\u1ee9c b\u1ea3o h\u00e0nh: 1 \u0111\u1ed5i 1<\/p>\n<div dir=\"auto\"><img class=\"emoji\" role=\"img\" src=\"https:\/\/s.w.org\/images\/core\/emoji\/13.1.0\/svg\/1f4a5.svg\" alt=\"\ud83d\udca5\" \/>\u00a0G\u1ea5u shop \u2013 chuy\u00ean ph\u1ee5 ki\u1ec7n \u0111i\u1ec7n tho\u1ea1i, \u0111\u1ed3 c\u00f4ng ngh\u1ec7 h\u00e0ng ch\u00ednh h\u00e3ng.<\/div>\n<div dir=\"auto\">--> Hotline: 0797 180 750 (zalo) \u2013 033 95 333 75<\/div>\n<div dir=\"auto\">\u0110C: 213\/3\/1B L\u00ea H\u1ed3ng Phong, Ph\u01b0\u1eddng 8, Tp. V\u0169ng T\u00e0u, BRVT<\/div>\n","protected":false},"excerpt":{"rendered":"<p>D\u00e2y C\u00e1p s\u1ea1c Nhanh S\u1ea1c cho iPhone PD 20W HOCO X56 Type-C to Lightning, truy\u1ec1n d\u1eef li\u1ec7u v\u00e0 s\u1ea1c nhanh 3A \ud83d\udca5 Th\u00f4ng tin s\u1ea3n ph\u1ea9m &#8211; H\u1ed7 tr\u1ee3 s\u1ea1c nhanh iPhone 12 chu\u1ea9n PD 20W. &#8211; H\u1ed7 tr\u1ee3 s\u1ea1c nhanh t\u1ed1t nh\u1ea5t cho c\u00e1c d\u00f2ng iphone 8 tr\u1edf l\u00ean. &#8211; C\u00e1p s\u1ea1c nhanh \u0111\u1ea7u<\/p>\n","protected":false},"featured_media":379,"template":"","meta":{"om_disable_all_campaigns":false,"_monsterinsights_skip_tracking":false,"_monsterinsights_sitenote_active":false,"_monsterinsights_sitenote_note":"","_monsterinsights_sitenote_category":0},"product_cat":[31,34],"product_tag":[],"_links":{"self":[{"href":"https:\/\/phukienvungtau68.com\/index.php\/wp-json\/wp\/v2\/product\/378"}],"collection":[{"href":"https:\/\/phukienvungtau68.com\/index.php\/wp-json\/wp\/v2\/product"}],"about":[{"href":"https:\/\/phukienvungtau68.com\/index.php\/wp-json\/wp\/v2\/types\/product"}],"wp:featuredmedia":[{"embeddable":true,"href":"https:\/\/phukienvungtau68.com\/index.php\/wp-json\/wp\/v2\/media\/379"}],"wp:attachment":[{"href":"https:\/\/phukienvungtau68.com\/index.php\/wp-json\/wp\/v2\/media?parent=378"}],"wp:term":[{"taxonomy":"product_cat","embeddable":true,"href":"https:\/\/phukienvungtau68.com\/index.php\/wp-json\/wp\/v2\/product_cat?post=378"},{"taxonomy":"product_tag","embeddable":true,"href":"https:\/\/phukienvungtau68.com\/index.php\/wp-json\/wp\/v2\/product_tag?post=378"}],"curies":[{"name":"wp","href":"https:\/\/api.w.org\/{rel}","templated":true}]}}