{"id":410,"date":"2021-09-08T01:28:31","date_gmt":"2021-09-07T18:28:31","guid":{"rendered":"http:\/\/phukienvungtau68.com\/?post_type=product&#038;p=410"},"modified":"2022-02-14T22:34:03","modified_gmt":"2022-02-14T15:34:03","slug":"tai-nghe-bluetooth-inpods-12-am-thanh-trong-treo-trung-thuc-sieu-hay","status":"publish","type":"product","link":"https:\/\/phukienvungtau68.com\/index.php\/product\/tai-nghe-bluetooth-inpods-12-am-thanh-trong-treo-trung-thuc-sieu-hay\/","title":{"rendered":"Tai nghe bluetooth Inpods 12 \u00e2m thanh trong tr\u1ebbo trung&hellip;"},"content":{"rendered":"<div dir=\"auto\">Tai nghe bluetooth Inpods 12 \u00e2m thanh trong tr\u1ebbo trung th\u1ef1c, si\u00eau hay d\u00f9ng \u0111\u01b0\u1ee3c cho t\u1ea5t c\u1ea3 \u0111i\u1ec7n tho\u1ea1i iphone v\u00e0 androids c\u00f3 k\u1ebft n\u1ed1i bluetooth.<\/div>\n<div dir=\"auto\"><span class=\"pq6dq46d tbxw36s4 knj5qynh kvgmc6g5 ditlmg2l oygrvhab nvdbi5me sf5mxxl7 gl3lb2sf hhz5lgdu\"><img loading=\"lazy\" src=\"https:\/\/static.xx.fbcdn.net\/images\/emoji.php\/v9\/t40\/1\/16\/1f4a5.png\" alt=\"\ud83d\udca5\" width=\"16\" height=\"16\" \/><\/span> Gi\u00e1 b\u00e1n:<\/div>\n<div dir=\"auto\">&#8211; 110k cho tai nghe I12 m\u00e0u (Xanh da tr\u1eddi, xanh l\u00e1 c\u00e2y, x\u00e1m, \u0111en, h\u1ed3ng, v\u00e0ng, xanh t\u00edm&#8230;)<\/div>\n<div dir=\"auto\">&#8211; 50k cho v\u1ecf \u1ed1p tai nghe (case airpods)<\/div>\n<div dir=\"auto\"><span class=\"pq6dq46d tbxw36s4 knj5qynh kvgmc6g5 ditlmg2l oygrvhab nvdbi5me sf5mxxl7 gl3lb2sf hhz5lgdu\"><img loading=\"lazy\" src=\"https:\/\/static.xx.fbcdn.net\/images\/emoji.php\/v9\/t40\/1\/16\/1f4a5.png\" alt=\"\ud83d\udca5\" width=\"16\" height=\"16\" \/><\/span> Th\u00f4ng tin s\u1ea3n ph\u1ea9m<\/div>\n<div dir=\"auto\">\n<p>\u00a0 &#8211; \u00c2m thanh to r\u00f5, ch\u1ea5t \u00e2m trong tr\u1ebbo, trung th\u1ef1c, v\u00f4 c\u00f9ng hay.<\/p>\n<p><strong>\u00a0<\/strong>\u00a0&#8211; Th\u1eddi gian nghe nh\u1ea1c: kho\u1ea3ng h\u01a1n 2 &#8211; 3 ti\u1ebfng<\/p>\n<p>&#8211; H\u1ed9p tai nghe s\u1ea1c l\u1ea1i cho 2 tai nghe \u0111\u01b0\u1ee3c 2 \u2013 3 l\u1ea7n s\u1ea1c (t\u1ed5ng th\u1eddi gian nghe 8 \u2013 9 ti\u1ebfng)<\/p>\n<p>&#8211; C\u1ea3m \u1ee9ng ch\u1ea1m tr\u00ean tai nghe \u0111\u1ec3 d\u1eebng ph\u00e1t nh\u1ea1c ho\u1eafc chuy\u1ec3n b\u00e0i\/nh\u1eadn cu\u1ed9c g\u1ecdi.<\/p>\n<p>&#8211; Bluetooth phi\u00ean b\u1ea3n: V5.0, Kho\u1ea3ng c\u00e1ch k\u1ebft n\u1ed1i \u1ed5n \u0111\u1ecbnh th\u1ef1c t\u1ebf: 15-20 m\u00e9t<\/p>\n<p>&#8211; Th\u1eddi gian S\u1ea1c cho 2 tai nghe: kho\u1ea3ng 70 ph\u00fat<\/p>\n<p>&#8211; Th\u1eddi gian s\u1ea1c cho h\u1ed9p tai nghe: 1 &#8211; 1,5 ti\u1ebfng<\/p>\n<p>&#8211; 2 tai nghe m\u00e0 h\u1ebft pin th\u00ec b\u1ea1n c\u1eafm v\u00e0o h\u1ed9p s\u1ea1c v\u00e0 nh\u1ea5n n\u00fat ph\u00eda sau h\u1ed9p tai nghe s\u1ebd t\u1ef1 s\u1ea1c l\u1ea1i cho tai nghe m\u00e0 b\u1ea1n kh\u00f4ng c\u1ea7n c\u1eafm d\u00e2y s\u1ea1c.<\/p>\n<p>&#8211; D\u1ec5 d\u00e0ng thao t\u00e1c b\u1eb1ng c\u1ea3m \u1ee9ng \u0111\u1ec3 nh\u1eadn cu\u1ed9c g\u1ecdi, nghe ho\u1eb7c t\u1ea1m d\u1eebng \u0111o\u1ea1n nh\u1ea1c, ti\u1ec7n l\u1ee3i khi kh\u00f4ng c\u1ea7n thao t\u00e1c nhi\u1ec1u tr\u00ean \u0111i\u1ec7n tho\u1ea1i<\/p>\n<p>\u2764 Hai tai ho\u1ea1t \u0111\u1ed9ng \u0111\u1ed9c l\u1eadp, mic \u0111\u1ed9c l\u1eadp, kh\u00e1ch h\u00e0ng ho\u00e0n to\u00e0n c\u00f3 th\u1ec3 s\u1eed d\u1ee5ng 1 trong 2 tai \u0111\u1ec3 nghe nh\u1ea1c, \u0111\u00e0m tho\u1ea1i n\u1ebfu kh\u00f4ng mu\u1ed1n \u0111eo c\u1ea3 2 c\u00f9ng l\u00fac<\/p>\n<ol start=\"2\">\n<li><strong>H\u01b0\u1edbng d\u1eabn s\u1eed d\u1ee5ng<\/strong><\/li>\n<\/ol>\n<p><strong>&#8211; \u0110\u1ed1i v\u1edbi Iphone:<\/strong><\/p>\n<p>+ B\u01b0\u1edbc 1: M\u1edf Bluetooth tr\u00ean \u0111i\u1ec7n tho\u1ea1i l\u00ean.<\/p>\n<p>+ B\u01b0\u1edbc 2: L\u1ea5y 2 tai nghe ra kh\u1ecfi h\u1ed9p tai nghe, Hai tai nghe s\u1ebd t\u1ef1 nh\u1ea5p nh\u00e1y \u0111\u00e8n \u0111\u1ec3 t\u1ef1 li\u00ean k\u1ebft v\u1edbi nhau cho \u0111\u1ebfn khi ch\u1ec9 c\u00f2n 1 tai nghe s\u00e1ng \u0111\u00e8n.<\/p>\n<p>+ B\u01b0\u1edbc 3: \u0110i\u1ec7n tho\u1ea1i s\u1ebd m\u1edf ra pop up y\u00eau c\u1ea7u k\u1ebft n\u1ed1i, b\u1ea1n nh\u1ea7n k\u1ebft n\u1ed1i l\u00e0 xong nh\u00e9.<\/p>\n<p><strong>\u00a0 &#8211;<\/strong><strong> \u0110\u1ed1i v\u1edbi \u0111i\u1ec7n tho\u1ea1i android<\/strong><\/p>\n<p><strong>\u00a0\u00a0\u00a0 +<\/strong> B\u01b0\u1edbc 1: M\u1edf bluetooth \u0111i\u1ec7n tho\u1ea1i l\u00ean<\/p>\n<p>+ B\u01b0\u1edbc 2: L\u1ea5y 2 tai nghe ra kh\u1ecfi h\u1ed9p tai nghe, Hai tai nghe s\u1ebd t\u1ef1 nh\u1ea5p nh\u00e1y \u0111\u00e8n \u0111\u1ec3 t\u1ef1 li\u00ean k\u1ebft v\u1edbi nhau cho \u0111\u1ebfn khi ch\u1ec9 c\u00f2n 1 tai nghe s\u00e1ng \u0111\u00e8n.<\/p>\n<p>+ B\u01b0\u1edbc 3: T\u00ean tai nghe i12 s\u1ebd hi\u1ec7n l\u00ean tr\u00ean Bluetooth c\u1ee7a \u0111i\u1ec7n tho\u1ea1i v\u00e0 sau \u0111\u00f3 nh\u1ea5n v\u00e0o ch\u1eef i12 \u0111\u1ec3 k\u1ebft n\u1ed1i v\u1edbi tai nghe.<\/p>\n<\/div>\n<div dir=\"auto\">\n<p><img class=\"emoji\" role=\"img\" src=\"https:\/\/s.w.org\/images\/core\/emoji\/13.1.0\/svg\/1f4a5.svg\" alt=\"\ud83d\udca5\" \/>\u00a0Cam k\u1ebft v\u1ec1 ch\u1ea5t l\u01b0\u1ee3ng v\u00e0 d\u1ecbch v\u1ee5 b\u00e1n h\u00e0ng<br \/>\n1. H\u00e0ng th\u1eadt nh\u01b0 h\u00ecnh<br \/>\n2. \u0110\u1ea7y \u0111\u1ee7 tem, th\u1ebb b\u1ea3o h\u00e0nh<br \/>\n3. S\u1ea3n ph\u1ea9m \u0111\u01b0\u1ee3c test k\u1ef9 tr\u01b0\u1edbc khi giao h\u00e0ng N\u00ean qu\u00fd kh\u00e1ch h\u00e0ng c\u00f3 th\u1ec3 y\u00ean t\u00e2m.<br \/>\n4. Shop cam k\u1ebft ch\u0103m s\u00f3c kh\u00e1ch h\u00e0ng t\u1ed1t nh\u1ea5t, h\u1eadu m\u00e3i t\u1ed1t sau mua h\u00e0ng.<br \/>\n5. Cam k\u1ebft b\u1ea3o h\u00e0nh v\u00e0 \u0111\u1ed5i m\u1edbi 1 \u0111\u1ed5i 1 n\u1ebfu c\u00f3 l\u1ed7i trong th\u1eddi gian b\u1ea3o h\u00e0nh.<br \/>\n6. \u0110\u01b0\u1ee3c Ki\u1ec3m tra h\u00e0ng k\u1ef9 khi nh\u1eadn \u0111\u00fang h\u00e0ng m\u1edbi thanh to\u00e1n.<\/p>\n<p><img class=\"emoji\" role=\"img\" src=\"https:\/\/s.w.org\/images\/core\/emoji\/13.1.0\/svg\/1f4a5.svg\" alt=\"\ud83d\udca5\" \/>\u00a0Th\u00f4ng tin b\u1ea3o h\u00e0nh<br \/>\n<img class=\"emoji\" role=\"img\" src=\"https:\/\/s.w.org\/images\/core\/emoji\/13.1.0\/svg\/2714.svg\" alt=\"\u2714\" \/> Th\u1eddi gian b\u1ea3o h\u00e0nh: 1 th\u00e1ng<br \/>\n<img class=\"emoji\" role=\"img\" src=\"https:\/\/s.w.org\/images\/core\/emoji\/13.1.0\/svg\/2714.svg\" alt=\"\u2714\" \/>\u00a0H\u00ecnh th\u1ee9c b\u1ea3o h\u00e0nh: 1 \u0111\u1ed5i 1<\/p>\n<div dir=\"auto\"><img class=\"emoji\" role=\"img\" src=\"https:\/\/s.w.org\/images\/core\/emoji\/13.1.0\/svg\/1f4a5.svg\" alt=\"\ud83d\udca5\" \/>\u00a0G\u1ea5u shop \u2013 chuy\u00ean ph\u1ee5 ki\u1ec7n \u0111i\u1ec7n tho\u1ea1i, \u0111\u1ed3 c\u00f4ng ngh\u1ec7 h\u00e0ng ch\u00ednh h\u00e3ng.<\/div>\n<div dir=\"auto\">--> Hotline: 0797 180 750 (zalo) \u2013 033 95 333 75<\/div>\n<div dir=\"auto\">\u0110C: 213\/3\/1B L\u00ea H\u1ed3ng Phong, Ph\u01b0\u1eddng 8, Tp. V\u0169ng T\u00e0u, BRVT<\/div>\n<\/div>\n","protected":false},"excerpt":{"rendered":"<p>Tai nghe bluetooth Inpods 12 \u00e2m thanh trong tr\u1ebbo trung th\u1ef1c, si\u00eau hay d\u00f9ng \u0111\u01b0\u1ee3c cho t\u1ea5t c\u1ea3 \u0111i\u1ec7n tho\u1ea1i iphone v\u00e0 androids c\u00f3 k\u1ebft n\u1ed1i bluetooth. Gi\u00e1 b\u00e1n: &#8211; 110k cho tai nghe I12 m\u00e0u (Xanh da tr\u1eddi, xanh l\u00e1 c\u00e2y, x\u00e1m, \u0111en, h\u1ed3ng, v\u00e0ng, xanh t\u00edm&#8230;) &#8211; 50k cho v\u1ecf \u1ed1p tai nghe<\/p>\n","protected":false},"featured_media":412,"template":"","meta":{"om_disable_all_campaigns":false,"_monsterinsights_skip_tracking":false,"_monsterinsights_sitenote_active":false,"_monsterinsights_sitenote_note":"","_monsterinsights_sitenote_category":0},"product_cat":[18],"product_tag":[],"_links":{"self":[{"href":"https:\/\/phukienvungtau68.com\/index.php\/wp-json\/wp\/v2\/product\/410"}],"collection":[{"href":"https:\/\/phukienvungtau68.com\/index.php\/wp-json\/wp\/v2\/product"}],"about":[{"href":"https:\/\/phukienvungtau68.com\/index.php\/wp-json\/wp\/v2\/types\/product"}],"wp:featuredmedia":[{"embeddable":true,"href":"https:\/\/phukienvungtau68.com\/index.php\/wp-json\/wp\/v2\/media\/412"}],"wp:attachment":[{"href":"https:\/\/phukienvungtau68.com\/index.php\/wp-json\/wp\/v2\/media?parent=410"}],"wp:term":[{"taxonomy":"product_cat","embeddable":true,"href":"https:\/\/phukienvungtau68.com\/index.php\/wp-json\/wp\/v2\/product_cat?post=410"},{"taxonomy":"product_tag","embeddable":true,"href":"https:\/\/phukienvungtau68.com\/index.php\/wp-json\/wp\/v2\/product_tag?post=410"}],"curies":[{"name":"wp","href":"https:\/\/api.w.org\/{rel}","templated":true}]}}