{"id":420,"date":"2021-09-08T01:38:21","date_gmt":"2021-09-07T18:38:21","guid":{"rendered":"http:\/\/phukienvungtau68.com\/?post_type=product&#038;p=420"},"modified":"2023-06-28T22:25:40","modified_gmt":"2023-06-28T15:25:40","slug":"tai-nghe-bluetooth-hoco-ew03-v5-0-khong-day-am-thanh-nghe-hay-trung-thuc","status":"publish","type":"product","link":"https:\/\/phukienvungtau68.com\/index.php\/product\/tai-nghe-bluetooth-hoco-ew03-v5-0-khong-day-am-thanh-nghe-hay-trung-thuc\/","title":{"rendered":"Tai nghe bluetooth Hoco EW03 V5.0 kh\u00f4ng d\u00e2y \u00e2m thanh&hellip;"},"content":{"rendered":"<p>Tai nghe Bluetooth kh\u00f4ng d\u00e2y Hoco EW03 \u00e2m thanh nghe hay trong tr\u1ebbo, bass m\u1ea1nh d\u00f9ng \u0111\u01b0\u1ee3c cho ipjhone v\u00e0 android c\u00f3 k\u1ebft n\u1ed1i Bluetooth.<br \/>\n\ud83d\udca5 Th\u00f4ng tin s\u1ea3n ph\u1ea9m<br \/>\n\u25c6 Th\u01b0\u01a1ng hi\u1ec7u: Hoco EW03 ch\u00ednh h\u00e3ng<br \/>\n\u25c6 M\u00e0u s\u1eafc: Tr\u1eafng<br \/>\n\u25c6 Ch\u1ea5t li\u1ec7u: nh\u1ef1a abs v\u00e0 h\u1ee3p kim nh\u00f4m cao c\u1ea5p<br \/>\n\u25c6 Phi\u00ean b\u1ea3n Bluetooth: V5.0<br \/>\n\u25c6 T\u01b0\u01a1ng th\u00edch: thi\u1ebft b\u1ecb Apple (Iphone, Ipad, Macbook) v\u00e0 Android<br \/>\n\u25c6 Dung l\u01b0\u1ee3ng pin h\u1ed9p tai nghe: 300 mah (mili Ampe), th\u1eddi gian s\u1ea1c \u0111\u1ea7y 45ph\u00fat<br \/>\n\u25c6 Dung l\u01b0\u1ee3ng pin tai nghe: m\u1ed7i b\u00ean 30 mah (mili Ampe)<br \/>\n\u25c6 Th\u1eddi gian nghe nh\u1ea1c: 3 &#8211; 4 gi\u1edd (Khi h\u1ebft pin 2 tai nghe th\u00ec c\u1eafm l\u1ea1i v\u00e0o dock s\u1ea1c s\u1ebd t\u1ef1 s\u1ea1c l\u1ea1i cho tai nghe th\u00eam \u0111\u01b0\u1ee3c 3 &#8211; 4 l\u1ea7n)<br \/>\n\u25c6 Th\u1eddi gian \u0111\u00e0m tho\u1ea1i: 3 &#8211; 4 gi\u1edd<br \/>\n\u25c6 Th\u1eddi gian ch\u1edd: 200 gi\u1edd<br \/>\n\u25c6 Th\u1eddi gian s\u1ea1c: 1 gi\u1edd<br \/>\n\u25c6 Ph\u1ea1m vi k\u1ebft n\u1ed1i: 10m<\/p>\n<div dir=\"auto\">\n<p><strong><img class=\"emoji\" role=\"img\" src=\"https:\/\/s.w.org\/images\/core\/emoji\/13.1.0\/svg\/1f4a5.svg\" alt=\"\ud83d\udca5\" \/> H\u01b0\u1edbng d\u1eabn s\u1eed d\u1ee5ng<\/strong><\/p>\n<p><strong>\u2013 \u0110\u1ed1i v\u1edbi Iphone:<\/strong><\/p>\n<p>+ B\u01b0\u1edbc 1: M\u1edf Bluetooth tr\u00ean \u0111i\u1ec7n tho\u1ea1i l\u00ean.<\/p>\n<p>+ B\u01b0\u1edbc 2: L\u1ea5y 2 tai nghe ra kh\u1ecfi h\u1ed9p tai nghe, Hai tai nghe s\u1ebd t\u1ef1 nh\u1ea5p nh\u00e1y \u0111\u00e8n \u0111\u1ec3 t\u1ef1 li\u00ean k\u1ebft v\u1edbi nhau cho \u0111\u1ebfn khi ch\u1ec9 c\u00f2n 1 tai nghe s\u00e1ng \u0111\u00e8n.<\/p>\n<p>+ B\u01b0\u1edbc 3: \u0110i\u1ec7n tho\u1ea1i s\u1ebd m\u1edf ra pop up y\u00eau c\u1ea7u k\u1ebft n\u1ed1i, b\u1ea1n nh\u1ea7n k\u1ebft n\u1ed1i l\u00e0 xong nh\u00e9.<\/p>\n<p><strong>\u00a0 \u2013<\/strong><strong>\u00a0\u0110\u1ed1i v\u1edbi \u0111i\u1ec7n tho\u1ea1i android<\/strong><\/p>\n<p><strong>\u00a0\u00a0\u00a0 +<\/strong>\u00a0B\u01b0\u1edbc 1: M\u1edf bluetooth \u0111i\u1ec7n tho\u1ea1i l\u00ean<\/p>\n<p>+ B\u01b0\u1edbc 2: L\u1ea5y 2 tai nghe ra kh\u1ecfi h\u1ed9p tai nghe, Hai tai nghe s\u1ebd t\u1ef1 nh\u1ea5p nh\u00e1y \u0111\u00e8n \u0111\u1ec3 t\u1ef1 li\u00ean k\u1ebft v\u1edbi nhau cho \u0111\u1ebfn khi ch\u1ec9 c\u00f2n 1 tai nghe s\u00e1ng \u0111\u00e8n.<\/p>\n<p>+ B\u01b0\u1edbc 3: T\u00ean tai nghe i12 s\u1ebd hi\u1ec7n l\u00ean tr\u00ean Bluetooth c\u1ee7a \u0111i\u1ec7n tho\u1ea1i v\u00e0 sau \u0111\u00f3 nh\u1ea5n v\u00e0o ch\u1eef i12 \u0111\u1ec3 k\u1ebft n\u1ed1i v\u1edbi tai nghe.<\/p>\n<\/div>\n<div dir=\"auto\">\n<p><img class=\"emoji\" role=\"img\" src=\"https:\/\/s.w.org\/images\/core\/emoji\/13.1.0\/svg\/1f4a5.svg\" alt=\"\ud83d\udca5\" \/>\u00a0Cam k\u1ebft v\u1ec1 ch\u1ea5t l\u01b0\u1ee3ng v\u00e0 d\u1ecbch v\u1ee5 b\u00e1n h\u00e0ng<br \/>\n1. H\u00e0ng th\u1eadt nh\u01b0 h\u00ecnh<br \/>\n2. \u0110\u1ea7y \u0111\u1ee7 tem, th\u1ebb b\u1ea3o h\u00e0nh<br \/>\n3. S\u1ea3n ph\u1ea9m \u0111\u01b0\u1ee3c test k\u1ef9 tr\u01b0\u1edbc khi giao h\u00e0ng N\u00ean qu\u00fd kh\u00e1ch h\u00e0ng c\u00f3 th\u1ec3 y\u00ean t\u00e2m.<br \/>\n4. Shop cam k\u1ebft ch\u0103m s\u00f3c kh\u00e1ch h\u00e0ng t\u1ed1t nh\u1ea5t, h\u1eadu m\u00e3i t\u1ed1t sau mua h\u00e0ng.<br \/>\n5. Cam k\u1ebft b\u1ea3o h\u00e0nh v\u00e0 \u0111\u1ed5i m\u1edbi 1 \u0111\u1ed5i 1 n\u1ebfu c\u00f3 l\u1ed7i trong th\u1eddi gian b\u1ea3o h\u00e0nh.<br \/>\n6. \u0110\u01b0\u1ee3c Ki\u1ec3m tra h\u00e0ng k\u1ef9 khi nh\u1eadn \u0111\u00fang h\u00e0ng m\u1edbi thanh to\u00e1n.<\/p>\n<p><img class=\"emoji\" role=\"img\" src=\"https:\/\/s.w.org\/images\/core\/emoji\/13.1.0\/svg\/1f4a5.svg\" alt=\"\ud83d\udca5\" \/>\u00a0Th\u00f4ng tin b\u1ea3o h\u00e0nh<br \/>\n<img class=\"emoji\" role=\"img\" src=\"https:\/\/s.w.org\/images\/core\/emoji\/13.1.0\/svg\/2714.svg\" alt=\"\u2714\" \/> Th\u1eddi gian b\u1ea3o h\u00e0nh: 6 th\u00e1ng<br \/>\n<img class=\"emoji\" role=\"img\" src=\"https:\/\/s.w.org\/images\/core\/emoji\/13.1.0\/svg\/2714.svg\" alt=\"\u2714\" \/> H\u00ecnh th\u1ee9c b\u1ea3o h\u00e0nh: 1 \u0111\u1ed5i 1 trong 3 th\u00e1ng \u0111\u1ea7u ti\u00ean, 3 th\u00e1ng ti\u1ebfp theo b\u1ea3o h\u00e0nh c\u00f3 \u0111i\u1ec1u ki\u1ec7n.<\/p>\n<div dir=\"auto\">\n<div dir=\"auto\"><span class=\"x3nfvp2 x1j61x8r x1fcty0u xdj266r xhhsvwb xat24cr xgzva0m xxymvpz xlup9mm x1kky2od\"><img loading=\"lazy\" src=\"https:\/\/static.xx.fbcdn.net\/images\/emoji.php\/v9\/tbe\/1\/16\/1f3c6.png\" alt=\"\ud83c\udfc6\" width=\"16\" height=\"16\" \/><\/span>\u00a0G\u1ea5u shop \u2013 Chuy\u00ean ph\u1ee5 ki\u1ec7n \u0111i\u1ec7n tho\u1ea1i, \u0111\u1ed3 c\u00f4ng ngh\u1ec7<\/div>\n<div dir=\"auto\"><span class=\"x3nfvp2 x1j61x8r x1fcty0u xdj266r xhhsvwb xat24cr xgzva0m xxymvpz xlup9mm x1kky2od\"><img loading=\"lazy\" src=\"https:\/\/static.xx.fbcdn.net\/images\/emoji.php\/v9\/t22\/1\/16\/260e.png\" alt=\"\u260e\ufe0f\" width=\"16\" height=\"16\" \/><\/span>\u00a0S\u0110T: 0797 180 750 \u2013 033 95 333 75 (Zalo)<\/div>\n<div dir=\"auto\"><span class=\"x3nfvp2 x1j61x8r x1fcty0u xdj266r xhhsvwb xat24cr xgzva0m xxymvpz xlup9mm x1kky2od\"><img loading=\"lazy\" src=\"https:\/\/static.xx.fbcdn.net\/images\/emoji.php\/v9\/tf6\/1\/16\/1f3e0.png\" alt=\"\ud83c\udfe0\" width=\"16\" height=\"16\" \/><\/span>\u00a0\u0110c: 213\/3\/1B L\u00ea H\u1ed3ng Phong \u2013 Ph\u01b0\u1eddng 8 \u2013 V\u0169ng T\u00e0u \u2013 BRVT.<\/div>\n<div dir=\"auto\"><span class=\"x3nfvp2 x1j61x8r x1fcty0u xdj266r xhhsvwb xat24cr xgzva0m xxymvpz xlup9mm x1kky2od\"><img loading=\"lazy\" src=\"https:\/\/static.xx.fbcdn.net\/images\/emoji.php\/v9\/tc0\/1\/16\/1f30e.png\" alt=\"\ud83c\udf0e\" width=\"16\" height=\"16\" \/><\/span>\u00a0Website:\u00a0<a class=\"x1i10hfl xjbqb8w x6umtig x1b1mbwd xaqea5y xav7gou x9f619 x1ypdohk xt0psk2 xe8uvvx xdj266r x11i5rnm xat24cr x1mh8g0r xexx8yu x4uap5 x18d9i69 xkhd6sd x16tdsg8 x1hl2dhg xggy1nq x1a2a7pz xt0b8zv x1fey0fg\" role=\"link\" href=\"http:\/\/phukienvungtau68.com\/?fbclid=IwAR2wRhSr0UIdFE0leNYrt-po4OyNt2dpVM00osxDYkJiOCqcVO8kRPb0EYY\" target=\"_blank\" rel=\"nofollow noopener noreferrer\">Phukienvungtau68.com<\/a><\/div>\n<\/div>\n<\/div>\n","protected":false},"excerpt":{"rendered":"<p>Tai nghe Bluetooth kh\u00f4ng d\u00e2y Hoco EW03 \u00e2m thanh nghe hay trong tr\u1ebbo, bass m\u1ea1nh d\u00f9ng \u0111\u01b0\u1ee3c cho ipjhone v\u00e0 android c\u00f3 k\u1ebft n\u1ed1i Bluetooth. \ud83d\udca5 Th\u00f4ng tin s\u1ea3n ph\u1ea9m \u25c6 Th\u01b0\u01a1ng hi\u1ec7u: Hoco EW03 ch\u00ednh h\u00e3ng \u25c6 M\u00e0u s\u1eafc: Tr\u1eafng \u25c6 Ch\u1ea5t li\u1ec7u: nh\u1ef1a abs v\u00e0 h\u1ee3p kim nh\u00f4m cao c\u1ea5p \u25c6 Phi\u00ean b\u1ea3n<\/p>\n","protected":false},"featured_media":1138,"template":"","meta":{"om_disable_all_campaigns":false,"_monsterinsights_skip_tracking":false,"_monsterinsights_sitenote_active":false,"_monsterinsights_sitenote_note":"","_monsterinsights_sitenote_category":0},"product_cat":[18],"product_tag":[],"_links":{"self":[{"href":"https:\/\/phukienvungtau68.com\/index.php\/wp-json\/wp\/v2\/product\/420"}],"collection":[{"href":"https:\/\/phukienvungtau68.com\/index.php\/wp-json\/wp\/v2\/product"}],"about":[{"href":"https:\/\/phukienvungtau68.com\/index.php\/wp-json\/wp\/v2\/types\/product"}],"wp:featuredmedia":[{"embeddable":true,"href":"https:\/\/phukienvungtau68.com\/index.php\/wp-json\/wp\/v2\/media\/1138"}],"wp:attachment":[{"href":"https:\/\/phukienvungtau68.com\/index.php\/wp-json\/wp\/v2\/media?parent=420"}],"wp:term":[{"taxonomy":"product_cat","embeddable":true,"href":"https:\/\/phukienvungtau68.com\/index.php\/wp-json\/wp\/v2\/product_cat?post=420"},{"taxonomy":"product_tag","embeddable":true,"href":"https:\/\/phukienvungtau68.com\/index.php\/wp-json\/wp\/v2\/product_tag?post=420"}],"curies":[{"name":"wp","href":"https:\/\/api.w.org\/{rel}","templated":true}]}}