{"id":435,"date":"2021-09-08T01:49:22","date_gmt":"2021-09-07T18:49:22","guid":{"rendered":"http:\/\/phukienvungtau68.com\/?post_type=product&#038;p=435"},"modified":"2024-05-01T23:16:28","modified_gmt":"2024-05-01T16:16:28","slug":"tai-nghe-iphone-hang-chuan-am-thanh-tot-bass-cang-thich-hop-cho-iphone-va-android-jack-tron-3-5","status":"publish","type":"product","link":"https:\/\/phukienvungtau68.com\/index.php\/product\/tai-nghe-iphone-hang-chuan-am-thanh-tot-bass-cang-thich-hop-cho-iphone-va-android-jack-tron-3-5\/","title":{"rendered":"Tai nghe Iphone h\u00e0ng chu\u1ea9n \u00e2m thanh t\u1ed1t bass c\u0103ng&hellip;"},"content":{"rendered":"<p>Tai nghe Iphone h\u00e0ng \u0111\u1eb9p \u00e2m thanh t\u1ed1t bass c\u0103ng th\u00edch h\u1ee3p cho Iphone 5,5s,6, 6s,6splus v\u00e0 c\u00e1c d\u00f2ng \u0111i\u1ec7n tho\u1ea1i android c\u00f3 jack c\u1eafm 3.5mm, thi\u1ebft k\u1ebf \u00eam tai th\u00edch h\u1ee3p \u0111eo l\u00e2u.<\/p>\n<p>\ud83d\udca5 Th\u00f4ng tin s\u1ea3n ph\u1ea9m<br \/>\n&#8211; Jack c\u1eafm 3.5mm t\u01b0\u01a1ng th\u00edch 100% v\u1edbi Phone 5 -&gt; 6plus, c\u00e1c d\u00f2ng iPad. C\u00e1c d\u00f2ng smartphone kh\u00e1c v\u1eabn nghe t\u1ed1t nh\u01b0ng n\u00fat b\u1ea5m kh\u00f4ng s\u1eed d\u1ee5ng \u0111\u01b0\u1ee3c.<br \/>\n&#8211; Tai nghe iphone lo\u1ea1i 4A, M\u00e0ng loa b\u1ecdc \u0111\u1ed3ng cho ch\u1ea5t l\u01b0\u1ee3ng \u00e2m thanh t\u1ed1t h\u01a1n,<br \/>\n&#8211; Thi\u1ebft k\u1ebf in-ear t\u1ea1o c\u1ea3m gi\u00e1c tho\u1ea3i m\u00e1i, tho\u00e1ng m\u00e1t, d\u00f9ng l\u00e2u kh\u00f4ng b\u1ecb n\u00f3ng tai.<br \/>\n&#8211; Bass \u1ea5m s\u00e2u v\u00e0 tr\u1ea7m, \u0111\u1ea7y \u0111\u1ee7 mid-treble, kh\u00f4ng b\u1ecb r\u00e8 khi b\u1eadt \u00e2m l\u01b0\u1ee3ng h\u1ebft c\u1ee1<br \/>\n&#8211; \u0110\u1ed9 b\u1ec1n cao, ch\u1ed1ng n\u01b0\u1edbc v\u00e0 m\u1ed3 h\u00f4i (B\u1ea1n n\u00e0o v\u00f4 t\u00ecnh r\u01a1i xu\u1ed1ng n\u01b0\u1edbc th\u00ec \u0111\u1eebng lo l\u1eafng m\u00e0 ch\u1ec9 c\u1ea7n \u0111\u1ec3 kh\u00f4 l\u00e0 c\u00f3 th\u1ec3 s\u1eed d\u1ee5ng b\u00ecnh th\u01b0\u1eddng nh\u01b0 m\u1edbi<br \/>\n&#8211; Mic thu \u00e2m r\u00f5, kh\u00f4ng b\u1ecb r\u00e8.<\/p>\n<p><img class=\"emoji\" role=\"img\" src=\"https:\/\/s.w.org\/images\/core\/emoji\/13.1.0\/svg\/1f4a5.svg\" alt=\"\ud83d\udca5\" \/>\u00a0Cam k\u1ebft v\u1ec1 ch\u1ea5t l\u01b0\u1ee3ng v\u00e0 d\u1ecbch v\u1ee5 b\u00e1n h\u00e0ng<br \/>\n1. H\u00e0ng th\u1eadt nh\u01b0 h\u00ecnh<br \/>\n2. \u0110\u1ea7y \u0111\u1ee7 tem, th\u1ebb b\u1ea3o h\u00e0nh<br \/>\n3. S\u1ea3n ph\u1ea9m \u0111\u01b0\u1ee3c test k\u1ef9 tr\u01b0\u1edbc khi giao h\u00e0ng N\u00ean qu\u00fd kh\u00e1ch h\u00e0ng c\u00f3 th\u1ec3 y\u00ean t\u00e2m.<br \/>\n4. Shop cam k\u1ebft ch\u0103m s\u00f3c kh\u00e1ch h\u00e0ng t\u1ed1t nh\u1ea5t, h\u1eadu m\u00e3i t\u1ed1t sau mua h\u00e0ng.<br \/>\n5. Cam k\u1ebft b\u1ea3o h\u00e0nh v\u00e0 \u0111\u1ed5i m\u1edbi 1 \u0111\u1ed5i 1 n\u1ebfu c\u00f3 l\u1ed7i trong th\u1eddi gian b\u1ea3o h\u00e0nh.<br \/>\n6. \u0110\u01b0\u1ee3c Ki\u1ec3m tra h\u00e0ng k\u1ef9 khi nh\u1eadn \u0111\u00fang h\u00e0ng m\u1edbi thanh to\u00e1n.<\/p>\n<p><img class=\"emoji\" role=\"img\" src=\"https:\/\/s.w.org\/images\/core\/emoji\/13.1.0\/svg\/1f4a5.svg\" alt=\"\ud83d\udca5\" \/>\u00a0Th\u00f4ng tin b\u1ea3o h\u00e0nh<br \/>\n<img class=\"emoji\" role=\"img\" src=\"https:\/\/s.w.org\/images\/core\/emoji\/13.1.0\/svg\/2714.svg\" alt=\"\u2714\" \/>\u00a0Th\u1eddi gian b\u1ea3o h\u00e0nh: 3 th\u00e1ng<br \/>\n<img class=\"emoji\" role=\"img\" src=\"https:\/\/s.w.org\/images\/core\/emoji\/13.1.0\/svg\/2714.svg\" alt=\"\u2714\" \/>\u00a0H\u00ecnh th\u1ee9c b\u1ea3o h\u00e0nh: 1 \u0111\u1ed5i 1<\/p>\n<div dir=\"auto\"><img class=\"emoji\" role=\"img\" src=\"https:\/\/s.w.org\/images\/core\/emoji\/13.1.0\/svg\/1f4a5.svg\" alt=\"\ud83d\udca5\" \/>\u00a0G\u1ea5u shop \u2013 chuy\u00ean ph\u1ee5 ki\u1ec7n \u0111i\u1ec7n tho\u1ea1i, \u0111\u1ed3 c\u00f4ng ngh\u1ec7 h\u00e0ng ch\u00ednh h\u00e3ng.<\/div>\n<div dir=\"auto\">--> Hotline: 0797 180 750 (zalo) \u2013 033 95 333 75<\/div>\n<div dir=\"auto\">\u0110C: 213\/3\/1B L\u00ea H\u1ed3ng Phong, Ph\u01b0\u1eddng 8, Tp. V\u0169ng T\u00e0u, BRVT<\/div>\n","protected":false},"excerpt":{"rendered":"<p>Tai nghe Iphone h\u00e0ng \u0111\u1eb9p \u00e2m thanh t\u1ed1t bass c\u0103ng th\u00edch h\u1ee3p cho Iphone 5,5s,6, 6s,6splus v\u00e0 c\u00e1c d\u00f2ng \u0111i\u1ec7n tho\u1ea1i android c\u00f3 jack c\u1eafm 3.5mm, thi\u1ebft k\u1ebf \u00eam tai th\u00edch h\u1ee3p \u0111eo l\u00e2u. \ud83d\udca5 Th\u00f4ng tin s\u1ea3n ph\u1ea9m &#8211; Jack c\u1eafm 3.5mm t\u01b0\u01a1ng th\u00edch 100% v\u1edbi Phone 5 -&gt; 6plus, c\u00e1c d\u00f2ng iPad. C\u00e1c<\/p>\n","protected":false},"featured_media":440,"template":"","meta":{"om_disable_all_campaigns":false,"_monsterinsights_skip_tracking":false,"_monsterinsights_sitenote_active":false,"_monsterinsights_sitenote_note":"","_monsterinsights_sitenote_category":0},"product_cat":[34,19],"product_tag":[],"_links":{"self":[{"href":"https:\/\/phukienvungtau68.com\/index.php\/wp-json\/wp\/v2\/product\/435"}],"collection":[{"href":"https:\/\/phukienvungtau68.com\/index.php\/wp-json\/wp\/v2\/product"}],"about":[{"href":"https:\/\/phukienvungtau68.com\/index.php\/wp-json\/wp\/v2\/types\/product"}],"wp:featuredmedia":[{"embeddable":true,"href":"https:\/\/phukienvungtau68.com\/index.php\/wp-json\/wp\/v2\/media\/440"}],"wp:attachment":[{"href":"https:\/\/phukienvungtau68.com\/index.php\/wp-json\/wp\/v2\/media?parent=435"}],"wp:term":[{"taxonomy":"product_cat","embeddable":true,"href":"https:\/\/phukienvungtau68.com\/index.php\/wp-json\/wp\/v2\/product_cat?post=435"},{"taxonomy":"product_tag","embeddable":true,"href":"https:\/\/phukienvungtau68.com\/index.php\/wp-json\/wp\/v2\/product_tag?post=435"}],"curies":[{"name":"wp","href":"https:\/\/api.w.org\/{rel}","templated":true}]}}