{"id":452,"date":"2021-09-08T01:58:40","date_gmt":"2021-09-07T18:58:40","guid":{"rendered":"http:\/\/phukienvungtau68.com\/?post_type=product&#038;p=452"},"modified":"2021-09-08T01:58:40","modified_gmt":"2021-09-07T18:58:40","slug":"tai-nghe-oppo-r9-chuan-zin-theo-may-hang-chuan-chinh-hang-am-thanh-lon-sieu-hay","status":"publish","type":"product","link":"https:\/\/phukienvungtau68.com\/index.php\/product\/tai-nghe-oppo-r9-chuan-zin-theo-may-hang-chuan-chinh-hang-am-thanh-lon-sieu-hay\/","title":{"rendered":"Tai nghe OPPO R9 chu\u1ea9n zin theo m\u00e1y h\u00e0ng chu\u1ea9n&hellip;"},"content":{"rendered":"<p>Tai nghe OPPO R9 zin theo m\u00e1y h\u00e0ng chu\u1ea9n ch\u00ednh h\u00e3ng \u00e2m thanh l\u1edbn si\u00eau hay<\/p>\n<p>\ud83d\udca5 Th\u00f4ng tin s\u1ea3n ph\u1ea9m<br \/>\n&#8211; Tai nghe OPPO R9 Series ZIN Theo M\u00e1y Ch\u00ednh H\u00e3ng, d\u00f9ng t\u1ed1t cho t\u1ea5t c\u1ea3 c\u00e1c model OPPO..<br \/>\n&#8211; H\u00e0ng ZIN \u0111i theo m\u00e1y Oppo R9, R9 Plus, F1s, F1 Plus, Neo 9, Neo 9s, Neo 7, Neo 7s&#8230;.<br \/>\n&#8211; Tai Nghe d\u1ea1ng earbud, tho\u1ea3i m\u00e1i khi \u0111eo l\u00e2u<br \/>\n&#8211; C\u00f3 ph\u00edm Play\/Call tr\u00ean tai nghe, c\u00f3 th\u1ec3 b\u1ea5m qua b\u00e0i &amp; tr\u1ea3 l\u1eddi cu\u1ed9c g\u1ecdi ti\u1ec7n l\u1ee3i.<br \/>\n&#8211; T\u01b0\u01a1ng th\u00edch: t\u1ea5t c\u1ea3 c\u00e1c Smartphone Android &amp; iOS s\u1eed d\u1ee5ng tai nghe Jack 3.5mm<br \/>\n&#8211; C\u00f3 ph\u00edm Play\/Call tr\u00ean tai nghe, c\u00f3 th\u1ec3 b\u1ea5m qua b\u00e0i &amp; tr\u1ea3 l\u1eddi cu\u1ed9c g\u1ecdi ti\u1ec7n l\u1ee3i.<br \/>\n&#8211; Tai oppo r9 hay F1s c\u00f3 ch\u1ea5t \u00e2m thanh v\u1eeba ph\u1ea3i kh\u00f4ng thi\u00ean qu\u00e1 nhi\u1ec1u cho c\u00e1c b\u1ea1n nghe bass.d\u00e0nh cho c\u00e1c b\u1ea1n nghe nh\u1ea1c v\u1eeba v\u1edbi m\u1ee9c gi\u00e1 b\u00ecnh d\u00e2n.<br \/>\n&#8211; Ch\u1ea5t l\u01b0\u1ee3ng \u00e2m thanh tuy\u1ec7t v\u1eddi, s\u1ee3i d\u00e2y t\u1ed1t h\u01a1n, b\u1ec1n h\u01a1n, \u0111\u1ea7u c\u00f3 \u0111\u1ec7m m\u00fat ch\u1eafc ch\u1eafn tuy\u1ec7t v\u1eddi. Tai nghe v\u1edbi \u00e2m bass t\u1ed1t, \u0111\u1ed9 trong v\u1eeba ph\u1ea3i.<br \/>\n&#8211; M\u00e0u s\u1eafc: TR\u1eaeNG \u0110\u1ea7u tai nghe \u0111\u01b0\u1ee3c l\u00e0m b\u1eb1ng silicon m\u1ec1m kh\u00f4ng g\u00e2y \u0111au tai khi nghe l\u00e2u<br \/>\n&#8211; T\u01b0\u01a1ng th\u00edch v\u1edbi t\u1ea5t c\u1ea3 c\u00e1c s\u1ea3n ph\u1ea9m c\u1ee7a Oppo v\u00e0 c\u00e1c s\u1ea3n ph\u1ea9m kh\u00e1c c\u00f3 h\u1ed7 tr\u1ee3 ng\u00f5 ra audio 3.5 mm.<\/p>\n<p><img class=\"emoji\" role=\"img\" src=\"https:\/\/s.w.org\/images\/core\/emoji\/13.1.0\/svg\/1f4a5.svg\" alt=\"\ud83d\udca5\" \/>\u00a0Cam k\u1ebft v\u1ec1 ch\u1ea5t l\u01b0\u1ee3ng v\u00e0 d\u1ecbch v\u1ee5 b\u00e1n h\u00e0ng<br \/>\n1. H\u00e0ng th\u1eadt nh\u01b0 h\u00ecnh<br \/>\n2. \u0110\u1ea7y \u0111\u1ee7 tem, th\u1ebb b\u1ea3o h\u00e0nh<br \/>\n3. S\u1ea3n ph\u1ea9m \u0111\u01b0\u1ee3c test k\u1ef9 tr\u01b0\u1edbc khi giao h\u00e0ng N\u00ean qu\u00fd kh\u00e1ch h\u00e0ng c\u00f3 th\u1ec3 y\u00ean t\u00e2m.<br \/>\n4. Shop cam k\u1ebft ch\u0103m s\u00f3c kh\u00e1ch h\u00e0ng t\u1ed1t nh\u1ea5t, h\u1eadu m\u00e3i t\u1ed1t sau mua h\u00e0ng.<br \/>\n5. Cam k\u1ebft b\u1ea3o h\u00e0nh v\u00e0 \u0111\u1ed5i m\u1edbi 1 \u0111\u1ed5i 1 n\u1ebfu c\u00f3 l\u1ed7i trong th\u1eddi gian b\u1ea3o h\u00e0nh.<br \/>\n6. \u0110\u01b0\u1ee3c Ki\u1ec3m tra h\u00e0ng k\u1ef9 khi nh\u1eadn \u0111\u00fang h\u00e0ng m\u1edbi thanh to\u00e1n.<\/p>\n<p><img class=\"emoji\" role=\"img\" src=\"https:\/\/s.w.org\/images\/core\/emoji\/13.1.0\/svg\/1f4a5.svg\" alt=\"\ud83d\udca5\" \/>\u00a0Th\u00f4ng tin b\u1ea3o h\u00e0nh<br \/>\n<img class=\"emoji\" role=\"img\" src=\"https:\/\/s.w.org\/images\/core\/emoji\/13.1.0\/svg\/2714.svg\" alt=\"\u2714\" \/>\u00a0Th\u1eddi gian b\u1ea3o h\u00e0nh: 3 th\u00e1ng<br \/>\n<img class=\"emoji\" role=\"img\" src=\"https:\/\/s.w.org\/images\/core\/emoji\/13.1.0\/svg\/2714.svg\" alt=\"\u2714\" \/>\u00a0H\u00ecnh th\u1ee9c b\u1ea3o h\u00e0nh: 1 \u0111\u1ed5i 1<\/p>\n<div dir=\"auto\"><img class=\"emoji\" role=\"img\" src=\"https:\/\/s.w.org\/images\/core\/emoji\/13.1.0\/svg\/1f4a5.svg\" alt=\"\ud83d\udca5\" \/>\u00a0G\u1ea5u shop \u2013 chuy\u00ean ph\u1ee5 ki\u1ec7n \u0111i\u1ec7n tho\u1ea1i, \u0111\u1ed3 c\u00f4ng ngh\u1ec7 h\u00e0ng ch\u00ednh h\u00e3ng.<\/div>\n<div dir=\"auto\">--> Hotline: 0797 180 750 (zalo) \u2013 033 95 333 75<\/div>\n<div dir=\"auto\">\u0110C: 213\/3\/1B L\u00ea H\u1ed3ng Phong, Ph\u01b0\u1eddng 8, Tp. V\u0169ng T\u00e0u, BRVT<\/div>\n","protected":false},"excerpt":{"rendered":"<p>Tai nghe OPPO R9 zin theo m\u00e1y h\u00e0ng chu\u1ea9n ch\u00ednh h\u00e3ng \u00e2m thanh l\u1edbn si\u00eau hay \ud83d\udca5 Th\u00f4ng tin s\u1ea3n ph\u1ea9m &#8211; Tai nghe OPPO R9 Series ZIN Theo M\u00e1y Ch\u00ednh H\u00e3ng, d\u00f9ng t\u1ed1t cho t\u1ea5t c\u1ea3 c\u00e1c model OPPO.. &#8211; H\u00e0ng ZIN \u0111i theo m\u00e1y Oppo R9, R9 Plus, F1s, F1 Plus, Neo 9,<\/p>\n","protected":false},"featured_media":0,"template":"","meta":{"om_disable_all_campaigns":false,"_monsterinsights_skip_tracking":false,"_monsterinsights_sitenote_active":false,"_monsterinsights_sitenote_note":"","_monsterinsights_sitenote_category":0},"product_cat":[19],"product_tag":[],"_links":{"self":[{"href":"https:\/\/phukienvungtau68.com\/index.php\/wp-json\/wp\/v2\/product\/452"}],"collection":[{"href":"https:\/\/phukienvungtau68.com\/index.php\/wp-json\/wp\/v2\/product"}],"about":[{"href":"https:\/\/phukienvungtau68.com\/index.php\/wp-json\/wp\/v2\/types\/product"}],"wp:attachment":[{"href":"https:\/\/phukienvungtau68.com\/index.php\/wp-json\/wp\/v2\/media?parent=452"}],"wp:term":[{"taxonomy":"product_cat","embeddable":true,"href":"https:\/\/phukienvungtau68.com\/index.php\/wp-json\/wp\/v2\/product_cat?post=452"},{"taxonomy":"product_tag","embeddable":true,"href":"https:\/\/phukienvungtau68.com\/index.php\/wp-json\/wp\/v2\/product_tag?post=452"}],"curies":[{"name":"wp","href":"https:\/\/api.w.org\/{rel}","templated":true}]}}