{"id":469,"date":"2021-09-08T16:58:34","date_gmt":"2021-09-08T09:58:34","guid":{"rendered":"http:\/\/phukienvungtau68.com\/?post_type=product&#038;p=469"},"modified":"2024-05-01T23:15:40","modified_gmt":"2024-05-01T16:15:40","slug":"bo-sac-sac-nhanh-pd-20w-cho-iphone-chuan-zin-fullbox-dong-hop-xin-nguyen-seal-xanh","status":"publish","type":"product","link":"https:\/\/phukienvungtau68.com\/index.php\/product\/bo-sac-sac-nhanh-pd-20w-cho-iphone-chuan-zin-fullbox-dong-hop-xin-nguyen-seal-xanh\/","title":{"rendered":"B\u1ed9 s\u1ea1c s\u1ea1c nhanh PD 20w cho iphone chu\u1ea9n Zin&hellip;"},"content":{"rendered":"<p>B\u1ed9 s\u1ea1c s\u1ea1c nhanh PD 20w cho iphone chu\u1ea9n Zin fullbox \u0111\u00f3ng h\u1ed9p x\u1ecbn nguy\u00ean seal Xanh<\/p>\n<p>\ud83d\udca5 Th\u00f4ng tin s\u1ea3n ph\u1ea9m:<br \/>\n\u2747\ufe0f Gia c\u00f4ng theo chu\u1ea9n zin theo ti\u00eau chu\u1ea9n c\u1ee7a apple.<br \/>\n\u2747\ufe0f \u0110\u00f3ng h\u1ed9p x\u1ecbn nguy\u00ean seal<br \/>\n\u2747\ufe0f D\u00e2y s\u1ea1c d\u00e0i 1m.<br \/>\n\u2747\ufe0f \u0110\u1ea7u v\u00e0o type C, \u0111\u1ea7u ra lightning<br \/>\n\u2747\ufe0f S\u1ea1c kh\u00f4ng n\u00f3ng m\u00e1y, kh\u00f4ng lo\u1ea1n c\u1ea3m \u1ee9ng.<br \/>\n\u2747\ufe0f S\u1ea1c 30 Ph\u00fat l\u00ean 50% pin cho Iphone 11, 12.<br \/>\n\u2747\ufe0f Ph\u1ea3i m\u00e3i \u0111\u1ebfn \u0111\u1eddi iPhone 11 Pro Max, Apple m\u1edbi &#8220;h\u00e0o ph\u00f3ng&#8221; trang b\u1ecb s\u1eb5n trong h\u1ed9p m\u00e1y m\u1ed9t b\u1ed9 s\u1ea1c nhanh theo chu\u1ea9n PD 18W c\u1ee7a h\u00e3ng m\u00e0 kh\u00f4ng ph\u1ea3i l\u00e0 b\u1ed9 s\u1ea1c 1A si\u00eau r\u00f9a nh\u01b0 tr\u01b0\u1edbc n\u1eefa.<br \/>\n\u2747\ufe0f S\u1ea1c nhanh PD th\u00ec ch\u1ec9 \u00e1p d\u1ee5ng cho c\u00e1c m\u00e1y iPhone 8 tr\u1edf l\u00ean, tuy nhi\u00ean, b\u1ea1n ho\u00e0n to\u00e0n c\u00f3 th\u1ec3 s\u1ea1c cho t\u1ea5t c\u1ea3 c\u00e1c \u0111\u1eddi iPhone c\u00f3 ch\u00e2n c\u1eafm Lightning nh\u00e9, t\u1ed1c \u0111\u1ed9 v\u1eabn kh\u00e1 nhanh, ch\u1ec9 l\u00e0 kh\u00f4ng \u0111\u1ea1t \u0111\u01b0\u1ee3c t\u1ed1c \u0111\u1ed9 nhanh kinh kh\u1ee7ng nh\u01b0 c\u00e1c m\u00e1y trang b\u1ecb c\u00f4ng ngh\u1ec7 PD th\u00f4i. \u0110\u1eebng hi\u1ec3u l\u1ea7m l\u00e0 kh\u00f4ng s\u1ea1c \u0111\u01b0\u1ee3c c\u00e1c m\u00e1y kh\u00e1c nh\u00e9!<\/p>\n<p><img class=\"emoji\" role=\"img\" src=\"https:\/\/s.w.org\/images\/core\/emoji\/13.1.0\/svg\/1f4a5.svg\" alt=\"\ud83d\udca5\" \/>\u00a0Cam k\u1ebft v\u1ec1 ch\u1ea5t l\u01b0\u1ee3ng v\u00e0 d\u1ecbch v\u1ee5 b\u00e1n h\u00e0ng<br \/>\n1. H\u00e0ng th\u1eadt nh\u01b0 h\u00ecnh<br \/>\n2. \u0110\u1ea7y \u0111\u1ee7 tem, th\u1ebb b\u1ea3o h\u00e0nh<br \/>\n3. S\u1ea3n ph\u1ea9m \u0111\u01b0\u1ee3c test k\u1ef9 tr\u01b0\u1edbc khi giao h\u00e0ng N\u00ean qu\u00fd kh\u00e1ch h\u00e0ng c\u00f3 th\u1ec3 y\u00ean t\u00e2m.<br \/>\n4. Shop cam k\u1ebft ch\u0103m s\u00f3c kh\u00e1ch h\u00e0ng t\u1ed1t nh\u1ea5t, h\u1eadu m\u00e3i t\u1ed1t sau mua h\u00e0ng.<br \/>\n5. Cam k\u1ebft b\u1ea3o h\u00e0nh v\u00e0 \u0111\u1ed5i m\u1edbi 1 \u0111\u1ed5i 1 n\u1ebfu c\u00f3 l\u1ed7i trong th\u1eddi gian b\u1ea3o h\u00e0nh.<br \/>\n6. \u0110\u01b0\u1ee3c Ki\u1ec3m tra h\u00e0ng k\u1ef9 khi nh\u1eadn \u0111\u00fang h\u00e0ng m\u1edbi thanh to\u00e1n.<\/p>\n<p><img class=\"emoji\" role=\"img\" src=\"https:\/\/s.w.org\/images\/core\/emoji\/13.1.0\/svg\/1f4a5.svg\" alt=\"\ud83d\udca5\" \/>\u00a0Th\u00f4ng tin b\u1ea3o h\u00e0nh<br \/>\n<img class=\"emoji\" role=\"img\" src=\"https:\/\/s.w.org\/images\/core\/emoji\/13.1.0\/svg\/2714.svg\" alt=\"\u2714\" \/> Th\u1eddi gian b\u1ea3o h\u00e0nh: 6 th\u00e1ng<br \/>\n<img class=\"emoji\" role=\"img\" src=\"https:\/\/s.w.org\/images\/core\/emoji\/13.1.0\/svg\/2714.svg\" alt=\"\u2714\" \/>\u00a0H\u00ecnh th\u1ee9c b\u1ea3o h\u00e0nh: 1 \u0111\u1ed5i 1<\/p>\n<div dir=\"auto\"><img class=\"emoji\" role=\"img\" src=\"https:\/\/s.w.org\/images\/core\/emoji\/13.1.0\/svg\/1f4a5.svg\" alt=\"\ud83d\udca5\" \/>\u00a0G\u1ea5u shop \u2013 chuy\u00ean ph\u1ee5 ki\u1ec7n \u0111i\u1ec7n tho\u1ea1i, \u0111\u1ed3 c\u00f4ng ngh\u1ec7 h\u00e0ng ch\u00ednh h\u00e3ng.<\/div>\n<div dir=\"auto\">--> Hotline: 0797 180 750 (zalo) \u2013 033 95 333 75<\/div>\n<div dir=\"auto\">\u0110C: 213\/3\/1B L\u00ea H\u1ed3ng Phong, Ph\u01b0\u1eddng 8, Tp. V\u0169ng T\u00e0u, BRVT<\/div>\n","protected":false},"excerpt":{"rendered":"<p>B\u1ed9 s\u1ea1c s\u1ea1c nhanh PD 20w cho iphone chu\u1ea9n Zin fullbox \u0111\u00f3ng h\u1ed9p x\u1ecbn nguy\u00ean seal Xanh \ud83d\udca5 Th\u00f4ng tin s\u1ea3n ph\u1ea9m: \u2747\ufe0f Gia c\u00f4ng theo chu\u1ea9n zin theo ti\u00eau chu\u1ea9n c\u1ee7a apple. \u2747\ufe0f \u0110\u00f3ng h\u1ed9p x\u1ecbn nguy\u00ean seal \u2747\ufe0f D\u00e2y s\u1ea1c d\u00e0i 1m. \u2747\ufe0f \u0110\u1ea7u v\u00e0o type C, \u0111\u1ea7u ra lightning \u2747\ufe0f S\u1ea1c kh\u00f4ng<\/p>\n","protected":false},"featured_media":479,"template":"","meta":{"om_disable_all_campaigns":false,"_monsterinsights_skip_tracking":false,"_monsterinsights_sitenote_active":false,"_monsterinsights_sitenote_note":"","_monsterinsights_sitenote_category":0},"product_cat":[30,31,34],"product_tag":[],"_links":{"self":[{"href":"https:\/\/phukienvungtau68.com\/index.php\/wp-json\/wp\/v2\/product\/469"}],"collection":[{"href":"https:\/\/phukienvungtau68.com\/index.php\/wp-json\/wp\/v2\/product"}],"about":[{"href":"https:\/\/phukienvungtau68.com\/index.php\/wp-json\/wp\/v2\/types\/product"}],"wp:featuredmedia":[{"embeddable":true,"href":"https:\/\/phukienvungtau68.com\/index.php\/wp-json\/wp\/v2\/media\/479"}],"wp:attachment":[{"href":"https:\/\/phukienvungtau68.com\/index.php\/wp-json\/wp\/v2\/media?parent=469"}],"wp:term":[{"taxonomy":"product_cat","embeddable":true,"href":"https:\/\/phukienvungtau68.com\/index.php\/wp-json\/wp\/v2\/product_cat?post=469"},{"taxonomy":"product_tag","embeddable":true,"href":"https:\/\/phukienvungtau68.com\/index.php\/wp-json\/wp\/v2\/product_tag?post=469"}],"curies":[{"name":"wp","href":"https:\/\/api.w.org\/{rel}","templated":true}]}}