{"id":495,"date":"2021-09-08T23:42:00","date_gmt":"2021-09-08T16:42:00","guid":{"rendered":"http:\/\/phukienvungtau68.com\/?post_type=product&#038;p=495"},"modified":"2021-09-08T23:42:00","modified_gmt":"2021-09-08T16:42:00","slug":"loa-bluetooth-acome-a3-cong-suat-5w-ho-tro-ket-noi-microsd-usb-nghe-fm-1500mah-nghe-nhac-lien-tuc-8-tieng","status":"publish","type":"product","link":"https:\/\/phukienvungtau68.com\/index.php\/product\/loa-bluetooth-acome-a3-cong-suat-5w-ho-tro-ket-noi-microsd-usb-nghe-fm-1500mah-nghe-nhac-lien-tuc-8-tieng\/","title":{"rendered":"Loa Bluetooth ACOME A3 C\u00f4ng Su\u1ea5t 5W &#8211; H\u1ed7 Tr\u1ee3&hellip;"},"content":{"rendered":"<p>Loa Bluetooth ACOME A3 C\u00f4ng Su\u1ea5t 5W &#8211; H\u1ed7 Tr\u1ee3 K\u1ebft N\u1ed1i MicroSD USB Nghe FM &#8211; 1500mAh nghe nh\u1ea1c li\u00ean t\u1ee5c 8 ti\u1ebfng.<\/p>\n<p>\ud83d\udca5 Th\u00f4ng tin s\u1ea3n ph\u1ea9m<br \/>\n&#8211; C\u00f4ng su\u1ea5t: 5W<br \/>\n&#8211; Ngu\u1ed3n v\u00e0o: 5V-1A<br \/>\n&#8211; Ph\u1ea1m vi k\u1ebft n\u1ed1i: 10M<br \/>\n&#8211; Th\u1eddi gian s\u1eed d\u1ee5ng: 8 gi\u1edd nghe nh\u1ea1c li\u00ean t\u1ee5c<br \/>\n&#8211; Dung l\u01b0\u1ee3ng pin: 1500mAh<br \/>\n&#8211; Bluetooth: V5.0<br \/>\n&#8211; True wireless stereo<br \/>\n&#8211; H\u00ecnh th\u1ee9c k\u1ebft n\u1ed1i \u0111a d\u1ea1ng: Bluetooth, Micro SD, USB<br \/>\n&#8211; Ch\u1ebf \u0111\u1ed9 FM<br \/>\n&#8211; Hi\u1ec7u \u1ee9ng LED RGB<\/p>\n<p>&#8211; M\u00e0ng loa Bass m\u1ea1nh m\u1ebd 5W. \u00c2m bass s\u1ed1ng \u0111\u1ed9ng mang t\u1edbi \u00e2m thanh ch\u00e2n th\u1ef1c, s\u1ed1ng \u0111\u1ed9ng.<br \/>\n&#8211; Hi\u1ec7u \u1ee9ng LED b\u1eaft m\u1eaft, chi\u1ebfc loa l\u00e0 b\u1ea1n \u0111\u1ed3ng h\u00e0nh gi\u1ea3i tr\u00ed cho c\u00e1c bu\u1ed5i ti\u1ec7c gia \u0111\u00ecnh.<br \/>\n&#8211; Ch\u1ea5t \u00c2m HI-FI: t\u1ea7n s\u1ed1 chu\u1ea9n x\u00e1c, ch\u1ea5t bass m\u1ea1nh m\u1ebd, \u00e2m thanh trung th\u1ef1c<br \/>\n&#8211; C\u00f4ng ngh\u1ec7 Bluetooth 5.0 k\u1ebft n\u1ed1i \u1ed5n \u0111\u1ecbnh l\u00ean \u0111\u1ebfn ph\u1ea1m vi 10m.<br \/>\n&#8211; C\u00f4ng ngh\u1ec7 TWS gi\u00fap \u0111i\u1ec7n tho\u1ea1i c\u00f3 th\u1ec3 k\u1ebft n\u1ed1i c\u00f9ng l\u00fac 2 loa, t\u1ea1o th\u00e0nh 2 \u00e2m thanh \u0111\u1ed9c l\u1eadp tr\u00e1i v\u00e0 ph\u1ea3i, hi\u1ec7u qu\u1ea3 ch\u00e2n th\u1ef1c s\u1eafc n\u00e9t.<br \/>\n&#8211; Thi\u1ebft k\u1ebf ti\u1ec7n d\u1ee5ng d\u1ec5 d\u00e0ng mang theo b\u1ea5t k\u00ec n\u01a1i \u0111\u00e2u.<br \/>\n&#8211; Ch\u1ebf \u0111\u1ed9 cu\u1ed9c g\u1ecdi r\u1ea3nh tay, ch\u1ea5t l\u01b0\u1ee3ng \u0111\u00e0m tho\u1ea1i r\u00f5 n\u00e9t.<br \/>\n&#8211; H\u1ed7 tr\u1ee3 FM t\u00edch h\u1ee3p \u0102ng-ten ngo\u00e0i gi\u00fap \u0111\u01b0\u1ee3c nhi\u1ec1u \u0111\u00e0i h\u01a1n, nghe FM radio m\u1ecdi l\u00fac m\u1ecdi n\u01a1i.<\/p>\n<p><img class=\"emoji\" role=\"img\" src=\"https:\/\/s.w.org\/images\/core\/emoji\/13.1.0\/svg\/1f4a5.svg\" alt=\"\ud83d\udca5\" \/>\u00a0Cam k\u1ebft v\u1ec1 ch\u1ea5t l\u01b0\u1ee3ng v\u00e0 d\u1ecbch v\u1ee5 b\u00e1n h\u00e0ng<br \/>\n1. H\u00e0ng th\u1eadt nh\u01b0 h\u00ecnh<br \/>\n2. \u0110\u1ea7y \u0111\u1ee7 tem, th\u1ebb b\u1ea3o h\u00e0nh<br \/>\n3. S\u1ea3n ph\u1ea9m \u0111\u01b0\u1ee3c test k\u1ef9 tr\u01b0\u1edbc khi giao h\u00e0ng N\u00ean qu\u00fd kh\u00e1ch h\u00e0ng c\u00f3 th\u1ec3 y\u00ean t\u00e2m.<br \/>\n4. Shop cam k\u1ebft ch\u0103m s\u00f3c kh\u00e1ch h\u00e0ng t\u1ed1t nh\u1ea5t, h\u1eadu m\u00e3i t\u1ed1t sau mua h\u00e0ng.<br \/>\n5. Cam k\u1ebft b\u1ea3o h\u00e0nh v\u00e0 \u0111\u1ed5i m\u1edbi 1 \u0111\u1ed5i 1 n\u1ebfu c\u00f3 l\u1ed7i trong th\u1eddi gian b\u1ea3o h\u00e0nh.<br \/>\n6. \u0110\u01b0\u1ee3c Ki\u1ec3m tra h\u00e0ng k\u1ef9 khi nh\u1eadn \u0111\u00fang h\u00e0ng m\u1edbi thanh to\u00e1n.<\/p>\n<p><img class=\"emoji\" role=\"img\" src=\"https:\/\/s.w.org\/images\/core\/emoji\/13.1.0\/svg\/1f4a5.svg\" alt=\"\ud83d\udca5\" \/>\u00a0Th\u00f4ng tin b\u1ea3o h\u00e0nh<br \/>\n<img class=\"emoji\" role=\"img\" src=\"https:\/\/s.w.org\/images\/core\/emoji\/13.1.0\/svg\/2714.svg\" alt=\"\u2714\" \/> Th\u1eddi gian b\u1ea3o h\u00e0nh: 12 th\u00e1ng<br \/>\n<img class=\"emoji\" role=\"img\" src=\"https:\/\/s.w.org\/images\/core\/emoji\/13.1.0\/svg\/2714.svg\" alt=\"\u2714\" \/>\u00a0H\u00ecnh th\u1ee9c b\u1ea3o h\u00e0nh: 1 \u0111\u1ed5i 1<\/p>\n<div dir=\"auto\"><img class=\"emoji\" role=\"img\" src=\"https:\/\/s.w.org\/images\/core\/emoji\/13.1.0\/svg\/1f4a5.svg\" alt=\"\ud83d\udca5\" \/>\u00a0G\u1ea5u shop \u2013 chuy\u00ean ph\u1ee5 ki\u1ec7n \u0111i\u1ec7n tho\u1ea1i, \u0111\u1ed3 c\u00f4ng ngh\u1ec7 h\u00e0ng ch\u00ednh h\u00e3ng.<\/div>\n<div dir=\"auto\">--> Hotline: 0797 180 750 (zalo) \u2013 033 95 333 75<\/div>\n<div dir=\"auto\">\u0110C: 213\/3\/1B L\u00ea H\u1ed3ng Phong, Ph\u01b0\u1eddng 8, Tp. V\u0169ng T\u00e0u, BRVT<\/div>\n","protected":false},"excerpt":{"rendered":"<p>Loa Bluetooth ACOME A3 C\u00f4ng Su\u1ea5t 5W &#8211; H\u1ed7 Tr\u1ee3 K\u1ebft N\u1ed1i MicroSD USB Nghe FM &#8211; 1500mAh nghe nh\u1ea1c li\u00ean t\u1ee5c 8 ti\u1ebfng. \ud83d\udca5 Th\u00f4ng tin s\u1ea3n ph\u1ea9m &#8211; C\u00f4ng su\u1ea5t: 5W &#8211; Ngu\u1ed3n v\u00e0o: 5V-1A &#8211; Ph\u1ea1m vi k\u1ebft n\u1ed1i: 10M &#8211; Th\u1eddi gian s\u1eed d\u1ee5ng: 8 gi\u1edd nghe nh\u1ea1c li\u00ean t\u1ee5c &#8211;<\/p>\n","protected":false},"featured_media":496,"template":"","meta":{"om_disable_all_campaigns":false,"_monsterinsights_skip_tracking":false,"_monsterinsights_sitenote_active":false,"_monsterinsights_sitenote_note":"","_monsterinsights_sitenote_category":0},"product_cat":[28],"product_tag":[],"_links":{"self":[{"href":"https:\/\/phukienvungtau68.com\/index.php\/wp-json\/wp\/v2\/product\/495"}],"collection":[{"href":"https:\/\/phukienvungtau68.com\/index.php\/wp-json\/wp\/v2\/product"}],"about":[{"href":"https:\/\/phukienvungtau68.com\/index.php\/wp-json\/wp\/v2\/types\/product"}],"wp:featuredmedia":[{"embeddable":true,"href":"https:\/\/phukienvungtau68.com\/index.php\/wp-json\/wp\/v2\/media\/496"}],"wp:attachment":[{"href":"https:\/\/phukienvungtau68.com\/index.php\/wp-json\/wp\/v2\/media?parent=495"}],"wp:term":[{"taxonomy":"product_cat","embeddable":true,"href":"https:\/\/phukienvungtau68.com\/index.php\/wp-json\/wp\/v2\/product_cat?post=495"},{"taxonomy":"product_tag","embeddable":true,"href":"https:\/\/phukienvungtau68.com\/index.php\/wp-json\/wp\/v2\/product_tag?post=495"}],"curies":[{"name":"wp","href":"https:\/\/api.w.org\/{rel}","templated":true}]}}