{"id":513,"date":"2021-09-08T23:51:16","date_gmt":"2021-09-08T16:51:16","guid":{"rendered":"http:\/\/phukienvungtau68.com\/?post_type=product&#038;p=513"},"modified":"2021-10-31T00:01:36","modified_gmt":"2021-10-30T17:01:36","slug":"loa-bluetooth-acome-a20-cong-suat-20w-hieu-ung-led-rgd-nghe-lien-tuc-30-gio-lien-tuc-chuan-chong-nuoc-ipx7","status":"publish","type":"product","link":"https:\/\/phukienvungtau68.com\/index.php\/product\/loa-bluetooth-acome-a20-cong-suat-20w-hieu-ung-led-rgd-nghe-lien-tuc-30-gio-lien-tuc-chuan-chong-nuoc-ipx7\/","title":{"rendered":"Loa Bluetooth ACOME A20 C\u00f4ng Su\u1ea5t 20W &#8211; 9 ch\u1ebf&hellip;"},"content":{"rendered":"<p>Loa Bluetooth ACOME A20 C\u00f4ng Su\u1ea5t 20W &#8211; Hi\u1ec7u \u1ee8ng LED RGD &#8211; nghe li\u00ean t\u1ee5c 30 gi\u1edd li\u00ean t\u1ee5c Chu\u1ea9n Ch\u1ed1ng N\u01b0\u1edbc IPX7<\/p>\n<p>\ud83d\udca5 Th\u00f4ng tin s\u1ea3n ph\u1ea9m<br \/>\n&#8211; Loa Bluetooth ACOME A20 C\u00f4ng Su\u1ea5t 20W<br \/>\n&#8211; Model: A20<br \/>\n&#8211; Bluetooth: 5.0<br \/>\n&#8211; C\u00f4ng su\u1ea5t: 20W<br \/>\n&#8211; Kh\u00e1ng n\u01b0\u1edbc: IPX7<br \/>\n&#8211; K\u00edch th\u01b0\u1edbc m\u00e0ng loa: 125*44 mm<br \/>\n&#8211; Th\u1eddi gian s\u1ea1c: 4h<br \/>\n&#8211; Th\u1eddi gian ph\u00e1t nh\u1ea1c: 30H<br \/>\n&#8211; Dung l\u01b0\u1ee3ng pin: 4000mAh<br \/>\n&#8211; Ph\u1ea1m vi k\u1ebft n\u1ed1i: 10m<br \/>\n&#8211; K\u1ebft n\u1ed1i: bluetooth, th\u1ebb nh\u1edb MicroSD, c\u1ed5ng AUX<br \/>\n&#8211; C\u1ed5ng s\u1ea1c: type-C<br \/>\n&#8211; B\u1ed9 s\u1ea3n ph\u1ea9m g\u1ed3m: loa v\u00e0 c\u00e1p s\u1ea1c<\/p>\n<p>\ud83d\udd35 H\u01a1n 16 tri\u1ec7u hi\u1ec7u \u1ee9ng \u00e1nh s\u00e1ng h\u00f2a nh\u1ecbp c\u00f9ng \u00e2m nh\u1ea1c, t\u1ea1o c\u1ea3m gi\u00e1c v\u00f4 c\u00f9ng sinh \u0111\u1ed9ng, s\u1eb5n s\u00e0ng b\u00f9ng n\u1ed5 kh\u00f4ng gian party.<br \/>\n\ud83d\udd35 9 ki\u1ec3u hi\u1ec7u \u1ee9ng LED b\u1eaft m\u1eaft<br \/>\n\ud83d\udd35 C\u00f4ng su\u1ea5t l\u1edbn, \u00e2m bass m\u1ea1nh m\u1ebd \u0111em \u0111\u1ebfn tr\u1ea3i nghi\u1ec7m \u00e2m thanh c\u1ef1c ch\u1ea5t cho kh\u00f4ng kh\u00ed \u0111\u00eam ti\u1ec7c th\u00eam thuy\u1ec7t v\u1eddi.<br \/>\n\ud83d\udd35 Ch\u1ea5t \u00e2m r\u00f5 n\u00e9t, \u00e2m thanh c\u1ef1c \u0111\u1ec9nh v\u1edbi c\u00f4ng su\u1ea5t 20W, hi\u1ec7u \u1ee9ng \u00e2m thanh v\u00f2m.<br \/>\n\ud83d\udd35 Chu\u1ea9n ch\u1ed1ng n\u01b0\u1edbc IPX7: kh\u00e1ng n\u01b0\u1edbc hi\u1ec7u qu\u1ea3, th\u1ecfa m\u00e1i t\u1eadn h\u01b0\u1edfng \u00e2m nh\u1ea1c.<br \/>\n\ud83d\udd35 H\u1ed7 tr\u1ee3 cu\u1ed9c g\u1ecdi r\u1ea3nh tay, ch\u1ea5t l\u01b0\u1ee3ng \u0111\u00e0m tho\u1ea1i r\u00f5 n\u00e9t.<\/p>\n<p><img class=\"emoji\" role=\"img\" src=\"https:\/\/s.w.org\/images\/core\/emoji\/13.1.0\/svg\/1f4a5.svg\" alt=\"\ud83d\udca5\" \/>\u00a0Cam k\u1ebft v\u1ec1 ch\u1ea5t l\u01b0\u1ee3ng v\u00e0 d\u1ecbch v\u1ee5 b\u00e1n h\u00e0ng<br \/>\n1. H\u00e0ng th\u1eadt nh\u01b0 h\u00ecnh<br \/>\n2. \u0110\u1ea7y \u0111\u1ee7 tem, th\u1ebb b\u1ea3o h\u00e0nh<br \/>\n3. S\u1ea3n ph\u1ea9m \u0111\u01b0\u1ee3c test k\u1ef9 tr\u01b0\u1edbc khi giao h\u00e0ng N\u00ean qu\u00fd kh\u00e1ch h\u00e0ng c\u00f3 th\u1ec3 y\u00ean t\u00e2m.<br \/>\n4. Shop cam k\u1ebft ch\u0103m s\u00f3c kh\u00e1ch h\u00e0ng t\u1ed1t nh\u1ea5t, h\u1eadu m\u00e3i t\u1ed1t sau mua h\u00e0ng.<br \/>\n5. Cam k\u1ebft b\u1ea3o h\u00e0nh v\u00e0 \u0111\u1ed5i m\u1edbi 1 \u0111\u1ed5i 1 n\u1ebfu c\u00f3 l\u1ed7i trong th\u1eddi gian b\u1ea3o h\u00e0nh.<br \/>\n6. \u0110\u01b0\u1ee3c Ki\u1ec3m tra h\u00e0ng k\u1ef9 khi nh\u1eadn \u0111\u00fang h\u00e0ng m\u1edbi thanh to\u00e1n.<\/p>\n<p><img class=\"emoji\" role=\"img\" src=\"https:\/\/s.w.org\/images\/core\/emoji\/13.1.0\/svg\/1f4a5.svg\" alt=\"\ud83d\udca5\" \/>\u00a0Th\u00f4ng tin b\u1ea3o h\u00e0nh<br \/>\n<img class=\"emoji\" role=\"img\" src=\"https:\/\/s.w.org\/images\/core\/emoji\/13.1.0\/svg\/2714.svg\" alt=\"\u2714\" \/> Th\u1eddi gian b\u1ea3o h\u00e0nh: 6 th\u00e1ng ho\u1eb7c 12 th\u00e1ng n\u1ebfu c\u00f3 l\u1ed7i t\u1eeb NSX<br \/>\n<img class=\"emoji\" role=\"img\" src=\"https:\/\/s.w.org\/images\/core\/emoji\/13.1.0\/svg\/2714.svg\" alt=\"\u2714\" \/> H\u00ecnh th\u1ee9c b\u1ea3o h\u00e0nh: 1 \u0111\u1ed5i 1 trong 6 th\u00e1ng \u0111\u1ea7u ti\u00ean, 6 th\u00e1ng sau b\u1ea3o h\u00e0nh theo ti\u00eau chu\u1ea9n c\u1ee7a shop<\/p>\n<div dir=\"auto\"><img class=\"emoji\" role=\"img\" src=\"https:\/\/s.w.org\/images\/core\/emoji\/13.1.0\/svg\/1f4a5.svg\" alt=\"\ud83d\udca5\" \/>\u00a0G\u1ea5u shop \u2013 chuy\u00ean ph\u1ee5 ki\u1ec7n \u0111i\u1ec7n tho\u1ea1i, \u0111\u1ed3 c\u00f4ng ngh\u1ec7 h\u00e0ng ch\u00ednh h\u00e3ng.<\/div>\n<div dir=\"auto\">--> Hotline: 0797 180 750 (zalo) \u2013 033 95 333 75<\/div>\n<div dir=\"auto\">\u0110C: 213\/3\/1B L\u00ea H\u1ed3ng Phong, Ph\u01b0\u1eddng 8, Tp. V\u0169ng T\u00e0u, BRVT<\/div>\n","protected":false},"excerpt":{"rendered":"<p>Loa Bluetooth ACOME A20 C\u00f4ng Su\u1ea5t 20W &#8211; Hi\u1ec7u \u1ee8ng LED RGD &#8211; nghe li\u00ean t\u1ee5c 30 gi\u1edd li\u00ean t\u1ee5c Chu\u1ea9n Ch\u1ed1ng N\u01b0\u1edbc IPX7 \ud83d\udca5 Th\u00f4ng tin s\u1ea3n ph\u1ea9m &#8211; Loa Bluetooth ACOME A20 C\u00f4ng Su\u1ea5t 20W &#8211; Model: A20 &#8211; Bluetooth: 5.0 &#8211; C\u00f4ng su\u1ea5t: 20W &#8211; Kh\u00e1ng n\u01b0\u1edbc: IPX7 &#8211; K\u00edch th\u01b0\u1edbc m\u00e0ng<\/p>\n","protected":false},"featured_media":514,"template":"","meta":{"om_disable_all_campaigns":false,"_monsterinsights_skip_tracking":false,"_monsterinsights_sitenote_active":false,"_monsterinsights_sitenote_note":"","_monsterinsights_sitenote_category":0},"product_cat":[28],"product_tag":[],"_links":{"self":[{"href":"https:\/\/phukienvungtau68.com\/index.php\/wp-json\/wp\/v2\/product\/513"}],"collection":[{"href":"https:\/\/phukienvungtau68.com\/index.php\/wp-json\/wp\/v2\/product"}],"about":[{"href":"https:\/\/phukienvungtau68.com\/index.php\/wp-json\/wp\/v2\/types\/product"}],"wp:featuredmedia":[{"embeddable":true,"href":"https:\/\/phukienvungtau68.com\/index.php\/wp-json\/wp\/v2\/media\/514"}],"wp:attachment":[{"href":"https:\/\/phukienvungtau68.com\/index.php\/wp-json\/wp\/v2\/media?parent=513"}],"wp:term":[{"taxonomy":"product_cat","embeddable":true,"href":"https:\/\/phukienvungtau68.com\/index.php\/wp-json\/wp\/v2\/product_cat?post=513"},{"taxonomy":"product_tag","embeddable":true,"href":"https:\/\/phukienvungtau68.com\/index.php\/wp-json\/wp\/v2\/product_tag?post=513"}],"curies":[{"name":"wp","href":"https:\/\/api.w.org\/{rel}","templated":true}]}}