{"id":522,"date":"2021-09-08T23:54:27","date_gmt":"2021-09-08T16:54:27","guid":{"rendered":"http:\/\/phukienvungtau68.com\/?post_type=product&#038;p=522"},"modified":"2021-09-08T23:54:27","modified_gmt":"2021-09-08T16:54:27","slug":"loa-bluetooth-led-rgb-vivan-vs6-cong-suat-5w-chong-nuoc-ipx5-pin-1800mah-nghe-nhac-lien-tuc-8-gio","status":"publish","type":"product","link":"https:\/\/phukienvungtau68.com\/index.php\/product\/loa-bluetooth-led-rgb-vivan-vs6-cong-suat-5w-chong-nuoc-ipx5-pin-1800mah-nghe-nhac-lien-tuc-8-gio\/","title":{"rendered":"Loa Bluetooth LED RGB VIVAN VS6 C\u00f4ng Su\u1ea5t 5W &#8211;&hellip;"},"content":{"rendered":"<p>Loa Bluetooth LED RGB VIVAN VS6 C\u00f4ng Su\u1ea5t 5W &#8211; Ch\u1ed1ng N\u01b0\u1edbc IPX5 &#8211; Pin 1800mAh nghe nh\u1ea1c li\u00ean t\u1ee5c 8 gi\u1edd<br \/>\n\ud83d\udca5 Th\u00f4ng tin s\u1ea3n ph\u1ea9m<br \/>\n&#8211; Loa Bluetooth LED RGB VIVAN VS6 ch\u00ednh h\u00e3ng<br \/>\n&#8211; Model: VS6<br \/>\n&#8211; Bluetooth: bluetooth 5.0<br \/>\n&#8211; Ph\u1ea1m vi k\u1ebft n\u1ed1i: 10m<br \/>\n&#8211; C\u00f4ng su\u1ea5t: 5W<br \/>\n&#8211; Th\u1eddi gian s\u1ea1c: 3h<br \/>\n&#8211; Th\u1eddi gian s\u1eed d\u1ee5ng: 8h<br \/>\n&#8211; Dung l\u01b0\u1ee3ng pin: 1800mAh 3.7V<br \/>\n&#8211; Input: 5V 2A<br \/>\n&#8211; K\u1ebft n\u1ed1i: bluetooth, th\u1ebb nh\u1edb MicroSD<br \/>\n&#8211; K\u1ebft n\u1ed1i 2 loa c\u00f9ng l\u00fac<br \/>\n&#8211; Tr\u1ecdng l\u01b0\u1ee3ng: 475g (156 x 72 x 50mm)<br \/>\n\u2705 H\u01a1n 16 tri\u1ec7u hi\u1ec7u \u1ee9ng s\u00e1ng \u0111a d\u1ea1ng, m\u00e0u s\u1eafc chuy\u1ec3n \u0111\u1ed5i b\u1eaft m\u1eaft. Kh\u1ea5y \u0111\u1ed9ng kh\u00f4ng gian \u00e2m nh\u1ea1c v\u1edbi s\u1ef1 k\u1ebft h\u1ee3p gi\u1eefa \u00e2m nh\u1ea1c v\u00e0 hi\u1ec7u \u1ee9ng LED<br \/>\n\u2705 M\u00e0ng loa 52mm cho ch\u1ea5t \u00e2m s\u1ed1ng \u0111\u1ed9ng<br \/>\n\u2705 Kh\u00e1ng n\u01b0\u1edbc hi\u1ec7u qu\u1ea3 v\u1edbi ch\u1ec9 s\u1ed1 ch\u1ed1ng n\u01b0\u1edbc IPX5<br \/>\n\u2705 Nh\u1ecf g\u1ecdn ti\u1ec7n l\u1ee3i d\u1ec5 d\u00e0ng mang theo m\u1ecdi l\u00fac m\u1ecdi n\u01a1i<br \/>\n\u2705 Ch\u1ea5t l\u01b0\u1ee3ng \u0111\u00e0m tho\u1ea1i r\u00f5 n\u00e9t, k\u00edch ho\u1ea1t d\u1ec5 d\u00e0ng cu\u1ed9c g\u1ecdi r\u1ea3nh tay<\/p>\n<p><img class=\"emoji\" role=\"img\" src=\"https:\/\/s.w.org\/images\/core\/emoji\/13.1.0\/svg\/1f4a5.svg\" alt=\"\ud83d\udca5\" \/>\u00a0Cam k\u1ebft v\u1ec1 ch\u1ea5t l\u01b0\u1ee3ng v\u00e0 d\u1ecbch v\u1ee5 b\u00e1n h\u00e0ng<br \/>\n1. H\u00e0ng th\u1eadt nh\u01b0 h\u00ecnh<br \/>\n2. \u0110\u1ea7y \u0111\u1ee7 tem, th\u1ebb b\u1ea3o h\u00e0nh<br \/>\n3. S\u1ea3n ph\u1ea9m \u0111\u01b0\u1ee3c test k\u1ef9 tr\u01b0\u1edbc khi giao h\u00e0ng N\u00ean qu\u00fd kh\u00e1ch h\u00e0ng c\u00f3 th\u1ec3 y\u00ean t\u00e2m.<br \/>\n4. Shop cam k\u1ebft ch\u0103m s\u00f3c kh\u00e1ch h\u00e0ng t\u1ed1t nh\u1ea5t, h\u1eadu m\u00e3i t\u1ed1t sau mua h\u00e0ng.<br \/>\n5. Cam k\u1ebft b\u1ea3o h\u00e0nh v\u00e0 \u0111\u1ed5i m\u1edbi 1 \u0111\u1ed5i 1 n\u1ebfu c\u00f3 l\u1ed7i trong th\u1eddi gian b\u1ea3o h\u00e0nh.<br \/>\n6. \u0110\u01b0\u1ee3c Ki\u1ec3m tra h\u00e0ng k\u1ef9 khi nh\u1eadn \u0111\u00fang h\u00e0ng m\u1edbi thanh to\u00e1n.<\/p>\n<p><img class=\"emoji\" role=\"img\" src=\"https:\/\/s.w.org\/images\/core\/emoji\/13.1.0\/svg\/1f4a5.svg\" alt=\"\ud83d\udca5\" \/>\u00a0Th\u00f4ng tin b\u1ea3o h\u00e0nh<br \/>\n<img class=\"emoji\" role=\"img\" src=\"https:\/\/s.w.org\/images\/core\/emoji\/13.1.0\/svg\/2714.svg\" alt=\"\u2714\" \/>\u00a0Th\u1eddi gian b\u1ea3o h\u00e0nh: 12 th\u00e1ng<br \/>\n<img class=\"emoji\" role=\"img\" src=\"https:\/\/s.w.org\/images\/core\/emoji\/13.1.0\/svg\/2714.svg\" alt=\"\u2714\" \/>\u00a0H\u00ecnh th\u1ee9c b\u1ea3o h\u00e0nh: 1 \u0111\u1ed5i 1<\/p>\n<div dir=\"auto\"><img class=\"emoji\" role=\"img\" src=\"https:\/\/s.w.org\/images\/core\/emoji\/13.1.0\/svg\/1f4a5.svg\" alt=\"\ud83d\udca5\" \/>\u00a0G\u1ea5u shop \u2013 chuy\u00ean ph\u1ee5 ki\u1ec7n \u0111i\u1ec7n tho\u1ea1i, \u0111\u1ed3 c\u00f4ng ngh\u1ec7 h\u00e0ng ch\u00ednh h\u00e3ng.<\/div>\n<div dir=\"auto\">--> Hotline: 0797 180 750 (zalo) \u2013 033 95 333 75<\/div>\n<div dir=\"auto\">\u0110C: 213\/3\/1B L\u00ea H\u1ed3ng Phong, Ph\u01b0\u1eddng 8, Tp. V\u0169ng T\u00e0u, BRVT<\/div>\n","protected":false},"excerpt":{"rendered":"<p>Loa Bluetooth LED RGB VIVAN VS6 C\u00f4ng Su\u1ea5t 5W &#8211; Ch\u1ed1ng N\u01b0\u1edbc IPX5 &#8211; Pin 1800mAh nghe nh\u1ea1c li\u00ean t\u1ee5c 8 gi\u1edd \ud83d\udca5 Th\u00f4ng tin s\u1ea3n ph\u1ea9m &#8211; Loa Bluetooth LED RGB VIVAN VS6 ch\u00ednh h\u00e3ng &#8211; Model: VS6 &#8211; Bluetooth: bluetooth 5.0 &#8211; Ph\u1ea1m vi k\u1ebft n\u1ed1i: 10m &#8211; C\u00f4ng su\u1ea5t: 5W &#8211; Th\u1eddi<\/p>\n","protected":false},"featured_media":523,"template":"","meta":{"om_disable_all_campaigns":false,"_monsterinsights_skip_tracking":false,"_monsterinsights_sitenote_active":false,"_monsterinsights_sitenote_note":"","_monsterinsights_sitenote_category":0},"product_cat":[28],"product_tag":[],"_links":{"self":[{"href":"https:\/\/phukienvungtau68.com\/index.php\/wp-json\/wp\/v2\/product\/522"}],"collection":[{"href":"https:\/\/phukienvungtau68.com\/index.php\/wp-json\/wp\/v2\/product"}],"about":[{"href":"https:\/\/phukienvungtau68.com\/index.php\/wp-json\/wp\/v2\/types\/product"}],"wp:featuredmedia":[{"embeddable":true,"href":"https:\/\/phukienvungtau68.com\/index.php\/wp-json\/wp\/v2\/media\/523"}],"wp:attachment":[{"href":"https:\/\/phukienvungtau68.com\/index.php\/wp-json\/wp\/v2\/media?parent=522"}],"wp:term":[{"taxonomy":"product_cat","embeddable":true,"href":"https:\/\/phukienvungtau68.com\/index.php\/wp-json\/wp\/v2\/product_cat?post=522"},{"taxonomy":"product_tag","embeddable":true,"href":"https:\/\/phukienvungtau68.com\/index.php\/wp-json\/wp\/v2\/product_tag?post=522"}],"curies":[{"name":"wp","href":"https:\/\/api.w.org\/{rel}","templated":true}]}}