{"id":530,"date":"2021-09-08T23:57:16","date_gmt":"2021-09-08T16:57:16","guid":{"rendered":"http:\/\/phukienvungtau68.com\/?post_type=product&#038;p=530"},"modified":"2021-09-08T23:57:16","modified_gmt":"2021-09-08T16:57:16","slug":"loa-bluetooth-mini-5-0-robot-rb100-ho-tro-the-nho-micro-sd-usb-pin-1200mah-nghe-lien-tuc-10-gio","status":"publish","type":"product","link":"https:\/\/phukienvungtau68.com\/index.php\/product\/loa-bluetooth-mini-5-0-robot-rb100-ho-tro-the-nho-micro-sd-usb-pin-1200mah-nghe-lien-tuc-10-gio\/","title":{"rendered":"Loa Bluetooth Mini 5.0 ROBOT RB100 H\u1ed7 Tr\u1ee3 Th\u1ebb Nh\u1edb&hellip;"},"content":{"rendered":"<p>Loa Bluetooth Mini 5.0 ROBOT RB100 H\u1ed7 Tr\u1ee3 Th\u1ebb Nh\u1edb Micro SD &amp; USB &#8211; Pin 1200mAh nghe li\u00ean t\u1ee5c 10 gi\u1edd.<br \/>\n\ud83d\udca5 Th\u00f4ng s\u1ed1 k\u1ef9 thu\u1eadt:<br \/>\n&#8211; Bluetooth: Bluetooth 5.0<br \/>\n&#8211; Kho\u1ea3ng c\u00e1ch l\u00e0m vi\u1ec7c: 10M<br \/>\n&#8211; C\u00f4ng su\u1ea5t \u0111\u1ea7u ra: 3W<br \/>\n&#8211; K\u00edch th\u01b0\u1edbc loa: 40mm<br \/>\n&#8211; D\u1ea3i t\u1ea7n \u0111\u00e1p \u1ee9ng: 100Hz 18KHz<br \/>\n&#8211; T\u1ef7 l\u1ec7 t\u00edn hi\u1ec7u \/ nhi\u1ec5u: \u226575dB<br \/>\n&#8211; Dung l\u01b0\u1ee3ng pin: 1200 mAh 3.7V<br \/>\n&#8211; Th\u1eddi gian ch\u01a1i: 10 gi\u1edd<br \/>\n&#8211; Th\u1eddi gian s\u1ea1c: 3 gi\u1edd<br \/>\n&#8211; Ngu\u1ed3n \u0111i\u1ec7n \u0111\u1ea7u v\u00e0o: 5V 500mA<br \/>\n&#8211; K\u00edch th\u01b0\u1edbc s\u1ea3n ph\u1ea9m: 110 x 78 x 38 mm<br \/>\n&#8211; Tr\u1ecdng l\u01b0\u1ee3ng s\u1ea3n ph\u1ea9m: 200g<br \/>\n\u2714 Loa Bluetooth 5.0 K\u1ebft N\u1ed1i Nhanh &#8211; \u00c2m Thanh \u0110\u1ec9nh RB100<br \/>\n\u2714 C\u00f4ng ngh\u1ec7 Bluetooth 5.0 t\u1ed1c \u0111\u1ed9 k\u1ebft n\u1ed1i nhanh kh\u00f4ng b\u1ecb ng\u1eaft qu\u00e3ng. So v\u1edbi Bluetooth 4.2, c\u00f4ng ngh\u1ec7 Bluetooth 5.0 k\u1ebft n\u1ed1i nhanh ch\u00f3ng, truy\u1ec1n t\u1ea3i t\u00edn hi\u1ec7u \u1ed5n \u0111\u1ecbnh, kh\u00f4ng b\u1ecb tr\u1ec5 nh\u1ecbp v\u00e0 ng\u1eaft qu\u00e3ng khi nghe nh\u1ea1c, xem phim, ch\u01a1i game<br \/>\n\u2714 True Wireless Stereo, v\u1edbi c\u00f4ng ngh\u00ea TWS \u0111i\u1ec7n tho\u1ea1i \u0111\u1ed3ng th\u1eddi c\u00f3 th\u1ec3 k\u1ebft n\u1ed1i \u0111\u1ed3ng th\u1eddi 2 loa Bluetooth TWS RB100 \u0111\u1ec3 ph\u00e1t c\u00f9ng chung 1 b\u1ea3n nh\u1ea1c, thi\u1ebft b\u1ecb t\u1ef1 x\u00e1c nh\u1eadn loa tr\u00e1i-ph\u1ea3i, cho hi\u1ec7u qu\u1ea3 \u00e2m thanh 360 \u0111\u1ed9 v\u01b0\u1ee3t tr\u1ed9i, trong t\u1eebng chi ti\u1ebft<br \/>\n\u2714 Thi\u1ebft k\u1ebf nh\u1ecf g\u1ecdn, \u00e2m bass m\u1ea1nh m\u1ebd, t\u0103ng hi\u1ec7u qu\u1ea3 \u00e2m bass 200% nh\u1edd loa 40mm k\u1ebft h\u1ee3p m\u00e0ng loa kim lo\u1ea1i. Cho RB100 ch\u1ea5t l\u01b0\u1ee3ng \u00e2m thanh tuy\u1ec7t v\u1eddi<br \/>\n\u2714 Dung l\u01b0\u1ee3ng pin l\u1edbn 1200mAh v\u00e0 c\u00f4ng ngh\u1ec7 s\u1ea1c th\u00f4ng minh, loa ch\u1ec9 c\u1ea7n 3 gi\u1edd \u0111\u1ec3 s\u1ea1c \u0111\u1ea7y nh\u01b0ng th\u1eddi gian nghe nh\u1ea1c l\u00ean \u0111\u1ebfn 10 gi\u1edd<br \/>\n\u2714 3 c\u00e1ch tr\u00ecnh ph\u00e1t nh\u1ea1c, \u0111\u00e1p \u1ee9ng nhu c\u1ea7u s\u1eed d\u1ee5ng \u0111a d\u1ea1ng: ph\u00e1t b\u1eb1ng buetooth, ph\u00e1t b\u1eb1ng th\u1ebb nh\u1edb TF, ph\u00e1t b\u1eb1ng USB<br \/>\n\u2714 Thi\u1ebft k\u1ebf nh\u1ecf g\u1ecdn, d\u1ec5 d\u00e0ng mang theo. Loa n\u1eb7ng ch\u1ec9 200g, th\u00e2n loa d\u00e0i 11cm, r\u1ed9ng 7.8cm.<\/p>\n<p><img class=\"emoji\" role=\"img\" src=\"https:\/\/s.w.org\/images\/core\/emoji\/13.1.0\/svg\/1f4a5.svg\" alt=\"\ud83d\udca5\" \/>\u00a0Cam k\u1ebft v\u1ec1 ch\u1ea5t l\u01b0\u1ee3ng v\u00e0 d\u1ecbch v\u1ee5 b\u00e1n h\u00e0ng<br \/>\n1. H\u00e0ng th\u1eadt nh\u01b0 h\u00ecnh<br \/>\n2. \u0110\u1ea7y \u0111\u1ee7 tem, th\u1ebb b\u1ea3o h\u00e0nh<br \/>\n3. S\u1ea3n ph\u1ea9m \u0111\u01b0\u1ee3c test k\u1ef9 tr\u01b0\u1edbc khi giao h\u00e0ng N\u00ean qu\u00fd kh\u00e1ch h\u00e0ng c\u00f3 th\u1ec3 y\u00ean t\u00e2m.<br \/>\n4. Shop cam k\u1ebft ch\u0103m s\u00f3c kh\u00e1ch h\u00e0ng t\u1ed1t nh\u1ea5t, h\u1eadu m\u00e3i t\u1ed1t sau mua h\u00e0ng.<br \/>\n5. Cam k\u1ebft b\u1ea3o h\u00e0nh v\u00e0 \u0111\u1ed5i m\u1edbi 1 \u0111\u1ed5i 1 n\u1ebfu c\u00f3 l\u1ed7i trong th\u1eddi gian b\u1ea3o h\u00e0nh.<br \/>\n6. \u0110\u01b0\u1ee3c Ki\u1ec3m tra h\u00e0ng k\u1ef9 khi nh\u1eadn \u0111\u00fang h\u00e0ng m\u1edbi thanh to\u00e1n.<\/p>\n<p><img class=\"emoji\" role=\"img\" src=\"https:\/\/s.w.org\/images\/core\/emoji\/13.1.0\/svg\/1f4a5.svg\" alt=\"\ud83d\udca5\" \/>\u00a0Th\u00f4ng tin b\u1ea3o h\u00e0nh<br \/>\n<img class=\"emoji\" role=\"img\" src=\"https:\/\/s.w.org\/images\/core\/emoji\/13.1.0\/svg\/2714.svg\" alt=\"\u2714\" \/>\u00a0Th\u1eddi gian b\u1ea3o h\u00e0nh: 12 th\u00e1ng<br \/>\n<img class=\"emoji\" role=\"img\" src=\"https:\/\/s.w.org\/images\/core\/emoji\/13.1.0\/svg\/2714.svg\" alt=\"\u2714\" \/>\u00a0H\u00ecnh th\u1ee9c b\u1ea3o h\u00e0nh: 1 \u0111\u1ed5i 1<\/p>\n<div dir=\"auto\"><img class=\"emoji\" role=\"img\" src=\"https:\/\/s.w.org\/images\/core\/emoji\/13.1.0\/svg\/1f4a5.svg\" alt=\"\ud83d\udca5\" \/>\u00a0G\u1ea5u shop \u2013 chuy\u00ean ph\u1ee5 ki\u1ec7n \u0111i\u1ec7n tho\u1ea1i, \u0111\u1ed3 c\u00f4ng ngh\u1ec7 h\u00e0ng ch\u00ednh h\u00e3ng.<\/div>\n<div dir=\"auto\">--> Hotline: 0797 180 750 (zalo) \u2013 033 95 333 75<\/div>\n<div dir=\"auto\">\u0110C: 213\/3\/1B L\u00ea H\u1ed3ng Phong, Ph\u01b0\u1eddng 8, Tp. V\u0169ng T\u00e0u, BRVT<\/div>\n","protected":false},"excerpt":{"rendered":"<p>Loa Bluetooth Mini 5.0 ROBOT RB100 H\u1ed7 Tr\u1ee3 Th\u1ebb Nh\u1edb Micro SD &amp; USB &#8211; Pin 1200mAh nghe li\u00ean t\u1ee5c 10 gi\u1edd. \ud83d\udca5 Th\u00f4ng s\u1ed1 k\u1ef9 thu\u1eadt: &#8211; Bluetooth: Bluetooth 5.0 &#8211; Kho\u1ea3ng c\u00e1ch l\u00e0m vi\u1ec7c: 10M &#8211; C\u00f4ng su\u1ea5t \u0111\u1ea7u ra: 3W &#8211; K\u00edch th\u01b0\u1edbc loa: 40mm &#8211; D\u1ea3i t\u1ea7n \u0111\u00e1p \u1ee9ng: 100Hz 18KHz<\/p>\n","protected":false},"featured_media":531,"template":"","meta":{"om_disable_all_campaigns":false,"_monsterinsights_skip_tracking":false,"_monsterinsights_sitenote_active":false,"_monsterinsights_sitenote_note":"","_monsterinsights_sitenote_category":0},"product_cat":[28],"product_tag":[],"_links":{"self":[{"href":"https:\/\/phukienvungtau68.com\/index.php\/wp-json\/wp\/v2\/product\/530"}],"collection":[{"href":"https:\/\/phukienvungtau68.com\/index.php\/wp-json\/wp\/v2\/product"}],"about":[{"href":"https:\/\/phukienvungtau68.com\/index.php\/wp-json\/wp\/v2\/types\/product"}],"wp:featuredmedia":[{"embeddable":true,"href":"https:\/\/phukienvungtau68.com\/index.php\/wp-json\/wp\/v2\/media\/531"}],"wp:attachment":[{"href":"https:\/\/phukienvungtau68.com\/index.php\/wp-json\/wp\/v2\/media?parent=530"}],"wp:term":[{"taxonomy":"product_cat","embeddable":true,"href":"https:\/\/phukienvungtau68.com\/index.php\/wp-json\/wp\/v2\/product_cat?post=530"},{"taxonomy":"product_tag","embeddable":true,"href":"https:\/\/phukienvungtau68.com\/index.php\/wp-json\/wp\/v2\/product_tag?post=530"}],"curies":[{"name":"wp","href":"https:\/\/api.w.org\/{rel}","templated":true}]}}