{"id":546,"date":"2021-09-09T00:11:47","date_gmt":"2021-09-08T17:11:47","guid":{"rendered":"http:\/\/phukienvungtau68.com\/?post_type=product&#038;p=546"},"modified":"2021-09-09T00:11:47","modified_gmt":"2021-09-08T17:11:47","slug":"day-sac-nhanh-vivan-tu-ngat-khi-sac-day-vzl100-2-4a-vzc100-3a-dai-100cm-co-den-bao-sac","status":"publish","type":"product","link":"https:\/\/phukienvungtau68.com\/index.php\/product\/day-sac-nhanh-vivan-tu-ngat-khi-sac-day-vzl100-2-4a-vzc100-3a-dai-100cm-co-den-bao-sac\/","title":{"rendered":"D\u00e2y S\u1ea1c Nhanh VIVAN t\u1ef1 ng\u1eaft khi s\u1ea1c \u0111\u1ea7y VZL100&hellip;"},"content":{"rendered":"<p>D\u00e2y S\u1ea1c Nhanh VIVAN t\u1ef1 ng\u1eaft khi s\u1ea1c \u0111\u1ea7y VZL100 2.4A\/VZC100 3A d\u00e0i 100cm c\u00f3 \u0111\u00e8n B\u00e1o S\u1ea1c<\/p>\n<p>\ud83d\udca5 Th\u00f4ng tin s\u1ea3n ph\u1ea9m<br \/>\n\u2714 Th\u01b0\u01a1ng hi\u1ec7u: VIVAN<br \/>\n\u2714 T\u1ef1 \u0111\u1ed9ng ng\u1eaft \u0111i\u1ec7n khi s\u1ea1c \u0111\u1ea7y, an to\u00e0n khi s\u1ea1c qua \u0111\u00eam<br \/>\n\u2714 Chip \u0111i\u1ec7n t\u1eed th\u00f4ng minh, t\u1ef1 \u0111\u1ed9ng \u0111i\u1ec1u ch\u1ec9nh \u0111i\u1ec7n \u00e1p ph\u00f9 h\u1ee3p, \u0111\u1ea3m b\u1ea3o an to\u00e0n trong qu\u00e1 tr\u00ecnh s\u1ea1c<br \/>\n\u2714S\u1ea1c \u1edf \u0111i\u1ec7n \u00e1p th\u1ea5p khi dung l\u01b0\u1ee3ng pin cao v\u00e0 s\u1ea1c \u1edf \u0111i\u1ec7n \u00e1p cao khi dung l\u01b0\u1ee3ng pin th\u1ea5p<br \/>\n\u2714C\u00f3 \u0111\u00e8n b\u00e1o nh\u1ea5p nh\u00e1y khi c\u1eafm s\u1ea1c v\u00e0 s\u00e1ng li\u00ean t\u1ee5c trong 30 ph\u00fat khi s\u1ea1c \u0111\u1ea7y<br \/>\n\u2714H\u1ed7 tr\u1ee3 s\u1ea1c nhanh 2.4A v\u00e0 truy\u1ec1n d\u1eef li\u1ec7u \u1ed5n \u0111\u1ecbnh<br \/>\n\u2714T\u01b0\u01a1ng th\u00edch v\u1edbi iPhone iPad c\u1ed5ng Lightning<br \/>\nChi\u1ec1u d\u00e0i c\u00e1p 1 m\u00e9t<br \/>\n\u2714Th\u00e2n c\u00e1p b\u1ecdc d\u00f9 b\u1ec1n b\u1ec9 v\u00e0 ch\u1ed1ng \u0111\u1ee9t g\u00e3y tu\u1ed5i th\u1ecd l\u00e2u<br \/>\n\u2714S\u1ea3n ph\u1ea9m k\u00e8m v\u00f2ng qu\u1ea5n d\u00e2y v\u00f4 c\u00f9ng ti\u1ec7n l\u1ee3i<\/p>\n<p><img class=\"emoji\" role=\"img\" src=\"https:\/\/s.w.org\/images\/core\/emoji\/13.1.0\/svg\/1f4a5.svg\" alt=\"\ud83d\udca5\" \/>\u00a0Cam k\u1ebft v\u1ec1 ch\u1ea5t l\u01b0\u1ee3ng v\u00e0 d\u1ecbch v\u1ee5 b\u00e1n h\u00e0ng<br \/>\n1. H\u00e0ng th\u1eadt nh\u01b0 h\u00ecnh<br \/>\n2. \u0110\u1ea7y \u0111\u1ee7 tem, th\u1ebb b\u1ea3o h\u00e0nh<br \/>\n3. S\u1ea3n ph\u1ea9m \u0111\u01b0\u1ee3c test k\u1ef9 tr\u01b0\u1edbc khi giao h\u00e0ng N\u00ean qu\u00fd kh\u00e1ch h\u00e0ng c\u00f3 th\u1ec3 y\u00ean t\u00e2m.<br \/>\n4. Shop cam k\u1ebft ch\u0103m s\u00f3c kh\u00e1ch h\u00e0ng t\u1ed1t nh\u1ea5t, h\u1eadu m\u00e3i t\u1ed1t sau mua h\u00e0ng.<br \/>\n5. Cam k\u1ebft b\u1ea3o h\u00e0nh v\u00e0 \u0111\u1ed5i m\u1edbi 1 \u0111\u1ed5i 1 n\u1ebfu c\u00f3 l\u1ed7i trong th\u1eddi gian b\u1ea3o h\u00e0nh.<br \/>\n6. \u0110\u01b0\u1ee3c Ki\u1ec3m tra h\u00e0ng k\u1ef9 khi nh\u1eadn \u0111\u00fang h\u00e0ng m\u1edbi thanh to\u00e1n.<\/p>\n<p><img class=\"emoji\" role=\"img\" src=\"https:\/\/s.w.org\/images\/core\/emoji\/13.1.0\/svg\/1f4a5.svg\" alt=\"\ud83d\udca5\" \/>\u00a0Th\u00f4ng tin b\u1ea3o h\u00e0nh<br \/>\n<img class=\"emoji\" role=\"img\" src=\"https:\/\/s.w.org\/images\/core\/emoji\/13.1.0\/svg\/2714.svg\" alt=\"\u2714\" \/>\u00a0Th\u1eddi gian b\u1ea3o h\u00e0nh: 12 th\u00e1ng<br \/>\n<img class=\"emoji\" role=\"img\" src=\"https:\/\/s.w.org\/images\/core\/emoji\/13.1.0\/svg\/2714.svg\" alt=\"\u2714\" \/>\u00a0H\u00ecnh th\u1ee9c b\u1ea3o h\u00e0nh: 1 \u0111\u1ed5i 1<\/p>\n<div dir=\"auto\"><img class=\"emoji\" role=\"img\" src=\"https:\/\/s.w.org\/images\/core\/emoji\/13.1.0\/svg\/1f4a5.svg\" alt=\"\ud83d\udca5\" \/>\u00a0G\u1ea5u shop \u2013 chuy\u00ean ph\u1ee5 ki\u1ec7n \u0111i\u1ec7n tho\u1ea1i, \u0111\u1ed3 c\u00f4ng ngh\u1ec7 h\u00e0ng ch\u00ednh h\u00e3ng.<\/div>\n<div dir=\"auto\">--> Hotline: 0797 180 750 (zalo) \u2013 033 95 333 75<\/div>\n<div dir=\"auto\">\u0110C: 213\/3\/1B L\u00ea H\u1ed3ng Phong, Ph\u01b0\u1eddng 8, Tp. V\u0169ng T\u00e0u, BRVT<\/div>\n","protected":false},"excerpt":{"rendered":"<p>D\u00e2y S\u1ea1c Nhanh VIVAN t\u1ef1 ng\u1eaft khi s\u1ea1c \u0111\u1ea7y VZL100 2.4A\/VZC100 3A d\u00e0i 100cm c\u00f3 \u0111\u00e8n B\u00e1o S\u1ea1c \ud83d\udca5 Th\u00f4ng tin s\u1ea3n ph\u1ea9m \u2714 Th\u01b0\u01a1ng hi\u1ec7u: VIVAN \u2714 T\u1ef1 \u0111\u1ed9ng ng\u1eaft \u0111i\u1ec7n khi s\u1ea1c \u0111\u1ea7y, an to\u00e0n khi s\u1ea1c qua \u0111\u00eam \u2714 Chip \u0111i\u1ec7n t\u1eed th\u00f4ng minh, t\u1ef1 \u0111\u1ed9ng \u0111i\u1ec1u ch\u1ec9nh \u0111i\u1ec7n \u00e1p ph\u00f9 h\u1ee3p,<\/p>\n","protected":false},"featured_media":547,"template":"","meta":{"om_disable_all_campaigns":false,"_monsterinsights_skip_tracking":false,"_monsterinsights_sitenote_active":false,"_monsterinsights_sitenote_note":"","_monsterinsights_sitenote_category":0},"product_cat":[31],"product_tag":[],"_links":{"self":[{"href":"https:\/\/phukienvungtau68.com\/index.php\/wp-json\/wp\/v2\/product\/546"}],"collection":[{"href":"https:\/\/phukienvungtau68.com\/index.php\/wp-json\/wp\/v2\/product"}],"about":[{"href":"https:\/\/phukienvungtau68.com\/index.php\/wp-json\/wp\/v2\/types\/product"}],"wp:featuredmedia":[{"embeddable":true,"href":"https:\/\/phukienvungtau68.com\/index.php\/wp-json\/wp\/v2\/media\/547"}],"wp:attachment":[{"href":"https:\/\/phukienvungtau68.com\/index.php\/wp-json\/wp\/v2\/media?parent=546"}],"wp:term":[{"taxonomy":"product_cat","embeddable":true,"href":"https:\/\/phukienvungtau68.com\/index.php\/wp-json\/wp\/v2\/product_cat?post=546"},{"taxonomy":"product_tag","embeddable":true,"href":"https:\/\/phukienvungtau68.com\/index.php\/wp-json\/wp\/v2\/product_tag?post=546"}],"curies":[{"name":"wp","href":"https:\/\/api.w.org\/{rel}","templated":true}]}}