{"id":563,"date":"2021-09-09T00:37:09","date_gmt":"2021-09-08T17:37:09","guid":{"rendered":"http:\/\/phukienvungtau68.com\/?post_type=product&#038;p=563"},"modified":"2024-05-01T23:11:50","modified_gmt":"2024-05-01T16:11:50","slug":"day-sac-iphone-chuan-zin-fullbox-dong-hop-nguyen-seal-xanh-phu-hop-cho-iphone-5-den-xsm","status":"publish","type":"product","link":"https:\/\/phukienvungtau68.com\/index.php\/product\/day-sac-iphone-chuan-zin-fullbox-dong-hop-nguyen-seal-xanh-phu-hop-cho-iphone-5-den-xsm\/","title":{"rendered":"D\u00e2y s\u1ea1c Iphone Chu\u1ea9n Zin fullbox \u0111\u00f3ng h\u1ed9p nguy\u00ean seal&hellip;"},"content":{"rendered":"<p>D\u00e2y s\u1ea1c Iphone Chu\u1ea9n Zin fullbox \u0111\u00f3ng h\u1ed9p nguy\u00ean seal Xanh ph\u00f9 h\u1ee3p cho iphone 5 \u0111\u1ebfn XSM.<br \/>\n<img class=\"emoji\" role=\"img\" src=\"https:\/\/s.w.org\/images\/core\/emoji\/13.1.0\/svg\/1f4a5.svg\" alt=\"\ud83d\udca5\" \/>\u00a0Th\u00f4ng tin s\u1ea3n ph\u1ea9m<br \/>\n<img class=\"emoji\" role=\"img\" src=\"https:\/\/s.w.org\/images\/core\/emoji\/13.1.0\/svg\/2747.svg\" alt=\"\u2747\ufe0f\" \/> D\u00e2y s\u1ea1c s\u1ea3n xu\u1ea5t theo ti\u00eau chu\u1ea9n zin c\u1ee7a iphone.<br \/>\n<img class=\"emoji\" role=\"img\" src=\"https:\/\/s.w.org\/images\/core\/emoji\/13.1.0\/svg\/2747.svg\" alt=\"\u2747\ufe0f\" \/> Thi\u1ebft b\u1ecb t\u01b0\u01a1ng th\u00edch: C\u00e1c D\u00f2ng iphone 5\/6\/7\/8\/X\/XSM, c\u00e1c d\u00f2ng ipad, tai nghe airpods v\u00e0 c\u00e1c thi\u1ebft b\u1ecb \u0111i\u1ec7n t\u1eeb kh\u00e1c c\u00f3 jack c\u1eafm s\u1ea1c lightning.<br \/>\n<img class=\"emoji\" role=\"img\" src=\"https:\/\/s.w.org\/images\/core\/emoji\/13.1.0\/svg\/2747.svg\" alt=\"\u2747\ufe0f\" \/>\u00a0N\u1ebfu anh ch\u1ecb \u0111ang d\u00f9ng iphone 11, 12 th\u00ec n\u00ean \u01b0u ti\u00ean mua d\u00e2y s\u1ea1c nhanh 18W ho\u1eb7c 20W s\u1ebd s\u1ea1c nhanh h\u01a1n.<br \/>\n<img class=\"emoji\" role=\"img\" src=\"https:\/\/s.w.org\/images\/core\/emoji\/13.1.0\/svg\/2747.svg\" alt=\"\u2747\ufe0f\" \/>\u00a0D\u00f2ng \u0111i\u1ec7n ra 5V \u2013 1A<br \/>\n<img class=\"emoji\" role=\"img\" src=\"https:\/\/s.w.org\/images\/core\/emoji\/13.1.0\/svg\/2747.svg\" alt=\"\u2747\ufe0f\" \/>\u00a0D\u00e2y d\u00e0i 1m, m\u00e0u tr\u1eafng.<br \/>\n<img class=\"emoji\" role=\"img\" src=\"https:\/\/s.w.org\/images\/core\/emoji\/13.1.0\/svg\/2747.svg\" alt=\"\u2747\ufe0f\" \/>\u00a0S\u1ea1c Kh\u00f4ng g\u00e2y lo\u1ea1n c\u1ea3m \u1ee9ng, Kh\u00f4ng l\u00e0m ch\u1eadm th\u1eddi gian s\u1ea1c pin.<br \/>\n<img class=\"emoji\" role=\"img\" src=\"https:\/\/s.w.org\/images\/core\/emoji\/13.1.0\/svg\/2747.svg\" alt=\"\u2747\ufe0f\" \/>\u00a0D\u00e2y s\u1ea1c an to\u00e0n ch\u1ed1ng ch\u00e1y n\u1ed5.<\/p>\n<p><img class=\"emoji\" role=\"img\" src=\"https:\/\/s.w.org\/images\/core\/emoji\/13.1.0\/svg\/1f4a5.svg\" alt=\"\ud83d\udca5\" \/>\u00a0Cam k\u1ebft v\u1ec1 ch\u1ea5t l\u01b0\u1ee3ng v\u00e0 d\u1ecbch v\u1ee5 b\u00e1n h\u00e0ng<br \/>\n1. H\u00e0ng th\u1eadt nh\u01b0 h\u00ecnh<br \/>\n2. \u0110\u1ea7y \u0111\u1ee7 tem, th\u1ebb b\u1ea3o h\u00e0nh<br \/>\n3. S\u1ea3n ph\u1ea9m \u0111\u01b0\u1ee3c test k\u1ef9 tr\u01b0\u1edbc khi giao h\u00e0ng N\u00ean qu\u00fd kh\u00e1ch h\u00e0ng c\u00f3 th\u1ec3 y\u00ean t\u00e2m.<br \/>\n4. Shop cam k\u1ebft ch\u0103m s\u00f3c kh\u00e1ch h\u00e0ng t\u1ed1t nh\u1ea5t, h\u1eadu m\u00e3i t\u1ed1t sau mua h\u00e0ng.<br \/>\n5. Cam k\u1ebft b\u1ea3o h\u00e0nh v\u00e0 \u0111\u1ed5i m\u1edbi 1 \u0111\u1ed5i 1 n\u1ebfu c\u00f3 l\u1ed7i trong th\u1eddi gian b\u1ea3o h\u00e0nh.<br \/>\n6. \u0110\u01b0\u1ee3c Ki\u1ec3m tra h\u00e0ng k\u1ef9 khi nh\u1eadn \u0111\u00fang h\u00e0ng m\u1edbi thanh to\u00e1n.<\/p>\n<p><img class=\"emoji\" role=\"img\" src=\"https:\/\/s.w.org\/images\/core\/emoji\/13.1.0\/svg\/1f4a5.svg\" alt=\"\ud83d\udca5\" \/>\u00a0Th\u00f4ng tin b\u1ea3o h\u00e0nh<br \/>\n<img class=\"emoji\" role=\"img\" src=\"https:\/\/s.w.org\/images\/core\/emoji\/13.1.0\/svg\/2714.svg\" alt=\"\u2714\" \/>\u00a0Th\u1eddi gian b\u1ea3o h\u00e0nh: 6 th\u00e1ng<br \/>\n<img class=\"emoji\" role=\"img\" src=\"https:\/\/s.w.org\/images\/core\/emoji\/13.1.0\/svg\/2714.svg\" alt=\"\u2714\" \/>\u00a0H\u00ecnh th\u1ee9c b\u1ea3o h\u00e0nh: 1 \u0111\u1ed5i 1<\/p>\n<div dir=\"auto\"><img class=\"emoji\" role=\"img\" src=\"https:\/\/s.w.org\/images\/core\/emoji\/13.1.0\/svg\/1f4a5.svg\" alt=\"\ud83d\udca5\" \/>\u00a0G\u1ea5u shop \u2013 chuy\u00ean ph\u1ee5 ki\u1ec7n \u0111i\u1ec7n tho\u1ea1i, \u0111\u1ed3 c\u00f4ng ngh\u1ec7 h\u00e0ng ch\u00ednh h\u00e3ng.<\/div>\n<div dir=\"auto\">--> Hotline: 0797 180 750 (zalo) \u2013 033 95 333 75<\/div>\n<div dir=\"auto\">\u0110C: 213\/3\/1B L\u00ea H\u1ed3ng Phong, Ph\u01b0\u1eddng 8, Tp. V\u0169ng T\u00e0u, BRVT<\/div>\n","protected":false},"excerpt":{"rendered":"<p>D\u00e2y s\u1ea1c Iphone Chu\u1ea9n Zin fullbox \u0111\u00f3ng h\u1ed9p nguy\u00ean seal Xanh ph\u00f9 h\u1ee3p cho iphone 5 \u0111\u1ebfn XSM. \u00a0Th\u00f4ng tin s\u1ea3n ph\u1ea9m D\u00e2y s\u1ea1c s\u1ea3n xu\u1ea5t theo ti\u00eau chu\u1ea9n zin c\u1ee7a iphone. Thi\u1ebft b\u1ecb t\u01b0\u01a1ng th\u00edch: C\u00e1c D\u00f2ng iphone 5\/6\/7\/8\/X\/XSM, c\u00e1c d\u00f2ng ipad, tai nghe airpods v\u00e0 c\u00e1c thi\u1ebft b\u1ecb \u0111i\u1ec7n t\u1eeb kh\u00e1c c\u00f3 jack<\/p>\n","protected":false},"featured_media":569,"template":"","meta":{"om_disable_all_campaigns":false,"_monsterinsights_skip_tracking":false,"_monsterinsights_sitenote_active":false,"_monsterinsights_sitenote_note":"","_monsterinsights_sitenote_category":0},"product_cat":[31,34],"product_tag":[],"_links":{"self":[{"href":"https:\/\/phukienvungtau68.com\/index.php\/wp-json\/wp\/v2\/product\/563"}],"collection":[{"href":"https:\/\/phukienvungtau68.com\/index.php\/wp-json\/wp\/v2\/product"}],"about":[{"href":"https:\/\/phukienvungtau68.com\/index.php\/wp-json\/wp\/v2\/types\/product"}],"wp:featuredmedia":[{"embeddable":true,"href":"https:\/\/phukienvungtau68.com\/index.php\/wp-json\/wp\/v2\/media\/569"}],"wp:attachment":[{"href":"https:\/\/phukienvungtau68.com\/index.php\/wp-json\/wp\/v2\/media?parent=563"}],"wp:term":[{"taxonomy":"product_cat","embeddable":true,"href":"https:\/\/phukienvungtau68.com\/index.php\/wp-json\/wp\/v2\/product_cat?post=563"},{"taxonomy":"product_tag","embeddable":true,"href":"https:\/\/phukienvungtau68.com\/index.php\/wp-json\/wp\/v2\/product_tag?post=563"}],"curies":[{"name":"wp","href":"https:\/\/api.w.org\/{rel}","templated":true}]}}