{"id":585,"date":"2021-10-01T23:03:11","date_gmt":"2021-10-01T16:03:11","guid":{"rendered":"http:\/\/phukienvungtau68.com\/?post_type=product&#038;p=585"},"modified":"2024-05-01T23:11:15","modified_gmt":"2024-05-01T16:11:15","slug":"cap-sac-nhanh-vivan-kcl100s-type-c-to-lighting-100cm-chuan-sac-nhanh-pd-20w-day-chong-gay-hang-chinh-hang","status":"publish","type":"product","link":"https:\/\/phukienvungtau68.com\/index.php\/product\/cap-sac-nhanh-vivan-kcl100s-type-c-to-lighting-100cm-chuan-sac-nhanh-pd-20w-day-chong-gay-hang-chinh-hang\/","title":{"rendered":"C\u00e1p S\u1ea1c Nhanh VIVAN KCL100S Type-C to Lighting 100cm Chu\u1ea9n&hellip;"},"content":{"rendered":"<p>C\u00e1p S\u1ea1c Nhanh VIVAN KCL100S Type-C to Lighting 100cm Chu\u1ea9n S\u1ea1c Nhanh PD 20W D\u00e2y Ch\u1ed1ng G\u00e3y h\u00e0ng ch\u00ednh h\u00e3ng.<\/p>\n<p>\ud83d\udca5 Th\u00f4ng tin s\u1ea3n ph\u1ea9m<br \/>\n\u2714 Ch\u1ea5t li\u1ec7u TPE m\u1ec1m m\u1ea1i ch\u1ed1ng r\u1ed1i<br \/>\n\u2714 Ch\u1ecbu b\u1ebb g\u1eadp \u0111\u1ebfn 10.000 l\u1ea7n<\/p>\n<p>\u25fc T\u00ednh n\u0103ng:<br \/>\n\u2714 Chu\u1ea9n s\u1ea1c nhanh PD, c\u00f3 th\u1ec3 s\u1ea1c nhanh c\u00f4ng su\u1ea5t l\u1edbn 20W cho c\u00e1c d\u00f2ng Iphone v\u00e0 c\u00f3 th\u1ec3 s\u1ea1c \u0111\u1ebfn 60% pin Iphone 11,12 trong v\u00f2ng 30 ph\u00fat.<br \/>\n\u2714 S\u1ea1c v\u00e0 truy\u1ec1n d\u1eef li\u1ec7u 2 trong 1: h\u1ed7 tr\u1ee3 c\u00f9ng l\u00fac s\u1ea1c nhanh PD v\u00e0 truy\u1ec1n d\u1eef li\u1ec7u, truy\u1ec1n d\u1eef li\u1ec7u nhanh ch\u00f3ng, \u1ed5n \u0111\u1ecbnh, ti\u1ebft ki\u1ec7m th\u1eddi gian.<br \/>\n\u2714 T\u01b0\u01a1ng th\u00edch v\u1edbi c\u00e1c d\u00f2ng s\u1ea3n s\u1ea3n ph\u1ea9m Iphone<br \/>\n\u2714 S\u1ea3n ph\u1ea9m k\u00e8m v\u00f2ng qu\u1ea5n gi\u00fap ng\u01b0\u1eddi d\u00f9ng cu\u1ed9n l\u1ea1i d\u1ec5 d\u00e0ng sau khi s\u1eed d\u1ee5ng, thu\u1eadn ti\u1ec7n c\u1ea5t gi\u1eef v\u00e0 mang theo.<\/p>\n<p>\ud83d\udca5 Th\u00f4ng tin b\u1ea3o h\u00e0nh<br \/>\n\u2714 Th\u1eddi gian b\u1ea3o h\u00e0nh: 6 th\u00e1ng<br \/>\n\u2714 H\u00ecnh th\u1ee9c b\u1ea3o h\u00e0nh: 1 \u0111\u1ed5i 1<\/p>\n<p>\ud83d\udca5 G\u1ea5u shop &#8211; chuy\u00ean ph\u1ee5 ki\u1ec7n \u0111i\u1ec7n tho\u1ea1i, \u0111\u1ed3 c\u00f4ng ngh\u1ec7 h\u00e0ng ch\u00ednh h\u00e3ng.<br \/>\n\u2705 Ship code to\u00e0n qu\u1ed1c &#8211; ki\u1ec3m tra h\u00e0ng thanh to\u00e1n.<br \/>\n\u2705 Chuy\u00ean c\u1ee7 s\u1ea1c, d\u00e2y s\u1ea1c h\u00e0ng ch\u00ednh h\u00e3ng &#8211; B\u1ea3o h\u00e0nh 12 th\u00e1ng<br \/>\n\u2705 S\u1ea1c d\u1ef1 ph\u00f2ng 10.000 &#8211; 20.000 Mah ch\u00ednh h\u00e3ng &#8211; BH 12 th\u00e1ng.<br \/>\n\u2705 Loa Bluetooth h\u00e0ng ch\u00ednh h\u00e3ng &#8211; BH 12 th\u00e1ng<br \/>\n\u2705 Tai nghe Bluetooth airpods, inpods 12, Hoco b\u1ea3o h\u00e0nh 3 &#8211; 12 th\u00e1ng.<br \/>\n\u2705 \u1ed0p l\u01b0ng \u0111i\u1ec7n tho\u1ea1i, \u1ed1p tai nghe airpods<br \/>\n--> Hotline: 0797 180 750 (zalo) &#8211; 033 95 333 75<br \/>\n\u0110C: 213\/3\/1B L\u00ea H\u1ed3ng Phong, Ph\u01b0\u1eddng 8, Tp. V\u0169ng T\u00e0u, BRVT<\/p>\n","protected":false},"excerpt":{"rendered":"<p>C\u00e1p S\u1ea1c Nhanh VIVAN KCL100S Type-C to Lighting 100cm Chu\u1ea9n S\u1ea1c Nhanh PD 20W D\u00e2y Ch\u1ed1ng G\u00e3y h\u00e0ng ch\u00ednh h\u00e3ng. \ud83d\udca5 Th\u00f4ng tin s\u1ea3n ph\u1ea9m \u2714 Ch\u1ea5t li\u1ec7u TPE m\u1ec1m m\u1ea1i ch\u1ed1ng r\u1ed1i \u2714 Ch\u1ecbu b\u1ebb g\u1eadp \u0111\u1ebfn 10.000 l\u1ea7n \u25fc T\u00ednh n\u0103ng: \u2714 Chu\u1ea9n s\u1ea1c nhanh PD, c\u00f3 th\u1ec3 s\u1ea1c nhanh c\u00f4ng su\u1ea5t l\u1edbn<\/p>\n","protected":false},"featured_media":586,"template":"","meta":{"om_disable_all_campaigns":false,"_monsterinsights_skip_tracking":false,"_monsterinsights_sitenote_active":false,"_monsterinsights_sitenote_note":"","_monsterinsights_sitenote_category":0},"product_cat":[31,34],"product_tag":[],"_links":{"self":[{"href":"https:\/\/phukienvungtau68.com\/index.php\/wp-json\/wp\/v2\/product\/585"}],"collection":[{"href":"https:\/\/phukienvungtau68.com\/index.php\/wp-json\/wp\/v2\/product"}],"about":[{"href":"https:\/\/phukienvungtau68.com\/index.php\/wp-json\/wp\/v2\/types\/product"}],"wp:featuredmedia":[{"embeddable":true,"href":"https:\/\/phukienvungtau68.com\/index.php\/wp-json\/wp\/v2\/media\/586"}],"wp:attachment":[{"href":"https:\/\/phukienvungtau68.com\/index.php\/wp-json\/wp\/v2\/media?parent=585"}],"wp:term":[{"taxonomy":"product_cat","embeddable":true,"href":"https:\/\/phukienvungtau68.com\/index.php\/wp-json\/wp\/v2\/product_cat?post=585"},{"taxonomy":"product_tag","embeddable":true,"href":"https:\/\/phukienvungtau68.com\/index.php\/wp-json\/wp\/v2\/product_tag?post=585"}],"curies":[{"name":"wp","href":"https:\/\/api.w.org\/{rel}","templated":true}]}}