{"id":594,"date":"2021-10-01T23:12:55","date_gmt":"2021-10-01T16:12:55","guid":{"rendered":"http:\/\/phukienvungtau68.com\/?post_type=product&#038;p=594"},"modified":"2021-10-01T23:12:55","modified_gmt":"2021-10-01T16:12:55","slug":"loa-may-tinh-robot-rs200-hieu-ung-den-led-am-thanh-hd-chat-luong-cao","status":"publish","type":"product","link":"https:\/\/phukienvungtau68.com\/index.php\/product\/loa-may-tinh-robot-rs200-hieu-ung-den-led-am-thanh-hd-chat-luong-cao\/","title":{"rendered":"Loa M\u00e1y T\u00ednh ROBOT RS200 Hi\u1ec7u \u1ee8ng \u0110\u00e8n LED &#8211;&hellip;"},"content":{"rendered":"<p>Loa M\u00e1y T\u00ednh ROBOT RS200 Hi\u1ec7u \u1ee8ng \u0110\u00e8n LED &#8211; \u00c2m Thanh HD Ch\u1ea5t L\u01b0\u1ee3ng Cao &#8211; B\u1ea3o h\u00e0nh 12 th\u00e1ng<\/p>\n<p>\ud83d\udca5 Th\u00f4ng tin s\u1ea3n ph\u1ea9m<br \/>\nTh\u01b0\u01a1ng hi\u1ec7u ROBOT<br \/>\n\ud83d\udfe1Loa Gaming thi\u1ebft k\u1ebf cho game th\u1ee7<br \/>\n\ud83d\udfe1Hi\u1ec7u \u1ee9ng \u0111\u00e8n LED RGB<br \/>\n\ud83d\udfe1Ch\u1ea5t \u00e2m Gaming chi ti\u1ebft nh\u01b0 th\u1eadt<br \/>\n\ud83d\udfe1\u0110i\u1ec1u khi\u1ec3n n\u00fam xoay<br \/>\n\ud83d\udfe1C\u00f3 n\u00fat xoay \u0111i\u1ec1u khi\u1ec3n \u00e2m l\u01b0\u1ee3ng<br \/>\n\ud83d\udfe1Driver k\u00edch th\u01b0\u1edbc l\u1edbn<br \/>\n\ud83d\udfe1C\u1ed5ng k\u1ebft n\u1ed1i AUX<br \/>\n\u00c2m thanh s\u1eafc s\u1ea3o c\u00f4ng su\u1ea5t 6W cho hi\u1ec7u qu\u1ea3 v\u01b0\u1ee3t tr\u1ed9i<br \/>\nDriver k\u00edch th\u01b0\u1edbc l\u1edbn 52mm mang \u0111\u1ebfn \u00e2m thanh m\u1ea1nh m\u1ebd \u0111\u1ea7y uy l\u1ef1c<br \/>\nLoa k\u1ebft n\u1ed1i v\u1edbi c\u00e1c thi\u1ebft b\u1ecb ph\u00e1t nh\u1ea1c b\u1eb1ng c\u1ed5ng AUX 3.5mm, s\u1eed d\u1ee5ng ngu\u1ed3n \u0111i\u1ec7n qua c\u1ed5ng USB t\u1eeb m\u00e1y t\u00ednh, adapter s\u1ea1c<\/p>\n<p>\ud83d\udca5 Cam k\u1ebft ch\u1ea5t l\u01b0\u1ee3ng v\u00e0 d\u1ecbch v\u1ee5 b\u00e1n h\u00e0ng<br \/>\n1. H\u00e0ng th\u1eadt nh\u01b0 h\u00ecnh<br \/>\n2. \u0110\u1ea7y \u0111\u1ee7 tem, th\u1ebb b\u1ea3o h\u00e0nh<br \/>\n3. S\u1ea3n ph\u1ea9m \u0111\u01b0\u1ee3c test k\u1ef9 tr\u01b0\u1edbc khi giao h\u00e0ng N\u00ean qu\u00fd kh\u00e1ch h\u00e0ng c\u00f3 th\u1ec3 y\u00ean t\u00e2m.<br \/>\n4. Shop cam k\u1ebft ch\u0103m s\u00f3c kh\u00e1ch h\u00e0ng t\u1ed1t nh\u1ea5t, h\u1eadu m\u00e3i t\u1ed1t sau mua h\u00e0ng.<br \/>\n5. Cam k\u1ebft b\u1ea3o h\u00e0nh v\u00e0 \u0111\u1ed5i m\u1edbi 1 \u0111\u1ed5i 1 n\u1ebfu c\u00f3 l\u1ed7i trong th\u1eddi gian b\u1ea3o h\u00e0nh.<br \/>\n6. \u0110\u01b0\u1ee3c Ki\u1ec3m tra h\u00e0ng k\u1ef9 khi nh\u1eadn \u0111\u00fang h\u00e0ng m\u1edbi thanh to\u00e1n.<\/p>\n<p>\ud83d\udca5 Th\u00f4ng tin b\u1ea3o h\u00e0nh<br \/>\n\u2714 Th\u1eddi gian b\u1ea3o h\u00e0nh:12 th\u00e1ng<br \/>\n\u2714 H\u00ecnh th\u1ee9c b\u1ea3o h\u00e0nh: 1 \u0111\u1ed5i 1<\/p>\n<p>\ud83d\udca5 G\u1ea5u shop &#8211; chuy\u00ean ph\u1ee5 ki\u1ec7n \u0111i\u1ec7n tho\u1ea1i, \u0111\u1ed3 c\u00f4ng ngh\u1ec7 h\u00e0ng ch\u00ednh h\u00e3ng.<br \/>\n\u2705 Ship code to\u00e0n qu\u1ed1c &#8211; ki\u1ec3m tra h\u00e0ng thanh to\u00e1n.<br \/>\n\u2705 Chuy\u00ean c\u1ee7 s\u1ea1c, d\u00e2y s\u1ea1c h\u00e0ng ch\u00ednh h\u00e3ng &#8211; B\u1ea3o h\u00e0nh 12 th\u00e1ng<br \/>\n\u2705 S\u1ea1c d\u1ef1 ph\u00f2ng 10.000 &#8211; 20.000 Mah ch\u00ednh h\u00e3ng &#8211; BH 12 th\u00e1ng.<br \/>\n\u2705 Loa Bluetooth h\u00e0ng ch\u00ednh h\u00e3ng &#8211; BH 12 th\u00e1ng<br \/>\n\u2705 Tai nghe Bluetooth airpods, inpods 12, Hoco b\u1ea3o h\u00e0nh 3 &#8211; 12 th\u00e1ng.<br \/>\n\u2705 \u1ed0p l\u01b0ng \u0111i\u1ec7n tho\u1ea1i, \u1ed1p tai nghe airpods<br \/>\n--> Hotline: 0797 180 750 (zalo) &#8211; 033 95 333 75<br \/>\n\u0110C: 213\/3\/1B L\u00ea H\u1ed3ng Phong, Ph\u01b0\u1eddng 8, Tp. V\u0169ng T\u00e0u, BRVT<\/p>\n","protected":false},"excerpt":{"rendered":"<p>Loa M\u00e1y T\u00ednh ROBOT RS200 Hi\u1ec7u \u1ee8ng \u0110\u00e8n LED &#8211; \u00c2m Thanh HD Ch\u1ea5t L\u01b0\u1ee3ng Cao &#8211; B\u1ea3o h\u00e0nh 12 th\u00e1ng \ud83d\udca5 Th\u00f4ng tin s\u1ea3n ph\u1ea9m Th\u01b0\u01a1ng hi\u1ec7u ROBOT \ud83d\udfe1Loa Gaming thi\u1ebft k\u1ebf cho game th\u1ee7 \ud83d\udfe1Hi\u1ec7u \u1ee9ng \u0111\u00e8n LED RGB \ud83d\udfe1Ch\u1ea5t \u00e2m Gaming chi ti\u1ebft nh\u01b0 th\u1eadt \ud83d\udfe1\u0110i\u1ec1u khi\u1ec3n n\u00fam xoay \ud83d\udfe1C\u00f3 n\u00fat xoay<\/p>\n","protected":false},"featured_media":595,"template":"","meta":{"om_disable_all_campaigns":false,"_monsterinsights_skip_tracking":false,"_monsterinsights_sitenote_active":false,"_monsterinsights_sitenote_note":"","_monsterinsights_sitenote_category":0},"product_cat":[27],"product_tag":[],"_links":{"self":[{"href":"https:\/\/phukienvungtau68.com\/index.php\/wp-json\/wp\/v2\/product\/594"}],"collection":[{"href":"https:\/\/phukienvungtau68.com\/index.php\/wp-json\/wp\/v2\/product"}],"about":[{"href":"https:\/\/phukienvungtau68.com\/index.php\/wp-json\/wp\/v2\/types\/product"}],"wp:featuredmedia":[{"embeddable":true,"href":"https:\/\/phukienvungtau68.com\/index.php\/wp-json\/wp\/v2\/media\/595"}],"wp:attachment":[{"href":"https:\/\/phukienvungtau68.com\/index.php\/wp-json\/wp\/v2\/media?parent=594"}],"wp:term":[{"taxonomy":"product_cat","embeddable":true,"href":"https:\/\/phukienvungtau68.com\/index.php\/wp-json\/wp\/v2\/product_cat?post=594"},{"taxonomy":"product_tag","embeddable":true,"href":"https:\/\/phukienvungtau68.com\/index.php\/wp-json\/wp\/v2\/product_tag?post=594"}],"curies":[{"name":"wp","href":"https:\/\/api.w.org\/{rel}","templated":true}]}}