{"id":601,"date":"2021-10-01T23:18:03","date_gmt":"2021-10-01T16:18:03","guid":{"rendered":"http:\/\/phukienvungtau68.com\/?post_type=product&#038;p=601"},"modified":"2021-10-01T23:18:03","modified_gmt":"2021-10-01T16:18:03","slug":"pin-sac-du-phong-10-000mah-robot-rt170-2-cong-sac-vao-2-cong-ra-hang-chinh-hang","status":"publish","type":"product","link":"https:\/\/phukienvungtau68.com\/index.php\/product\/pin-sac-du-phong-10-000mah-robot-rt170-2-cong-sac-vao-2-cong-ra-hang-chinh-hang\/","title":{"rendered":"Pin S\u1ea1c D\u1ef1 Ph\u00f2ng 10.000mAh ROBOT RT170 &#8211; 2 c\u1ed5ng&hellip;"},"content":{"rendered":"<p>Pin S\u1ea1c D\u1ef1 Ph\u00f2ng 10.000mAh ROBOT RT170 &#8211; 2 c\u1ed5ng s\u1ea1c v\u00e0o &amp; 2 c\u1ed5ng ra &#8211; B\u1ea3o h\u00e0nh 12 Th\u00e1ng l\u1ed7i 1 \u0111\u1ed5i 1<\/p>\n<p>\ud83c\udf1f Th\u00f4ng tin s\u1ea3n ph\u1ea9m<br \/>\n&#8211; Dung l\u01b0\u1ee3ng pin 10 000mah<br \/>\n&#8211; C\u1ed5ng s\u1ea1c v\u00e0o: 2 c\u1ed5ng Type-C, Micro<br \/>\n&#8211; C\u1ed5ng s\u1ea1c ra: 2 c\u1ed5ng USB OUT1 5V\/1A, OUT2 5V\/2.1A<br \/>\n&#8211; Tr\u1ecdng l\u01b0\u1ee3ng: 236g<br \/>\n&#8211; M\u00e0u: \u0111en, tr\u1eafng<br \/>\n&#8211; H\u00e0ng ch\u00ednh h\u00e3ng c\u1ee7a Robot<br \/>\n&#8211; B\u1ea3o h\u00e0nh 12 th\u00e0ng<\/p>\n<p>\u2714 Thi\u1ebft k\u1ebf si\u00eau m\u1ecfng ch\u1ec9 15mm, n\u1eb7ng 236g v\u00f4 c\u00f9ng thu\u1eadn ti\u1ec7n \u0111\u1ec3 c\u1ea5t gi\u1eef v\u00e0 mang theo s\u1eed d\u1ee5ng.<br \/>\n\u2714 Dung l\u01b0\u1ee3ng 10.000mAh, v\u1edbi l\u00f5i pin ch\u1ea5t l\u01b0\u1ee3ng cao, hi\u1ec7u su\u1ea5t th\u1ef1c t\u1ebf v\u01b0\u1ee3t tr\u1ed9i h\u01a1n so v\u1edbi c\u00e1c s\u1ea3n ph\u1ea9m th\u00f4ng th\u01b0\u1eddng.<br \/>\n\u2714 RT170 S\u1ea1c \u0111\u01b0\u1ee3c kho\u1ea3ng 1.9 l\u1ea7n cho Samsung S10, 1.6 l\u1ea7n cho Redmi note 7 v\u00e0 3.6 l\u1ea7n \u0111\u1ed1i v\u1edbi iPhone 8<br \/>\n\u2714 Thi\u1ebft k\u1ebf v\u00e2n nh\u00e1m v\u1edbi ki\u1ec3u d\u00e1ng th\u1eddi trang, ch\u1ed1ng tr\u01b0\u1ee3t v\u00e0 m\u1ed3 h\u00f4i tay, c\u1ea7m gi\u1eef ch\u1eafc ch\u1eafn.<br \/>\n\u2714 S\u1ea1c \u0111\u1ea7y pin d\u1ef1 ph\u00f2ng trong kho\u1ea3ng 5.5 gi\u1edd khi s\u1eed d\u1ee5ng c\u1ee7 s\u1ea1c ngu\u1ed3n 5V\/2A<br \/>\n\u2714 8 l\u1edbp b\u1ea3o v\u1ec7 an to\u00e0n, s\u1ea1c nhanh kh\u00f4ng h\u1ecfng m\u00e1y, bao g\u1ed3m: Ch\u1ed1ng s\u1ea1c qu\u00e1 m\u1ee9c, ch\u1ed1ng ch\u1eadp, ch\u1ed1ng qu\u00e1 \u00e1p, ch\u1ed1ng qu\u00e1 d\u00f2ng, ch\u1ed1ng qu\u00e1 t\u1ea3i, ch\u1ed1ng \u0111o\u1ea3n m\u1ea1ch, ch\u1ed1ng v\u01b0\u1ee3t c\u00f4ng su\u1ea5t, ch\u1ed1ng qu\u00e1 nhi\u1ec7t.<\/p>\n<p>\ud83c\udf1f S\u1ea3n ph\u1ea9m bao g\u1ed3m<br \/>\n\u2714 1 s\u1ea1c d\u1ef1 ph\u00f2ng ROBOT RT170 10.000mAh<br \/>\n\u2714 1 d\u00e2y s\u1ea1c Micro<br \/>\n\u2714 1 s\u00e1ch h\u01b0\u1edbng d\u1eabn<br \/>\n\u2714 1 th\u1ebb b\u1ea3o h\u00e0nh.<\/p>\n<p>\ud83d\udca5 Cam k\u1ebft v\u1ec1 ch\u1ea5t l\u01b0\u1ee3ng v\u00e0 d\u1ecbch v\u1ee5 b\u00e1n h\u00e0ng<br \/>\n1. H\u00e0ng th\u1eadt nh\u01b0 h\u00ecnh<br \/>\n2. \u0110\u1ea7y \u0111\u1ee7 tem, th\u1ebb b\u1ea3o h\u00e0nh<br \/>\n3. S\u1ea3n ph\u1ea9m \u0111\u01b0\u1ee3c test k\u1ef9 tr\u01b0\u1edbc khi giao h\u00e0ng N\u00ean qu\u00fd kh\u00e1ch h\u00e0ng c\u00f3 th\u1ec3 y\u00ean t\u00e2m.<br \/>\n4. Shop cam k\u1ebft ch\u0103m s\u00f3c kh\u00e1ch h\u00e0ng t\u1ed1t nh\u1ea5t, h\u1eadu m\u00e3i t\u1ed1t sau mua h\u00e0ng.<br \/>\n5. Cam k\u1ebft b\u1ea3o h\u00e0nh v\u00e0 \u0111\u1ed5i m\u1edbi 1 \u0111\u1ed5i 1 n\u1ebfu c\u00f3 l\u1ed7i trong th\u1eddi gian b\u1ea3o h\u00e0nh.<br \/>\n6. \u0110\u01b0\u1ee3c Ki\u1ec3m tra h\u00e0ng k\u1ef9 khi nh\u1eadn \u0111\u00fang h\u00e0ng m\u1edbi thanh to\u00e1n.<\/p>\n<p>\ud83d\udca5 Th\u00f4ng tin b\u1ea3o h\u00e0nh<br \/>\n\u2714 Th\u1eddi gian b\u1ea3o h\u00e0nh: 12 th\u00e1ng<br \/>\n\u2714 H\u00ecnh th\u1ee9c b\u1ea3o h\u00e0nh: 1 \u0111\u1ed5i 1<\/p>\n<p><img class=\"emoji\" role=\"img\" src=\"https:\/\/s.w.org\/images\/core\/emoji\/13.1.0\/svg\/1f4a5.svg\" alt=\"\ud83d\udca5\" \/>\u00a0G\u1ea5u shop \u2013 chuy\u00ean ph\u1ee5 ki\u1ec7n \u0111i\u1ec7n tho\u1ea1i, \u0111\u1ed3 c\u00f4ng ngh\u1ec7 h\u00e0ng ch\u00ednh h\u00e3ng.<br \/>\n<img class=\"emoji\" role=\"img\" src=\"https:\/\/s.w.org\/images\/core\/emoji\/13.1.0\/svg\/2705.svg\" alt=\"\u2705\" \/>\u00a0Ship code to\u00e0n qu\u1ed1c \u2013 ki\u1ec3m tra h\u00e0ng thanh to\u00e1n.<br \/>\n<img class=\"emoji\" role=\"img\" src=\"https:\/\/s.w.org\/images\/core\/emoji\/13.1.0\/svg\/2705.svg\" alt=\"\u2705\" \/>\u00a0Chuy\u00ean c\u1ee7 s\u1ea1c, d\u00e2y s\u1ea1c h\u00e0ng ch\u00ednh h\u00e3ng \u2013 B\u1ea3o h\u00e0nh 12 th\u00e1ng<br \/>\n<img class=\"emoji\" role=\"img\" src=\"https:\/\/s.w.org\/images\/core\/emoji\/13.1.0\/svg\/2705.svg\" alt=\"\u2705\" \/>\u00a0S\u1ea1c d\u1ef1 ph\u00f2ng 10.000 \u2013 20.000 Mah ch\u00ednh h\u00e3ng \u2013 BH 12 th\u00e1ng.<br \/>\n<img class=\"emoji\" role=\"img\" src=\"https:\/\/s.w.org\/images\/core\/emoji\/13.1.0\/svg\/2705.svg\" alt=\"\u2705\" \/>\u00a0Loa Bluetooth h\u00e0ng ch\u00ednh h\u00e3ng \u2013 BH 12 th\u00e1ng<br \/>\n<img class=\"emoji\" role=\"img\" src=\"https:\/\/s.w.org\/images\/core\/emoji\/13.1.0\/svg\/2705.svg\" alt=\"\u2705\" \/>\u00a0Tai nghe Bluetooth airpods, inpods 12, Hoco b\u1ea3o h\u00e0nh 3 \u2013 12 th\u00e1ng.<br \/>\n<img class=\"emoji\" role=\"img\" src=\"https:\/\/s.w.org\/images\/core\/emoji\/13.1.0\/svg\/2705.svg\" alt=\"\u2705\" \/>\u00a0\u1ed0p l\u01b0ng \u0111i\u1ec7n tho\u1ea1i, \u1ed1p tai nghe airpods<br \/>\n--> Hotline: 0797 180 750 (zalo) \u2013 033 95 333 75<br \/>\n\u0110C: 213\/3\/1B L\u00ea H\u1ed3ng Phong, Ph\u01b0\u1eddng 8, Tp. V\u0169ng T\u00e0u, BRVT<\/p>\n","protected":false},"excerpt":{"rendered":"<p>Pin S\u1ea1c D\u1ef1 Ph\u00f2ng 10.000mAh ROBOT RT170 &#8211; 2 c\u1ed5ng s\u1ea1c v\u00e0o &amp; 2 c\u1ed5ng ra &#8211; B\u1ea3o h\u00e0nh 12 Th\u00e1ng l\u1ed7i 1 \u0111\u1ed5i 1 \ud83c\udf1f Th\u00f4ng tin s\u1ea3n ph\u1ea9m &#8211; Dung l\u01b0\u1ee3ng pin 10 000mah &#8211; C\u1ed5ng s\u1ea1c v\u00e0o: 2 c\u1ed5ng Type-C, Micro &#8211; C\u1ed5ng s\u1ea1c ra: 2 c\u1ed5ng USB OUT1 5V\/1A, OUT2 5V\/2.1A<\/p>\n","protected":false},"featured_media":602,"template":"","meta":{"om_disable_all_campaigns":false,"_monsterinsights_skip_tracking":false,"_monsterinsights_sitenote_active":false,"_monsterinsights_sitenote_note":"","_monsterinsights_sitenote_category":0},"product_cat":[32],"product_tag":[],"_links":{"self":[{"href":"https:\/\/phukienvungtau68.com\/index.php\/wp-json\/wp\/v2\/product\/601"}],"collection":[{"href":"https:\/\/phukienvungtau68.com\/index.php\/wp-json\/wp\/v2\/product"}],"about":[{"href":"https:\/\/phukienvungtau68.com\/index.php\/wp-json\/wp\/v2\/types\/product"}],"wp:featuredmedia":[{"embeddable":true,"href":"https:\/\/phukienvungtau68.com\/index.php\/wp-json\/wp\/v2\/media\/602"}],"wp:attachment":[{"href":"https:\/\/phukienvungtau68.com\/index.php\/wp-json\/wp\/v2\/media?parent=601"}],"wp:term":[{"taxonomy":"product_cat","embeddable":true,"href":"https:\/\/phukienvungtau68.com\/index.php\/wp-json\/wp\/v2\/product_cat?post=601"},{"taxonomy":"product_tag","embeddable":true,"href":"https:\/\/phukienvungtau68.com\/index.php\/wp-json\/wp\/v2\/product_tag?post=601"}],"curies":[{"name":"wp","href":"https:\/\/api.w.org\/{rel}","templated":true}]}}