{"id":635,"date":"2021-10-01T23:50:23","date_gmt":"2021-10-01T16:50:23","guid":{"rendered":"http:\/\/phukienvungtau68.com\/?post_type=product&#038;p=635"},"modified":"2021-10-01T23:50:23","modified_gmt":"2021-10-01T16:50:23","slug":"pin-sac-du-phong-dung-luong-thuc-10-000mah-robot-100q-chuan-sac-nhanh-pd-qc-3-0-18w-den-led-hien-thi-muc-pin","status":"publish","type":"product","link":"https:\/\/phukienvungtau68.com\/index.php\/product\/pin-sac-du-phong-dung-luong-thuc-10-000mah-robot-100q-chuan-sac-nhanh-pd-qc-3-0-18w-den-led-hien-thi-muc-pin\/","title":{"rendered":"Pin s\u1ea1c d\u1ef1 ph\u00f2ng dung l\u01b0\u1ee3ng th\u1ef1c 10.000mAh ROBOT 100Q&hellip;"},"content":{"rendered":"<p>Pin s\u1ea1c d\u1ef1 ph\u00f2ng dung l\u01b0\u1ee3ng th\u1ef1c 10.000mAh ROBOT 100Q chu\u1ea9n s\u1ea1c nhanh PD\/QC 3.0 18W \u0111\u00e8n LED hi\u1ec3n th\u1ecb m\u1ee9c PIN<\/p>\n<p>\ud83c\udf1f Th\u00f4ng tin s\u1ea3n ph\u1ea9m<br \/>\nTh\u01b0\u01a1ng hi\u1ec7u : ROBOT<br \/>\n\ud83d\udfe1 Pin s\u1ea1c d\u1ef1 ph\u00f2ng dung l\u01b0\u1ee3ng 10000mAh<br \/>\n\ud83d\udfe1 H\u1ed7 tr\u1ee3 s\u1ea1c nhanh chu\u1ea9n Power Delivery 18W<br \/>\n\ud83d\udfe1 H\u1ed7 tr\u1ee3 s\u1ea1c nhanh Quick Charge 3.0<br \/>\n\ud83d\udfe1 C\u00f3 \u0111\u00e8n LED hi\u1ec3n th\u1ecb m\u1ee9c PIN<br \/>\n\ud83d\udfe1 S\u1ea1c \u0111\u1ea7y pin ch\u1ec9 trong 4 ti\u1ebfng<br \/>\n\ud83d\udfe1 2 c\u1ed5ng v\u00e0o Input Type-C v\u00e0 Micro<br \/>\n\ud83d\udfe1 2 c\u1ed5ng s\u1ea1c ra Type-C v\u00e0 USB<br \/>\n\ud83d\udfe1 Cam k\u1ebft ch\u00ednh h\u00e3ng b\u1ea3o h\u00e0nh 12 th\u00e1ng 1 \u0111\u1ed5i 1<br \/>\n\ud83d\udfe1 Tr\u1ecdng l\u01b0\u1ee3ng 200gram<\/p>\n<p>&#8211; T\u01b0\u01a1ng th\u00edch chu\u1ea9n s\u1ea1c nhanh PD 18W, c\u00e1c d\u00f2ng \u0111i\u1ec7n tho\u1ea1i Apple t\u1eeb iPhone 8 tr\u1edf l\u00ean \u0111\u01b0\u1ee3c h\u1ed7 tr\u1ee3 s\u1ea1c nhanh \u0111\u1ebfn 50% trong 30 ph\u00fat.<br \/>\n&#8211; T\u01b0\u01a1ng th\u00edch v\u1edbi chu\u1ea9n s\u1ea1c QC 3.0 c\u1ee7a c\u00e1c d\u00f2ng Android ph\u1ed5 th\u00f4ng nh\u01b0 Samsung, Xiaomi&#8230;<br \/>\n&#8211; \u0110\u00e8n LED hi\u1ec3n th\u1ecb m\u1ee9c pin, d\u1ec5 d\u00e0ng theo d\u00f5i, s\u1eed d\u1ee5ng th\u00eam ti\u1ec7n l\u1ee3i<br \/>\n&#8211; Dung l\u01b0\u1ee3ng th\u1ef1c 10.000mAh \u0111\u01b0\u1ee3c c\u1ea5u t\u1ea1o t\u1eeb l\u00f5i pin cao c\u1ea5p, dung l\u01b0\u1ee3ng th\u1ef1c cho hi\u1ec7u su\u1ea5t v\u01b0\u1ee3t tr\u1ed9i<br \/>\n&#8211; Thi\u1ebft k\u1ebf tinh t\u1ebf v\u1edbi b\u1ec1 m\u1eb7t s\u01a1n b\u00f3ng v\u00e0 c\u1ea1nh g\u00f3c bo tr\u00f2n cho c\u1ea3m gi\u00e1c c\u1ea7m gi\u1eef tho\u1ea3i m\u00e1i, ch\u1eafc ch\u1eafn.<\/p>\n<p>\ud83c\udf1f S\u1ea3n ph\u1ea9m bao g\u1ed3m<br \/>\n\u2714 1 s\u1ea1c d\u1ef1 ph\u00f2ng ROBOT RT100Q 10000mAh<br \/>\n\u2714 1 d\u00e2y s\u1ea1c Micro<br \/>\n\u2714 1 s\u00e1ch h\u01b0\u1edbng d\u1eabn<br \/>\n\u2714 1 th\u1ebb b\u1ea3o h\u00e0nh<\/p>\n<p>\ud83d\udca5 Cam k\u1ebft v\u1ec1 ch\u1ea5t l\u01b0\u1ee3ng v\u00e0 d\u1ecbch v\u1ee5 b\u00e1n h\u00e0ng<br \/>\n1. H\u00e0ng th\u1eadt nh\u01b0 h\u00ecnh<br \/>\n2. \u0110\u1ea7y \u0111\u1ee7 tem, th\u1ebb b\u1ea3o h\u00e0nh<br \/>\n3. S\u1ea3n ph\u1ea9m \u0111\u01b0\u1ee3c test k\u1ef9 tr\u01b0\u1edbc khi giao h\u00e0ng N\u00ean qu\u00fd kh\u00e1ch h\u00e0ng c\u00f3 th\u1ec3 y\u00ean t\u00e2m.<br \/>\n4. Shop cam k\u1ebft ch\u0103m s\u00f3c kh\u00e1ch h\u00e0ng t\u1ed1t nh\u1ea5t, h\u1eadu m\u00e3i t\u1ed1t sau mua h\u00e0ng.<br \/>\n5. Cam k\u1ebft b\u1ea3o h\u00e0nh v\u00e0 \u0111\u1ed5i m\u1edbi 1 \u0111\u1ed5i 1 n\u1ebfu c\u00f3 l\u1ed7i trong th\u1eddi gian b\u1ea3o h\u00e0nh.<br \/>\n6. \u0110\u01b0\u1ee3c Ki\u1ec3m tra h\u00e0ng k\u1ef9 khi nh\u1eadn \u0111\u00fang h\u00e0ng m\u1edbi thanh to\u00e1n..<\/p>\n<p><img class=\"emoji\" role=\"img\" src=\"https:\/\/s.w.org\/images\/core\/emoji\/13.1.0\/svg\/1f4a5.svg\" alt=\"\ud83d\udca5\" \/>\u00a0Th\u00f4ng tin b\u1ea3o h\u00e0nh<br \/>\n<img class=\"emoji\" role=\"img\" src=\"https:\/\/s.w.org\/images\/core\/emoji\/13.1.0\/svg\/2714.svg\" alt=\"\u2714\" \/>\u00a0Th\u1eddi gian b\u1ea3o h\u00e0nh: 12 th\u00e1ng<br \/>\n<img class=\"emoji\" role=\"img\" src=\"https:\/\/s.w.org\/images\/core\/emoji\/13.1.0\/svg\/2714.svg\" alt=\"\u2714\" \/>\u00a0H\u00ecnh th\u1ee9c b\u1ea3o h\u00e0nh: 1 \u0111\u1ed5i 1<\/p>\n<p><img class=\"emoji\" role=\"img\" src=\"https:\/\/s.w.org\/images\/core\/emoji\/13.1.0\/svg\/1f4a5.svg\" alt=\"\ud83d\udca5\" \/>\u00a0G\u1ea5u shop \u2013 chuy\u00ean ph\u1ee5 ki\u1ec7n \u0111i\u1ec7n tho\u1ea1i, \u0111\u1ed3 c\u00f4ng ngh\u1ec7 h\u00e0ng ch\u00ednh h\u00e3ng.<br \/>\n<img class=\"emoji\" role=\"img\" src=\"https:\/\/s.w.org\/images\/core\/emoji\/13.1.0\/svg\/2705.svg\" alt=\"\u2705\" \/>\u00a0Ship code to\u00e0n qu\u1ed1c \u2013 ki\u1ec3m tra h\u00e0ng thanh to\u00e1n.<br \/>\n<img class=\"emoji\" role=\"img\" src=\"https:\/\/s.w.org\/images\/core\/emoji\/13.1.0\/svg\/2705.svg\" alt=\"\u2705\" \/>\u00a0Chuy\u00ean c\u1ee7 s\u1ea1c, d\u00e2y s\u1ea1c h\u00e0ng ch\u00ednh h\u00e3ng \u2013 B\u1ea3o h\u00e0nh 12 th\u00e1ng<br \/>\n<img class=\"emoji\" role=\"img\" src=\"https:\/\/s.w.org\/images\/core\/emoji\/13.1.0\/svg\/2705.svg\" alt=\"\u2705\" \/>\u00a0S\u1ea1c d\u1ef1 ph\u00f2ng 10.000 \u2013 20.000 Mah ch\u00ednh h\u00e3ng \u2013 BH 12 th\u00e1ng.<br \/>\n<img class=\"emoji\" role=\"img\" src=\"https:\/\/s.w.org\/images\/core\/emoji\/13.1.0\/svg\/2705.svg\" alt=\"\u2705\" \/>\u00a0Loa Bluetooth h\u00e0ng ch\u00ednh h\u00e3ng \u2013 BH 12 th\u00e1ng<br \/>\n<img class=\"emoji\" role=\"img\" src=\"https:\/\/s.w.org\/images\/core\/emoji\/13.1.0\/svg\/2705.svg\" alt=\"\u2705\" \/>\u00a0Tai nghe Bluetooth airpods, inpods 12, Hoco b\u1ea3o h\u00e0nh 3 \u2013 12 th\u00e1ng.<br \/>\n<img class=\"emoji\" role=\"img\" src=\"https:\/\/s.w.org\/images\/core\/emoji\/13.1.0\/svg\/2705.svg\" alt=\"\u2705\" \/>\u00a0\u1ed0p l\u01b0ng \u0111i\u1ec7n tho\u1ea1i, \u1ed1p tai nghe airpods<br \/>\n--> Hotline: 0797 180 750 (zalo) \u2013 033 95 333 75<br \/>\n\u0110C: 213\/3\/1B L\u00ea H\u1ed3ng Phong, Ph\u01b0\u1eddng 8, Tp. V\u0169ng T\u00e0u, BRVT<\/p>\n","protected":false},"excerpt":{"rendered":"<p>Pin s\u1ea1c d\u1ef1 ph\u00f2ng dung l\u01b0\u1ee3ng th\u1ef1c 10.000mAh ROBOT 100Q chu\u1ea9n s\u1ea1c nhanh PD\/QC 3.0 18W \u0111\u00e8n LED hi\u1ec3n th\u1ecb m\u1ee9c PIN \ud83c\udf1f Th\u00f4ng tin s\u1ea3n ph\u1ea9m Th\u01b0\u01a1ng hi\u1ec7u : ROBOT \ud83d\udfe1 Pin s\u1ea1c d\u1ef1 ph\u00f2ng dung l\u01b0\u1ee3ng 10000mAh \ud83d\udfe1 H\u1ed7 tr\u1ee3 s\u1ea1c nhanh chu\u1ea9n Power Delivery 18W \ud83d\udfe1 H\u1ed7 tr\u1ee3 s\u1ea1c nhanh Quick Charge<\/p>\n","protected":false},"featured_media":636,"template":"","meta":{"om_disable_all_campaigns":false,"_monsterinsights_skip_tracking":false,"_monsterinsights_sitenote_active":false,"_monsterinsights_sitenote_note":"","_monsterinsights_sitenote_category":0},"product_cat":[32],"product_tag":[],"_links":{"self":[{"href":"https:\/\/phukienvungtau68.com\/index.php\/wp-json\/wp\/v2\/product\/635"}],"collection":[{"href":"https:\/\/phukienvungtau68.com\/index.php\/wp-json\/wp\/v2\/product"}],"about":[{"href":"https:\/\/phukienvungtau68.com\/index.php\/wp-json\/wp\/v2\/types\/product"}],"wp:featuredmedia":[{"embeddable":true,"href":"https:\/\/phukienvungtau68.com\/index.php\/wp-json\/wp\/v2\/media\/636"}],"wp:attachment":[{"href":"https:\/\/phukienvungtau68.com\/index.php\/wp-json\/wp\/v2\/media?parent=635"}],"wp:term":[{"taxonomy":"product_cat","embeddable":true,"href":"https:\/\/phukienvungtau68.com\/index.php\/wp-json\/wp\/v2\/product_cat?post=635"},{"taxonomy":"product_tag","embeddable":true,"href":"https:\/\/phukienvungtau68.com\/index.php\/wp-json\/wp\/v2\/product_tag?post=635"}],"curies":[{"name":"wp","href":"https:\/\/api.w.org\/{rel}","templated":true}]}}