{"id":642,"date":"2021-10-01T23:56:35","date_gmt":"2021-10-01T16:56:35","guid":{"rendered":"http:\/\/phukienvungtau68.com\/?post_type=product&#038;p=642"},"modified":"2021-10-01T23:56:35","modified_gmt":"2021-10-01T16:56:35","slug":"pin-du-phong-10-000mah-robot-rt190-led-hien-thi-pin-1-output-usb-2-input-micro-type-c","status":"publish","type":"product","link":"https:\/\/phukienvungtau68.com\/index.php\/product\/pin-du-phong-10-000mah-robot-rt190-led-hien-thi-pin-1-output-usb-2-input-micro-type-c\/","title":{"rendered":"Pin D\u1ef1 Ph\u00f2ng 10.000mAh ROBOT RT190 LED Hi\u1ec3n Th\u1ecb PIN-1&hellip;"},"content":{"rendered":"<p>Pin D\u1ef1 Ph\u00f2ng 10.000mAh ROBOT RT190 LED Hi\u1ec3n Th\u1ecb PIN-1 Output USB &amp; 2 Input Micro\/Type-C &#8211; B\u1ea3o h\u00e0nh 12 th\u00e1ng<\/p>\n<p>\ud83d\udca5 Th\u00f4ng tin s\u1ea3n ph\u1ea9m<br \/>\n&#8211; Model: RT190<br \/>\n&#8211; Input: Type-C 5V\/2A, Micro 5V\/2A<br \/>\n&#8211; Output: USB-A 5V\/2.1A<br \/>\n&#8211; Tr\u1ecdng l\u01b0\u1ee3ng: 225g<br \/>\n&#8211; D\u1ed9 d\u00e0y: 14mm<br \/>\n&#8211; Dung l\u01b0\u1ee3ng: 10.000mAh<br \/>\n&#8211; Hi\u1ec3n th\u1ecb dung l\u01b0\u1ee3ng pin qua m\u00e0n h\u00ecnh LED<br \/>\n&#8211; K\u1ebf h\u1ee3p v\u1edbi c\u1ee7 s\u1ea1c ngu\u1ed3n 5V\/2A \u0111\u1ec3 s\u1ea1c \u0111\u1ea7y cho pin s\u1ea1c d\u1ef1 ph\u00f2ng kho\u1ea3ng 5.5H<br \/>\n&#8211; Hai c\u1ed5ng s\u1ea1c v\u00e0o Type-C v\u00e0 Micro, m\u1ed9t c\u1ed5ng s\u1ea1c ra USB-A<br \/>\n&#8211; Nhi\u1ec1u l\u1edbp b\u1ea3o v\u1ec7 th\u00f4ng minh: ch\u1ed1ng qu\u00e1 nhi\u1ec7t, ch\u1ed1ng \u0111o\u1ea3n m\u1ea1ch, ch\u1ebf \u0111\u1ed9 reset, ch\u1ed1ng qu\u00e1 \u00e1p s\u1ea1c v\u00e0o, Ch\u1ed1ng qu\u00e1 d\u00f2ng s\u1ea1c ra, ch\u1ed1ng qu\u00e1 \u00e1p s\u1ea1c ra, ch\u1ed1ng ch\u1eadp, ch\u1ed1ng qu\u00e1 d\u00f2ng \u0111o\u1ea3n m\u1ea1ch<br \/>\n&#8211; Ph\u00f9 h\u1ee3p ti\u00eau chu\u1ea9n h\u00e0ng kh\u00f4ng d\u00e2n d\u1ee5ng, c\u00f3 th\u1ec3 mang l\u00ean m\u00e1y bay<\/p>\n<p>\ud83d\udca5 Cam k\u1ebft v\u1ec1 ch\u1ea5t l\u01b0\u1ee3ng v\u00e0 d\u1ecbch v\u1ee5 b\u00e1n h\u00e0ng<br \/>\n1. H\u00e0ng th\u1eadt nh\u01b0 h\u00ecnh<br \/>\n2. \u0110\u1ea7y \u0111\u1ee7 tem, th\u1ebb b\u1ea3o h\u00e0nh<br \/>\n3. S\u1ea3n ph\u1ea9m \u0111\u01b0\u1ee3c test k\u1ef9 tr\u01b0\u1edbc khi giao h\u00e0ng N\u00ean qu\u00fd kh\u00e1ch h\u00e0ng c\u00f3 th\u1ec3 y\u00ean t\u00e2m.<br \/>\n4. Shop cam k\u1ebft ch\u0103m s\u00f3c kh\u00e1ch h\u00e0ng t\u1ed1t nh\u1ea5t, h\u1eadu m\u00e3i t\u1ed1t sau mua h\u00e0ng.<br \/>\n5. Shop c\u00f3 d\u00e1n tem b\u1ea3o h\u00e0nh, c\u00f3 th\u1ebb b\u1ea3o h\u00e0nh cho kh\u00e1ch h\u00e0ng.<br \/>\n6. \u0110\u01b0\u1ee3c ki\u1ec3m tra h\u00e0ng tr\u01b0\u1edbc khi thanh to\u00e1n<\/p>\n<p><img class=\"emoji\" role=\"img\" src=\"https:\/\/s.w.org\/images\/core\/emoji\/13.1.0\/svg\/1f4a5.svg\" alt=\"\ud83d\udca5\" \/>\u00a0Th\u00f4ng tin b\u1ea3o h\u00e0nh<br \/>\n<img class=\"emoji\" role=\"img\" src=\"https:\/\/s.w.org\/images\/core\/emoji\/13.1.0\/svg\/2714.svg\" alt=\"\u2714\" \/>\u00a0Th\u1eddi gian b\u1ea3o h\u00e0nh: 12 th\u00e1ng<br \/>\n<img class=\"emoji\" role=\"img\" src=\"https:\/\/s.w.org\/images\/core\/emoji\/13.1.0\/svg\/2714.svg\" alt=\"\u2714\" \/>\u00a0H\u00ecnh th\u1ee9c b\u1ea3o h\u00e0nh: 1 \u0111\u1ed5i 1<\/p>\n<p><img class=\"emoji\" role=\"img\" src=\"https:\/\/s.w.org\/images\/core\/emoji\/13.1.0\/svg\/1f4a5.svg\" alt=\"\ud83d\udca5\" \/>\u00a0G\u1ea5u shop \u2013 chuy\u00ean ph\u1ee5 ki\u1ec7n \u0111i\u1ec7n tho\u1ea1i, \u0111\u1ed3 c\u00f4ng ngh\u1ec7 h\u00e0ng ch\u00ednh h\u00e3ng.<br \/>\n<img class=\"emoji\" role=\"img\" src=\"https:\/\/s.w.org\/images\/core\/emoji\/13.1.0\/svg\/2705.svg\" alt=\"\u2705\" \/>\u00a0Ship code to\u00e0n qu\u1ed1c \u2013 ki\u1ec3m tra h\u00e0ng thanh to\u00e1n.<br \/>\n<img class=\"emoji\" role=\"img\" src=\"https:\/\/s.w.org\/images\/core\/emoji\/13.1.0\/svg\/2705.svg\" alt=\"\u2705\" \/>\u00a0Chuy\u00ean c\u1ee7 s\u1ea1c, d\u00e2y s\u1ea1c h\u00e0ng ch\u00ednh h\u00e3ng \u2013 B\u1ea3o h\u00e0nh 12 th\u00e1ng<br \/>\n<img class=\"emoji\" role=\"img\" src=\"https:\/\/s.w.org\/images\/core\/emoji\/13.1.0\/svg\/2705.svg\" alt=\"\u2705\" \/>\u00a0S\u1ea1c d\u1ef1 ph\u00f2ng 10.000 \u2013 20.000 Mah ch\u00ednh h\u00e3ng \u2013 BH 12 th\u00e1ng.<br \/>\n<img class=\"emoji\" role=\"img\" src=\"https:\/\/s.w.org\/images\/core\/emoji\/13.1.0\/svg\/2705.svg\" alt=\"\u2705\" \/>\u00a0Loa Bluetooth h\u00e0ng ch\u00ednh h\u00e3ng \u2013 BH 12 th\u00e1ng<br \/>\n<img class=\"emoji\" role=\"img\" src=\"https:\/\/s.w.org\/images\/core\/emoji\/13.1.0\/svg\/2705.svg\" alt=\"\u2705\" \/>\u00a0Tai nghe Bluetooth airpods, inpods 12, Hoco b\u1ea3o h\u00e0nh 3 \u2013 12 th\u00e1ng.<br \/>\n<img class=\"emoji\" role=\"img\" src=\"https:\/\/s.w.org\/images\/core\/emoji\/13.1.0\/svg\/2705.svg\" alt=\"\u2705\" \/>\u00a0\u1ed0p l\u01b0ng \u0111i\u1ec7n tho\u1ea1i, \u1ed1p tai nghe airpods<br \/>\n--> Hotline: 0797 180 750 (zalo) \u2013 033 95 333 75<br \/>\n\u0110C: 213\/3\/1B L\u00ea H\u1ed3ng Phong, Ph\u01b0\u1eddng 8, Tp. V\u0169ng T\u00e0u, BRVT<\/p>\n","protected":false},"excerpt":{"rendered":"<p>Pin D\u1ef1 Ph\u00f2ng 10.000mAh ROBOT RT190 LED Hi\u1ec3n Th\u1ecb PIN-1 Output USB &amp; 2 Input Micro\/Type-C &#8211; B\u1ea3o h\u00e0nh 12 th\u00e1ng \ud83d\udca5 Th\u00f4ng tin s\u1ea3n ph\u1ea9m &#8211; Model: RT190 &#8211; Input: Type-C 5V\/2A, Micro 5V\/2A &#8211; Output: USB-A 5V\/2.1A &#8211; Tr\u1ecdng l\u01b0\u1ee3ng: 225g &#8211; D\u1ed9 d\u00e0y: 14mm &#8211; Dung l\u01b0\u1ee3ng: 10.000mAh &#8211; Hi\u1ec3n th\u1ecb dung<\/p>\n","protected":false},"featured_media":643,"template":"","meta":{"om_disable_all_campaigns":false,"_monsterinsights_skip_tracking":false,"_monsterinsights_sitenote_active":false,"_monsterinsights_sitenote_note":"","_monsterinsights_sitenote_category":0},"product_cat":[32],"product_tag":[],"_links":{"self":[{"href":"https:\/\/phukienvungtau68.com\/index.php\/wp-json\/wp\/v2\/product\/642"}],"collection":[{"href":"https:\/\/phukienvungtau68.com\/index.php\/wp-json\/wp\/v2\/product"}],"about":[{"href":"https:\/\/phukienvungtau68.com\/index.php\/wp-json\/wp\/v2\/types\/product"}],"wp:featuredmedia":[{"embeddable":true,"href":"https:\/\/phukienvungtau68.com\/index.php\/wp-json\/wp\/v2\/media\/643"}],"wp:attachment":[{"href":"https:\/\/phukienvungtau68.com\/index.php\/wp-json\/wp\/v2\/media?parent=642"}],"wp:term":[{"taxonomy":"product_cat","embeddable":true,"href":"https:\/\/phukienvungtau68.com\/index.php\/wp-json\/wp\/v2\/product_cat?post=642"},{"taxonomy":"product_tag","embeddable":true,"href":"https:\/\/phukienvungtau68.com\/index.php\/wp-json\/wp\/v2\/product_tag?post=642"}],"curies":[{"name":"wp","href":"https:\/\/api.w.org\/{rel}","templated":true}]}}