{"id":653,"date":"2021-10-02T00:06:20","date_gmt":"2021-10-01T17:06:20","guid":{"rendered":"http:\/\/phukienvungtau68.com\/?post_type=product&#038;p=653"},"modified":"2024-05-01T23:10:47","modified_gmt":"2024-05-01T16:10:47","slug":"coc-sac-nhanh-vivan-dq02u-18w-2-cong-usb-a-type-c-hang-chinh-hang-sac-sieu-nhanh","status":"publish","type":"product","link":"https:\/\/phukienvungtau68.com\/index.php\/product\/coc-sac-nhanh-vivan-dq02u-18w-2-cong-usb-a-type-c-hang-chinh-hang-sac-sieu-nhanh\/","title":{"rendered":"C\u1ed1c S\u1ea1c Nhanh VIVAN DQ02U 18W 2 C\u1ed5ng USB-A\/Type-C H\u00e0ng&hellip;"},"content":{"rendered":"<p>C\u1ed1c S\u1ea1c Nhanh VIVAN DQ02U 18W 2 C\u1ed5ng USB-A\/Type-C h\u00e0ng ch\u00ednh h\u00e3ng s\u1ea1c si\u00eau nhanh &#8211; B\u1ea3o h\u00e0nh 12 th\u00e1ng<\/p>\n<p>\ud83d\udca5 Th\u00f4ng tin s\u1ea3n ph\u1ea9m<br \/>\nC\u1ed1c S\u1ea1c Nhanh VIVAN DQ02U 18W<br \/>\n\u2714 C\u00f4ng su\u1ea5t l\u1edbn 18W<br \/>\n\u2714 Chu\u1ea9n PD\/QC 3.0<br \/>\n\u2714 2 c\u1ed5ng s\u1ea1c ra<\/p>\n<p>H\u1ed7 tr\u1ee3 s\u1ea1c c\u00f9ng l\u00fac 2 thi\u1ebft b\u1ecb: USB-A v\u00e0 USB-C<br \/>\nH\u1ed7 tr\u1ee3 s\u1ea1c nhanh chu\u1ea9n PD cho c\u00e1c d\u00f2ng t\u1eeb iPhone 8 \u0111\u1ebfn iPhone 11, t\u1ed1c \u0111\u1ed9 s\u1ea1c nhanh g\u1ea5p 2.5 l\u1ea7n, gi\u00fap s\u1ea1c thi\u1ebft b\u1ecb nhanh h\u01a1n v\u1edbi c\u00f4ng su\u1ea5t ngu\u1ed3n ra 18W<br \/>\n\u0110\u01b0\u1ee3c t\u00edch h\u1ee3p ch\u1ee9ng n\u0103ng b\u1ea3o v\u1ec7 th\u00f4ng minh, an to\u00e0n kh\u00f4ng g\u00e2y n\u00f3ng cho thi\u1ebft b\u1ecb khi ho\u1ea1t \u0111\u1ed9ng h\u1ebft c\u00f4ng su\u1ea5t. Ch\u1ed1ng s\u1ea1c qu\u00e1 d\u00f2ng v\u00e0o\/ra, nh\u1eadn bi\u1ebft \u0111i\u1ec7n \u00e1p th\u00f4ng minh, ch\u1ed1ng \u0111o\u1ea3n m\u1ea1ch, ch\u1ed1ng s\u1ea1c ng\u01b0\u1ee3c d\u00f2ng, t\u1ef1 ng\u1eaft d\u00f2ng th\u00f4ng minh<br \/>\nD\u00e3i \u0111i\u1ec7n \u00e1p r\u1ed9ng AC 100-240V \u0111\u01b0\u1ee3c s\u1eed d\u1ee5ng r\u1ed9ng r\u00e3i.<br \/>\nT\u01b0\u01a1ng th\u00edch v\u1edbi thi\u1ebft b\u1ecb h\u1ed7 tr\u1ee3 s\u1ea1c nhanh th\u00f4ng th\u01b0\u1eddng<\/p>\n<p>\ud83d\udca5 Cam k\u1ebft ch\u1ea5t l\u01b0\u1ee3ng v\u00e0 dijch v\u1ee5 b\u00e1n h\u00e0ng<br \/>\n1. H\u00e0ng th\u1eadt nh\u01b0 h\u00ecnh<br \/>\n2. \u0110\u1ea7y \u0111\u1ee7 tem, th\u1ebb b\u1ea3o h\u00e0nh<br \/>\n3. S\u1ea3n ph\u1ea9m \u0111\u01b0\u1ee3c test k\u1ef9 tr\u01b0\u1edbc khi giao h\u00e0ng N\u00ean qu\u00fd kh\u00e1ch h\u00e0ng c\u00f3 th\u1ec3 y\u00ean t\u00e2m.<br \/>\n4. Shop cam k\u1ebft ch\u0103m s\u00f3c kh\u00e1ch h\u00e0ng t\u1ed1t nh\u1ea5t, h\u1eadu m\u00e3i t\u1ed1t sau mua h\u00e0ng.<br \/>\n5. Cam k\u1ebft b\u1ea3o h\u00e0nh v\u00e0 \u0111\u1ed5i m\u1edbi 1 \u0111\u1ed5i 1 n\u1ebfu c\u00f3 l\u1ed7i trong th\u1eddi gian b\u1ea3o h\u00e0nh.<br \/>\n6. \u0110\u01b0\u1ee3c Ki\u1ec3m tra h\u00e0ng k\u1ef9 khi nh\u1eadn \u0111\u00fang h\u00e0ng m\u1edbi thanh to\u00e1n.<\/p>\n<p><img class=\"emoji\" role=\"img\" src=\"https:\/\/s.w.org\/images\/core\/emoji\/13.1.0\/svg\/1f4a5.svg\" alt=\"\ud83d\udca5\" \/>\u00a0Th\u00f4ng tin b\u1ea3o h\u00e0nh<br \/>\n<img class=\"emoji\" role=\"img\" src=\"https:\/\/s.w.org\/images\/core\/emoji\/13.1.0\/svg\/2714.svg\" alt=\"\u2714\" \/>\u00a0Th\u1eddi gian b\u1ea3o h\u00e0nh: 12 th\u00e1ng<br \/>\n<img class=\"emoji\" role=\"img\" src=\"https:\/\/s.w.org\/images\/core\/emoji\/13.1.0\/svg\/2714.svg\" alt=\"\u2714\" \/>\u00a0H\u00ecnh th\u1ee9c b\u1ea3o h\u00e0nh: 1 \u0111\u1ed5i 1<\/p>\n<p><img class=\"emoji\" role=\"img\" src=\"https:\/\/s.w.org\/images\/core\/emoji\/13.1.0\/svg\/1f4a5.svg\" alt=\"\ud83d\udca5\" \/>\u00a0G\u1ea5u shop \u2013 chuy\u00ean ph\u1ee5 ki\u1ec7n \u0111i\u1ec7n tho\u1ea1i, \u0111\u1ed3 c\u00f4ng ngh\u1ec7 h\u00e0ng ch\u00ednh h\u00e3ng.<br \/>\n<img class=\"emoji\" role=\"img\" src=\"https:\/\/s.w.org\/images\/core\/emoji\/13.1.0\/svg\/2705.svg\" alt=\"\u2705\" \/>\u00a0Ship code to\u00e0n qu\u1ed1c \u2013 ki\u1ec3m tra h\u00e0ng thanh to\u00e1n.<br \/>\n<img class=\"emoji\" role=\"img\" src=\"https:\/\/s.w.org\/images\/core\/emoji\/13.1.0\/svg\/2705.svg\" alt=\"\u2705\" \/>\u00a0Chuy\u00ean c\u1ee7 s\u1ea1c, d\u00e2y s\u1ea1c h\u00e0ng ch\u00ednh h\u00e3ng \u2013 B\u1ea3o h\u00e0nh 12 th\u00e1ng<br \/>\n<img class=\"emoji\" role=\"img\" src=\"https:\/\/s.w.org\/images\/core\/emoji\/13.1.0\/svg\/2705.svg\" alt=\"\u2705\" \/>\u00a0S\u1ea1c d\u1ef1 ph\u00f2ng 10.000 \u2013 20.000 Mah ch\u00ednh h\u00e3ng \u2013 BH 12 th\u00e1ng.<br \/>\n<img class=\"emoji\" role=\"img\" src=\"https:\/\/s.w.org\/images\/core\/emoji\/13.1.0\/svg\/2705.svg\" alt=\"\u2705\" \/>\u00a0Loa Bluetooth h\u00e0ng ch\u00ednh h\u00e3ng \u2013 BH 12 th\u00e1ng<br \/>\n<img class=\"emoji\" role=\"img\" src=\"https:\/\/s.w.org\/images\/core\/emoji\/13.1.0\/svg\/2705.svg\" alt=\"\u2705\" \/>\u00a0Tai nghe Bluetooth airpods, inpods 12, Hoco b\u1ea3o h\u00e0nh 3 \u2013 12 th\u00e1ng.<br \/>\n<img class=\"emoji\" role=\"img\" src=\"https:\/\/s.w.org\/images\/core\/emoji\/13.1.0\/svg\/2705.svg\" alt=\"\u2705\" \/>\u00a0\u1ed0p l\u01b0ng \u0111i\u1ec7n tho\u1ea1i, \u1ed1p tai nghe airpods<br \/>\n--> Hotline: 0797 180 750 (zalo) \u2013 033 95 333 75<br \/>\n\u0110C: 213\/3\/1B L\u00ea H\u1ed3ng Phong, Ph\u01b0\u1eddng 8, Tp. V\u0169ng T\u00e0u, BRVT<\/p>\n","protected":false},"excerpt":{"rendered":"<p>C\u1ed1c S\u1ea1c Nhanh VIVAN DQ02U 18W 2 C\u1ed5ng USB-A\/Type-C h\u00e0ng ch\u00ednh h\u00e3ng s\u1ea1c si\u00eau nhanh &#8211; B\u1ea3o h\u00e0nh 12 th\u00e1ng \ud83d\udca5 Th\u00f4ng tin s\u1ea3n ph\u1ea9m C\u1ed1c S\u1ea1c Nhanh VIVAN DQ02U 18W \u2714 C\u00f4ng su\u1ea5t l\u1edbn 18W \u2714 Chu\u1ea9n PD\/QC 3.0 \u2714 2 c\u1ed5ng s\u1ea1c ra H\u1ed7 tr\u1ee3 s\u1ea1c c\u00f9ng l\u00fac 2 thi\u1ebft b\u1ecb: USB-A v\u00e0<\/p>\n","protected":false},"featured_media":654,"template":"","meta":{"om_disable_all_campaigns":false,"_monsterinsights_skip_tracking":false,"_monsterinsights_sitenote_active":false,"_monsterinsights_sitenote_note":"","_monsterinsights_sitenote_category":0},"product_cat":[30],"product_tag":[],"_links":{"self":[{"href":"https:\/\/phukienvungtau68.com\/index.php\/wp-json\/wp\/v2\/product\/653"}],"collection":[{"href":"https:\/\/phukienvungtau68.com\/index.php\/wp-json\/wp\/v2\/product"}],"about":[{"href":"https:\/\/phukienvungtau68.com\/index.php\/wp-json\/wp\/v2\/types\/product"}],"wp:featuredmedia":[{"embeddable":true,"href":"https:\/\/phukienvungtau68.com\/index.php\/wp-json\/wp\/v2\/media\/654"}],"wp:attachment":[{"href":"https:\/\/phukienvungtau68.com\/index.php\/wp-json\/wp\/v2\/media?parent=653"}],"wp:term":[{"taxonomy":"product_cat","embeddable":true,"href":"https:\/\/phukienvungtau68.com\/index.php\/wp-json\/wp\/v2\/product_cat?post=653"},{"taxonomy":"product_tag","embeddable":true,"href":"https:\/\/phukienvungtau68.com\/index.php\/wp-json\/wp\/v2\/product_tag?post=653"}],"curies":[{"name":"wp","href":"https:\/\/api.w.org\/{rel}","templated":true}]}}