{"id":660,"date":"2021-10-02T00:11:03","date_gmt":"2021-10-01T17:11:03","guid":{"rendered":"http:\/\/phukienvungtau68.com\/?post_type=product&#038;p=660"},"modified":"2021-10-02T00:11:03","modified_gmt":"2021-10-01T17:11:03","slug":"cu-sac-nhanh-hoco-20w-c80-2-cong-dau-vao-usb-va-type-c-chuan-sac-nhanh-pd-20w-3-0a","status":"publish","type":"product","link":"https:\/\/phukienvungtau68.com\/index.php\/product\/cu-sac-nhanh-hoco-20w-c80-2-cong-dau-vao-usb-va-type-c-chuan-sac-nhanh-pd-20w-3-0a\/","title":{"rendered":"C\u1ee7 s\u1ea1c nhanh Hoco 20w C80 2 c\u1ed5ng \u0111\u1ea7u v\u00e0o&hellip;"},"content":{"rendered":"<p>C\u1ee7 s\u1ea1c nhanh Hoco 20w C80 2 c\u1ed5ng \u0111\u1ea7u v\u00e0o usb v\u00e0 type c chu\u1ea9n s\u1ea1c nhanh PD 20W\/3.0A &#8211; B\u1ea3o h\u00e0nh 12 th\u00e1ng<\/p>\n<p>\ud83d\udca5 Th\u00f4ng tin s\u1ea3n ph\u1ea9m<br \/>\n&#8211; Th\u01b0\u01a1ng hi\u1ec7u: Hoco<br \/>\n&#8211; Xu\u1ea5t s\u1ee9: HONG KONG<br \/>\n&#8211; Ch\u1ea5t li\u1ec7u PC ch\u1ed1ng ch\u00e1y<br \/>\n&#8211; 2 c\u1ed5ng s\u1ea1c ra: 1 c\u1ed5ng s\u1ea1c c\u1eafm \u0111\u1ea7u USB s\u1ea1c nhanh 3.0A v\u00e0 1 c\u1ed5ng c\u1eafm d\u00e2y type C to Lightning s\u1ea1c nhanh 20W<br \/>\n&#8211; T\u00cdNH N\u0102NG KH\u00c1C: H\u1ed6 TR\u1ee2 S\u1ea0C NHANH TI\u00caU CHU\u1ea8N PD 20W, QC3.0 \/ QC2.0, FCP, AFC. \u0110I\u1ec0U CH\u1ec8NH D\u00d2NG \u0110I\u1ec6N TH\u00d4NG MINH<\/p>\n<p>\ud83d\udca5 Cam k\u1ebft v\u1ec1 ch\u1ea5t l\u01b0\u1ee3ng v\u00e0 d\u1ecbch v\u1ee5 b\u00e1n h\u00e0ng<br \/>\n1. H\u00e0ng th\u1eadt nh\u01b0 h\u00ecnh<br \/>\n2. \u0110\u1ea7y \u0111\u1ee7 tem, th\u1ebb b\u1ea3o h\u00e0nh<br \/>\n3. S\u1ea3n ph\u1ea9m \u0111\u01b0\u1ee3c test k\u1ef9 tr\u01b0\u1edbc khi giao h\u00e0ng N\u00ean qu\u00fd kh\u00e1ch h\u00e0ng c\u00f3 th\u1ec3 y\u00ean t\u00e2m.<br \/>\n4. Shop cam k\u1ebft ch\u0103m s\u00f3c kh\u00e1ch h\u00e0ng t\u1ed1t nh\u1ea5t, h\u1eadu m\u00e3i t\u1ed1t sau mua h\u00e0ng.<br \/>\n5. Shop c\u00f3 d\u00e1n tem b\u1ea3o h\u00e0nh, c\u00f3 th\u1ebb b\u1ea3o h\u00e0nh cho kh\u00e1ch h\u00e0ng.<br \/>\n6. Cam k\u1ebft b\u1ea3o h\u00e0nh v\u00e0 \u0111\u1ed5i m\u1edbi 1 \u0111\u1ed5i 1 n\u1ebfu c\u00f3 l\u1ed7i trong th\u1eddi gian b\u1ea3o h\u00e0nh.<\/p>\n<p><img class=\"emoji\" role=\"img\" src=\"https:\/\/s.w.org\/images\/core\/emoji\/13.1.0\/svg\/1f4a5.svg\" alt=\"\ud83d\udca5\" \/>\u00a0Th\u00f4ng tin b\u1ea3o h\u00e0nh<br \/>\n<img class=\"emoji\" role=\"img\" src=\"https:\/\/s.w.org\/images\/core\/emoji\/13.1.0\/svg\/2714.svg\" alt=\"\u2714\" \/>\u00a0Th\u1eddi gian b\u1ea3o h\u00e0nh: 12 th\u00e1ng<br \/>\n<img class=\"emoji\" role=\"img\" src=\"https:\/\/s.w.org\/images\/core\/emoji\/13.1.0\/svg\/2714.svg\" alt=\"\u2714\" \/>\u00a0H\u00ecnh th\u1ee9c b\u1ea3o h\u00e0nh: 1 \u0111\u1ed5i 1<\/p>\n<p><img class=\"emoji\" role=\"img\" src=\"https:\/\/s.w.org\/images\/core\/emoji\/13.1.0\/svg\/1f4a5.svg\" alt=\"\ud83d\udca5\" \/>\u00a0G\u1ea5u shop \u2013 chuy\u00ean ph\u1ee5 ki\u1ec7n \u0111i\u1ec7n tho\u1ea1i, \u0111\u1ed3 c\u00f4ng ngh\u1ec7 h\u00e0ng ch\u00ednh h\u00e3ng.<br \/>\n<img class=\"emoji\" role=\"img\" src=\"https:\/\/s.w.org\/images\/core\/emoji\/13.1.0\/svg\/2705.svg\" alt=\"\u2705\" \/>\u00a0Ship code to\u00e0n qu\u1ed1c \u2013 ki\u1ec3m tra h\u00e0ng thanh to\u00e1n.<br \/>\n<img class=\"emoji\" role=\"img\" src=\"https:\/\/s.w.org\/images\/core\/emoji\/13.1.0\/svg\/2705.svg\" alt=\"\u2705\" \/>\u00a0Chuy\u00ean c\u1ee7 s\u1ea1c, d\u00e2y s\u1ea1c h\u00e0ng ch\u00ednh h\u00e3ng \u2013 B\u1ea3o h\u00e0nh 12 th\u00e1ng<br \/>\n<img class=\"emoji\" role=\"img\" src=\"https:\/\/s.w.org\/images\/core\/emoji\/13.1.0\/svg\/2705.svg\" alt=\"\u2705\" \/>\u00a0S\u1ea1c d\u1ef1 ph\u00f2ng 10.000 \u2013 20.000 Mah ch\u00ednh h\u00e3ng \u2013 BH 12 th\u00e1ng.<br \/>\n<img class=\"emoji\" role=\"img\" src=\"https:\/\/s.w.org\/images\/core\/emoji\/13.1.0\/svg\/2705.svg\" alt=\"\u2705\" \/>\u00a0Loa Bluetooth h\u00e0ng ch\u00ednh h\u00e3ng \u2013 BH 12 th\u00e1ng<br \/>\n<img class=\"emoji\" role=\"img\" src=\"https:\/\/s.w.org\/images\/core\/emoji\/13.1.0\/svg\/2705.svg\" alt=\"\u2705\" \/>\u00a0Tai nghe Bluetooth airpods, inpods 12, Hoco b\u1ea3o h\u00e0nh 3 \u2013 12 th\u00e1ng.<br \/>\n<img class=\"emoji\" role=\"img\" src=\"https:\/\/s.w.org\/images\/core\/emoji\/13.1.0\/svg\/2705.svg\" alt=\"\u2705\" \/>\u00a0\u1ed0p l\u01b0ng \u0111i\u1ec7n tho\u1ea1i, \u1ed1p tai nghe airpods<br \/>\n--> Hotline: 0797 180 750 (zalo) \u2013 033 95 333 75<br \/>\n\u0110C: 213\/3\/1B L\u00ea H\u1ed3ng Phong, Ph\u01b0\u1eddng 8, Tp. V\u0169ng T\u00e0u, BRVT<\/p>\n","protected":false},"excerpt":{"rendered":"<p>C\u1ee7 s\u1ea1c nhanh Hoco 20w C80 2 c\u1ed5ng \u0111\u1ea7u v\u00e0o usb v\u00e0 type c chu\u1ea9n s\u1ea1c nhanh PD 20W\/3.0A &#8211; B\u1ea3o h\u00e0nh 12 th\u00e1ng \ud83d\udca5 Th\u00f4ng tin s\u1ea3n ph\u1ea9m &#8211; Th\u01b0\u01a1ng hi\u1ec7u: Hoco &#8211; Xu\u1ea5t s\u1ee9: HONG KONG &#8211; Ch\u1ea5t li\u1ec7u PC ch\u1ed1ng ch\u00e1y &#8211; 2 c\u1ed5ng s\u1ea1c ra: 1 c\u1ed5ng s\u1ea1c c\u1eafm \u0111\u1ea7u USB<\/p>\n","protected":false},"featured_media":664,"template":"","meta":{"om_disable_all_campaigns":false,"_monsterinsights_skip_tracking":false,"_monsterinsights_sitenote_active":false,"_monsterinsights_sitenote_note":"","_monsterinsights_sitenote_category":0},"product_cat":[30],"product_tag":[],"_links":{"self":[{"href":"https:\/\/phukienvungtau68.com\/index.php\/wp-json\/wp\/v2\/product\/660"}],"collection":[{"href":"https:\/\/phukienvungtau68.com\/index.php\/wp-json\/wp\/v2\/product"}],"about":[{"href":"https:\/\/phukienvungtau68.com\/index.php\/wp-json\/wp\/v2\/types\/product"}],"wp:featuredmedia":[{"embeddable":true,"href":"https:\/\/phukienvungtau68.com\/index.php\/wp-json\/wp\/v2\/media\/664"}],"wp:attachment":[{"href":"https:\/\/phukienvungtau68.com\/index.php\/wp-json\/wp\/v2\/media?parent=660"}],"wp:term":[{"taxonomy":"product_cat","embeddable":true,"href":"https:\/\/phukienvungtau68.com\/index.php\/wp-json\/wp\/v2\/product_cat?post=660"},{"taxonomy":"product_tag","embeddable":true,"href":"https:\/\/phukienvungtau68.com\/index.php\/wp-json\/wp\/v2\/product_tag?post=660"}],"curies":[{"name":"wp","href":"https:\/\/api.w.org\/{rel}","templated":true}]}}