{"id":669,"date":"2021-10-02T00:21:03","date_gmt":"2021-10-01T17:21:03","guid":{"rendered":"http:\/\/phukienvungtau68.com\/?post_type=product&#038;p=669"},"modified":"2024-05-01T23:10:29","modified_gmt":"2024-05-01T16:10:29","slug":"coc-sac-nhanh-iphone-20w-chuan-zin-full-box-dung-cho-iphone-sac-nhanh-chuan-pd","status":"publish","type":"product","link":"https:\/\/phukienvungtau68.com\/index.php\/product\/coc-sac-nhanh-iphone-20w-chuan-zin-full-box-dung-cho-iphone-sac-nhanh-chuan-pd\/","title":{"rendered":"C\u00f3c S\u1ea1c Nhanh Iphone 20W chu\u1ea9n Zin full box D\u00f9ng&hellip;"},"content":{"rendered":"<p>C\u00f3c S\u1ea1c Nhanh Iphone 20W chu\u1ea9n Zin full box D\u00f9ng Cho iPhone S\u1ea1c Nhanh Chu\u1ea9n PD &#8211; B\u1ea3o h\u00e0nh 6 th\u00e1ng<\/p>\n<p>\ud83d\udca5 Th\u00f4ng tin s\u1ea3n ph\u1ea9m:<br \/>\n\u26a1\ufe0f Ch\u1ec9 v\u1edbi 30 ph\u00fat c\u00f3 th\u1ec3 s\u1ea1c t\u1eeb 0% l\u00ean 50% pin Si\u00eau nhanh cho iphone 11, 12.<br \/>\n\u26a1\ufe0f C\u1ee7 s\u1ea1c \u0111em l\u1ea1i ngu\u1ed3n s\u1ea1c \u1ed5n \u0111\u1ecbnh, kh\u00f4ng l\u00e0m l\u1ec7ch c\u1ea3m \u1ee9ng nh\u01b0 s\u1ea1c th\u01b0\u1eddng<br \/>\n\u26a1\ufe0f S\u1ea1c kh\u00f4ng b\u1ecb ch\u1ea1m, ch\u1eadp \u0111i\u1ec7n v\u00ec s\u1ea1c zin c\u00f3 m\u1ea1ch b\u1ea3o v\u1ec7<br \/>\n\u26a1\ufe0f \u0110\u00e1p \u1ee9ng ti\u00eau chu\u1ea9n an to\u00e0n s\u1ea3n xu\u1ea5t n\u00ean kh\u00f4ng b\u1ecb r\u00f2 r\u1ec9 \u0111i\u1ec7n g\u00e2y gi\u1eadt \u0111i\u1ec7n<br \/>\n\u26a1\ufe0f H\u1ea7u h\u1ebft ph\u00f9 h\u1ee3p v\u1edbi c\u00e1c d\u00f2ng iPad, iPhone 12, iPhone 12 Pro, iPhone 12 Promax, iPhone 11 Promax, iPhone 11 Pro, iPhone 11, iPhone XS MAX, iPhone XR, iPhone X, iPhone 8 Plus, iPhone 8<br \/>\n\u26a1\ufe0f C\u1ee7 s\u1ea1c 20W c\u00f4ng ngh\u1ec7 s\u1ea1c nhanh PD m\u1edbi nh\u1ea5t, \u0111\u1ea7u ra qua c\u1ed5ng Type-C, h\u1ed7 tr\u1ee3 s\u1ea1c iPhone nhanh g\u1ea5p 2 l\u1ea7n.<\/p>\n<p>\ud83d\udca5 Cam k\u1ebft v\u1ec1 ch\u1ea5t l\u01b0\u1ee3ng v\u00e0 d\u1ecbch v\u1ee5 b\u00e1n h\u00e0ng<br \/>\n1. H\u00e0ng th\u1eadt nh\u01b0 h\u00ecnh<br \/>\n2. \u0110\u1ea7y \u0111\u1ee7 tem, th\u1ebb b\u1ea3o h\u00e0nh<br \/>\n3. S\u1ea3n ph\u1ea9m \u0111\u01b0\u1ee3c test k\u1ef9 tr\u01b0\u1edbc khi giao h\u00e0ng N\u00ean qu\u00fd kh\u00e1ch h\u00e0ng c\u00f3 th\u1ec3 y\u00ean t\u00e2m.<br \/>\n4. Shop cam k\u1ebft ch\u0103m s\u00f3c kh\u00e1ch h\u00e0ng t\u1ed1t nh\u1ea5t, h\u1eadu m\u00e3i t\u1ed1t sau mua h\u00e0ng.<br \/>\n5. Cam k\u1ebft b\u1ea3o h\u00e0nh v\u00e0 \u0111\u1ed5i m\u1edbi 1 \u0111\u1ed5i 1 n\u1ebfu c\u00f3 l\u1ed7i trong th\u1eddi gian b\u1ea3o h\u00e0nh.<br \/>\n6. \u0110\u01b0\u1ee3c Ki\u1ec3m tra h\u00e0ng k\u1ef9 khi nh\u1eadn \u0111\u00fang h\u00e0ng m\u1edbi thanh to\u00e1n.<\/p>\n<p><img class=\"emoji\" role=\"img\" src=\"https:\/\/s.w.org\/images\/core\/emoji\/13.1.0\/svg\/1f4a5.svg\" alt=\"\ud83d\udca5\" \/>\u00a0Th\u00f4ng tin b\u1ea3o h\u00e0nh<br \/>\n<img class=\"emoji\" role=\"img\" src=\"https:\/\/s.w.org\/images\/core\/emoji\/13.1.0\/svg\/2714.svg\" alt=\"\u2714\" \/> Th\u1eddi gian b\u1ea3o h\u00e0nh: 6 th\u00e1ng<br \/>\n<img class=\"emoji\" role=\"img\" src=\"https:\/\/s.w.org\/images\/core\/emoji\/13.1.0\/svg\/2714.svg\" alt=\"\u2714\" \/>\u00a0H\u00ecnh th\u1ee9c b\u1ea3o h\u00e0nh: 1 \u0111\u1ed5i 1<\/p>\n<p><img class=\"emoji\" role=\"img\" src=\"https:\/\/s.w.org\/images\/core\/emoji\/13.1.0\/svg\/1f4a5.svg\" alt=\"\ud83d\udca5\" \/>\u00a0G\u1ea5u shop \u2013 chuy\u00ean ph\u1ee5 ki\u1ec7n \u0111i\u1ec7n tho\u1ea1i, \u0111\u1ed3 c\u00f4ng ngh\u1ec7 h\u00e0ng ch\u00ednh h\u00e3ng.<br \/>\n<img class=\"emoji\" role=\"img\" src=\"https:\/\/s.w.org\/images\/core\/emoji\/13.1.0\/svg\/2705.svg\" alt=\"\u2705\" \/>\u00a0Ship code to\u00e0n qu\u1ed1c \u2013 ki\u1ec3m tra h\u00e0ng thanh to\u00e1n.<br \/>\n<img class=\"emoji\" role=\"img\" src=\"https:\/\/s.w.org\/images\/core\/emoji\/13.1.0\/svg\/2705.svg\" alt=\"\u2705\" \/>\u00a0Chuy\u00ean c\u1ee7 s\u1ea1c, d\u00e2y s\u1ea1c h\u00e0ng ch\u00ednh h\u00e3ng \u2013 B\u1ea3o h\u00e0nh 12 th\u00e1ng<br \/>\n<img class=\"emoji\" role=\"img\" src=\"https:\/\/s.w.org\/images\/core\/emoji\/13.1.0\/svg\/2705.svg\" alt=\"\u2705\" \/>\u00a0S\u1ea1c d\u1ef1 ph\u00f2ng 10.000 \u2013 20.000 Mah ch\u00ednh h\u00e3ng \u2013 BH 12 th\u00e1ng.<br \/>\n<img class=\"emoji\" role=\"img\" src=\"https:\/\/s.w.org\/images\/core\/emoji\/13.1.0\/svg\/2705.svg\" alt=\"\u2705\" \/>\u00a0Loa Bluetooth h\u00e0ng ch\u00ednh h\u00e3ng \u2013 BH 12 th\u00e1ng<br \/>\n<img class=\"emoji\" role=\"img\" src=\"https:\/\/s.w.org\/images\/core\/emoji\/13.1.0\/svg\/2705.svg\" alt=\"\u2705\" \/>\u00a0Tai nghe Bluetooth airpods, inpods 12, Hoco b\u1ea3o h\u00e0nh 3 \u2013 12 th\u00e1ng.<br \/>\n<img class=\"emoji\" role=\"img\" src=\"https:\/\/s.w.org\/images\/core\/emoji\/13.1.0\/svg\/2705.svg\" alt=\"\u2705\" \/>\u00a0\u1ed0p l\u01b0ng \u0111i\u1ec7n tho\u1ea1i, \u1ed1p tai nghe airpods<br \/>\n--> Hotline: 0797 180 750 (zalo) \u2013 033 95 333 75<br \/>\n\u0110C: 213\/3\/1B L\u00ea H\u1ed3ng Phong, Ph\u01b0\u1eddng 8, Tp. V\u0169ng T\u00e0u, BRVT<\/p>\n","protected":false},"excerpt":{"rendered":"<p>C\u00f3c S\u1ea1c Nhanh Iphone 20W chu\u1ea9n Zin full box D\u00f9ng Cho iPhone S\u1ea1c Nhanh Chu\u1ea9n PD &#8211; B\u1ea3o h\u00e0nh 6 th\u00e1ng \ud83d\udca5 Th\u00f4ng tin s\u1ea3n ph\u1ea9m: \u26a1\ufe0f Ch\u1ec9 v\u1edbi 30 ph\u00fat c\u00f3 th\u1ec3 s\u1ea1c t\u1eeb 0% l\u00ean 50% pin Si\u00eau nhanh cho iphone 11, 12. \u26a1\ufe0f C\u1ee7 s\u1ea1c \u0111em l\u1ea1i ngu\u1ed3n s\u1ea1c \u1ed5n \u0111\u1ecbnh, kh\u00f4ng<\/p>\n","protected":false},"featured_media":671,"template":"","meta":{"om_disable_all_campaigns":false,"_monsterinsights_skip_tracking":false,"_monsterinsights_sitenote_active":false,"_monsterinsights_sitenote_note":"","_monsterinsights_sitenote_category":0},"product_cat":[30,34],"product_tag":[],"_links":{"self":[{"href":"https:\/\/phukienvungtau68.com\/index.php\/wp-json\/wp\/v2\/product\/669"}],"collection":[{"href":"https:\/\/phukienvungtau68.com\/index.php\/wp-json\/wp\/v2\/product"}],"about":[{"href":"https:\/\/phukienvungtau68.com\/index.php\/wp-json\/wp\/v2\/types\/product"}],"wp:featuredmedia":[{"embeddable":true,"href":"https:\/\/phukienvungtau68.com\/index.php\/wp-json\/wp\/v2\/media\/671"}],"wp:attachment":[{"href":"https:\/\/phukienvungtau68.com\/index.php\/wp-json\/wp\/v2\/media?parent=669"}],"wp:term":[{"taxonomy":"product_cat","embeddable":true,"href":"https:\/\/phukienvungtau68.com\/index.php\/wp-json\/wp\/v2\/product_cat?post=669"},{"taxonomy":"product_tag","embeddable":true,"href":"https:\/\/phukienvungtau68.com\/index.php\/wp-json\/wp\/v2\/product_tag?post=669"}],"curies":[{"name":"wp","href":"https:\/\/api.w.org\/{rel}","templated":true}]}}