{"id":721,"date":"2021-10-16T22:33:13","date_gmt":"2021-10-16T15:33:13","guid":{"rendered":"http:\/\/phukienvungtau68.com\/?post_type=product&#038;p=721"},"modified":"2021-10-20T21:26:13","modified_gmt":"2021-10-20T14:26:13","slug":"pin-sac-du-phong-acome-ap201-20000mah-sac-nhanh-22-5w","status":"publish","type":"product","link":"https:\/\/phukienvungtau68.com\/index.php\/product\/pin-sac-du-phong-acome-ap201-20000mah-sac-nhanh-22-5w\/","title":{"rendered":"Pin S\u1ea1c D\u1ef1 Ph\u00f2ng ACOME AP201 20000mAh S\u1ea1c Nhanh 22.5W"},"content":{"rendered":"<p>Pin S\u1ea1c D\u1ef1 Ph\u00f2ng ACOME AP201 20000mAh S\u1ea1c Nhanh 22.5W S\u1ea1c Nhanh 2 C\u1ed5ng USB Micro Type c QC3.0 &#8211; B\u1ea3o h\u00e0nh 12 th\u00e1ng.<br \/>\n\ud83c\udf1f Th\u00f4ng tin s\u1ea3n ph\u1ea9m<br \/>\n\u26d4 C\u00f4ng su\u1ea5t Max: 22.5W<br \/>\n\u26d4 D\u00f2ng \u0111i\u1ec7n Max: 5A<br \/>\n\u26d4 M\u00e0n h\u00ecnh LED hi\u1ec3n th\u1ecb m\u1ee9c pin<br \/>\n\u26d4 T\u01b0\u01a1ng th\u00edch chu\u1ea9n s\u1ea1c nhanh \u0111\u1ebfn 99%<br \/>\n\u26d4 Dung l\u01b0\u1ee3ng 20.000mAh<br \/>\n\u26d4 2 c\u1ed5ng s\u1ea1c v\u00e0o: TypeC (5V-3A, 9V-2A)<br \/>\nMicro (5V-2A, 9V-2A)<br \/>\n\u26d4 3 c\u1ed5ng s\u1ea1c ra: 2 c\u1ed5ng USB (4.5V-5A, 5V-4.5A, 9V-2A, 12V-1.5A (22.5W Max)<br \/>\n1 c\u1ed5ng Type-C (5V-3A, 9V-2A, 12V-1.5A)<br \/>\n\u26d4 Tr\u1ecdng l\u01b0\u1ee3ng: 420g<\/p>\n<p>&#8211; C\u00f4ng su\u1ea5t l\u1edbn 22.5W, s\u1ea1c nhanh 3 c\u1ed5ng \u0111\u1ed3ng th\u1eddi<br \/>\n&#8211; H\u1ed7 tr\u1ee3 chu\u1ea9n VOOC nhanh h\u01a1n 3 l\u1ea7n, c\u00e1c d\u00f2ng Apple t\u1eeb iPhone 8 tr\u1edf l\u00ean h\u1ed7 tr\u1ee3 s\u1ea1c nhanh \u0111\u1ebfn 50% trong 30 ph\u00fat \u0111\u1ea7u, s\u1ea1c nhanh, ti\u1ebft ki\u1ec7m th\u1eddi gian.<br \/>\n&#8211; L\u00f5i pin cao c\u1ea5p, dung l\u01b0\u1ee3ng th\u1ef1c cho hi\u1ec7u su\u1ea5t t\u1ed1i \u0111a<br \/>\n&#8211; S\u1ea1c nhanh cho pin d\u1ef1 ph\u00f2ng b\u1eb1ng c\u1ed5ng Type-C t\u1ed1c \u0111\u1ed9 nhanh g\u1ea5p 4 l\u1ea7n gi\u00fap ti\u1ebft ki\u1ec7m th\u1eddi gian<br \/>\n&#8211; M\u00e0n h\u00ecnh l\u1edbn hi\u1ec3n th\u1ecb m\u1ee9c pin LED hi\u1ec3n th\u1ecb m\u1ee9c pin, theo d\u00f5i ti\u1ec7n l\u1ee3i<br \/>\n&#8211; 9 l\u1edbp b\u1ea3o v\u1ec7 th\u00f4ng minh: ch\u1ed1ng qu\u00e1 nhi\u1ec7t, ch\u1ed1ng \u0111o\u1ea3n m\u1ea1ch, ch\u1ebf \u0111\u1ed9 Reset, ch\u1ed1ng qu\u00e1 \u00e1p s\u1ea1c v\u00e0o, ch\u1ed1ng ng\u01b0\u1ee3c khi s\u1ea1c v\u00e0o, ch\u1ed1ng qu\u00e1 d\u00f2ng s\u1ea1c ra, ch\u1ed1ng qu\u00e1 \u00e1p s\u1ea1c ra, ch\u1ed1ng ch\u1eadp, ch\u1ed1ng qu\u00e1 \u00e1p \u0111o\u1ea3n m\u1ea1ch.<\/p>\n<p>\ud83c\udf1f Cam k\u1ebft v\u1ec1 ch\u1ea5t l\u01b0\u1ee3ng v\u00e0 d\u1ecbch v\u1ee5 b\u00e1n h\u00e0ng<br \/>\n1. H\u00e0ng th\u1eadt nh\u01b0 h\u00ecnh<br \/>\n2. \u0110\u1ea7y \u0111\u1ee7 tem, th\u1ebb b\u1ea3o h\u00e0nh<br \/>\n3. S\u1ea3n ph\u1ea9m \u0111\u01b0\u1ee3c test k\u1ef9 tr\u01b0\u1edbc khi giao h\u00e0ng N\u00ean qu\u00fd kh\u00e1ch h\u00e0ng c\u00f3 th\u1ec3 y\u00ean t\u00e2m.<br \/>\n4. Shop cam k\u1ebft ch\u0103m s\u00f3c kh\u00e1ch h\u00e0ng t\u1ed1t nh\u1ea5t, h\u1eadu m\u00e3i t\u1ed1t sau mua h\u00e0ng.<br \/>\n5. Cam k\u1ebft b\u1ea3o h\u00e0nh v\u00e0 \u0111\u1ed5i m\u1edbi 1 \u0111\u1ed5i 1 n\u1ebfu c\u00f3 l\u1ed7i trong th\u1eddi gian b\u1ea3o h\u00e0nh.<br \/>\n6. \u0110\u01b0\u1ee3c Ki\u1ec3m tra h\u00e0ng k\u1ef9 khi nh\u1eadn \u0111\u00fang h\u00e0ng m\u1edbi thanh to\u00e1n.<\/p>\n<p>\ud83c\udf1f Th\u00f4ng tin b\u1ea3o h\u00e0nh<br \/>\n\u2714 Th\u1eddi gian b\u1ea3o h\u00e0nh: 12 th\u00e1ng<br \/>\n\u2714 H\u00ecnh th\u1ee9c b\u1ea3o h\u00e0nh: 1 \u0111\u1ed5i 1<\/p>\n<p>Qu\u00fd kh\u00e1ch vui l\u00f2ng li\u00ean h\u1ec7 S\u0110T ho\u1eb7c h\u1ed9p tho\u1ea1i chat \u0111\u1ec3 \u0111\u01b0\u1ee3c H\u1ed7 tr\u1ee3 t\u01b0 v\u1ea5n, gi\u1ea3i \u0111\u00e1p c\u00e1c Th\u00f4ng tin b\u1ea3o h\u00e0nh<br \/>\nG\u1ea5u shop &#8211; chuy\u00ean ph\u1ee5 ki\u1ec7n \u0111i\u1ec7n tho\u1ea1i, c\u00f4ng ngh\u1ec7 h\u00e0ng ch\u00ednh h\u00e3ng.<br \/>\n\u0110C: 213\/3\/1B L\u00ea H\u1ed3ng Phong, Ph\u01b0\u1eddng 8, Tp. V\u0169ng T\u00e0u, BRVT<\/p>\n","protected":false},"excerpt":{"rendered":"<p>Pin S\u1ea1c D\u1ef1 Ph\u00f2ng ACOME AP201 20000mAh S\u1ea1c Nhanh 22.5W S\u1ea1c Nhanh 2 C\u1ed5ng USB Micro Type c QC3.0 &#8211; B\u1ea3o h\u00e0nh 12 th\u00e1ng. \ud83c\udf1f Th\u00f4ng tin s\u1ea3n ph\u1ea9m \u26d4 C\u00f4ng su\u1ea5t Max: 22.5W \u26d4 D\u00f2ng \u0111i\u1ec7n Max: 5A \u26d4 M\u00e0n h\u00ecnh LED hi\u1ec3n th\u1ecb m\u1ee9c pin \u26d4 T\u01b0\u01a1ng th\u00edch chu\u1ea9n s\u1ea1c nhanh \u0111\u1ebfn 99%<\/p>\n","protected":false},"featured_media":722,"template":"","meta":{"om_disable_all_campaigns":false,"_monsterinsights_skip_tracking":false,"_monsterinsights_sitenote_active":false,"_monsterinsights_sitenote_note":"","_monsterinsights_sitenote_category":0},"product_cat":[32],"product_tag":[],"_links":{"self":[{"href":"https:\/\/phukienvungtau68.com\/index.php\/wp-json\/wp\/v2\/product\/721"}],"collection":[{"href":"https:\/\/phukienvungtau68.com\/index.php\/wp-json\/wp\/v2\/product"}],"about":[{"href":"https:\/\/phukienvungtau68.com\/index.php\/wp-json\/wp\/v2\/types\/product"}],"wp:featuredmedia":[{"embeddable":true,"href":"https:\/\/phukienvungtau68.com\/index.php\/wp-json\/wp\/v2\/media\/722"}],"wp:attachment":[{"href":"https:\/\/phukienvungtau68.com\/index.php\/wp-json\/wp\/v2\/media?parent=721"}],"wp:term":[{"taxonomy":"product_cat","embeddable":true,"href":"https:\/\/phukienvungtau68.com\/index.php\/wp-json\/wp\/v2\/product_cat?post=721"},{"taxonomy":"product_tag","embeddable":true,"href":"https:\/\/phukienvungtau68.com\/index.php\/wp-json\/wp\/v2\/product_tag?post=721"}],"curies":[{"name":"wp","href":"https:\/\/api.w.org\/{rel}","templated":true}]}}