{"id":734,"date":"2021-10-16T23:28:23","date_gmt":"2021-10-16T16:28:23","guid":{"rendered":"http:\/\/phukienvungtau68.com\/?post_type=product&#038;p=734"},"modified":"2023-09-23T23:28:29","modified_gmt":"2023-09-23T16:28:29","slug":"tai-nghe-bluetooth-airpods-2-ho-van-chip-louda-1562m","status":"publish","type":"product","link":"https:\/\/phukienvungtau68.com\/index.php\/product\/tai-nghe-bluetooth-airpods-2-ho-van-chip-louda-1562m\/","title":{"rendered":"Tai nghe Bluetooth airpods 2 h\u1ed5 v\u1eb1n chip louda 1562E"},"content":{"rendered":"<div class=\"o6r2urh6 buofh1pr datstx6m l9j0dhe7 k4urcfbm\" role=\"presentation\">\n<div class=\"k4urcfbm l9j0dhe7\">\n<div class=\"tojvnm2t a6sixzi8 k5wvi7nf q3lfd5jv pk4s997a bipmatt0 cebpdrjk qowsmv63 owwhemhu dp1hu0rb dhp61c6y l9j0dhe7 iyyx5f41 a8s20v7p\">\n<div class=\"rq0escxv buofh1pr df2bnetk ftjopcgk dati1w0a l9j0dhe7 k4urcfbm du4w35lb\">\n<div class=\"taijpn5t j83agx80\">\n<div class=\"gcieejh5 bn081pho humdl8nn izx4hr6d rq0escxv oo9gr5id t5a262vz jq4qci2q b1v8xokw datstx6m a3bd9o3v lzcic4wl ecm0bbzt rz4wbd8a sj5x9vvc a8nywdso k4urcfbm o8yuz56k\">\n<div class=\"rq0escxv datstx6m k4urcfbm a8c37x1j\">\n<div class=\"_5rp7\">\n<div class=\"_5rpb\">\n<div class=\"notranslate _5rpu\" role=\"textbox\" aria-label=\"Msb V\u0169ng T\u00e0u \u01a1i, b\u1ea1n \u0111ang ngh\u0129 g\u00ec th\u1ebf?\">\n<div data-contents=\"true\">\n<div class=\"\" data-block=\"true\" data-editor=\"800u4\" data-offset-key=\"es2al-0-0\">\n<div class=\"_1mf _1mj\" data-offset-key=\"es2al-0-0\"><span data-offset-key=\"es2al-0-0\">Tai nghe bluetooth airpods 2 h\u1ed5 v\u1eb1n chip louda 1562E b\u1ea3n m\u1edbi nh\u1ea5t n\u0103m 2023, cao c\u1ea5p nh\u1ea5t c\u1ee7a d\u00f2ng airpods 2<\/span><\/div>\n<div data-offset-key=\"es2al-0-0\">Shop t\u1eb7ng k\u00e8m \u1ed1p tai nghe<\/div>\n<div data-offset-key=\"es2al-0-0\"><\/div>\n<\/div>\n<div class=\"\" data-block=\"true\" data-editor=\"800u4\" data-offset-key=\"6gddg-0-0\">\n<div class=\"_1mf _1mj\" data-offset-key=\"6gddg-0-0\"><span data-offset-key=\"6gddg-0-0\">\u2705 Th\u00f4ng tin s\u1ea3n ph\u1ea9m:\u00a0<\/span><\/div>\n<\/div>\n<div class=\"\" data-block=\"true\" data-editor=\"800u4\" data-offset-key=\"bb84l-0-0\">\n<div class=\"_1mf _1mj\" data-offset-key=\"bb84l-0-0\"><span data-offset-key=\"bb84l-0-0\">\u00a0\ud83d\udd39 Main h\u1ed5 Chip Louda 1562E b\u1ea3n m\u1edbi nh\u1ea5t 2023<\/span><\/div>\n<\/div>\n<div class=\"\" data-block=\"true\" data-editor=\"800u4\" data-offset-key=\"3m35l-0-0\">\n<div class=\"_1mf _1mj\" data-offset-key=\"3m35l-0-0\"><span data-offset-key=\"3m35l-0-0\">\u00a0\ud83d\udd39 Pin n\u00e9n 35mAh cho th\u1eddi gian nghe li\u00ean t\u1ee5c 6 &#8211; 7 ti\u1ebfng (k\u1ebft h\u1ee3p c\u00f9ng h\u1ed9p s\u1ea1c tai nghe nghe l\u00ean \u0111\u1ebfn 20h)<\/span><\/div>\n<\/div>\n<div class=\"\" data-block=\"true\" data-editor=\"800u4\" data-offset-key=\"7vah3-0-0\">\n<div class=\"_1mf _1mj\" data-offset-key=\"7vah3-0-0\"><span data-offset-key=\"7vah3-0-0\">\u00a0\ud83d\udd39 \u00c2m thanh nghe c\u1ef1c hay v\u1edbi m\u00e0ng loa 14.2mm, Bass ch\u1eafc, treb s\u00e1ng.<\/span><\/div>\n<div data-offset-key=\"7vah3-0-0\">\n<div data-offset-key=\"2t25v-0-0\"><span data-offset-key=\"2t25v-0-0\">\u00a0\ud83d\udd39 C<\/span>huy\u1ec3n \u0111\u1ed5i nhanh \u0111a thi\u1ebft b\u1ecb (s\u1ee7 d\u1ee5ng vs c\u00f9ng l\u00fac 2 \u0111t v\u00e0 t\u1ef1 \u0111\u1ed9ng chuy\u1ec3n \u00e2m)<\/div>\n<div data-offset-key=\"2t25v-0-0\"><span data-offset-key=\"2t25v-0-0\">\u00a0\ud83d\udd39 B\u1ea3n l\u1ec1 th\u00e9p chu\u1ea9n auth<\/span><\/div>\n<div data-offset-key=\"2t25v-0-0\"><span data-offset-key=\"2t25v-0-0\">\u00a0\ud83d\udd39 <\/span>M\u00edc c\u1ef1c r\u00f5 n\u00e9t v\u1edbi kh\u1ea3 kh\u1ea3 n\u0103ng l\u1ecdc nhi\u1ec5u l\u1ecdc \u1ed3n \u0111\u00e0m tho\u1ea1i ENC. \u0111i xe \u0111\u00e0m tho\u1ea1i tho\u1ea3i m\u00e1i<\/div>\n<\/div>\n<\/div>\n<div class=\"\" data-block=\"true\" data-editor=\"800u4\" data-offset-key=\"d8k95-0-0\">\n<div class=\"_1mf _1mj\" data-offset-key=\"d8k95-0-0\"><span data-offset-key=\"d8k95-0-0\">\u00a0\ud83d\udd39 \u0110inh v\u1ecb t\u00ecm ki\u1ebfm \u0111\u01b0\u1ee3c tai nghe.<\/span><\/div>\n<\/div>\n<div class=\"\" data-block=\"true\" data-editor=\"800u4\" data-offset-key=\"77mg5-0-0\">\n<div class=\"_1mf _1mj\" data-offset-key=\"77mg5-0-0\"><span data-offset-key=\"77mg5-0-0\">\u00a0\ud83d\udd39 C\u1ea3m \u1ee9ng v\u00e2n tay: ch\u1ea1m d\u1eebng\/ph\u00e1t nh\u1ea1c, nh\u1eadn\/k\u1ebft th\u00fac cu\u1ed9c g\u1ecdi.<\/span><\/div>\n<\/div>\n<div class=\"\" data-block=\"true\" data-editor=\"800u4\" data-offset-key=\"7enlr-0-0\">\n<div class=\"_1mf _1mj\" data-offset-key=\"7enlr-0-0\"><span data-offset-key=\"7enlr-0-0\">\u00a0\ud83d\udd39 C\u1ea3m bi\u1ebfn h\u1ed3ng ngo\u1ea1i: Th\u00e1o tai d\u1eebng nh\u1ea1c, nh\u00e9t l\u1ea1i ph\u00e1t nh\u1ea1c ti\u1ebfp<\/span><\/div>\n<\/div>\n<div class=\"\" data-block=\"true\" data-editor=\"800u4\" data-offset-key=\"a66jk-0-0\">\n<div class=\"_1mf _1mj\" data-offset-key=\"a66jk-0-0\"><span data-offset-key=\"a66jk-0-0\">\u00a0\ud83d\udd39 H\u1ed7 tr\u1ee3 s\u1ea1c kh\u00f4ng d\u00e2y ho\u1eb7c s\u1ea1c b\u1eb1ng d\u00e2y lightning. <\/span><\/div>\n<\/div>\n<div class=\"\" data-block=\"true\" data-editor=\"800u4\" data-offset-key=\"41h4d-0-0\">\n<div class=\"_1mf _1mj\" data-offset-key=\"41h4d-0-0\"><span data-offset-key=\"41h4d-0-0\">\u00a0\ud83d\udd39 Th\u1eddi gian s\u1ea1c \u0111\u1ea7y pin: 2 -3 ti\u1ebfng.<\/span><\/div>\n<\/div>\n<div class=\"\" data-block=\"true\" data-editor=\"800u4\" data-offset-key=\"2t25v-0-0\">\n<div class=\"_1mf _1mj\" data-offset-key=\"2t25v-0-0\"><span data-offset-key=\"2t25v-0-0\">\u00a0\ud83d\udd39 H\u1ed9p s\u1ea1c t\u1ef1 s\u1ea1c l\u1ea1i cho tai nghe \u0111\u01b0\u1ee3c 2 &#8211; 3 l\u1ea7n kh\u00f4ng c\u1ea7n c\u1eafm s\u1ea1c<\/span><\/div>\n<\/div>\n<div data-offset-key=\"2t25v-0-0\"><span data-offset-key=\"2t25v-0-0\">\u00a0\ud83d\udd39 <\/span>app qu\u1ea3n l\u00fd tinh ch\u1ec9nh ri\u00eang cho c\u00e1c m\u00e3 h\u1ed5 flyCc (update ph\u1ea7n m\u1ec1m. C\u1eadp nh\u1eadt ch\u1ee9c n\u0103ng)<\/div>\n<div data-offset-key=\"2t25v-0-0\"><span class=\"x3nfvp2 x1j61x8r x1fcty0u xdj266r xhhsvwb xat24cr xgzva0m xxymvpz xlup9mm x1kky2od\"><span data-offset-key=\"2t25v-0-0\">\u00a0\ud83d\udd39<\/span> <\/span>check th\u00f4ng tin trong c\u00e0i \u0111\u1eb7t m\u00e1y. Check web<\/div>\n<\/div>\n<\/div>\n<\/div>\n<\/div>\n<\/div>\n<\/div>\n<\/div>\n<\/div>\n<\/div>\n<\/div>\n<\/div>\n<div data-offset-key=\"2t25v-0-0\"><span class=\"x3nfvp2 x1j61x8r x1fcty0u xdj266r xhhsvwb xat24cr xgzva0m xxymvpz xlup9mm x1kky2od\">\u00a0<img loading=\"lazy\" src=\"https:\/\/static.xx.fbcdn.net\/images\/emoji.php\/v9\/t39\/1\/16\/2b55.png\" alt=\"\u2b55\ufe0f\" width=\"16\" height=\"16\" \/> T<\/span>\u1ed5ng k\u1ebft: \u0111\u00e2y l\u00e0 m\u1ed9t s\u1ea3n ph\u1ea9m rep cao c\u1ea5p nh\u01b0ng gi\u00e1 c\u1ea3 l\u1ea1i v\u00f4 c\u0169ng b\u00ecnh d\u00e2n. Ch\u1ea5t l\u01b0\u1ee3ng \u0103n \u0111\u1ee9t c\u00e1c d\u00f2ng tai nghe ch\u00ednh h\u00e3ng t\u1ea7m trung. V\u1edbi \u0111\u1ea7y \u0111\u1ee7 ch\u1ee9c n\u0103ng c\u01a1 b\u1ea3n v\u00e0 thi\u1ebft k\u1ebf nh\u01b0 h\u00e0ng auth.<\/div>\n<div data-offset-key=\"2t25v-0-0\"><\/div>\n<div data-offset-key=\"2t25v-0-0\"><img class=\"emoji\" role=\"img\" src=\"https:\/\/s.w.org\/images\/core\/emoji\/13.1.0\/svg\/1f4a5.svg\" alt=\"\ud83d\udca5\" \/> Cam k\u1ebft c\u1ee7a shop<\/div>\n<div class=\"o6r2urh6 buofh1pr datstx6m l9j0dhe7 k4urcfbm\" role=\"presentation\">\n<div class=\"k4urcfbm l9j0dhe7\">\n<div class=\"tojvnm2t a6sixzi8 k5wvi7nf q3lfd5jv pk4s997a bipmatt0 cebpdrjk qowsmv63 owwhemhu dp1hu0rb dhp61c6y l9j0dhe7 iyyx5f41 a8s20v7p\">\n<div class=\"rq0escxv buofh1pr df2bnetk ftjopcgk dati1w0a l9j0dhe7 k4urcfbm du4w35lb\">\n<div class=\"taijpn5t j83agx80\">\n<div class=\"gcieejh5 bn081pho humdl8nn izx4hr6d rq0escxv oo9gr5id t5a262vz jq4qci2q b1v8xokw datstx6m a3bd9o3v lzcic4wl ecm0bbzt rz4wbd8a sj5x9vvc a8nywdso k4urcfbm o8yuz56k\">\n<div class=\"rq0escxv datstx6m k4urcfbm a8c37x1j\">\n<div class=\"_5rp7\">\n<div class=\"_5rpb\">\n<div class=\"notranslate _5rpu\" role=\"textbox\" aria-label=\"Msb V\u0169ng T\u00e0u \u01a1i, b\u1ea1n \u0111ang ngh\u0129 g\u00ec th\u1ebf?\">\n<div data-offset-key=\"2t25v-0-0\">\n<div dir=\"auto\">\u00a0 <span class=\"x3nfvp2 x1j61x8r x1fcty0u xdj266r xhhsvwb xat24cr xgzva0m xxymvpz xlup9mm x1kky2od\"><img loading=\"lazy\" src=\"https:\/\/static.xx.fbcdn.net\/images\/emoji.php\/v9\/t33\/1\/16\/2705.png\" alt=\"\u2705\" width=\"16\" height=\"16\" \/> <\/span>H\u00e0ng th\u1eadt nh\u01b0 h\u00ecnh<\/div>\n<div dir=\"auto\">\n<div dir=\"auto\"><span class=\"x3nfvp2 x1j61x8r x1fcty0u xdj266r xhhsvwb xat24cr xgzva0m xxymvpz xlup9mm x1kky2od\">\u00a0 <img loading=\"lazy\" src=\"https:\/\/static.xx.fbcdn.net\/images\/emoji.php\/v9\/t33\/1\/16\/2705.png\" alt=\"\u2705\" width=\"16\" height=\"16\" \/><\/span>\u00a0Giao h\u00e0ng nhanh to\u00e0n qu\u1ed1c<\/div>\n<div dir=\"auto\">\n<div dir=\"auto\"><span class=\"x3nfvp2 x1j61x8r x1fcty0u xdj266r xhhsvwb xat24cr xgzva0m xxymvpz xlup9mm x1kky2od\">\u00a0 <img loading=\"lazy\" src=\"https:\/\/static.xx.fbcdn.net\/images\/emoji.php\/v9\/t33\/1\/16\/2705.png\" alt=\"\u2705\" width=\"16\" height=\"16\" \/><\/span> Mi\u1ec5n ph\u00ed ship<\/div>\n<div dir=\"auto\"><span class=\"x3nfvp2 x1j61x8r x1fcty0u xdj266r xhhsvwb xat24cr xgzva0m xxymvpz xlup9mm x1kky2od\">\u00a0 <img loading=\"lazy\" src=\"https:\/\/static.xx.fbcdn.net\/images\/emoji.php\/v9\/t33\/1\/16\/2705.png\" alt=\"\u2705\" width=\"16\" height=\"16\" \/><\/span>\u00a0\u0110\u01b0\u1ee3c ki\u1ec3m tra h\u00e0ng \u2013 d\u00f9ng th\u1eed tr\u01b0\u1edbc khi thanh to\u00e1n<\/div>\n<div dir=\"auto\"><span class=\"x3nfvp2 x1j61x8r x1fcty0u xdj266r xhhsvwb xat24cr xgzva0m xxymvpz xlup9mm x1kky2od\">\u00a0 <img loading=\"lazy\" src=\"https:\/\/static.xx.fbcdn.net\/images\/emoji.php\/v9\/t33\/1\/16\/2705.png\" alt=\"\u2705\" width=\"16\" height=\"16\" \/><\/span>\u00a0H\u1ed7 tr\u1ee3 k\u1ef9 thu\u1eadt \u2013 t\u01b0 v\u1ea5n tr\u1ecdn \u0111\u1eddi cho qu\u00fd kh\u00e1ch<\/div>\n<div dir=\"auto\"><span class=\"x3nfvp2 x1j61x8r x1fcty0u xdj266r xhhsvwb xat24cr xgzva0m xxymvpz xlup9mm x1kky2od\">\u00a0 <img loading=\"lazy\" src=\"https:\/\/static.xx.fbcdn.net\/images\/emoji.php\/v9\/t33\/1\/16\/2705.png\" alt=\"\u2705\" width=\"16\" height=\"16\" \/><\/span>\u00a0Cam k\u1ebft \u0111\u1ed5i tr\u1ea3 \u2013 ho\u00e0n ti\u1ec1n n\u1ebfu kh\u00f4ng \u0111\u00fang nh\u01b0 m\u00f4 t\u1ea3<\/div>\n<div dir=\"auto\"><\/div>\n<\/div>\n<\/div>\n<\/div>\n<div data-contents=\"true\">\n<div class=\"\" data-block=\"true\" data-editor=\"800u4\" data-offset-key=\"2t25v-0-0\">\n<div data-offset-key=\"2t25v-0-0\"><img class=\"emoji\" role=\"img\" src=\"https:\/\/s.w.org\/images\/core\/emoji\/13.1.0\/svg\/1f4a5.svg\" alt=\"\ud83d\udca5\" \/>\u00a0Th\u00f4ng tin b\u1ea3o h\u00e0nh<br \/>\n<img class=\"emoji\" role=\"img\" src=\"https:\/\/s.w.org\/images\/core\/emoji\/13.1.0\/svg\/2714.svg\" alt=\"\u2714\" \/> Th\u1eddi gian b\u1ea3o h\u00e0nh: 3 Th\u00e1ng<\/div>\n<div data-offset-key=\"2t25v-0-0\"><img class=\"emoji\" role=\"img\" src=\"https:\/\/s.w.org\/images\/core\/emoji\/13.1.0\/svg\/2714.svg\" alt=\"\u2714\" \/>\u00a0H\u00ecnh th\u1ee9c b\u1ea3o h\u00e0nh: l\u1ed7i 1 \u0111\u1ed5i 1 trong 30 ng\u00e0y \u0111\u1ea7u ti\u00ean<\/div>\n<div data-offset-key=\"2t25v-0-0\">\u00a0<img class=\"emoji\" role=\"img\" src=\"https:\/\/s.w.org\/images\/core\/emoji\/13.1.0\/svg\/2714.svg\" alt=\"\u2714\" \/> H\u1ebft th\u1eddi gian b\u1ea3o h\u00e0nh shop nh\u1eadn s\u1eeda ch\u1eefa v\u00e0 thay pin<\/div>\n<div data-offset-key=\"2t25v-0-0\"><\/div>\n<\/div>\n<div class=\"\" data-block=\"true\" data-editor=\"800u4\" data-offset-key=\"5i124-0-0\">\n<div class=\"_1mf _1mj\" data-offset-key=\"5i124-0-0\">\n<div dir=\"auto\"><span class=\"x3nfvp2 x1j61x8r x1fcty0u xdj266r xhhsvwb xat24cr xgzva0m xxymvpz xlup9mm x1kky2od\"><img loading=\"lazy\" src=\"https:\/\/static.xx.fbcdn.net\/images\/emoji.php\/v9\/tbe\/1\/16\/1f3c6.png\" alt=\"\ud83c\udfc6\" width=\"16\" height=\"16\" \/><\/span> G\u1ea5u shop &#8211; Chuy\u00ean ph\u1ee5 ki\u1ec7n \u0111i\u1ec7n tho\u1ea1i, \u0111\u1ed3 c\u00f4ng ngh\u1ec7<\/div>\n<div dir=\"auto\"><span class=\"x3nfvp2 x1j61x8r x1fcty0u xdj266r xhhsvwb xat24cr xgzva0m xxymvpz xlup9mm x1kky2od\"><img loading=\"lazy\" src=\"https:\/\/static.xx.fbcdn.net\/images\/emoji.php\/v9\/t22\/1\/16\/260e.png\" alt=\"\u260e\ufe0f\" width=\"16\" height=\"16\" \/><\/span> S\u0110T: 0797 180 750 &#8211; 033 95 333 75 (Zalo)<\/div>\n<div dir=\"auto\"><span class=\"x3nfvp2 x1j61x8r x1fcty0u xdj266r xhhsvwb xat24cr xgzva0m xxymvpz xlup9mm x1kky2od\"><img loading=\"lazy\" src=\"https:\/\/static.xx.fbcdn.net\/images\/emoji.php\/v9\/tf6\/1\/16\/1f3e0.png\" alt=\"\ud83c\udfe0\" width=\"16\" height=\"16\" \/><\/span> \u0110c: 213\/3\/1B L\u00ea H\u1ed3ng Phong &#8211; Ph\u01b0\u1eddng 8 &#8211; V\u0169ng T\u00e0u &#8211; BRVT.<\/div>\n<div dir=\"auto\"><span class=\"x3nfvp2 x1j61x8r x1fcty0u xdj266r xhhsvwb xat24cr xgzva0m xxymvpz xlup9mm x1kky2od\"><img loading=\"lazy\" src=\"https:\/\/static.xx.fbcdn.net\/images\/emoji.php\/v9\/tc0\/1\/16\/1f30e.png\" alt=\"\ud83c\udf0e\" width=\"16\" height=\"16\" \/><\/span> Website: <a class=\"x1i10hfl xjbqb8w x6umtig x1b1mbwd xaqea5y xav7gou x9f619 x1ypdohk xt0psk2 xe8uvvx xdj266r x11i5rnm xat24cr x1mh8g0r xexx8yu x4uap5 x18d9i69 xkhd6sd x16tdsg8 x1hl2dhg xggy1nq x1a2a7pz xt0b8zv x1fey0fg\" role=\"link\" href=\"http:\/\/phukienvungtau68.com\/?fbclid=IwAR2wRhSr0UIdFE0leNYrt-po4OyNt2dpVM00osxDYkJiOCqcVO8kRPb0EYY\" target=\"_blank\" rel=\"nofollow noopener noreferrer\">Phukienvungtau68.com<\/a><\/div>\n<\/div>\n<\/div>\n<\/div>\n<\/div>\n<\/div>\n<\/div>\n<\/div>\n<\/div>\n<\/div>\n<\/div>\n<\/div>\n<\/div>\n<\/div>\n","protected":false},"excerpt":{"rendered":"<p>Tai nghe bluetooth airpods 2 h\u1ed5 v\u1eb1n chip louda 1562E b\u1ea3n m\u1edbi nh\u1ea5t n\u0103m 2023, cao c\u1ea5p nh\u1ea5t c\u1ee7a d\u00f2ng airpods 2 Shop t\u1eb7ng k\u00e8m \u1ed1p tai nghe \u2705 Th\u00f4ng tin s\u1ea3n ph\u1ea9m:\u00a0 \u00a0\ud83d\udd39 Main h\u1ed5 Chip Louda 1562E b\u1ea3n m\u1edbi nh\u1ea5t 2023 \u00a0\ud83d\udd39 Pin n\u00e9n 35mAh cho th\u1eddi gian nghe li\u00ean t\u1ee5c 6 &#8211;<\/p>\n","protected":false},"featured_media":1230,"template":"","meta":{"om_disable_all_campaigns":false,"_monsterinsights_skip_tracking":false,"_monsterinsights_sitenote_active":false,"_monsterinsights_sitenote_note":"","_monsterinsights_sitenote_category":0},"product_cat":[18],"product_tag":[],"_links":{"self":[{"href":"https:\/\/phukienvungtau68.com\/index.php\/wp-json\/wp\/v2\/product\/734"}],"collection":[{"href":"https:\/\/phukienvungtau68.com\/index.php\/wp-json\/wp\/v2\/product"}],"about":[{"href":"https:\/\/phukienvungtau68.com\/index.php\/wp-json\/wp\/v2\/types\/product"}],"wp:featuredmedia":[{"embeddable":true,"href":"https:\/\/phukienvungtau68.com\/index.php\/wp-json\/wp\/v2\/media\/1230"}],"wp:attachment":[{"href":"https:\/\/phukienvungtau68.com\/index.php\/wp-json\/wp\/v2\/media?parent=734"}],"wp:term":[{"taxonomy":"product_cat","embeddable":true,"href":"https:\/\/phukienvungtau68.com\/index.php\/wp-json\/wp\/v2\/product_cat?post=734"},{"taxonomy":"product_tag","embeddable":true,"href":"https:\/\/phukienvungtau68.com\/index.php\/wp-json\/wp\/v2\/product_tag?post=734"}],"curies":[{"name":"wp","href":"https:\/\/api.w.org\/{rel}","templated":true}]}}