{"id":751,"date":"2021-10-17T00:19:45","date_gmt":"2021-10-16T17:19:45","guid":{"rendered":"http:\/\/phukienvungtau68.com\/?post_type=product&#038;p=751"},"modified":"2021-10-17T00:19:45","modified_gmt":"2021-10-16T17:19:45","slug":"op-ung-iphone-chong-ban-lot-nhung-du-ma-iphone-6-12-promax","status":"publish","type":"product","link":"https:\/\/phukienvungtau68.com\/index.php\/product\/op-ung-iphone-chong-ban-lot-nhung-du-ma-iphone-6-12-promax\/","title":{"rendered":"\u1ed0p \u01b0ng iphone ch\u1ed1ng b\u1ea9n l\u00f3t nhung \u0111\u1ee7 m\u00e3 iphone&hellip;"},"content":{"rendered":"<p>\u1ed0p \u01b0ng iphone ch\u1ed1ng b\u1ea9n l\u00f3t nhung \u0111\u1ee7 m\u00e3 iphone 6 &#8211; 12 Promax<br \/>\n\ud83c\udf1f Th\u00f4ng tin s\u1ea3n ph\u1ea9m<br \/>\n&#8211; \u1ed0p l\u01b0ng iphone ch\u1ed1ng b\u1ea9n l\u00f3t nhung \u0111\u1ee7 m\u00e3 iphone 6 &#8211; 12 Promax<br \/>\n&#8211; \u1ed0p d\u00e0y r\u1ea5t \u0111\u1eb9p, x\u1ecbn.<\/p>\n<p>\ud83c\udf1f Cam k\u1ebft v\u1ec1 ch\u1ea5t l\u01b0\u1ee3ng v\u00e0 d\u1ecbch v\u1ee5 b\u00e1n h\u00e0ng<br \/>\n1. H\u00e0ng th\u1eadt nh\u01b0 h\u00ecnh<br \/>\n2. \u0110\u1ea7y \u0111\u1ee7 tem, th\u1ebb b\u1ea3o h\u00e0nh<br \/>\n3. S\u1ea3n ph\u1ea9m \u0111\u01b0\u1ee3c test k\u1ef9 tr\u01b0\u1edbc khi giao h\u00e0ng N\u00ean qu\u00fd kh\u00e1ch h\u00e0ng c\u00f3 th\u1ec3 y\u00ean t\u00e2m.<br \/>\n4. Shop cam k\u1ebft ch\u0103m s\u00f3c kh\u00e1ch h\u00e0ng t\u1ed1t nh\u1ea5t, h\u1eadu m\u00e3i t\u1ed1t sau mua h\u00e0ng.<br \/>\n5. Cam k\u1ebft b\u1ea3o h\u00e0nh v\u00e0 \u0111\u1ed5i m\u1edbi 1 \u0111\u1ed5i 1 n\u1ebfu c\u00f3 l\u1ed7i trong th\u1eddi gian b\u1ea3o h\u00e0nh.<br \/>\n6. \u0110\u01b0\u1ee3c Ki\u1ec3m tra h\u00e0ng k\u1ef9 khi nh\u1eadn \u0111\u00fang h\u00e0ng m\u1edbi thanh to\u00e1n.<\/p>\n<p>G\u1ea5u shop &#8211; chuy\u00ean ph\u1ee5 ki\u1ec7n \u0111i\u1ec7n tho\u1ea1i, c\u00f4ng ngh\u1ec7 h\u00e0ng ch\u00ednh h\u00e3ng.<br \/>\n\u0110C: 213\/3\/1B L\u00ea H\u1ed3ng Phong, Ph\u01b0\u1eddng 8, Tp. V\u0169ng T\u00e0u, BRVT<\/p>\n","protected":false},"excerpt":{"rendered":"<p>\u1ed0p \u01b0ng iphone ch\u1ed1ng b\u1ea9n l\u00f3t nhung \u0111\u1ee7 m\u00e3 iphone 6 &#8211; 12 Promax \ud83c\udf1f Th\u00f4ng tin s\u1ea3n ph\u1ea9m &#8211; \u1ed0p l\u01b0ng iphone ch\u1ed1ng b\u1ea9n l\u00f3t nhung \u0111\u1ee7 m\u00e3 iphone 6 &#8211; 12 Promax &#8211; \u1ed0p d\u00e0y r\u1ea5t \u0111\u1eb9p, x\u1ecbn. \ud83c\udf1f Cam k\u1ebft v\u1ec1 ch\u1ea5t l\u01b0\u1ee3ng v\u00e0 d\u1ecbch v\u1ee5 b\u00e1n h\u00e0ng 1. H\u00e0ng th\u1eadt nh\u01b0<\/p>\n","protected":false},"featured_media":753,"template":"","meta":{"om_disable_all_campaigns":false,"_monsterinsights_skip_tracking":false,"_monsterinsights_sitenote_active":false,"_monsterinsights_sitenote_note":"","_monsterinsights_sitenote_category":0},"product_cat":[21],"product_tag":[],"_links":{"self":[{"href":"https:\/\/phukienvungtau68.com\/index.php\/wp-json\/wp\/v2\/product\/751"}],"collection":[{"href":"https:\/\/phukienvungtau68.com\/index.php\/wp-json\/wp\/v2\/product"}],"about":[{"href":"https:\/\/phukienvungtau68.com\/index.php\/wp-json\/wp\/v2\/types\/product"}],"wp:featuredmedia":[{"embeddable":true,"href":"https:\/\/phukienvungtau68.com\/index.php\/wp-json\/wp\/v2\/media\/753"}],"wp:attachment":[{"href":"https:\/\/phukienvungtau68.com\/index.php\/wp-json\/wp\/v2\/media?parent=751"}],"wp:term":[{"taxonomy":"product_cat","embeddable":true,"href":"https:\/\/phukienvungtau68.com\/index.php\/wp-json\/wp\/v2\/product_cat?post=751"},{"taxonomy":"product_tag","embeddable":true,"href":"https:\/\/phukienvungtau68.com\/index.php\/wp-json\/wp\/v2\/product_tag?post=751"}],"curies":[{"name":"wp","href":"https:\/\/api.w.org\/{rel}","templated":true}]}}